{"id":6187,"date":"2026-04-03T13:32:07","date_gmt":"2026-04-03T05:32:07","guid":{"rendered":"https:\/\/minghanggroup.com\/?post_type=product&#038;p=6187"},"modified":"2026-04-03T13:32:09","modified_gmt":"2026-04-03T05:32:09","slug":"colored-glass-small-flower-vases-wholesale","status":"publish","type":"product","link":"https:\/\/minghanggroup.com\/es\/producto\/colored-glass-small-flower-vases-wholesale\/","title":{"rendered":"Jarrones peque\u00f1os de vidrio de colores al por mayor"},"content":{"rendered":"<p>Presentamos nuestra encantadora colecci\u00f3n de peque\u00f1os jarrones que aportan una belleza exquisita a cualquier ambiente. Los jarrones de vidrio de colores est\u00e1n disponibles en cuatro hermosos tonos: azul intenso, \u00e1mbar c\u00e1lido, cristal transparente y menta suave. Su dise\u00f1o consiste en un cilindro de cuello corto que sostiene una base ancha, manteniendo as\u00ed un equilibrio perfecto. La superficie de vidrio exhibe intrincados patrones grabados que combinan dise\u00f1os sim\u00e9tricos con elementos de textura rugosa que reflejan la luz de forma atractiva. Este producto es la soluci\u00f3n ideal para empresas que desean vender sus productos y para mayoristas que necesitan comprar jarrones de vidrio al por mayor.<\/p>\n<h2>Caracter\u00edsticas del producto<\/h2>\n<ul>\n<li><strong>Elegancia colorida:<\/strong> De cristal azul, \u00e1mbar, transparente o menta, cada jarr\u00f3n es una pieza \u00fanica.<\/li>\n<li><strong>Dise\u00f1o robusto:<\/strong> Las bases anchas evitan que se vuelque, mientras que los cilindros cortos le dan un toque moderno.<\/li>\n<li><strong>Arte texturizado:<\/strong> Los dise\u00f1os y las vetas en relieve crean profundidad, lo que los hace decorativos y funcionales.<\/li>\n<\/ul>\n<h2>Especificaciones clave<\/h2>\n<table style=\"border-collapse: collapse; width: 80%; margin-left: auto; margin-right: auto;\" border=\"0\" width=\"288\" cellspacing=\"0\" cellpadding=\"0\">\n<tbody>\n<tr style=\"height: 13.50pt;\">\n<td style=\"height: 13.5pt; width: 54pt; text-align: center;\" width=\"72\" height=\"18\">Estilo<\/td>\n<td style=\"width: 54pt; text-align: center;\" width=\"72\">Tama\u00f1o (mm)<\/td>\n<td style=\"width: 54pt; text-align: center;\" width=\"72\">Material<\/td>\n<td style=\"width: 54pt; text-align: center;\" width=\"72\">Opciones de color<\/td>\n<\/tr>\n<tr style=\"height: 13.50pt;\">\n<td style=\"height: 13.5pt; text-align: center;\" height=\"18\">Patr\u00f3n en relieve<\/td>\n<td style=\"text-align: center;\">68 x 127 x 33<\/td>\n<td style=\"text-align: center;\">Vaso<\/td>\n<td style=\"text-align: center;\">Transparente, azul, verde, marr\u00f3n<\/td>\n<\/tr>\n<\/tbody>\n<\/table>\n<h2>Caso de \u00e9xito<\/h2>\n<p>La marca francesa de regalos seleccion\u00f3 nuestros mini jarrones para su colecci\u00f3n navide\u00f1a. La opci\u00f3n de personalizaci\u00f3n permite crear dise\u00f1os \u00fanicos mediante dos elementos: un emblema fijo y un patr\u00f3n de puntos texturizados que se extiende desde la base. El servicio de grabado personalizado que creamos para nuestros clientes les permite mostrar la identidad de su marca mediante el grabado en el panel central del jarr\u00f3n. El equipo de dise\u00f1o cre\u00f3 cajas de env\u00edo especiales con separadores internos para facilitar la presentaci\u00f3n del producto y el control de inventario, empaquetando los productos en lotes separados seg\u00fan su color.<\/p>\n<p>Las ventas de los productos de decoraci\u00f3n de mesa de la marca aumentaron un 37 % durante los dos meses posteriores al lanzamiento de la serie. La marca encarg\u00f3 70 000 unidades adicionales para ampliar su red de distribuci\u00f3n.<\/p>\n<h2>Consejos de personalizaci\u00f3n<\/h2>\n<ol>\n<li><strong>Opciones de acabado del vidrio:<\/strong> Las opciones de acabado de vidrio disponibles incluyen brillante, esmerilado y semimate, que crean diferentes efectos visuales y experiencias t\u00e1ctiles.<\/li>\n<li><strong>Marcado inferior:<\/strong> La base de los productos debe mostrar marcas en relieve o impresas que sirvan para establecer la identidad de la marca, realizar un seguimiento de los lotes de producci\u00f3n y mostrar informaci\u00f3n sobre el origen del producto.<\/li>\n<li><strong>Combinaci\u00f3n de accesorios:<\/strong> El producto ofrece a los clientes la opci\u00f3n de elegir accesorios decorativos, que incluyen mini etiquetas, cintas y anillas met\u00e1licas, para aumentar el valor del producto.<\/li>\n<\/ol>","protected":false},"excerpt":{"rendered":"<p>Peque\u00f1os jarrones de cristal de colores con dise\u00f1os en relieve. Suministro directo de f\u00e1brica con personalizaci\u00f3n al por mayor y env\u00edo r\u00e1pido para compradores internacionales.<\/p>","protected":false},"featured_media":6192,"template":"","meta":{"postBodyCss":"","postBodyMargin":[],"postBodyPadding":[],"postBodyBackground":{"backgroundType":"classic","gradient":""}},"product_brand":[],"product_cat":[107,16,15],"product_tag":[],"class_list":{"0":"post-6187","1":"product","2":"type-product","3":"status-publish","4":"has-post-thumbnail","6":"product_cat-glass-bud-vases","7":"product_cat-glass-bottles","8":"product_cat-glass-containers","10":"first","11":"instock","12":"shipping-taxable","13":"product-type-simple"},"jetpack_sharing_enabled":true,"_links":{"self":[{"href":"https:\/\/minghanggroup.com\/es\/wp-json\/wp\/v2\/product\/6187","targetHints":{"allow":["GET"]}}],"collection":[{"href":"https:\/\/minghanggroup.com\/es\/wp-json\/wp\/v2\/product"}],"about":[{"href":"https:\/\/minghanggroup.com\/es\/wp-json\/wp\/v2\/types\/product"}],"wp:featuredmedia":[{"embeddable":true,"href":"https:\/\/minghanggroup.com\/es\/wp-json\/wp\/v2\/media\/6192"}],"wp:attachment":[{"href":"https:\/\/minghanggroup.com\/es\/wp-json\/wp\/v2\/media?parent=6187"}],"wp:term":[{"taxonomy":"product_brand","embeddable":true,"href":"https:\/\/minghanggroup.com\/es\/wp-json\/wp\/v2\/product_brand?post=6187"},{"taxonomy":"product_cat","embeddable":true,"href":"https:\/\/minghanggroup.com\/es\/wp-json\/wp\/v2\/product_cat?post=6187"},{"taxonomy":"product_tag","embeddable":true,"href":"https:\/\/minghanggroup.com\/es\/wp-json\/wp\/v2\/product_tag?post=6187"}],"curies":[{"name":"wp","href":"https:\/\/api.w.org\/{rel}","templated":true}]}}