{"id":6177,"date":"2026-04-03T10:22:09","date_gmt":"2026-04-03T02:22:09","guid":{"rendered":"https:\/\/minghanggroup.com\/?post_type=product&#038;p=6177"},"modified":"2026-04-03T10:32:30","modified_gmt":"2026-04-03T02:32:30","slug":"ribbed-small-bud-vases-green-glass-bulk","status":"publish","type":"product","link":"https:\/\/minghanggroup.com\/es\/producto\/ribbed-small-bud-vases-green-glass-bulk\/","title":{"rendered":"Jarrones peque\u00f1os acanalados de vidrio verde al por mayor"},"content":{"rendered":"<p>Este jarr\u00f3n de cristal verde est\u00e1 fabricado en cristal transparente de color verde claro con un dise\u00f1o vintage gracias a su patr\u00f3n de nervaduras verticales y su borde ondulado y curvado. La colecci\u00f3n incluye tres estilos: dos jarrones altos de forma c\u00f3nica y un peque\u00f1o jarr\u00f3n redondeado de perfil bajo.<\/p>\n<h2>Caracter\u00edsticas del producto<\/h2>\n<ul>\n<li><strong>Cristal vintage verde claro:<\/strong> El suave color verde transparente de este material de vidrio crea una apariencia tradicional de &#034;vidrio melanc\u00f3lico&#034; que combina elementos de estilo tanto hist\u00f3ricos como modernos.<\/li>\n<li><strong>Textura vertical:<\/strong> Las profundas texturas verticales crean un patr\u00f3n de superficie vertical completo que proporciona riqueza visual y resistencia estructural, al tiempo que permite que la luz se curve a trav\u00e9s del material.<\/li>\n<li><strong>Borde ondulado decorativo:<\/strong> Cada jarr\u00f3n incluye un precioso borde ondulado que, gracias a su dise\u00f1o asim\u00e9trico, muestra un toque artesanal.<\/li>\n<\/ul>\n<h2 style=\"text-align: left;\">Especificaciones clave<\/h2>\n<table class=\"aligncenter\" style=\"border-collapse: collapse; width: 389.27pt;\" border=\"0\" width=\"519\" cellspacing=\"0\" cellpadding=\"0\">\n<tbody>\n<tr style=\"height: 13.50pt;\">\n<td style=\"height: 13.50pt; width: 117.75pt;\" width=\"157\" height=\"18\">Atributo<\/td>\n<td style=\"width: 271.50pt;\" width=\"362\">Detalles<\/td>\n<\/tr>\n<tr style=\"height: 13.50pt;\">\n<td style=\"height: 13.50pt;\" height=\"18\">Material<\/td>\n<td>vidrio verde p\u00e1lido<\/td>\n<\/tr>\n<tr style=\"height: 13.50pt;\">\n<td style=\"height: 13.50pt;\" height=\"18\">Gama de personalizaci\u00f3n<\/td>\n<td>Color, patr\u00f3n de nervaduras, estilo de borde, tama\u00f1o<\/td>\n<\/tr>\n<tr style=\"height: 13.50pt;\">\n<td style=\"height: 13.50pt;\" height=\"18\">Artesan\u00eda<\/td>\n<td>Vidrio soplado a mano o moldeado de alta calidad.<\/td>\n<\/tr>\n<tr style=\"height: 13.50pt;\">\n<td style=\"height: 13.50pt;\" height=\"18\">Uso principal<\/td>\n<td>Peque\u00f1os jarrones decorativos para colocar sobre la mesa.<\/td>\n<\/tr>\n<tr style=\"height: 13.50pt;\">\n<td style=\"height: 13.50pt;\" height=\"18\">Industrias objetivo<\/td>\n<td>Florister\u00edas, tiendas de decoraci\u00f3n para el hogar<\/td>\n<\/tr>\n<\/tbody>\n<\/table>\n<h2>Caso de \u00e9xito: Un pedido personalizado de una cadena nacional de decoraci\u00f3n del hogar.<\/h2>\n<p>Una importante cadena de tiendas de decoraci\u00f3n para el hogar de EE. UU. seleccion\u00f3 nuestros jarrones peque\u00f1os y solicit\u00f3 una versi\u00f3n m\u00e1s oscura del color &#034;Verde Salvia&#034;, que presenta un ligero polvo met\u00e1lico dorado en su superficie acanalada. La colecci\u00f3n obtuvo resultados sorprendentes, ya que increment\u00f3 las ventas en l\u00ednea de art\u00edculos de decoraci\u00f3n de mesa en un 500 % durante el primer trimestre, alcanzando una tasa de venta del 98 % en seis meses. Tras el pedido inicial, la cadena realiz\u00f3 otra compra de 600 000 jarrones para ampliar su gama de colores.<\/p>\n<h2>Opciones de personalizaci\u00f3n para jarrones peque\u00f1os<\/h2>\n<ul>\n<li>Detalles de la base en relieve: Los clientes pueden crear una identidad de marca o conmemorar eventos especiales seleccionando un dise\u00f1o de base en relieve que incluye la opci\u00f3n de a\u00f1adir el a\u00f1o y el logotipo a sus jarrones.<\/li>\n<li>Detalles del cuello: El producto ofrece tres estilos de cuello, que incluyen un cuello liso, un cuello chapado en oro y m\u00faltiples opciones de dise\u00f1o plisado.<\/li>\n<li>Acabados de superficie: El producto ofrece tres opciones de acabado de superficie que incluyen acabados totalmente brillantes, totalmente mate y parcialmente esmerilados.<\/li>\n<\/ul>","protected":false},"excerpt":{"rendered":"<p>Juego de jarrones decorativos de cristal verde con textura acanalada y borde ondulado. Peque\u00f1os jarrones ideales para flores, decoraci\u00f3n o para regalar. Env\u00edo r\u00e1pido a todo el mundo.<\/p>","protected":false},"featured_media":6180,"template":"","meta":{"postBodyCss":"","postBodyMargin":[],"postBodyPadding":[],"postBodyBackground":{"backgroundType":"classic","gradient":""}},"product_brand":[],"product_cat":[107,15,16],"product_tag":[],"class_list":{"0":"post-6177","1":"product","2":"type-product","3":"status-publish","4":"has-post-thumbnail","6":"product_cat-glass-bud-vases","7":"product_cat-glass-containers","8":"product_cat-glass-bottles","10":"first","11":"instock","12":"shipping-taxable","13":"product-type-simple"},"jetpack_sharing_enabled":true,"_links":{"self":[{"href":"https:\/\/minghanggroup.com\/es\/wp-json\/wp\/v2\/product\/6177","targetHints":{"allow":["GET"]}}],"collection":[{"href":"https:\/\/minghanggroup.com\/es\/wp-json\/wp\/v2\/product"}],"about":[{"href":"https:\/\/minghanggroup.com\/es\/wp-json\/wp\/v2\/types\/product"}],"wp:featuredmedia":[{"embeddable":true,"href":"https:\/\/minghanggroup.com\/es\/wp-json\/wp\/v2\/media\/6180"}],"wp:attachment":[{"href":"https:\/\/minghanggroup.com\/es\/wp-json\/wp\/v2\/media?parent=6177"}],"wp:term":[{"taxonomy":"product_brand","embeddable":true,"href":"https:\/\/minghanggroup.com\/es\/wp-json\/wp\/v2\/product_brand?post=6177"},{"taxonomy":"product_cat","embeddable":true,"href":"https:\/\/minghanggroup.com\/es\/wp-json\/wp\/v2\/product_cat?post=6177"},{"taxonomy":"product_tag","embeddable":true,"href":"https:\/\/minghanggroup.com\/es\/wp-json\/wp\/v2\/product_tag?post=6177"}],"curies":[{"name":"wp","href":"https:\/\/api.w.org\/{rel}","templated":true}]}}