{"id":6172,"date":"2026-04-02T16:14:04","date_gmt":"2026-04-02T08:14:04","guid":{"rendered":"https:\/\/minghanggroup.com\/?post_type=product&#038;p=6172"},"modified":"2026-04-02T16:14:05","modified_gmt":"2026-04-02T08:14:05","slug":"clear-bud-vases-in-different-style-wholesale","status":"publish","type":"product","link":"https:\/\/minghanggroup.com\/es\/producto\/clear-bud-vases-in-different-style-wholesale\/","title":{"rendered":"Jarrones peque\u00f1os transparentes de diferentes estilos al por mayor"},"content":{"rendered":"<p>Nuestra colecci\u00f3n presenta jarrones transparentes de dise\u00f1o minimalista. Cada pieza exhibe tres texturas distintas: motivos de rombos, grabados de panal y relieves de estilo vintage. Los tres tama\u00f1os disponibles son ideales como elementos decorativos para escritorios, mesas de comedor y recibidores.<\/p>\n<h2>Caracter\u00edsticas del producto<\/h2>\n<ul>\n<li><strong>Dise\u00f1o con relieve y m\u00faltiples texturas:<\/strong> Los distintos cuerpos de las botellas presentan patrones de rejilla de diamante, panal de abeja y relieves de estilo vintage, que crean diferentes efectos visuales para el dise\u00f1o en relieve con m\u00faltiples texturas, realzando as\u00ed sus cualidades decorativas.<\/li>\n<li><strong>Material de vidrio de alta claridad:<\/strong> El cristal ofrece una transparencia excepcional que permite a los espectadores ver el nivel del agua y el estado de los tallos de las flores dentro de la vitrina, lo que resulta ideal para flores individuales y peque\u00f1os arreglos florales.<\/li>\n<li><strong>Estructura compacta y estable:<\/strong> El jarr\u00f3n mantiene su estabilidad gracias a su dise\u00f1o, que consiste en un cuello corto y una base ancha, lo que le permite permanecer erguido sin volcarse en diversos entornos, desde mesas hasta alf\u00e9izares de ventanas.<\/li>\n<\/ul>\n<h2>Especificaciones clave<\/h2>\n<table style=\"border-collapse: collapse; width: 80%; margin-left: auto; margin-right: auto;\" border=\"0\" width=\"288\" cellspacing=\"0\" cellpadding=\"0\">\n<tbody>\n<tr style=\"height: 13.50pt;\">\n<td style=\"height: 13.5pt; width: 54pt; text-align: center;\" width=\"72\" height=\"18\">Estilo<\/td>\n<td style=\"width: 54pt; text-align: center;\" width=\"72\">Dimensiones (mm)<\/td>\n<td style=\"width: 54pt; text-align: center;\" width=\"72\">Ciencia<\/td>\n<td style=\"width: 54pt; text-align: center;\" width=\"72\">Opciones de color<\/td>\n<\/tr>\n<tr style=\"height: 13.50pt;\">\n<td style=\"height: 13.5pt; text-align: center;\" height=\"18\">Relieve<\/td>\n<td style=\"text-align: center;\">55 x 100 x 35<\/td>\n<td class=\"et2\" style=\"text-align: center;\" rowspan=\"3\">Decoraci\u00f3n del hogar, tiendas minoristas, eventos<\/td>\n<td class=\"et2\" style=\"text-align: center;\" rowspan=\"3\">Claro, personalizado<\/td>\n<\/tr>\n<tr style=\"height: 13.50pt;\">\n<td style=\"height: 13.5pt; text-align: center;\" height=\"18\">Panal<\/td>\n<td style=\"text-align: center;\">60 x 100 x 45<\/td>\n<\/tr>\n<tr style=\"height: 13.50pt;\">\n<td style=\"height: 13.5pt; text-align: center;\" height=\"18\">Costilla fina<\/td>\n<td style=\"text-align: center;\">55 x 130 x 35<\/td>\n<\/tr>\n<\/tbody>\n<\/table>\n<h2>Historia de \u00e9xito<\/h2>\n<p>La tienda de decoraci\u00f3n francesa ampli\u00f3 su colecci\u00f3n de art\u00edculos de mesa con nuestros jarrones transparentes, que eligieron para su creciente l\u00ednea de productos. El cliente seleccion\u00f3 nuestros tres dise\u00f1os en relieve (diamante, panal y relieve cl\u00e1sico) para que combinaran con la est\u00e9tica vintage de su marca. El equipo fabric\u00f3 los jarrones con vidrio m\u00e1s grueso, lo que les proporcion\u00f3 estabilidad para su exhibici\u00f3n en tiendas, y cre\u00f3 un logotipo en relieve en la base de cada pieza. Esta elecci\u00f3n de dise\u00f1o reforz\u00f3 eficazmente el reconocimiento de la marca, a la vez que conserv\u00f3 la apariencia limpia y minimalista de los jarrones.<\/p>\n<p>El minorista logr\u00f3 un aumento del 25 % en las ventas de art\u00edculos de decoraci\u00f3n de mesa durante sus primeros tres meses de funcionamiento. Debido al gran inter\u00e9s que mostraron los clientes y a la alta frecuencia con la que volvieron a comprarlos, el minorista implement\u00f3 un sistema de reposici\u00f3n trimestral regular para estos productos.<\/p>\n<h2>Consejos de personalizaci\u00f3n<\/h2>\n<ol>\n<li><strong>Color y acabado de la superficie:<\/strong> Una base transparente permite la aplicaci\u00f3n de tonos \u00e1mbar claro o gris ahumado y acabados esmerilados selectivos, que crean contraste visual.<\/li>\n<li><strong>Presentaci\u00f3n del logotipo:<\/strong> El sistema permite aplicar m\u00faltiples t\u00e9cnicas de marca, como el grabado en relieve en la base de la botella, la serigraf\u00eda en el lateral y un etiquetado minimalista, para reforzar la identidad de la marca manteniendo al mismo tiempo la visibilidad natural del producto.<\/li>\n<li><strong>Soluciones de embalaje:<\/strong> El sistema de embalaje permite a los usuarios crear paquetes personalizados, que incluyen paquetes de una sola unidad, juegos de regalo de tres piezas y bandejas con separadores internos, para satisfacer las necesidades espec\u00edficas de los m\u00e9todos de distribuci\u00f3n de regalos, tanto para el comercio minorista como para el comercio electr\u00f3nico.<\/li>\n<\/ol>","protected":false},"excerpt":{"rendered":"<p>Los jarrones transparentes para flores, disponibles en diferentes estilos, son perfectos para tiendas de decoraci\u00f3n o para exhibici\u00f3n. Ofrecemos muestras gratuitas y aceptamos pedidos al por mayor personalizados.<\/p>","protected":false},"featured_media":6175,"template":"","meta":{"postBodyCss":"","postBodyMargin":[],"postBodyPadding":[],"postBodyBackground":{"backgroundType":"classic","gradient":""}},"product_brand":[],"product_cat":[107,16,15],"product_tag":[],"class_list":{"0":"post-6172","1":"product","2":"type-product","3":"status-publish","4":"has-post-thumbnail","6":"product_cat-glass-bud-vases","7":"product_cat-glass-bottles","8":"product_cat-glass-containers","10":"first","11":"instock","12":"shipping-taxable","13":"product-type-simple"},"jetpack_sharing_enabled":true,"_links":{"self":[{"href":"https:\/\/minghanggroup.com\/es\/wp-json\/wp\/v2\/product\/6172","targetHints":{"allow":["GET"]}}],"collection":[{"href":"https:\/\/minghanggroup.com\/es\/wp-json\/wp\/v2\/product"}],"about":[{"href":"https:\/\/minghanggroup.com\/es\/wp-json\/wp\/v2\/types\/product"}],"wp:featuredmedia":[{"embeddable":true,"href":"https:\/\/minghanggroup.com\/es\/wp-json\/wp\/v2\/media\/6175"}],"wp:attachment":[{"href":"https:\/\/minghanggroup.com\/es\/wp-json\/wp\/v2\/media?parent=6172"}],"wp:term":[{"taxonomy":"product_brand","embeddable":true,"href":"https:\/\/minghanggroup.com\/es\/wp-json\/wp\/v2\/product_brand?post=6172"},{"taxonomy":"product_cat","embeddable":true,"href":"https:\/\/minghanggroup.com\/es\/wp-json\/wp\/v2\/product_cat?post=6172"},{"taxonomy":"product_tag","embeddable":true,"href":"https:\/\/minghanggroup.com\/es\/wp-json\/wp\/v2\/product_tag?post=6172"}],"curies":[{"name":"wp","href":"https:\/\/api.w.org\/{rel}","templated":true}]}}