{"id":6163,"date":"2026-04-02T13:26:38","date_gmt":"2026-04-02T05:26:38","guid":{"rendered":"https:\/\/minghanggroup.com\/?post_type=product&#038;p=6163"},"modified":"2026-04-02T13:26:40","modified_gmt":"2026-04-02T05:26:40","slug":"glass-flower-clear-vases-with-different-shape-in-bulk","status":"publish","type":"product","link":"https:\/\/minghanggroup.com\/es\/producto\/glass-flower-clear-vases-with-different-shape-in-bulk\/","title":{"rendered":"Jarrones de cristal transparentes para flores con diferentes formas, venta al por mayor."},"content":{"rendered":"<p>Estos jarrones transparentes son ideales para exhibir obras de arte minimalistas. Su dise\u00f1o incluye tres patrones distintos que, mediante diferentes formas, crean tres tipos diferentes de superficies reflectantes. Los jarrones ofrecen a las marcas soluciones de decoraci\u00f3n elegantes y se encuentran disponibles en sus tiendas. Su perfil delgado permite exhibir flores individuales, peque\u00f1os arreglos florales y flores secas.<\/p>\n<h2>Caracter\u00edsticas del producto<\/h2>\n<ul>\n<li><strong>Formas vers\u00e1tiles:<\/strong> Elige entre cilindros curvos, angulares o acanalados para que combinen con cualquier estilo; perfectos para surtidos mixtos.<\/li>\n<li><strong>Elegancia texturizada:<\/strong> Las ondulaciones verticales o los patrones sutiles a\u00f1aden profundidad y juegan con la luz para crear composiciones decorativas din\u00e1micas.<\/li>\n<li><strong>Boca pr\u00e1ctica:<\/strong> Las aberturas c\u00f3nicas del pr\u00e1ctico dise\u00f1o de la boca cumplen dos funciones: sujetan los tallos de forma segura y permiten un f\u00e1cil cambio de agua y una limpieza sencilla.<\/li>\n<\/ul>\n<h2>Especificaciones clave<\/h2>\n<table style=\"border-collapse: collapse; width: 80%; margin-left: auto; margin-right: auto;\" border=\"0\" width=\"360\" cellspacing=\"0\" cellpadding=\"0\">\n<tbody>\n<tr style=\"height: 13.50pt;\">\n<td style=\"height: 13.5pt; width: 54pt; text-align: center;\" width=\"72\" height=\"18\">Forma<\/td>\n<td style=\"width: 54pt; text-align: center;\" width=\"72\">Tama\u00f1o (cm)<\/td>\n<td style=\"width: 54pt; text-align: center;\" width=\"72\">Material<\/td>\n<td style=\"width: 54pt; text-align: center;\" width=\"72\">Color<\/td>\n<td style=\"width: 54pt; text-align: center;\" width=\"72\">Uso<\/td>\n<\/tr>\n<tr style=\"height: 13.50pt;\">\n<td style=\"height: 13.5pt; text-align: center;\" height=\"18\">Acanalado<\/td>\n<td style=\"text-align: center;\">5,5 \u00d7 11,2 \u00d7 3,8<\/td>\n<td class=\"et2\" style=\"text-align: center;\" rowspan=\"3\">Vaso<\/td>\n<td class=\"et2\" style=\"text-align: center;\" rowspan=\"3\">Claro o personalizado<\/td>\n<td class=\"et2\" style=\"text-align: center;\" rowspan=\"3\">Flores, suculentas, arreglos artificiales<\/td>\n<\/tr>\n<tr style=\"height: 13.50pt;\">\n<td style=\"height: 13.5pt; text-align: center;\" height=\"18\">Calabaza<\/td>\n<td style=\"text-align: center;\">6,0 \u00d7 11,5 \u00d7 3,8<\/td>\n<\/tr>\n<tr style=\"height: 13.50pt;\">\n<td style=\"height: 13.5pt; text-align: center;\" height=\"18\">Espiral<\/td>\n<td style=\"text-align: center;\">5,9 \u00d7 11,5 \u00d7 3,8<\/td>\n<\/tr>\n<\/tbody>\n<\/table>\n<h2>Caso de \u00e9xito<\/h2>\n<p>La tienda holandesa de decoraci\u00f3n para el hogar eligi\u00f3 nuestros jarrones transparentes para lanzar su primera colecci\u00f3n minimalista de accesorios de mesa. Nuestros clientes pod\u00edan elegir entre varios tonos claros, como gris ahumado, \u00e1mbar y verde suave. Redise\u00f1amos los cuellos de los jarrones para que proporcionaran un soporte vertical estable para los tallos individuales, que se mantendr\u00edan firmemente en su lugar. Creamos un sistema de embalaje especializado para la distribuci\u00f3n a granel de jarrones individuales, que ofrec\u00eda una mejor protecci\u00f3n del producto durante el transporte y hac\u00eda que los art\u00edculos fueran m\u00e1s atractivos para su presentaci\u00f3n en tienda.<\/p>\n<p>Tras el lanzamiento de su producto, en tan solo seis semanas la categor\u00eda de &#034;peque\u00f1os art\u00edculos de decoraci\u00f3n&#034; experiment\u00f3 un aumento del 25 % en las ventas, ya que el cliente necesitaba m\u00e1s productos para satisfacer la creciente demanda multicanal, lo que dio lugar a un segundo pedido de 50.000 unidades adicionales.<\/p>\n<h2>Consejos de personalizaci\u00f3n<\/h2>\n<ol>\n<li><strong>Opciones de tinte de color:<\/strong> Para las colecciones de temporada, puede te\u00f1ir los colores de la pel\u00edcula con un \u00e1mbar suave, gris humo, azul claro o un degradado.<\/li>\n<li><strong>Imagen de marca del logotipo:<\/strong> Incorpore los logotipos de la marca mediante grabado l\u00e1ser, relieve en la base o una peque\u00f1a impresi\u00f3n.<\/li>\n<li><strong>Combinaci\u00f3n de accesorios:<\/strong> Ofrezca la opci\u00f3n de combinar los productos con art\u00edculos secundarios como etiquetas decorativas, peque\u00f1os soportes o bandejas de madera para una presentaci\u00f3n m\u00e1s atractiva.<\/li>\n<\/ol>","protected":false},"excerpt":{"rendered":"<p>Nuestros jarrones transparentes para flores tienen tres formas, ideales para exhibici\u00f3n, decoraci\u00f3n, etc. Ofrecemos jarrones peque\u00f1os al por mayor con servicio de personalizaci\u00f3n y muestras gratuitas.<\/p>","protected":false},"featured_media":6171,"template":"","meta":{"postBodyCss":"","postBodyMargin":[],"postBodyPadding":[],"postBodyBackground":{"backgroundType":"classic","gradient":""}},"product_brand":[],"product_cat":[107,15,16],"product_tag":[],"class_list":{"0":"post-6163","1":"product","2":"type-product","3":"status-publish","4":"has-post-thumbnail","6":"product_cat-glass-bud-vases","7":"product_cat-glass-containers","8":"product_cat-glass-bottles","10":"first","11":"instock","12":"shipping-taxable","13":"product-type-simple"},"jetpack_sharing_enabled":true,"_links":{"self":[{"href":"https:\/\/minghanggroup.com\/es\/wp-json\/wp\/v2\/product\/6163","targetHints":{"allow":["GET"]}}],"collection":[{"href":"https:\/\/minghanggroup.com\/es\/wp-json\/wp\/v2\/product"}],"about":[{"href":"https:\/\/minghanggroup.com\/es\/wp-json\/wp\/v2\/types\/product"}],"wp:featuredmedia":[{"embeddable":true,"href":"https:\/\/minghanggroup.com\/es\/wp-json\/wp\/v2\/media\/6171"}],"wp:attachment":[{"href":"https:\/\/minghanggroup.com\/es\/wp-json\/wp\/v2\/media?parent=6163"}],"wp:term":[{"taxonomy":"product_brand","embeddable":true,"href":"https:\/\/minghanggroup.com\/es\/wp-json\/wp\/v2\/product_brand?post=6163"},{"taxonomy":"product_cat","embeddable":true,"href":"https:\/\/minghanggroup.com\/es\/wp-json\/wp\/v2\/product_cat?post=6163"},{"taxonomy":"product_tag","embeddable":true,"href":"https:\/\/minghanggroup.com\/es\/wp-json\/wp\/v2\/product_tag?post=6163"}],"curies":[{"name":"wp","href":"https:\/\/api.w.org\/{rel}","templated":true}]}}