{"id":6162,"date":"2026-04-02T11:33:54","date_gmt":"2026-04-02T03:33:54","guid":{"rendered":"https:\/\/minghanggroup.com\/?post_type=product&#038;p=6162"},"modified":"2026-04-02T13:25:44","modified_gmt":"2026-04-02T05:25:44","slug":"smoky-lantern-shape-ribbed-glass-vases-bulk","status":"publish","type":"product","link":"https:\/\/minghanggroup.com\/es\/producto\/smoky-lantern-shape-ribbed-glass-vases-bulk\/","title":{"rendered":"Jarrones de vidrio acanalado con forma de farol ahumado (venta al por mayor)"},"content":{"rendered":"<p>El dise\u00f1o del jarr\u00f3n de vidrio acanalado se inspira en el dise\u00f1o tradicional de las linternas. El producto de vidrio transparente de color gris ahumado presenta profundas nervaduras verticales que cubren su superficie, y el ribete de metal dorado en su abertura crea una impresi\u00f3n de opulencia.<\/p>\n<h2>Caracter\u00edsticas del producto<\/h2>\n<ul>\n<li><strong>Forma cl\u00e1sica de linterna:<\/strong> El dise\u00f1o combina tres partes a trav\u00e9s de su cuello delgado, su cuerpo redondeado y su base acampanada, que se inspiran en las linternas tradicionales para crear un dise\u00f1o permanente.<\/li>\n<li><strong>Costillas verticales profundas:<\/strong> Las nervaduras verticales crean un impresionante efecto visual gracias a la marcada textura del jarr\u00f3n, que produce profundos efectos visuales y crea atractivos patrones de luz y sombra.<\/li>\n<li><strong>Cristal gris ahumado con detalles dorados:<\/strong> El material de vidrio muestra un estilo moderno gracias a su apariencia gris ahumada transparente, mientras que los detalles en metal dorado aportan un elemento sofisticado al dise\u00f1o.<\/li>\n<\/ul>\n<h2 style=\"text-align: left;\">Especificaciones clave<\/h2>\n<table class=\"aligncenter\" style=\"border-collapse: collapse; width: 432.77pt;\" border=\"0\" width=\"577\" cellspacing=\"0\" cellpadding=\"0\">\n<tbody>\n<tr style=\"height: 13.50pt;\">\n<td style=\"height: 13.50pt; width: 117.75pt;\" width=\"157\" height=\"18\">Atributo<\/td>\n<td style=\"width: 315.00pt;\" width=\"420\">Detalles<\/td>\n<\/tr>\n<tr style=\"height: 13.50pt;\">\n<td style=\"height: 13.50pt;\" height=\"18\">Tama\u00f1o aproximado (alto \u00d7 ancho)<\/td>\n<td>19,8 cm (alto) \u00d7 12 cm (ancho)<\/td>\n<\/tr>\n<tr style=\"height: 13.50pt;\">\n<td style=\"height: 13.50pt;\" height=\"18\">Material<\/td>\n<td>Cristal transparente gris ahumado, borde de metal dorado<\/td>\n<\/tr>\n<tr style=\"height: 13.50pt;\">\n<td style=\"height: 13.50pt;\" height=\"18\">Forma de jarr\u00f3n<\/td>\n<td>Silueta de linterna de tres partes<\/td>\n<\/tr>\n<tr style=\"height: 13.50pt;\">\n<td style=\"height: 13.50pt;\" height=\"18\">Gama de personalizaci\u00f3n<\/td>\n<td>Color, estilo de nervadura, acabado, tama\u00f1o<\/td>\n<\/tr>\n<tr style=\"height: 13.50pt;\">\n<td style=\"height: 13.50pt;\" height=\"18\">Artesan\u00eda<\/td>\n<td>Vidrio soplado a mano o moldeado de alta calidad.<\/td>\n<\/tr>\n<tr style=\"height: 13.50pt;\">\n<td style=\"height: 13.50pt;\" height=\"18\">Uso principal<\/td>\n<td>Jarr\u00f3n decorativo de cristal para flores, jarr\u00f3n de cristal acanalado<\/td>\n<\/tr>\n<tr style=\"height: 13.50pt;\">\n<td style=\"height: 13.50pt;\" height=\"18\">Industrias objetivo<\/td>\n<td>Tiendas de decoraci\u00f3n para el hogar, florister\u00edas boutique<\/td>\n<\/tr>\n<\/tbody>\n<\/table>\n<h2>Caso de \u00e9xito: Un producto superventas en una cadena nacional de art\u00edculos de decoraci\u00f3n para el hogar.<\/h2>\n<p>Una importante cadena de decoraci\u00f3n para el hogar encarg\u00f3 nuestro jarr\u00f3n de cristal acanalado gris ahumado, personaliz\u00e1ndolo con un tono gris claro &#034;escarchado&#034; y detalles en oro rosa. Este jarr\u00f3n de dise\u00f1o exclusivo agot\u00f3 sus 20\u00a0000 unidades en l\u00ednea en tan solo dos d\u00edas tras su lanzamiento. El producto gener\u00f3 un aumento del 350 % en las ventas de accesorios decorativos durante su primer trimestre en el mercado, mientras que los clientes valoraron su durabilidad con un 99,5 % de satisfacci\u00f3n. El \u00e9xito de la cadena propici\u00f3 un pedido adicional de 620\u00a0000 jarrones para sus pr\u00f3ximas colecciones de primavera y Navidad.<\/p>\n<h2>Jarr\u00f3n de cristal para flores: Opciones de personalizaci\u00f3n<\/h2>\n<ul>\n<li>Existen diversas opciones para el acabado del metal del m\u00e1stil, como el pulido dorado, el lat\u00f3n envejecido, la plata negra y el cobre.<\/li>\n<li>Dise\u00f1os acanalados: pueden ser de ranura fina, de nervadura ancha o con patr\u00f3n en espiral.<\/li>\n<li>El producto est\u00e1 disponible en tres tama\u00f1os de pantalla: mini, est\u00e1ndar y grande, para adaptarse a diversas necesidades de visualizaci\u00f3n y diferentes aplicaciones.<\/li>\n<\/ul>","protected":false},"excerpt":{"rendered":"<p>Jarr\u00f3n de cristal acanalado en gris ahumado con forma de farol y borde dorado. Este jarr\u00f3n de cristal para flores aporta elegancia a la decoraci\u00f3n. Se admiten dise\u00f1os personalizados. Env\u00edo r\u00e1pido.<\/p>","protected":false},"featured_media":6167,"template":"","meta":{"postBodyCss":"","postBodyMargin":[],"postBodyPadding":[],"postBodyBackground":{"backgroundType":"classic","gradient":""}},"product_brand":[],"product_cat":[107,15,16],"product_tag":[],"class_list":{"0":"post-6162","1":"product","2":"type-product","3":"status-publish","4":"has-post-thumbnail","6":"product_cat-glass-bud-vases","7":"product_cat-glass-containers","8":"product_cat-glass-bottles","10":"first","11":"instock","12":"shipping-taxable","13":"product-type-simple"},"jetpack_sharing_enabled":true,"_links":{"self":[{"href":"https:\/\/minghanggroup.com\/es\/wp-json\/wp\/v2\/product\/6162","targetHints":{"allow":["GET"]}}],"collection":[{"href":"https:\/\/minghanggroup.com\/es\/wp-json\/wp\/v2\/product"}],"about":[{"href":"https:\/\/minghanggroup.com\/es\/wp-json\/wp\/v2\/types\/product"}],"wp:featuredmedia":[{"embeddable":true,"href":"https:\/\/minghanggroup.com\/es\/wp-json\/wp\/v2\/media\/6167"}],"wp:attachment":[{"href":"https:\/\/minghanggroup.com\/es\/wp-json\/wp\/v2\/media?parent=6162"}],"wp:term":[{"taxonomy":"product_brand","embeddable":true,"href":"https:\/\/minghanggroup.com\/es\/wp-json\/wp\/v2\/product_brand?post=6162"},{"taxonomy":"product_cat","embeddable":true,"href":"https:\/\/minghanggroup.com\/es\/wp-json\/wp\/v2\/product_cat?post=6162"},{"taxonomy":"product_tag","embeddable":true,"href":"https:\/\/minghanggroup.com\/es\/wp-json\/wp\/v2\/product_tag?post=6162"}],"curies":[{"name":"wp","href":"https:\/\/api.w.org\/{rel}","templated":true}]}}