{"id":6122,"date":"2026-03-30T13:42:57","date_gmt":"2026-03-30T05:42:57","guid":{"rendered":"https:\/\/minghanggroup.com\/?post_type=product&#038;p=6122"},"modified":"2026-03-30T13:42:58","modified_gmt":"2026-03-30T05:42:58","slug":"green-frosted-cosmetics-glass-jars-for-skincare-bulk","status":"publish","type":"product","link":"https:\/\/minghanggroup.com\/es\/producto\/green-frosted-cosmetics-glass-jars-for-skincare-bulk\/","title":{"rendered":"Frascos de vidrio esmerilado verde para cosm\u00e9ticos, de 5 g a 250 g, para productos de cuidado de la piel a granel."},"content":{"rendered":"<p>Los tarros de cristal para cosm\u00e9ticos cuentan con protecci\u00f3n contra la luz natural gracias a su cristal verde transl\u00facido con un ligero acabado mate, suave y elegante, que realza la apariencia de cremas y s\u00e9rums delicados. Se complementan con tapas de rosca de pl\u00e1stico liso, disponibles en varios colores, que garantizan un cierre herm\u00e9tico y una dispensaci\u00f3n sencilla. Estos tarros de cristal son ideales como envases de lujo o para venta al por mayor a bajo coste, ofreciendo un equilibrio perfecto entre belleza, funcionalidad y dise\u00f1o. Exhiba sus productos en los estantes e impresione a sus clientes con una presentaci\u00f3n de alta calidad.<\/p>\n<h2>Caracter\u00edsticas principales<\/h2>\n<ul>\n<li><strong>El protector solar natural incorporado:<\/strong> El vidrio verde bloquea los rayos UV, evitando que las f\u00f3rmulas delicadas se decoloren en el estante.<\/li>\n<li><strong>Conveniencia de boca ancha:<\/strong> Su amplia abertura facilita enormemente tanto el llenado del producto como su uso por parte del cliente.<\/li>\n<li><strong>Dise\u00f1o apilable de tapa plana:<\/strong> La superficie plana de la tapa permite un apilamiento seguro durante el almacenamiento y el transporte, evitando as\u00ed derrames.<\/li>\n<\/ul>\n<h2>Tabla de especificaciones<\/h2>\n<table style=\"border-collapse: collapse; width: 80%; margin-left: auto; margin-right: auto;\" border=\"0\" width=\"144\" cellspacing=\"0\" cellpadding=\"0\">\n<tbody>\n<tr style=\"height: 13.50pt;\">\n<td style=\"height: 13.5pt; width: 54pt; text-align: center;\" width=\"72\" height=\"18\">Especificaci\u00f3n<\/td>\n<td style=\"width: 54pt; text-align: center;\" width=\"72\">Detalles<\/td>\n<\/tr>\n<tr style=\"height: 13.50pt;\">\n<td style=\"height: 13.5pt; text-align: center;\" height=\"18\">Capacidad<\/td>\n<td style=\"text-align: center;\">5 g, 10 g, 15 g, 30 g, 50 g, 60 g, 100 g, 120 g, 250 g<\/td>\n<\/tr>\n<tr style=\"height: 13.50pt;\">\n<td style=\"height: 13.5pt; text-align: center;\" height=\"18\">Forma<\/td>\n<td style=\"text-align: center;\">Redondo<\/td>\n<\/tr>\n<tr style=\"height: 13.50pt;\">\n<td style=\"height: 13.5pt; text-align: center;\" height=\"18\">Color de la carrocer\u00eda<\/td>\n<td style=\"text-align: center;\">Verde o personalizado<\/td>\n<\/tr>\n<tr style=\"height: 13.50pt;\">\n<td style=\"height: 13.5pt; text-align: center;\" height=\"18\">Material de la tapa<\/td>\n<td style=\"text-align: center;\">Pl\u00e1stico con rosca<\/td>\n<\/tr>\n<\/tbody>\n<\/table>\n<h2>Caso de \u00e9xito<\/h2>\n<p>Una de las empresas emergentes de cuidado de la piel con sede en Estados Unidos se puso en contacto con nosotros y nos design\u00f3 como su \u00fanico proveedor de envases para cosm\u00e9ticos. Los envases cuentan con un sistema de doble sellado: un revestimiento interno de PE y una tapa de rosca herm\u00e9tica que ofrece una mayor protecci\u00f3n contra fugas. Adem\u00e1s, desarrollamos tapas mate con un color equilibrado y un recubrimiento suave al tacto, lo que le confiere al producto una sensaci\u00f3n de alta calidad. Asimismo, decidimos destinar un espacio espec\u00edfico en la base del envase para imprimir el c\u00f3digo de lote, garantizando as\u00ed la trazabilidad completa del producto.<\/p>\n<p>Tras el lanzamiento de esta soluci\u00f3n de envasado al mercado, la crema facial estrella de la marca experiment\u00f3 un aumento fenomenal del 30 % en sus ventas en tan solo seis semanas. Al expandir su negocio a otros puntos de venta, inmediatamente nos hicieron otro pedido de 40 000 unidades.<\/p>\n<h2>Consejos de personalizaci\u00f3n<\/h2>\n<ol>\n<li><strong>Opciones de acabados de vidrio:<\/strong> Seleccione un acabado transparente, esmerilado, mate o degradado para crear diversos efectos visuales y un posicionamiento de marca definido.<\/li>\n<li><strong>Estructuras de sellado internas:<\/strong> Se pueden a\u00f1adir revestimientos de PE, sellos de presi\u00f3n o sistemas de juntas para mejorar el rendimiento de los sistemas herm\u00e9ticos y garantizar la seguridad del producto.<\/li>\n<li><strong>Accesorios adicionales:<\/strong> A\u00f1ade esp\u00e1tulas, tapas interiores o discos protectores para mejorar la experiencia del usuario.<\/li>\n<\/ol>","protected":false},"excerpt":{"rendered":"<p>Descubre tarros de cristal ecol\u00f3gicos para cosm\u00e9ticos, ideales para marcas de belleza y mayoristas. Perfectos para cremas y s\u00e9rums. Cont\u00e1ctanos para pedidos al por mayor o soluciones de personalizaci\u00f3n. Env\u00edo r\u00e1pido.<\/p>","protected":false},"featured_media":6125,"template":"","meta":{"postBodyCss":"","postBodyMargin":[],"postBodyPadding":[],"postBodyBackground":{"backgroundType":"classic","gradient":""}},"product_brand":[],"product_cat":[106,15,17],"product_tag":[],"class_list":{"0":"post-6122","1":"product","2":"type-product","3":"status-publish","4":"has-post-thumbnail","6":"product_cat-cosmetic-jars","7":"product_cat-glass-containers","8":"product_cat-glass-jars","10":"first","11":"instock","12":"shipping-taxable","13":"product-type-simple"},"jetpack_sharing_enabled":true,"_links":{"self":[{"href":"https:\/\/minghanggroup.com\/es\/wp-json\/wp\/v2\/product\/6122","targetHints":{"allow":["GET"]}}],"collection":[{"href":"https:\/\/minghanggroup.com\/es\/wp-json\/wp\/v2\/product"}],"about":[{"href":"https:\/\/minghanggroup.com\/es\/wp-json\/wp\/v2\/types\/product"}],"wp:featuredmedia":[{"embeddable":true,"href":"https:\/\/minghanggroup.com\/es\/wp-json\/wp\/v2\/media\/6125"}],"wp:attachment":[{"href":"https:\/\/minghanggroup.com\/es\/wp-json\/wp\/v2\/media?parent=6122"}],"wp:term":[{"taxonomy":"product_brand","embeddable":true,"href":"https:\/\/minghanggroup.com\/es\/wp-json\/wp\/v2\/product_brand?post=6122"},{"taxonomy":"product_cat","embeddable":true,"href":"https:\/\/minghanggroup.com\/es\/wp-json\/wp\/v2\/product_cat?post=6122"},{"taxonomy":"product_tag","embeddable":true,"href":"https:\/\/minghanggroup.com\/es\/wp-json\/wp\/v2\/product_tag?post=6122"}],"curies":[{"name":"wp","href":"https:\/\/api.w.org\/{rel}","templated":true}]}}