{"id":6115,"date":"2026-03-30T08:53:41","date_gmt":"2026-03-30T00:53:41","guid":{"rendered":"https:\/\/minghanggroup.com\/?post_type=product&#038;p=6115"},"modified":"2026-03-30T10:49:18","modified_gmt":"2026-03-30T02:49:18","slug":"cylindrical-amber-cosmetic-glass-jars-wholesale","status":"publish","type":"product","link":"https:\/\/minghanggroup.com\/es\/producto\/cylindrical-amber-cosmetic-glass-jars-wholesale\/","title":{"rendered":"Frascos cil\u00edndricos de vidrio \u00e1mbar para cosm\u00e9ticos de 1 oz, 2 oz, 4 oz y 8 oz al por mayor"},"content":{"rendered":"<p>Estos frascos de vidrio para cosm\u00e9ticos, disponibles al por mayor, presentan un elegante dise\u00f1o cil\u00edndrico. Est\u00e1n fabricados en vidrio \u00e1mbar intenso, altamente resistente a la radiaci\u00f3n UV. Se ofrecen en cuatro tama\u00f1os funcionales y pueden equiparse con tapas blancas, doradas, negras o plateadas.<\/p>\n<h2>Caracter\u00edsticas del producto<\/h2>\n<ul>\n<li><strong>Cristal \u00e1mbar con protecci\u00f3n UV:<\/strong> El vidrio \u00e1mbar ofrece una mejor protecci\u00f3n contra la luz, lo que mejora la vida \u00fatil de los productos f\u00edsicos y aumenta la eficacia de las f\u00f3rmulas fotosensibles.<\/li>\n<li><strong>Cuatro opciones de gorra:<\/strong> Seleccione entre tapas blancas, negras, doradas o plateadas para que se adapten perfectamente a la imagen de su marca y a su estilo, ya sea profesional o lujoso.<\/li>\n<li><strong>Dise\u00f1o cil\u00edndrico simple:<\/strong> Se trata de un dise\u00f1o cil\u00edndrico limpio y estable, f\u00e1cil de etiquetar, apilar y llenar de forma eficiente en la l\u00ednea de producci\u00f3n.<\/li>\n<\/ul>\n<h2 style=\"text-align: left;\">Especificaciones clave<\/h2>\n<table class=\"aligncenter\" style=\"border-collapse: collapse; width: 427.52pt;\" border=\"0\" width=\"570\" cellspacing=\"0\" cellpadding=\"0\">\n<tbody>\n<tr style=\"height: 13.50pt;\">\n<td style=\"height: 13.50pt; width: 120.75pt;\" width=\"161\" height=\"18\">Atributo<\/td>\n<td style=\"width: 306.75pt;\" width=\"409\">Detalles<\/td>\n<\/tr>\n<tr style=\"height: 13.50pt;\">\n<td style=\"height: 13.50pt;\" height=\"18\">Capacidad<\/td>\n<td>1 oz (30 ml), 2 oz (60 ml), 4 oz (120 ml), 8 oz (240 ml)<\/td>\n<\/tr>\n<tr style=\"height: 13.50pt;\">\n<td style=\"height: 13.50pt;\" height=\"18\">Material<\/td>\n<td>Vidrio \u00e1mbar, tapa de diversos materiales (pl\u00e1stico, metal).<\/td>\n<\/tr>\n<tr style=\"height: 13.50pt;\">\n<td style=\"height: 13.50pt;\" height=\"18\">Forma de tarro<\/td>\n<td>Cilindro de paredes rectas<\/td>\n<\/tr>\n<tr style=\"height: 13.50pt;\">\n<td style=\"height: 13.50pt;\" height=\"18\">Gama de personalizaci\u00f3n<\/td>\n<td>Tama\u00f1o, tapas, color, forma<\/td>\n<\/tr>\n<tr style=\"height: 13.50pt;\">\n<td style=\"height: 13.50pt;\" height=\"18\">Artesan\u00eda<\/td>\n<td>F\u00f3rmula de vidrio con protecci\u00f3n UV, roscado preciso.<\/td>\n<\/tr>\n<tr style=\"height: 13.50pt;\">\n<td style=\"height: 13.50pt;\" height=\"18\">Uso principal<\/td>\n<td>Tarros para cremas faciales, tarros de vidrio para cosm\u00e9ticos al por mayor<\/td>\n<\/tr>\n<tr style=\"height: 13.50pt;\">\n<td style=\"height: 13.50pt;\" height=\"18\">Industrias objetivo<\/td>\n<td>Cuidado de la piel, cosmec\u00e9uticos, medicina est\u00e9tica<\/td>\n<\/tr>\n<\/tbody>\n<\/table>\n<h2>Historia de \u00e9xito<\/h2>\n<p>Una empresa de cosm\u00e9tica con productos de calidad m\u00e9dica eligi\u00f3 nuestros frascos cosm\u00e9ticos de vidrio \u00e1mbar de 2 onzas y les imprimi\u00f3 el logotipo de un sello de seguridad Rx. Este producto ha tenido un gran \u00e9xito cl\u00ednico y comercial: el frasco de vidrio \u00e1mbar ofrece m\u00e1s del 99 % de protecci\u00f3n UVA\/UVB, lo cual es fundamental para comprobar la estabilidad del producto y, adem\u00e1s, aumenta la vida \u00fatil de los productos certificados en un 50 % con respecto al producto original. La marca est\u00e1 muy satisfecha con el producto y ha encargado otros 320 000 frascos de vidrio para su proyecto de marca blanca de 18 meses.<\/p>\n<h2>Tarros de vidrio para cosm\u00e9ticos al por mayor con personalizaci\u00f3n<\/h2>\n<ul>\n<li>Ampliaci\u00f3n de las opciones de material para la tapa: La tapa puede estar hecha de bamb\u00fa, corcho o metales de alta calidad como el cobre y el oro rosa.<\/li>\n<li>Grabado en relieve: Para crear una mejor imagen de marca y experiencia de usuario, grabe en relieve el hombro de la botella de vidrio con un material texturizado que no se resbale.<\/li>\n<li>Contraste mate o brillante: Roc\u00ede la botella de vidrio \u00e1mbar con un acabado mate o brillante para crear una sensaci\u00f3n suave y aterciopelada, o d\u00e9jela brillante, que recuerda m\u00e1s a una farmacia.<\/li>\n<\/ul>","protected":false},"excerpt":{"rendered":"<p>Frascos cosm\u00e9ticos de vidrio \u00e1mbar con protecci\u00f3n UV y m\u00faltiples opciones de tapa. Venta al por mayor de frascos de vidrio para cremas y b\u00e1lsamos. Precios directos de f\u00e1brica.<\/p>","protected":false},"featured_media":6118,"template":"","meta":{"postBodyCss":"","postBodyMargin":[],"postBodyPadding":[],"postBodyBackground":{"backgroundType":"classic","gradient":""}},"product_brand":[],"product_cat":[106,15,17],"product_tag":[],"class_list":{"0":"post-6115","1":"product","2":"type-product","3":"status-publish","4":"has-post-thumbnail","6":"product_cat-cosmetic-jars","7":"product_cat-glass-containers","8":"product_cat-glass-jars","10":"first","11":"instock","12":"shipping-taxable","13":"product-type-simple"},"jetpack_sharing_enabled":true,"_links":{"self":[{"href":"https:\/\/minghanggroup.com\/es\/wp-json\/wp\/v2\/product\/6115","targetHints":{"allow":["GET"]}}],"collection":[{"href":"https:\/\/minghanggroup.com\/es\/wp-json\/wp\/v2\/product"}],"about":[{"href":"https:\/\/minghanggroup.com\/es\/wp-json\/wp\/v2\/types\/product"}],"wp:featuredmedia":[{"embeddable":true,"href":"https:\/\/minghanggroup.com\/es\/wp-json\/wp\/v2\/media\/6118"}],"wp:attachment":[{"href":"https:\/\/minghanggroup.com\/es\/wp-json\/wp\/v2\/media?parent=6115"}],"wp:term":[{"taxonomy":"product_brand","embeddable":true,"href":"https:\/\/minghanggroup.com\/es\/wp-json\/wp\/v2\/product_brand?post=6115"},{"taxonomy":"product_cat","embeddable":true,"href":"https:\/\/minghanggroup.com\/es\/wp-json\/wp\/v2\/product_cat?post=6115"},{"taxonomy":"product_tag","embeddable":true,"href":"https:\/\/minghanggroup.com\/es\/wp-json\/wp\/v2\/product_tag?post=6115"}],"curies":[{"name":"wp","href":"https:\/\/api.w.org\/{rel}","templated":true}]}}