{"id":6107,"date":"2026-03-27T09:05:25","date_gmt":"2026-03-27T01:05:25","guid":{"rendered":"https:\/\/minghanggroup.com\/?post_type=product&#038;p=6107"},"modified":"2026-03-27T16:50:47","modified_gmt":"2026-03-27T08:50:47","slug":"round-cosmetic-containers-with-lids-wholesale","status":"publish","type":"product","link":"https:\/\/minghanggroup.com\/es\/producto\/round-cosmetic-containers-with-lids-wholesale\/","title":{"rendered":"Envases redondos para cosm\u00e9ticos de 20 g, 30 g y 50 g con tapa (venta al por mayor)"},"content":{"rendered":"<p>Estos son contenedores cosm\u00e9ticos cil\u00edndricos con forma de hongo y tapas. La tapa y el cuerpo son curvos y redondeados. Vienen en blanco y negro y son perfectos para envasar sus cremas faciales, b\u00e1lsamos labiales y productos para el cuidado de la piel.<\/p>\n<h2>Caracter\u00edsticas del producto<\/h2>\n<ul>\n<li><strong>Forma de hongo Una pieza:<\/strong> La tapa y el cuerpo est\u00e1n hechos con una forma de hongo con contornos lisos y redondeados que le dan una apariencia limpia y moderna.<\/li>\n<li><strong>Acabado blanco de alto brillo o negro de alto brillo:<\/strong> Se puede ver en el blanco brillante y limpio de alto brillo y el negro profundo y elegante de alto brillo, con una sensaci\u00f3n de minimalismo y sofisticaci\u00f3n.<\/li>\n<li><strong>Forma cil\u00edndrica m\u00ednima:<\/strong> La forma cil\u00edndrica m\u00ednima y ancha es estable y f\u00e1cil de sostener, y tiene mucho espacio para llevar sutiles anuncios de la marca.<\/li>\n<\/ul>\n<h2 style=\"text-align: left;\">Especificaciones clave<\/h2>\n<table class=\"aligncenter\" style=\"border-collapse: collapse; width: 417.77pt;\" border=\"0\" width=\"557\" cellspacing=\"0\" cellpadding=\"0\">\n<tbody>\n<tr style=\"height: 13.50pt;\">\n<td style=\"height: 13.50pt; width: 118.50pt;\" width=\"158\" height=\"18\">Especificaci\u00f3n<\/td>\n<td style=\"width: 299.25pt;\" width=\"399\">Detalles<\/td>\n<\/tr>\n<tr style=\"height: 13.50pt;\">\n<td style=\"height: 13.50pt;\" height=\"18\">Capacidad<\/td>\n<td>20g, 30g, 50g<\/td>\n<\/tr>\n<tr style=\"height: 13.50pt;\">\n<td style=\"height: 13.50pt;\" height=\"18\">Material<\/td>\n<td>Vidrio de sodio y calcio<\/td>\n<\/tr>\n<tr style=\"height: 13.50pt;\">\n<td style=\"height: 13.50pt;\" height=\"18\">Forma de tarro<\/td>\n<td>Cilindro con perfil de tapa \"hongo\"<\/td>\n<\/tr>\n<tr style=\"height: 13.50pt;\">\n<td style=\"height: 13.50pt;\" height=\"18\">Gama de personalizaci\u00f3n<\/td>\n<td>Color, acabado, tama\u00f1o, material<\/td>\n<\/tr>\n<tr style=\"height: 13.50pt;\">\n<td style=\"height: 13.50pt;\" height=\"18\">Artesan\u00eda<\/td>\n<td>Moldeo por inyecci\u00f3n de precisi\u00f3n para acabado de pulverizaci\u00f3n<\/td>\n<\/tr>\n<tr style=\"height: 13.50pt;\">\n<td style=\"height: 13.50pt;\" height=\"18\">Uso principal<\/td>\n<td>Tarros de crema, envases cosm\u00e9ticos al por mayor<\/td>\n<\/tr>\n<tr style=\"height: 13.50pt;\">\n<td style=\"height: 13.50pt;\" height=\"18\">Industrias objetivo<\/td>\n<td>Cuidado de la piel, cosm\u00e9ticos, est\u00e9tica profesional<\/td>\n<\/tr>\n<\/tbody>\n<\/table>\n<h2>Historia de \u00e9xito: Campa\u00f1a de prueba global de una marca de belleza coreana<\/h2>\n<p>Una de las marcas de cosm\u00e9ticos coreanas eligi\u00f3 nuestros envases cosm\u00e9ticos blancos de 30g con tapas, y se adaptaron a nosotros un dise\u00f1o serigrafiado degradado y una tapa mate. La distintiva forma de hongo es extremadamente fotog\u00e9nica, lo que lleva a un 500% de contenido generado por el usuario en Tik Tok e Instagram. Su tama\u00f1o m\u00e1s peque\u00f1o los ha convertido en los mejores compa\u00f1eros de viaje y ha habido un crecimiento del 200% en las ventas de tama\u00f1o de viaje de 20g. La marca ha sido un gran \u00e9xito y recibe un pedido tras otro de 5 millones de envases para nuevos productos y juegos de regalo VIP.<\/p>\n<h2>Sugerencias de personalizaci\u00f3n de envases cosm\u00e9ticos al por mayor<\/h2>\n<ul>\n<li>Esquema de color personalizado: Tenga la opci\u00f3n de incluir un acabado brillante, que corresponde a la carta de colores Pantone y encaja perfectamente con la marca en s\u00ed y su identidad, sin referirse al esquema de color habitual en blanco y negro.<\/li>\n<li>Acabado mate o suave al tacto: Se utilizar\u00e1 el mismo acabado mate o suave al tacto que la forma de hongo para garantizar una experiencia t\u00e1ctil clara y de alta gama.<\/li>\n<li>Anillo decorativo met\u00e1lico: Un peque\u00f1o anillo de metal (dorado, plateado, oro rosa) entre la botella y la tapa es un detalle innecesario pero lujoso.<\/li>\n<\/ul>","protected":false},"excerpt":{"rendered":"<p>Contenedores cosm\u00e9ticos al por mayor con elegante dise\u00f1o de hongo y acabado brillante. Los contenedores cosm\u00e9ticos con tapas aseguran un sellado seguro. Muestras gratuitas disponibles.<\/p>","protected":false},"featured_media":6109,"template":"","meta":{"postBodyCss":"","postBodyMargin":[],"postBodyPadding":[],"postBodyBackground":{"backgroundType":"classic","gradient":""}},"product_brand":[],"product_cat":[106,15,17],"product_tag":[],"class_list":{"0":"post-6107","1":"product","2":"type-product","3":"status-publish","4":"has-post-thumbnail","6":"product_cat-cosmetic-jars","7":"product_cat-glass-containers","8":"product_cat-glass-jars","10":"first","11":"instock","12":"shipping-taxable","13":"product-type-simple"},"jetpack_sharing_enabled":true,"_links":{"self":[{"href":"https:\/\/minghanggroup.com\/es\/wp-json\/wp\/v2\/product\/6107","targetHints":{"allow":["GET"]}}],"collection":[{"href":"https:\/\/minghanggroup.com\/es\/wp-json\/wp\/v2\/product"}],"about":[{"href":"https:\/\/minghanggroup.com\/es\/wp-json\/wp\/v2\/types\/product"}],"wp:featuredmedia":[{"embeddable":true,"href":"https:\/\/minghanggroup.com\/es\/wp-json\/wp\/v2\/media\/6109"}],"wp:attachment":[{"href":"https:\/\/minghanggroup.com\/es\/wp-json\/wp\/v2\/media?parent=6107"}],"wp:term":[{"taxonomy":"product_brand","embeddable":true,"href":"https:\/\/minghanggroup.com\/es\/wp-json\/wp\/v2\/product_brand?post=6107"},{"taxonomy":"product_cat","embeddable":true,"href":"https:\/\/minghanggroup.com\/es\/wp-json\/wp\/v2\/product_cat?post=6107"},{"taxonomy":"product_tag","embeddable":true,"href":"https:\/\/minghanggroup.com\/es\/wp-json\/wp\/v2\/product_tag?post=6107"}],"curies":[{"name":"wp","href":"https:\/\/api.w.org\/{rel}","templated":true}]}}