{"id":6097,"date":"2026-03-26T13:17:33","date_gmt":"2026-03-26T05:17:33","guid":{"rendered":"https:\/\/minghanggroup.com\/?post_type=product&#038;p=6097"},"modified":"2026-03-26T13:17:35","modified_gmt":"2026-03-26T05:17:35","slug":"cobalt-blue-glass-cosmetic-jars-with-lids-wholesale","status":"publish","type":"product","link":"https:\/\/minghanggroup.com\/es\/producto\/cobalt-blue-glass-cosmetic-jars-with-lids-wholesale\/","title":{"rendered":"Tarros cosm\u00e9ticos de vidrio azul cobalto de 5 g a 250 g con tapa (venta al por mayor)"},"content":{"rendered":"<p>Fabricados en vidrio azul de alta transparencia, estos tarros cosm\u00e9ticos de vidrio azul cobalto presentan un dise\u00f1o elegante y sofisticado que los hace destacar en los estantes. Cuentan con cierres herm\u00e9ticos y una construcci\u00f3n robusta para conservar sus cremas, s\u00e9rums y productos especiales, protegi\u00e9ndolos de la humedad y la luz. Nuestros tarros de vidrio ofrecen alta calidad y profesionalismo, tanto para fabricantes que buscan venta al por mayor como para marcas especializadas que requieren tarros distintivos.<\/p>\n<h2>Caracter\u00edsticas principales<\/h2>\n<ul>\n<li><strong>Est\u00e9tica impresionante:<\/strong> El cristal azul cobalto le confiere un aspecto glamuroso, y los tapones metalizados (negros\/plateados\/dorados) le dan un toque est\u00e9tico. Ideal para los amantes de la cosm\u00e9tica de lujo.<\/li>\n<li><strong>Protecci\u00f3n herm\u00e9tica:<\/strong> Los tapones de rosca son a prueba de fugas; mantienen la frescura de los productos y prolongan su vida \u00fatil, lo que los hace perfectos para ingredientes delicados.<\/li>\n<li><strong>Compatibilidad vers\u00e1til:<\/strong> La forma cil\u00edndrica se adapta bien a la presentaci\u00f3n en tienda. Apl\u00edquela a cremas, mascarillas, s\u00e9rums o productos de belleza especializados.<\/li>\n<\/ul>\n<h2>Tabla de especificaciones<\/h2>\n<table style=\"border-collapse: collapse; width: 80%; margin-right: auto; margin-left: auto;\" border=\"0\" width=\"144\" cellspacing=\"0\" cellpadding=\"0\">\n<tbody>\n<tr style=\"height: 13.50pt;\">\n<td style=\"height: 13.5pt; width: 54pt; text-align: center;\" width=\"72\" height=\"18\">Atributo<\/td>\n<td style=\"width: 54pt; text-align: center;\" width=\"72\">Detalles<\/td>\n<\/tr>\n<tr style=\"height: 13.50pt;\">\n<td style=\"height: 13.5pt; text-align: center;\" height=\"18\">Capacidad<\/td>\n<td style=\"text-align: center;\">5 g, 15 g, 30 g, 50 g, 60 g, 100 g, 120 g, 250 g<\/td>\n<\/tr>\n<tr style=\"height: 13.50pt;\">\n<td style=\"height: 13.5pt; text-align: center;\" height=\"18\">Forma<\/td>\n<td style=\"text-align: center;\">Cil\u00edndrico<\/td>\n<\/tr>\n<tr style=\"height: 13.50pt;\">\n<td style=\"height: 13.5pt; text-align: center;\" height=\"18\">Color<\/td>\n<td style=\"text-align: center;\">Azul cobalto mate (vidrio)<\/td>\n<\/tr>\n<tr style=\"height: 13.50pt;\">\n<td style=\"height: 13.5pt; text-align: center;\" height=\"18\">Caza de focas<\/td>\n<td style=\"text-align: center;\">Tap\u00f3n de rosca (acabado met\u00e1lico)<\/td>\n<\/tr>\n<tr style=\"height: 13.50pt;\">\n<td style=\"height: 13.5pt; text-align: center;\" height=\"18\">Uso<\/td>\n<td style=\"text-align: center;\">Cremas, s\u00e9rums, mascarillas, productos de belleza<\/td>\n<\/tr>\n<tr style=\"height: 13.50pt;\">\n<td style=\"height: 13.5pt; text-align: center;\" height=\"18\">Personalizaci\u00f3n<\/td>\n<td style=\"text-align: center;\">Tapas, impresi\u00f3n, pedidos al por mayor<\/td>\n<\/tr>\n<\/tbody>\n<\/table>\n<h2>Historia de \u00e9xito<\/h2>\n<p>Una empresa estadounidense de cosm\u00e9tica estaba a punto de lanzar una nueva l\u00ednea de cremas faciales y opt\u00f3 por nuestros tarros de cristal azul cobalto. Los combinamos con tapas de aluminio anodizado negro para darles un toque moderno y contrastante. Adem\u00e1s, ajustamos la estructura del cuello para que cupiera el revestimiento interior, mejoramos el sellado y utilizamos serigraf\u00eda para garantizar que el logotipo de la marca sea visible de forma permanente.<\/p>\n<p>El nuevo empaque, tras el lanzamiento del producto, mejor\u00f3 notablemente su atractivo en el punto de venta y aument\u00f3 el conocimiento de la marca entre los consumidores, lo que se tradujo en un crecimiento del 32 % en las ventas del primer trimestre. El cliente qued\u00f3 muy satisfecho con el alto rendimiento y la calidad constante del producto, y solicit\u00f3 varios ejemplares m\u00e1s, adem\u00e1s de extender este empaque a otros productos para el cuidado de la piel.<\/p>\n<h2>Consejos de personalizaci\u00f3n<\/h2>\n<ol>\n<li><strong>Control de la profundidad del color del cristal:<\/strong> Efectos seleccionables en azul claro, azul cobalto intenso o azul degradado, seg\u00fan el azul est\u00e1ndar, con separaci\u00f3n visual de la marca y bloqueo de la luz.<\/li>\n<li><strong>Material y acabado de la tapa:<\/strong> Se pueden utilizar tapas de aluminio o pl\u00e1stico, con acabados superficiales como galvanizado, pintura, anodizado o mate. La altura de la tapa y los detalles del moleteado tambi\u00e9n se pueden ajustar para ofrecer una mejor sensaci\u00f3n al tacto.<\/li>\n<li><strong>Impresi\u00f3n y dise\u00f1o de marca:<\/strong> Facilita la serigraf\u00eda, el estampado en caliente (oro\/plata) y el etiquetado. El contraste de color se puede optimizar sobre el fondo de vidrio azul para lograr una marca n\u00edtida y duradera.<\/li>\n<\/ol>","protected":false},"excerpt":{"rendered":"<p>Realza tu marca de belleza con tarros cosm\u00e9ticos de vidrio azul cobalto con tapa al por mayor. Ideales para cremas y s\u00e9rums. Cont\u00e1ctanos para pedidos al por mayor y opciones de personalizaci\u00f3n.<\/p>","protected":false},"featured_media":6106,"template":"","meta":{"postBodyCss":"","postBodyMargin":[],"postBodyPadding":[],"postBodyBackground":{"backgroundType":"classic","gradient":""}},"product_brand":[],"product_cat":[106,15,17],"product_tag":[],"class_list":{"0":"post-6097","1":"product","2":"type-product","3":"status-publish","4":"has-post-thumbnail","6":"product_cat-cosmetic-jars","7":"product_cat-glass-containers","8":"product_cat-glass-jars","10":"first","11":"instock","12":"shipping-taxable","13":"product-type-simple"},"jetpack_sharing_enabled":true,"_links":{"self":[{"href":"https:\/\/minghanggroup.com\/es\/wp-json\/wp\/v2\/product\/6097","targetHints":{"allow":["GET"]}}],"collection":[{"href":"https:\/\/minghanggroup.com\/es\/wp-json\/wp\/v2\/product"}],"about":[{"href":"https:\/\/minghanggroup.com\/es\/wp-json\/wp\/v2\/types\/product"}],"wp:featuredmedia":[{"embeddable":true,"href":"https:\/\/minghanggroup.com\/es\/wp-json\/wp\/v2\/media\/6106"}],"wp:attachment":[{"href":"https:\/\/minghanggroup.com\/es\/wp-json\/wp\/v2\/media?parent=6097"}],"wp:term":[{"taxonomy":"product_brand","embeddable":true,"href":"https:\/\/minghanggroup.com\/es\/wp-json\/wp\/v2\/product_brand?post=6097"},{"taxonomy":"product_cat","embeddable":true,"href":"https:\/\/minghanggroup.com\/es\/wp-json\/wp\/v2\/product_cat?post=6097"},{"taxonomy":"product_tag","embeddable":true,"href":"https:\/\/minghanggroup.com\/es\/wp-json\/wp\/v2\/product_tag?post=6097"}],"curies":[{"name":"wp","href":"https:\/\/api.w.org\/{rel}","templated":true}]}}