{"id":6096,"date":"2026-03-26T09:47:01","date_gmt":"2026-03-26T01:47:01","guid":{"rendered":"https:\/\/minghanggroup.com\/?post_type=product&#038;p=6096"},"modified":"2026-03-26T11:13:17","modified_gmt":"2026-03-26T03:13:17","slug":"black-containers-for-cosmetics-with-wood-lids-wholesale","status":"publish","type":"product","link":"https:\/\/minghanggroup.com\/es\/producto\/black-containers-for-cosmetics-with-wood-lids-wholesale\/","title":{"rendered":"Envases negros de 30 ml y 60 ml para cosm\u00e9ticos con tapas de madera (venta al por mayor)"},"content":{"rendered":"<p>Estos envases para cosm\u00e9ticos est\u00e1n dise\u00f1ados con frascos cortos y elegantes de vidrio negro, con tapas que imitan la veta de la madera natural. El vidrio negro opaco protege las f\u00f3rmulas confidenciales, y las c\u00e1lidas tapas de madera realzan la imagen de la marca en el lineal.<\/p>\n<h2>Caracter\u00edsticas del producto<\/h2>\n<ul>\n<li><strong>Botella de vidrio negro brillante:<\/strong> El toque moderno y lujoso de la superficie de vidrio negro brillante, profunda y lisa, hace que la botella tenga una superficie resistente a las huellas dactilares.<\/li>\n<li><strong>Tapa con vetas de madera natural:<\/strong> La tapa, fabricada en madera clara, tiene un tap\u00f3n de rosca de color natural que contrasta con el resto del cuerpo, y ofrece una sensaci\u00f3n muy especial.<\/li>\n<li><strong>Botella cil\u00edndrica grande y baja:<\/strong> La botella, de forma corta y ancha, ofrece un sistema de botella estable, es f\u00e1cil de manejar y proporciona mucho espacio para exhibir la marca.<\/li>\n<\/ul>\n<h2 style=\"text-align: left;\">Especificaciones clave<\/h2>\n<table class=\"aligncenter\" style=\"border-collapse: collapse; width: 438.77pt;\" border=\"0\" width=\"585\" cellspacing=\"0\" cellpadding=\"0\">\n<tbody>\n<tr style=\"height: 13.50pt;\">\n<td style=\"height: 13.50pt; width: 118.50pt;\" width=\"158\" height=\"18\">Especificaci\u00f3n<\/td>\n<td style=\"width: 320.25pt;\" width=\"427\">Detalles<\/td>\n<\/tr>\n<tr style=\"height: 13.50pt;\">\n<td style=\"height: 13.50pt;\" height=\"18\">Capacidad<\/td>\n<td>30 ml, 60 ml<\/td>\n<\/tr>\n<tr style=\"height: 13.50pt;\">\n<td style=\"height: 13.50pt;\" height=\"18\">Material<\/td>\n<td>Cristal negro opaco, tapa de madera natural.<\/td>\n<\/tr>\n<tr style=\"height: 13.50pt;\">\n<td style=\"height: 13.50pt;\" height=\"18\">Forma de tarro<\/td>\n<td>Cilindro corto y ancho (&#034;regordete&#034;) con cuello roscado<\/td>\n<\/tr>\n<tr style=\"height: 13.50pt;\">\n<td style=\"height: 13.50pt;\" height=\"18\">Alcance de personalizaci\u00f3n<\/td>\n<td>Tama\u00f1o, color, tapas, acabado<\/td>\n<\/tr>\n<tr style=\"height: 13.50pt;\">\n<td style=\"height: 13.50pt;\" height=\"18\">Artesan\u00eda<\/td>\n<td>Conformado de vidrio de precisi\u00f3n para obtener colores opacos.<\/td>\n<\/tr>\n<tr style=\"height: 13.50pt;\">\n<td style=\"height: 13.50pt;\" height=\"18\">Prop\u00f3sito del producto<\/td>\n<td>Tarros para s\u00e9rums oculares, envases cosm\u00e9ticos al por mayor<\/td>\n<\/tr>\n<tr style=\"height: 13.50pt;\">\n<td style=\"height: 13.50pt;\" height=\"18\">Industrias adecuadas<\/td>\n<td>Marcas de cuidado de la piel de alta gama, cosm\u00e9ticos org\u00e1nicos y naturales.<\/td>\n<\/tr>\n<\/tbody>\n<\/table>\n<h2>Historia de \u00e9xito: Una l\u00ednea de productos ic\u00f3nica de una marca canadiense de cuidado de la piel.<\/h2>\n<p>Una empresa canadiense de cosm\u00e9tica de alta gama adquiri\u00f3 nuestros envases negros de 60 ml para cosm\u00e9ticos y grab\u00f3 con l\u00e1ser los logotipos de la marca y serigrafi\u00f3 las tapas de madera con tipograf\u00eda minimalista. Esta apariencia distintiva gener\u00f3 un aumento del 300 % en los pedidos anticipados antes de su lanzamiento, y las tapas de madera, que tambi\u00e9n est\u00e1n en l\u00ednea con la filosof\u00eda natural de la marca, experimentaron un aumento del 50 % en las ventas directas. La marca se hab\u00eda vuelto tan popular que encarg\u00f3 otros 300\u00a0000 frascos de vidrio para envasar toda su l\u00ednea principal de cuidado de la piel y distribuirla a clientes de todo el mundo.<\/p>\n<h2>Personalizaci\u00f3n de envases cosm\u00e9ticos al por mayor<\/h2>\n<ul>\n<li>Material de la tapa: Las tapas pueden estar hechas de diferentes materiales (bamb\u00fa, nogal, haya), corcho o cer\u00e1mica.<\/li>\n<li>Acabados de vidrio personalizados: El vidrio se puede grabar mediante chorro de arena o con patrones espec\u00edficos, o bien, se le pueden aplicar diversos acabados (negro mate, gris ahumado, vidrio opaco de color).<\/li>\n<li>Serigraf\u00eda: Los frascos de vidrio negro se pueden serigrafiar con tinta met\u00e1lica o blanca, logotipos de marcas o iconos de ingredientes, o decorar con calcoman\u00edas.<\/li>\n<\/ul>","protected":false},"excerpt":{"rendered":"<p>Envases de alta calidad para cosm\u00e9ticos con elegante dise\u00f1o en vidrio negro y tapa de madera. Perfectos para el cuidado de la piel. Env\u00edo r\u00e1pido y precios especiales para compras al por mayor.<\/p>","protected":false},"featured_media":6099,"template":"","meta":{"postBodyCss":"","postBodyMargin":[],"postBodyPadding":[],"postBodyBackground":{"backgroundType":"classic","gradient":""}},"product_brand":[],"product_cat":[106,15,17],"product_tag":[],"class_list":{"0":"post-6096","1":"product","2":"type-product","3":"status-publish","4":"has-post-thumbnail","6":"product_cat-cosmetic-jars","7":"product_cat-glass-containers","8":"product_cat-glass-jars","10":"first","11":"instock","12":"shipping-taxable","13":"product-type-simple"},"jetpack_sharing_enabled":true,"_links":{"self":[{"href":"https:\/\/minghanggroup.com\/es\/wp-json\/wp\/v2\/product\/6096","targetHints":{"allow":["GET"]}}],"collection":[{"href":"https:\/\/minghanggroup.com\/es\/wp-json\/wp\/v2\/product"}],"about":[{"href":"https:\/\/minghanggroup.com\/es\/wp-json\/wp\/v2\/types\/product"}],"wp:featuredmedia":[{"embeddable":true,"href":"https:\/\/minghanggroup.com\/es\/wp-json\/wp\/v2\/media\/6099"}],"wp:attachment":[{"href":"https:\/\/minghanggroup.com\/es\/wp-json\/wp\/v2\/media?parent=6096"}],"wp:term":[{"taxonomy":"product_brand","embeddable":true,"href":"https:\/\/minghanggroup.com\/es\/wp-json\/wp\/v2\/product_brand?post=6096"},{"taxonomy":"product_cat","embeddable":true,"href":"https:\/\/minghanggroup.com\/es\/wp-json\/wp\/v2\/product_cat?post=6096"},{"taxonomy":"product_tag","embeddable":true,"href":"https:\/\/minghanggroup.com\/es\/wp-json\/wp\/v2\/product_tag?post=6096"}],"curies":[{"name":"wp","href":"https:\/\/api.w.org\/{rel}","templated":true}]}}