{"id":6087,"date":"2026-03-25T13:06:38","date_gmt":"2026-03-25T05:06:38","guid":{"rendered":"https:\/\/minghanggroup.com\/?post_type=product&#038;p=6087"},"modified":"2026-03-25T13:06:39","modified_gmt":"2026-03-25T05:06:39","slug":"glass-small-cream-containers-with-metallic-lid-bulk","status":"publish","type":"product","link":"https:\/\/minghanggroup.com\/es\/producto\/glass-small-cream-containers-with-metallic-lid-bulk\/","title":{"rendered":"Envases peque\u00f1os de vidrio para crema de 15 ml y 50 ml con tapa met\u00e1lica (venta al por mayor)"},"content":{"rendered":"<p>Nuestros peque\u00f1os envases transparentes para cremas combinan el minimalismo con el cuidado de la piel gracias a su dise\u00f1o de doble capa, ingenioso y funcional. Su cuerpo transparente permite apreciar el color y la textura de la f\u00f3rmula, mientras que su forma cuadrada contrasta con la redonda de otros envases. Los tapones de rosca son herm\u00e9ticos para evitar la entrada de aire y mantener la frescura. Disponibles en tama\u00f1os de 15 ml y 50 ml, son perfectos para cualquier gama de productos, tanto muestras como productos de venta al p\u00fablico. Estos envases cosm\u00e9ticos personalizados no solo contienen tu crema, sino que la protegen, la presentan y la hacen m\u00e1s atractiva para el mercado.<\/p>\n<h2>Caracter\u00edsticas del producto<\/h2>\n<ul>\n<li><strong>Protecci\u00f3n de doble capa:<\/strong> Este dise\u00f1o cuenta con una capa interior y otra exterior de doble pared, lo que limita el contacto del contenido con el aire y, por lo tanto, las f\u00f3rmulas delicadas se conservan durante m\u00e1s tiempo en el estante de la tienda en su forma original, fresca y potente.<\/li>\n<li><strong>Perfil cuadrado moderno:<\/strong> Su distintiva figura geom\u00e9trica har\u00e1 que su marca se mimetice con las estanter\u00edas de una tienda, proporcion\u00e1ndole un aspecto \u00fanico que la distinguir\u00e1 de las tradicionales botellas redondas.<\/li>\n<li><strong>Accesibilidad para bocas anchas:<\/strong> La amplia abertura no solo facilita el llenado del producto, sino que tambi\u00e9n permite a los consumidores acceder a las gotas restantes sin tener que esforzarse para dispensar el producto en zonas de dif\u00edcil acceso.<\/li>\n<\/ul>\n<h2>Especificaciones clave<\/h2>\n<table style=\"border-collapse: collapse; width: 80%; margin-left: auto; margin-right: auto;\" border=\"0\" width=\"144\" cellspacing=\"0\" cellpadding=\"0\">\n<tbody>\n<tr style=\"height: 13.50pt;\">\n<td style=\"height: 13.5pt; width: 54pt; text-align: center;\" width=\"72\" height=\"18\">Especificaci\u00f3n<\/td>\n<td style=\"width: 54pt; text-align: center;\" width=\"72\">Detalles<\/td>\n<\/tr>\n<tr style=\"height: 13.50pt;\">\n<td style=\"height: 13.5pt; text-align: center;\" height=\"18\">Capacidad<\/td>\n<td style=\"text-align: center;\">15 ml, 50 ml<\/td>\n<\/tr>\n<tr style=\"height: 13.50pt;\">\n<td style=\"height: 13.5pt; text-align: center;\" height=\"18\">Forma<\/td>\n<td style=\"text-align: center;\">Cuadrado<\/td>\n<\/tr>\n<tr style=\"height: 13.50pt;\">\n<td style=\"height: 13.5pt; text-align: center;\" height=\"18\">Color<\/td>\n<td style=\"text-align: center;\">Transparente<\/td>\n<\/tr>\n<tr style=\"height: 13.50pt;\">\n<td style=\"height: 13.5pt; text-align: center;\" height=\"18\">Tipo de sellado<\/td>\n<td style=\"text-align: center;\">Tap\u00f3n de rosca con revestimiento interior<\/td>\n<\/tr>\n<tr style=\"height: 13.50pt;\">\n<td style=\"height: 13.5pt; text-align: center;\" height=\"18\">Uso<\/td>\n<td style=\"text-align: center;\">Crema facial, crema para el contorno de ojos, b\u00e1lsamo para el cuidado de la piel<\/td>\n<\/tr>\n<\/tbody>\n<\/table>\n<h2>Historia de \u00e9xito<\/h2>\n<p>Para el lanzamiento de una nueva crema hidratante, una prestigiosa marca francesa de cosm\u00e9tica eligi\u00f3 nuestro tarro de 50 ml y opt\u00f3 por una personalizaci\u00f3n extrema. A\u00f1adieron un acabado mate en aerosol a la base del tarro, un material seleccionado por su excepcional transparencia, que le confiri\u00f3 un aspecto m\u00e1s delicado y sofisticado. La paleta de colores se dise\u00f1\u00f3 en un blanco lechoso de baja saturaci\u00f3n, que se ajusta perfectamente a la filosof\u00eda de la marca, denominada pureza natural. Adem\u00e1s, el dise\u00f1o se combin\u00f3 con un tap\u00f3n plateado galvanizado y el nombre de la marca y el volumen impresos mediante serigraf\u00eda en el lateral del tarro para potenciar el reconocimiento de la marca.<\/p>\n<p>Las ventas de esta l\u00ednea de cremas aumentaron aproximadamente un 35 % en los tres primeros meses tras su lanzamiento al mercado. Este cliente en particular realiz\u00f3 un nuevo pedido de este envase y tiene previsto utilizar este tipo de envase en otras l\u00edneas de cuidado de la piel en el futuro.<\/p>\n<h2>Recomendaciones de personalizaci\u00f3n<\/h2>\n<ol>\n<li><strong>Opciones de acabado para el cuerpo del frasco:<\/strong> Sobre una base de vidrio de alta transparencia, ofrecemos otros acabados como el recubrimiento esmerilado, el pulverizado degradado o el recubrimiento interno. Estos m\u00e9todos no solo mejoran las caracter\u00edsticas t\u00e1ctiles y visuales del producto, sino que tambi\u00e9n ofrecen propiedades opacas que estabilizan los ingredientes de la crema.<\/li>\n<li><strong>Personalizaci\u00f3n de gorra:<\/strong> Ofrecemos una amplia gama de acabados superficiales: galvanoplastia (en oro, plata u oro rosa), pulverizaci\u00f3n mate y acabados UV de alto brillo. Adem\u00e1s, la altura y el moleteado de la tapa se pueden personalizar para mejorar el agarre y facilitar su apertura y cierre.<\/li>\n<li><strong>Optimizaci\u00f3n de componentes de cierre:<\/strong> Ofrecemos la posibilidad de incorporar sellado interno o secundario (y tapones interiores de PP o con leng\u00fceta). Estas caracter\u00edsticas contribuyen significativamente a la estanqueidad, por lo que el envase resulta id\u00f3neo para el transporte a larga distancia de productos cremosos y semis\u00f3lidos.<\/li>\n<\/ol>","protected":false},"excerpt":{"rendered":"<p>Envases peque\u00f1os de alta calidad para cremas, con tapas de vidrio grueso y metal. Tarros cosm\u00e9ticos personalizados directamente de f\u00e1brica con muestras gratuitas y opciones de personalizaci\u00f3n al por mayor.<\/p>","protected":false},"featured_media":6095,"template":"","meta":{"postBodyCss":"","postBodyMargin":[],"postBodyPadding":[],"postBodyBackground":{"backgroundType":"classic","gradient":""}},"product_brand":[],"product_cat":[106,15,17],"product_tag":[],"class_list":{"0":"post-6087","1":"product","2":"type-product","3":"status-publish","4":"has-post-thumbnail","6":"product_cat-cosmetic-jars","7":"product_cat-glass-containers","8":"product_cat-glass-jars","10":"first","11":"instock","12":"shipping-taxable","13":"product-type-simple"},"jetpack_sharing_enabled":true,"_links":{"self":[{"href":"https:\/\/minghanggroup.com\/es\/wp-json\/wp\/v2\/product\/6087","targetHints":{"allow":["GET"]}}],"collection":[{"href":"https:\/\/minghanggroup.com\/es\/wp-json\/wp\/v2\/product"}],"about":[{"href":"https:\/\/minghanggroup.com\/es\/wp-json\/wp\/v2\/types\/product"}],"wp:featuredmedia":[{"embeddable":true,"href":"https:\/\/minghanggroup.com\/es\/wp-json\/wp\/v2\/media\/6095"}],"wp:attachment":[{"href":"https:\/\/minghanggroup.com\/es\/wp-json\/wp\/v2\/media?parent=6087"}],"wp:term":[{"taxonomy":"product_brand","embeddable":true,"href":"https:\/\/minghanggroup.com\/es\/wp-json\/wp\/v2\/product_brand?post=6087"},{"taxonomy":"product_cat","embeddable":true,"href":"https:\/\/minghanggroup.com\/es\/wp-json\/wp\/v2\/product_cat?post=6087"},{"taxonomy":"product_tag","embeddable":true,"href":"https:\/\/minghanggroup.com\/es\/wp-json\/wp\/v2\/product_tag?post=6087"}],"curies":[{"name":"wp","href":"https:\/\/api.w.org\/{rel}","templated":true}]}}