{"id":6086,"date":"2026-03-25T09:15:28","date_gmt":"2026-03-25T01:15:28","guid":{"rendered":"https:\/\/minghanggroup.com\/?post_type=product&#038;p=6086"},"modified":"2026-03-25T11:01:56","modified_gmt":"2026-03-25T03:01:56","slug":"white-glass-cosmetic-jars-and-lids-wholesale","status":"publish","type":"product","link":"https:\/\/minghanggroup.com\/es\/producto\/white-glass-cosmetic-jars-and-lids-wholesale\/","title":{"rendered":"Tarros de cristal blanco de 300 ml para cosm\u00e9ticos con tapas (venta al por mayor)"},"content":{"rendered":"<p>Estos tarros y tapas para cosm\u00e9ticos tienen una forma ligeramente c\u00f3nica en la cintura y una forma cuadrada redondeada con un asa c\u00f3moda. Los tarros son de cer\u00e1mica esmaltada de alta calidad, lisa y brillante, que no deja huellas dactilares.<\/p>\n<h2>Caracter\u00edsticas del producto<\/h2>\n<ul>\n<li><strong>Forma cuadrada redondeada y lisa:<\/strong> Su forma cuadrada redondeada y cintura c\u00f3nica ofrece gran estabilidad, un aspecto moderno y un agarre c\u00f3modo.<\/li>\n<li><strong>Superficie cer\u00e1mica blanca brillante:<\/strong> La superficie cer\u00e1mica esmaltada de alto brillo es f\u00e1cil de limpiar, inoxidable y tiene un aspecto brillante y elegante.<\/li>\n<li><strong>Gran capacidad de 300 ml:<\/strong> Su enorme tama\u00f1o resulta muy pr\u00e1ctico para lociones corporales, cremas, mascarillas o cualquier otro producto que requiera aplicaci\u00f3n o uso constante en todo el cuerpo.<\/li>\n<\/ul>\n<h2 style=\"text-align: left;\">Especificaciones clave<\/h2>\n<table class=\"aligncenter\" style=\"border-collapse: collapse; width: 371.27pt;\" border=\"0\" width=\"495\" cellspacing=\"0\" cellpadding=\"0\">\n<tbody>\n<tr style=\"height: 13.50pt;\">\n<td style=\"height: 13.50pt; width: 117.75pt;\" width=\"157\" height=\"18\">Atributo<\/td>\n<td style=\"width: 253.50pt;\" width=\"338\">Detalles<\/td>\n<\/tr>\n<tr style=\"height: 13.50pt;\">\n<td style=\"height: 13.50pt;\" height=\"18\">Capacidad<\/td>\n<td>300 ml<\/td>\n<\/tr>\n<tr style=\"height: 13.50pt;\">\n<td style=\"height: 13.50pt;\" height=\"18\">Material<\/td>\n<td>Cer\u00e1mica blanca esmaltada<\/td>\n<\/tr>\n<tr style=\"height: 13.50pt;\">\n<td style=\"height: 13.50pt;\" height=\"18\">Forma de tarro<\/td>\n<td>Cuadrado redondeado con cintura estrecha<\/td>\n<\/tr>\n<tr style=\"height: 13.50pt;\">\n<td style=\"height: 13.50pt;\" height=\"18\">Gama de personalizaci\u00f3n<\/td>\n<td>Color, tapas, acabado, tama\u00f1o<\/td>\n<\/tr>\n<tr style=\"height: 13.50pt;\">\n<td style=\"height: 13.50pt;\" height=\"18\">Artesan\u00eda<\/td>\n<td>Cocci\u00f3n de alto brillo, roscado preciso<\/td>\n<\/tr>\n<tr style=\"height: 13.50pt;\">\n<td style=\"height: 13.50pt;\" height=\"18\">Uso principal<\/td>\n<td>Tarros de cosm\u00e9ticos al por mayor, tarros de loci\u00f3n corporal<\/td>\n<\/tr>\n<tr style=\"height: 13.50pt;\">\n<td style=\"height: 13.50pt;\" height=\"18\">Industrias objetivo<\/td>\n<td>Marcas de lujo para el cuidado de la piel, spas y productos profesionales.<\/td>\n<\/tr>\n<\/tbody>\n<\/table>\n<h2>Historia de \u00e9xito: Una crema facial exclusiva de West Coast Spa.<\/h2>\n<p>Una de las marcas de spas de alta gama de la Costa Oeste ha optado por utilizar nuestros tarros cosm\u00e9ticos blancos de 300 ml con tapas y tapas mate esmaltadas impresas con su logotipo. La boca del tarro se ampli\u00f3 un 20%, lo que result\u00f3 en una mayor eficiencia y una mejor experiencia de uso para el cliente, permitiendo aprovechar hasta la \u00faltima gota. La capacidad de 300 ml tambi\u00e9n mejor\u00f3 la venta de una mayor cantidad de productos de mayor precio, lo que increment\u00f3 el valor promedio del pedido en un 25%. La marca ha tenido un gran \u00e9xito y ya ha realizado otro pedido de 500\u00a0000 tarros que se personalizar\u00e1n con todos sus productos para el cuidado corporal.<\/p>\n<h2>Tarros cosm\u00e9ticos personalizados al por mayor<\/h2>\n<ul>\n<li>Colores del esmalte: Scott puede seleccionar cualquier color del cat\u00e1logo Pantone que corresponda a los colores del esmalte cer\u00e1mico, desde tonos pastel suaves hasta tonos joya intensos.<\/li>\n<li>Acabados de superficie: Puede tener acabados de alto brillo, satinados o totalmente mate.<\/li>\n<li>Decoraciones en las tapas: Estas tapas (no siempre iguales) pueden estar decoradas en muchos colores, de diferentes materiales (por ejemplo, madera, piedra) o incrustadas con cristales.<\/li>\n<\/ul>","protected":false},"excerpt":{"rendered":"<p>Tarros cosm\u00e9ticos al por mayor con acabado blanco liso y tapas seguras. Ideales para cremas y productos para el cuidado de la piel. Tarros y tapas cosm\u00e9ticos en stock con precios directos de f\u00e1brica.<\/p>","protected":false},"featured_media":6090,"template":"","meta":{"postBodyCss":"","postBodyMargin":[],"postBodyPadding":[],"postBodyBackground":{"backgroundType":"classic","gradient":""}},"product_brand":[],"product_cat":[106,15,17],"product_tag":[],"class_list":{"0":"post-6086","1":"product","2":"type-product","3":"status-publish","4":"has-post-thumbnail","6":"product_cat-cosmetic-jars","7":"product_cat-glass-containers","8":"product_cat-glass-jars","10":"first","11":"instock","12":"shipping-taxable","13":"product-type-simple"},"jetpack_sharing_enabled":true,"_links":{"self":[{"href":"https:\/\/minghanggroup.com\/es\/wp-json\/wp\/v2\/product\/6086","targetHints":{"allow":["GET"]}}],"collection":[{"href":"https:\/\/minghanggroup.com\/es\/wp-json\/wp\/v2\/product"}],"about":[{"href":"https:\/\/minghanggroup.com\/es\/wp-json\/wp\/v2\/types\/product"}],"wp:featuredmedia":[{"embeddable":true,"href":"https:\/\/minghanggroup.com\/es\/wp-json\/wp\/v2\/media\/6090"}],"wp:attachment":[{"href":"https:\/\/minghanggroup.com\/es\/wp-json\/wp\/v2\/media?parent=6086"}],"wp:term":[{"taxonomy":"product_brand","embeddable":true,"href":"https:\/\/minghanggroup.com\/es\/wp-json\/wp\/v2\/product_brand?post=6086"},{"taxonomy":"product_cat","embeddable":true,"href":"https:\/\/minghanggroup.com\/es\/wp-json\/wp\/v2\/product_cat?post=6086"},{"taxonomy":"product_tag","embeddable":true,"href":"https:\/\/minghanggroup.com\/es\/wp-json\/wp\/v2\/product_tag?post=6086"}],"curies":[{"name":"wp","href":"https:\/\/api.w.org\/{rel}","templated":true}]}}