{"id":6075,"date":"2026-03-24T09:05:49","date_gmt":"2026-03-24T01:05:49","guid":{"rendered":"https:\/\/minghanggroup.com\/?post_type=product&#038;p=6075"},"modified":"2026-03-24T10:40:46","modified_gmt":"2026-03-24T02:40:46","slug":"amber-cosmetic-glass-jars-with-lids-wholesale","status":"publish","type":"product","link":"https:\/\/minghanggroup.com\/es\/producto\/amber-cosmetic-glass-jars-with-lids-wholesale\/","title":{"rendered":"Frascos de vidrio \u00e1mbar para cosm\u00e9ticos de 5 ml a 80 ml con tapa (venta al por mayor)"},"content":{"rendered":"<p>Estos frascos de vidrio \u00e1mbar para cosm\u00e9ticos tienen la forma cil\u00edndrica tradicional y est\u00e1n fabricados con vidrio \u00e1mbar de alta calidad para ofrecer la m\u00e1xima protecci\u00f3n contra la luz. Est\u00e1n disponibles en diferentes tama\u00f1os y cuentan con tapa de rosca negra, lo que los hace ideales para envasar cremas, b\u00e1lsamos labiales, ung\u00fcentos y otros productos para el cuidado de la piel.<\/p>\n<h2>Caracter\u00edsticas del producto<\/h2>\n<ul>\n<li><strong>Vidrio \u00e1mbar fotoestable:<\/strong> El frasco de vidrio \u00e1mbar oscuro se coloca sobre los componentes activos fotosensibles (retinol, vitamina C, etc.), lo que permite que la f\u00f3rmula mantenga su eficacia y estabilidad.<\/li>\n<li><strong>Tap\u00f3n de rosca liso y ajustado:<\/strong> La tapa de rosca negra se ajusta perfectamente al frasco, con un acabado liso y brillante, proporcionando un sellado \u00f3ptimo y evitando la humedad, la oxidaci\u00f3n y las fugas.<\/li>\n<li><strong>Forma cil\u00edndrica \u00fanica:<\/strong> La forma cil\u00edndrica simple es la forma cil\u00edndrica com\u00fan de paredes rectas, que es estable, f\u00e1cil de etiquetar y tiene la mayor capacidad interna.<\/li>\n<\/ul>\n<h2 style=\"text-align: left;\">Especificaciones clave<\/h2>\n<table class=\"aligncenter\" style=\"border-collapse: collapse; width: 354.02pt;\" border=\"0\" width=\"472\" cellspacing=\"0\" cellpadding=\"0\">\n<tbody>\n<tr style=\"height: 13.50pt;\">\n<td style=\"height: 13.50pt; width: 98.25pt;\" width=\"131\" height=\"18\">Especificaci\u00f3n<\/td>\n<td style=\"width: 255.75pt;\" width=\"341\">Detalles<\/td>\n<\/tr>\n<tr style=\"height: 13.50pt;\">\n<td style=\"height: 13.50pt;\" height=\"18\">Capacidad<\/td>\n<td>5 ml, 8 ml, 10 ml, 15 ml, 30 ml, 40 ml, 80 ml<\/td>\n<\/tr>\n<tr style=\"height: 13.50pt;\">\n<td style=\"height: 13.50pt;\" height=\"18\">Material<\/td>\n<td>Cristal \u00e1mbar, tapa de pl\u00e1stico negro brillante.<\/td>\n<\/tr>\n<tr style=\"height: 13.50pt;\">\n<td style=\"height: 13.50pt;\" height=\"18\">Forma de tarro<\/td>\n<td>Cilindro de lados rectos con cuello roscado<\/td>\n<\/tr>\n<tr style=\"height: 13.50pt;\">\n<td style=\"height: 13.50pt;\" height=\"18\">Alcance de personalizaci\u00f3n<\/td>\n<td>Color, Acabado, Tapas, Tama\u00f1o<\/td>\n<\/tr>\n<tr style=\"height: 13.50pt;\">\n<td style=\"height: 13.50pt;\" height=\"18\">Artesan\u00eda<\/td>\n<td>Conformado de vidrio de precisi\u00f3n para protecci\u00f3n UV<\/td>\n<\/tr>\n<tr style=\"height: 13.50pt;\">\n<td style=\"height: 13.50pt;\" height=\"18\">Prop\u00f3sito del producto<\/td>\n<td>Tarros para cremas de ojos, tarros de vidrio para cosm\u00e9ticos<\/td>\n<\/tr>\n<tr style=\"height: 13.50pt;\">\n<td style=\"height: 13.50pt;\" height=\"18\">Industrias adecuadas<\/td>\n<td>Marcas de cuidado de la piel, proveedores de spas y salones de belleza<\/td>\n<\/tr>\n<\/tbody>\n<\/table>\n<h2>Historia de \u00e9xito<\/h2>\n<p>Una empresa coreana de cosm\u00e9tica seleccion\u00f3 nuestros frascos cosm\u00e9ticos de vidrio \u00e1mbar de 30 ml, con etiquetas de dosificaci\u00f3n impresas y tapas de aluminio a prueba de manipulaciones. Los frascos de vidrio \u00e1mbar resultaron esenciales, ya que evitan la p\u00e9rdida de retinol por la luz y conservan el 99 % de su actividad despu\u00e9s de 12 meses, lo que incrementa la fidelizaci\u00f3n de clientes en un 30 %. La marca tuvo tanto \u00e9xito que realiz\u00f3 un nuevo pedido de 2 millones de frascos para poder envasar toda su crema facial para el mercado internacional.<\/p>\n<h2>Estos frascos de vidrio para cosm\u00e9ticos ofrecen algunas posibilidades de personalizaci\u00f3n.<\/h2>\n<ul>\n<li>Degradado \u00c1mbar: Vienen en varias botellas de vidrio \u00e1mbar que son de color miel claro a marr\u00f3n oscuro (casi opaco).<\/li>\n<li>Material y acabado de la tapa: Se puede utilizar una tapa de color negro mate o blanco, plateada o con revestimiento met\u00e1lico.<\/li>\n<li>Dise\u00f1o cuadrado: Botellas cuadradas que ahorran espacio, tienen un aspecto moderno y llamativo, y que encajar\u00edan bien en envoltorios de regalo y estantes.<\/li>\n<\/ul>","protected":false},"excerpt":{"rendered":"<p>Frascos de vidrio \u00e1mbar para cosm\u00e9ticos con tapa, dise\u00f1ados para proteger las cremas de la luz. Ideales para guardar cremas, b\u00e1lsamos y productos para el cuidado de la piel. Venta directa de f\u00e1brica, entrega r\u00e1pida.<\/p>","protected":false},"featured_media":6079,"template":"","meta":{"postBodyCss":"","postBodyMargin":[],"postBodyPadding":[],"postBodyBackground":{"backgroundType":"classic","gradient":""}},"product_brand":[],"product_cat":[106,15,17],"product_tag":[],"class_list":{"0":"post-6075","1":"product","2":"type-product","3":"status-publish","4":"has-post-thumbnail","6":"product_cat-cosmetic-jars","7":"product_cat-glass-containers","8":"product_cat-glass-jars","10":"first","11":"instock","12":"shipping-taxable","13":"product-type-simple"},"jetpack_sharing_enabled":true,"_links":{"self":[{"href":"https:\/\/minghanggroup.com\/es\/wp-json\/wp\/v2\/product\/6075","targetHints":{"allow":["GET"]}}],"collection":[{"href":"https:\/\/minghanggroup.com\/es\/wp-json\/wp\/v2\/product"}],"about":[{"href":"https:\/\/minghanggroup.com\/es\/wp-json\/wp\/v2\/types\/product"}],"wp:featuredmedia":[{"embeddable":true,"href":"https:\/\/minghanggroup.com\/es\/wp-json\/wp\/v2\/media\/6079"}],"wp:attachment":[{"href":"https:\/\/minghanggroup.com\/es\/wp-json\/wp\/v2\/media?parent=6075"}],"wp:term":[{"taxonomy":"product_brand","embeddable":true,"href":"https:\/\/minghanggroup.com\/es\/wp-json\/wp\/v2\/product_brand?post=6075"},{"taxonomy":"product_cat","embeddable":true,"href":"https:\/\/minghanggroup.com\/es\/wp-json\/wp\/v2\/product_cat?post=6075"},{"taxonomy":"product_tag","embeddable":true,"href":"https:\/\/minghanggroup.com\/es\/wp-json\/wp\/v2\/product_tag?post=6075"}],"curies":[{"name":"wp","href":"https:\/\/api.w.org\/{rel}","templated":true}]}}