{"id":6065,"date":"2026-03-23T10:39:26","date_gmt":"2026-03-23T02:39:26","guid":{"rendered":"https:\/\/minghanggroup.com\/?post_type=product&#038;p=6065"},"modified":"2026-03-23T10:39:28","modified_gmt":"2026-03-23T02:39:28","slug":"frosted-glass-cream-jars-with-bamboo-lids-bulk","status":"publish","type":"product","link":"https:\/\/minghanggroup.com\/es\/producto\/frosted-glass-cream-jars-with-bamboo-lids-bulk\/","title":{"rendered":"Tarros de vidrio esmerilado de 28 g con tapas de bamb\u00fa para crema (venta al por mayor)"},"content":{"rendered":"<p><span class=\"qk-md-text complete\" data-spm-anchor-id=\"5176.28103460.0.i5.51627551XUs49R\">Este tarro de crema de vidrio de lados rectos combina un refinado cuerpo escarchado con una tapa de rosca de bamb\u00fa ecol\u00f3gica que se\u00f1ala tanto el lujo como la sostenibilidad.<\/span> El sellado es roscado para asegurar que est\u00e9 apretado y la base est\u00e1 ligeramente engrosada para proporcionar peso y estabilidad. Obtienes tarros de cosm\u00e9ticos de vidrio escarchado que toman hermosas fotos en las redes sociales y son lo suficientemente pesados como para cobrar un precio m\u00e1s alto. Los tarros de cosm\u00e9ticos est\u00e1n hechos con vidrio escarchado que dar\u00e1 a los clientes el aspecto de eco-lujo deseado.<\/p>\n<h2>Caracter\u00edsticas del producto<\/h2>\n<ul>\n<li><strong>Tapa de Bamb\u00fa Ecol\u00f3gica:<\/strong> Consiste en una textura de veta de madera natural con vidrio escarchado para formar un empaque que eleva el grito de sostenibilidad y a\u00fan as\u00ed logra ser elegante.<\/li>\n<li><strong>Cuerpo Escarchado Protector de la Luz:<\/strong> La superficie escarchada cubre f\u00f3rmulas sensibles a la luz y no pierde esa apariencia semitransparente de alta gama que los clientes aprecian.<\/li>\n<li><strong>Cierre Roscado Seguro:<\/strong> Las tapas son tapas de ajuste herm\u00e9tico que tienen un revestimiento interior para asegurar que los envases de vidrio para cosm\u00e9ticos se mantengan frescos hasta el cliente.<\/li>\n<\/ul>\n<h2>Especificaciones clave<\/h2>\n<table style=\"border-collapse: collapse; width: 80%; margin-left: auto; margin-right: auto;\" border=\"0\" width=\"144\" cellspacing=\"0\" cellpadding=\"0\">\n<tbody>\n<tr style=\"height: 13.50pt;\">\n<td style=\"height: 13.5pt; width: 54pt; text-align: center;\" width=\"72\" height=\"18\">Especificaci\u00f3n<\/td>\n<td style=\"width: 54pt; text-align: center;\" width=\"72\">Detalles<\/td>\n<\/tr>\n<tr style=\"height: 13.50pt;\">\n<td style=\"height: 13.5pt; text-align: center;\" height=\"18\">Capacidad<\/td>\n<td style=\"text-align: center;\">30 ml \/ 1 onza<\/td>\n<\/tr>\n<tr style=\"height: 13.50pt;\">\n<td style=\"height: 13.5pt; text-align: center;\" height=\"18\">Forma<\/td>\n<td style=\"text-align: center;\">De lados rectos<\/td>\n<\/tr>\n<tr style=\"height: 13.50pt;\">\n<td style=\"height: 13.5pt; text-align: center;\" height=\"18\">Tipo de sellado<\/td>\n<td style=\"text-align: center;\">Rosca con tapa de bamb\u00fa<\/td>\n<\/tr>\n<tr style=\"height: 13.50pt;\">\n<td style=\"height: 13.5pt; text-align: center;\" height=\"18\">Color<\/td>\n<td style=\"text-align: center;\">Escarchado<\/td>\n<\/tr>\n<tr style=\"height: 13.50pt;\">\n<td style=\"height: 13.5pt; text-align: center;\" height=\"18\">Material de la tapa<\/td>\n<td style=\"text-align: center;\">Bamb\u00fa natural con revestimiento interior<\/td>\n<\/tr>\n<tr style=\"height: 13.50pt;\">\n<td style=\"height: 13.5pt; text-align: center;\" height=\"18\">Material del cuerpo<\/td>\n<td style=\"text-align: center;\">Vaso<\/td>\n<\/tr>\n<tr style=\"height: 13.50pt;\">\n<td style=\"height: 13.5pt; text-align: center;\" height=\"18\">Uso<\/td>\n<td style=\"text-align: center;\">Crema facial, crema para ojos, b\u00e1lsamo corporal, mascarilla para labios<\/td>\n<\/tr>\n<\/tbody>\n<\/table>\n<h2>Caso de \u00e9xito<\/h2>\n<p>En el caso de una nueva l\u00ednea de productos de cremas restauradoras org\u00e1nicas, una empresa australiana de cuidado de la piel natural ha elegido nuestro tarro de crema de vidrio escarchado como su empaque principal. Nuestra soluci\u00f3n tambi\u00e9n fue una personalizaci\u00f3n diferenciada: tomamos el tarro con acabado escarchado, pero lo refinamos con un acabado mate degradado (con una textura m\u00e1s densa y transl\u00facida en la parte inferior). Adem\u00e1s, la tapa de bamb\u00fa se carboniz\u00f3 oscuramente y se instal\u00f3 con una junta de silicona especialmente dise\u00f1ada para proporcionarles una mayor hermeticidad.<\/p>\n<p>La serie vendi\u00f3 casi 52 veces en tres meses despu\u00e9s de su lanzamiento. Despu\u00e9s del primer reabastecimiento, el producto registr\u00f3 tres rondas de compras repetidas, lo que lo convirti\u00f3 r\u00e1pidamente en uno de los productos m\u00e1s vendidos de la marca.<\/p>\n<h2>Recomendaciones de personalizaci\u00f3n<\/h2>\n<ol>\n<li><strong>Materiales de tapa mejorados:<\/strong> Las tapas de bamb\u00fa pueden ser sustituidas por tapas de aluminio, electrochapadas o de ABS con veta de madera para adaptarse a varios niveles de precios y estilos de dise\u00f1o.<\/li>\n<li><strong>Soluciones de sellado optimizadas:<\/strong> Se pueden a\u00f1adir revestimientos de PE, sellos de papel de aluminio o tapones interiores para aumentar la prevenci\u00f3n de fugas y la frescura del producto.<\/li>\n<li><strong>Personalizaci\u00f3n de marca:<\/strong> Se admiten los diferentes tipos de marca utilizados, como serigraf\u00eda, estampado en caliente (dorado\/plateado), etiquetado o grabado l\u00e1ser de logotipos en tapas de bamb\u00fa.<\/li>\n<\/ol>","protected":false},"excerpt":{"rendered":"<p>Frascos de crema de vidrio de alta calidad con acabado esmerilado y tapas de bamb\u00fa. Frascos cosm\u00e9ticos de vidrio esmerilado ideales, suministro directo de f\u00e1brica con personalizaci\u00f3n a granel disponible.<\/p>","protected":false},"featured_media":6074,"template":"","meta":{"postBodyCss":"","postBodyMargin":[],"postBodyPadding":[],"postBodyBackground":{"backgroundType":"classic","gradient":""}},"product_brand":[],"product_cat":[106,15,17],"product_tag":[],"class_list":{"0":"post-6065","1":"product","2":"type-product","3":"status-publish","4":"has-post-thumbnail","6":"product_cat-cosmetic-jars","7":"product_cat-glass-containers","8":"product_cat-glass-jars","10":"first","11":"instock","12":"shipping-taxable","13":"product-type-simple"},"jetpack_sharing_enabled":true,"_links":{"self":[{"href":"https:\/\/minghanggroup.com\/es\/wp-json\/wp\/v2\/product\/6065","targetHints":{"allow":["GET"]}}],"collection":[{"href":"https:\/\/minghanggroup.com\/es\/wp-json\/wp\/v2\/product"}],"about":[{"href":"https:\/\/minghanggroup.com\/es\/wp-json\/wp\/v2\/types\/product"}],"wp:featuredmedia":[{"embeddable":true,"href":"https:\/\/minghanggroup.com\/es\/wp-json\/wp\/v2\/media\/6074"}],"wp:attachment":[{"href":"https:\/\/minghanggroup.com\/es\/wp-json\/wp\/v2\/media?parent=6065"}],"wp:term":[{"taxonomy":"product_brand","embeddable":true,"href":"https:\/\/minghanggroup.com\/es\/wp-json\/wp\/v2\/product_brand?post=6065"},{"taxonomy":"product_cat","embeddable":true,"href":"https:\/\/minghanggroup.com\/es\/wp-json\/wp\/v2\/product_cat?post=6065"},{"taxonomy":"product_tag","embeddable":true,"href":"https:\/\/minghanggroup.com\/es\/wp-json\/wp\/v2\/product_tag?post=6065"}],"curies":[{"name":"wp","href":"https:\/\/api.w.org\/{rel}","templated":true}]}}