{"id":6055,"date":"2026-03-20T10:28:38","date_gmt":"2026-03-20T02:28:38","guid":{"rendered":"https:\/\/minghanggroup.com\/?post_type=product&#038;p=6055"},"modified":"2026-03-20T16:31:51","modified_gmt":"2026-03-20T08:31:51","slug":"frosted-glass-1oz-cosmetic-jars-with-lids-for-skincare-bulk","status":"publish","type":"product","link":"https:\/\/minghanggroup.com\/es\/producto\/frosted-glass-1oz-cosmetic-jars-with-lids-for-skincare-bulk\/","title":{"rendered":"Frascos cosm\u00e9ticos de vidrio esmerilado de 28 g (1 oz) con tapa para productos de cuidado de la piel a granel."},"content":{"rendered":"<p>Los tarros cosm\u00e9ticos de 28 g (1 oz) con tapa tienen una exquisita forma cil\u00edndrica baja, l\u00edneas limpias y una sensaci\u00f3n de solidez que transmite alta calidad. El cuerpo de vidrio esmerilado le da un aspecto suave y semitransparente, dejando entrever el producto sin generar secretismo. Se complementan con una elegante tapa de rosca met\u00e1lica plateada, galvanizada o de aluminio, que contrasta con el acabado mate. Tu crema, s\u00e9rum o b\u00e1lsamo corporal merece la pena, y este tarro de vidrio te lo garantiza. Ya sea que necesites tarros cosm\u00e9ticos al por mayor para el lanzamiento de un nuevo producto o envases individuales para una l\u00ednea espec\u00edfica, estos tarros cosm\u00e9ticos de 28 g (1 oz) con tapa son la opci\u00f3n ideal.<\/p>\n<h2>Caracter\u00edsticas del producto<\/h2>\n<ul>\n<li><strong>Acabado esmerilado premium:<\/strong> Su fina textura escarchada le da a tu producto un aspecto lujoso con un toque de cristal y protege las f\u00f3rmulas sensibles a la luz.<\/li>\n<li><strong>Sello roscado seguro:<\/strong> Las tapas de ajuste herm\u00e9tico eliminan las fugas y garantizan que sus envases de vidrio para cosm\u00e9ticos se mantengan frescos durante el transporte y su vida \u00fatil.<\/li>\n<li><strong>Dise\u00f1o de fondo estable:<\/strong> Su base reforzada artificialmente lo hace duradero y permite colocar el contenedor firmemente sobre cualquier superficie.<\/li>\n<\/ul>\n<h2>Especificaciones clave<\/h2>\n<table style=\"border-collapse: collapse; width: 80%; margin-left: auto; margin-right: auto;\" border=\"0\" width=\"144\" cellspacing=\"0\" cellpadding=\"0\">\n<tbody>\n<tr style=\"height: 13.50pt;\">\n<td style=\"height: 13.5pt; width: 54pt; text-align: center;\" width=\"72\" height=\"18\">Especificaci\u00f3n<\/td>\n<td style=\"width: 54pt; text-align: center;\" width=\"72\">Detalles<\/td>\n<\/tr>\n<tr style=\"height: 13.50pt;\">\n<td style=\"height: 13.5pt; text-align: center;\" height=\"18\">Capacidad<\/td>\n<td style=\"text-align: center;\">30 ml \/ 1 onza<\/td>\n<\/tr>\n<tr style=\"height: 13.50pt;\">\n<td style=\"height: 13.5pt; text-align: center;\" height=\"18\">Forma<\/td>\n<td style=\"text-align: center;\">Cil\u00edndrico de lados rectos<\/td>\n<\/tr>\n<tr style=\"height: 13.50pt;\">\n<td style=\"height: 13.5pt; text-align: center;\" height=\"18\">Tipo de sellado<\/td>\n<td style=\"text-align: center;\">Tapa de rosca<\/td>\n<\/tr>\n<tr style=\"height: 13.50pt;\">\n<td style=\"height: 13.5pt; text-align: center;\" height=\"18\">Opciones de color<\/td>\n<td style=\"text-align: center;\">Esmerilado, transparente<\/td>\n<\/tr>\n<tr style=\"height: 13.50pt;\">\n<td style=\"height: 13.5pt; text-align: center;\" height=\"18\">Uso<\/td>\n<td style=\"text-align: center;\">Crema facial, crema para el contorno de ojos, b\u00e1lsamo corporal, cuidado de la piel<\/td>\n<\/tr>\n<\/tbody>\n<\/table>\n<h2>Caso de \u00e9xito<\/h2>\n<p>Una de las marcas australianas de cuidado de la piel eligi\u00f3 nuestros tarros de crema de vidrio esmerilado de 28 g (1 oz). En la informaci\u00f3n de personalizaci\u00f3n, el cliente solicit\u00f3 una tapa de doble capa: una capa interior de PP rodeada por una carcasa exterior de aluminio. Adem\u00e1s, el fondo interior del tarro se dise\u00f1\u00f3 con una ligera concavidad para reducir la cantidad de residuos que quedan tras su uso. Para la tapa, el cliente prefiri\u00f3 el grabado l\u00e1ser para mostrar el nombre de la marca, en lugar de la impresi\u00f3n convencional.<\/p>\n<p>Tras el lanzamiento del producto, las ventas de esta l\u00ednea aumentaron un 27 por ciento en tan solo tres meses. Posteriormente, el cliente realiz\u00f3 tres pedidos consecutivos en el plazo de un a\u00f1o.<\/p>\n<h2>Recomendaciones de personalizaci\u00f3n<\/h2>\n<ol>\n<li><strong>Acabados de la superficie de la tapa:<\/strong> Con una amplia selecci\u00f3n de marcas para satisfacer las necesidades de nuestros clientes, contamos con una variedad de acabados superficiales que incluyen metal cepillado y chapado de alto brillo, recubrimiento mate y tonos met\u00e1licos degradados.<\/li>\n<li><strong>Coloraci\u00f3n interna del vidrio:<\/strong> Se trata de un proceso interno de recubrimiento por pulverizaci\u00f3n que permite la producci\u00f3n de colores \u00fanicos en el interior de la botella, sin comprometer la claridad y la transparencia de la superficie exterior del vidrio.<\/li>\n<li><strong>Adornos en la parte superior de la gorra:<\/strong> Respaldamos el uso de diferentes tipos de m\u00e9todos decorativos en la superficie de la tapa, como el grabado en relieve, el grabado en bajo relieve, el grabado l\u00e1ser o la incrustaci\u00f3n de detalles met\u00e1licos para enfatizar el mensaje de la marca, m\u00e1s sutil y refinado.<\/li>\n<\/ol>","protected":false},"excerpt":{"rendered":"<p>Elegantes frascos cosm\u00e9ticos de 28 g con tapa, de vidrio esmerilado. Suministro al por mayor de frascos cosm\u00e9ticos con servicio directo de f\u00e1brica y opciones de personalizaci\u00f3n flexibles.<\/p>","protected":false},"featured_media":6059,"template":"","meta":{"postBodyCss":"","postBodyMargin":[],"postBodyPadding":[],"postBodyBackground":{"backgroundType":"classic","gradient":""}},"product_brand":[],"product_cat":[106,15,17],"product_tag":[],"class_list":{"0":"post-6055","1":"product","2":"type-product","3":"status-publish","4":"has-post-thumbnail","6":"product_cat-cosmetic-jars","7":"product_cat-glass-containers","8":"product_cat-glass-jars","10":"first","11":"instock","12":"shipping-taxable","13":"product-type-simple"},"jetpack_sharing_enabled":true,"_links":{"self":[{"href":"https:\/\/minghanggroup.com\/es\/wp-json\/wp\/v2\/product\/6055","targetHints":{"allow":["GET"]}}],"collection":[{"href":"https:\/\/minghanggroup.com\/es\/wp-json\/wp\/v2\/product"}],"about":[{"href":"https:\/\/minghanggroup.com\/es\/wp-json\/wp\/v2\/types\/product"}],"wp:featuredmedia":[{"embeddable":true,"href":"https:\/\/minghanggroup.com\/es\/wp-json\/wp\/v2\/media\/6059"}],"wp:attachment":[{"href":"https:\/\/minghanggroup.com\/es\/wp-json\/wp\/v2\/media?parent=6055"}],"wp:term":[{"taxonomy":"product_brand","embeddable":true,"href":"https:\/\/minghanggroup.com\/es\/wp-json\/wp\/v2\/product_brand?post=6055"},{"taxonomy":"product_cat","embeddable":true,"href":"https:\/\/minghanggroup.com\/es\/wp-json\/wp\/v2\/product_cat?post=6055"},{"taxonomy":"product_tag","embeddable":true,"href":"https:\/\/minghanggroup.com\/es\/wp-json\/wp\/v2\/product_tag?post=6055"}],"curies":[{"name":"wp","href":"https:\/\/api.w.org\/{rel}","templated":true}]}}