{"id":6054,"date":"2026-03-20T09:11:21","date_gmt":"2026-03-20T01:11:21","guid":{"rendered":"https:\/\/minghanggroup.com\/?post_type=product&#038;p=6054"},"modified":"2026-03-20T16:55:31","modified_gmt":"2026-03-20T08:55:31","slug":"cosmetic-storage-containers-with-gold-lids-bulk","status":"publish","type":"product","link":"https:\/\/minghanggroup.com\/es\/producto\/cosmetic-storage-containers-with-gold-lids-bulk\/","title":{"rendered":"Envases cosm\u00e9ticos de 30 ml y 50 ml con tapas doradas (venta al por mayor)"},"content":{"rendered":"<p>El dise\u00f1o de estos contenedores de almacenamiento cosm\u00e9tico es elegante y tiene una forma de doble cilindro. La parte inferior consta de vidrio grueso de calidad con acabado transparente o mate suave y la parte superior est\u00e1 decorada con un fino anillo de metal dorado mate y una tapa superior acr\u00edlica transparente.<\/p>\n<h2>Caracter\u00edsticas del producto<\/h2>\n<ul>\n<li><strong>Dise\u00f1o de lujo en capas:<\/strong> El vidrio s\u00f3lido, el metal dorado mate y el acr\u00edlico transparente se han combinado inteligentemente para producir una est\u00e9tica visual muy en capas y lujosa.<\/li>\n<li><strong>Acabados de vidrio y mate:<\/strong> Seleccione vidrio transparente o elegante vidrio mate que exhiba perfectamente o complemente delicadamente su producto.<\/li>\n<li><strong>Tacto bueno y estable:<\/strong> La base de vidrio y el anillo de metal hacen que el tarro se sienta s\u00f3lido y estable, adem\u00e1s de ser lujoso y de primera calidad.<\/li>\n<\/ul>\n<h2 style=\"text-align: left;\">Especificaciones clave<\/h2>\n<table class=\"aligncenter\" style=\"border-collapse: collapse; width: 420.02pt;\" border=\"0\" width=\"560\" cellspacing=\"0\" cellpadding=\"0\">\n<tbody>\n<tr style=\"height: 13.50pt;\">\n<td style=\"height: 13.50pt; width: 118.50pt;\" width=\"158\" height=\"18\">Atributo<\/td>\n<td style=\"width: 301.50pt;\" width=\"402\">Detalles<\/td>\n<\/tr>\n<tr style=\"height: 13.50pt;\">\n<td style=\"height: 13.50pt;\" height=\"18\">Capacidad<\/td>\n<td>30 ml, 50 ml<\/td>\n<\/tr>\n<tr style=\"height: 13.50pt;\">\n<td style=\"height: 13.50pt;\" height=\"18\">Material<\/td>\n<td>Vidrio grueso (transparente o mate)<\/td>\n<\/tr>\n<tr style=\"height: 13.50pt;\">\n<td style=\"height: 13.50pt;\" height=\"18\">Forma de tarro<\/td>\n<td>Cilindro de dos niveles (inferior de vidrio, superior de metal)<\/td>\n<\/tr>\n<tr style=\"height: 13.50pt;\">\n<td style=\"height: 13.50pt;\" height=\"18\">Gama de personalizaci\u00f3n<\/td>\n<td>Forma, acabado, color, material de la tapa, tama\u00f1o<\/td>\n<\/tr>\n<tr style=\"height: 13.50pt;\">\n<td style=\"height: 13.50pt;\" height=\"18\">Uso principal<\/td>\n<td>Tarros cosm\u00e9ticos premium, contenedores de almacenamiento cosm\u00e9tico<\/td>\n<\/tr>\n<tr style=\"height: 13.50pt;\">\n<td style=\"height: 13.50pt;\" height=\"18\">Industrias objetivo<\/td>\n<td>Cuidado de la piel de lujo, cosm\u00e9ticos de alta gama<\/td>\n<\/tr>\n<\/tbody>\n<\/table>\n<h2>Historia de \u00e9xito: Serie Cl\u00ednica de Marca Canadiense de Cuidado de la Piel<\/h2>\n<p>Una de las empresas canadienses de cuidado de la piel ha elegido nuestros tarros esmerilados de 50 ml con tapas y un anillo de metal plateado mate personalizado por esta empresa. Las superficies de venta son totalmente libres de huellas dactilares y manchas con superficie mate. Las ventas del producto fueron 40 veces superiores a las ventas esperadas y un dise\u00f1o especial y resistente mejor\u00f3 las compras repetidas en un 65 por ciento. La marca tuvo mucho \u00e9xito y la empresa encarg\u00f3 800.000 tarros m\u00e1s para completar su l\u00ednea de cuidado completo para el mercado internacional.<\/p>\n<h2>Personalizaci\u00f3n de Contenedores de Almacenamiento Cosm\u00e9tico<\/h2>\n<ul>\n<li>Acabado del Anillo Met\u00e1lico: Se ofrece en anillos met\u00e1licos oro rosa, cromo negro, cobre o plata pulida.<\/li>\n<li>Material de la Tapa: El uso de tapas de acr\u00edlico ahumado, acr\u00edlico espejado e incluso de vidrio para formar diversas texturas de alta calidad.<\/li>\n<li>Funcionalidad de la Tapa: Tambi\u00e9n se ofrecen tapas con aplicadores incorporados o peque\u00f1os espejos para mejorar su funcionalidad.<\/li>\n<\/ul>","protected":false},"excerpt":{"rendered":"<p>Contenedores de almacenamiento cosm\u00e9tico de lujo con anillo dorado y tapa acr\u00edlica. Tarros cosm\u00e9ticos de alta gama con tapas ideales para envases de cremas y cuidado de ojos. Env\u00edo r\u00e1pido.<\/p>","protected":false},"featured_media":6061,"template":"","meta":{"postBodyCss":"","postBodyMargin":[],"postBodyPadding":[],"postBodyBackground":{"backgroundType":"classic","gradient":""}},"product_brand":[],"product_cat":[106,15,17],"product_tag":[],"class_list":{"0":"post-6054","1":"product","2":"type-product","3":"status-publish","4":"has-post-thumbnail","6":"product_cat-cosmetic-jars","7":"product_cat-glass-containers","8":"product_cat-glass-jars","10":"first","11":"instock","12":"shipping-taxable","13":"product-type-simple"},"jetpack_sharing_enabled":true,"_links":{"self":[{"href":"https:\/\/minghanggroup.com\/es\/wp-json\/wp\/v2\/product\/6054","targetHints":{"allow":["GET"]}}],"collection":[{"href":"https:\/\/minghanggroup.com\/es\/wp-json\/wp\/v2\/product"}],"about":[{"href":"https:\/\/minghanggroup.com\/es\/wp-json\/wp\/v2\/types\/product"}],"wp:featuredmedia":[{"embeddable":true,"href":"https:\/\/minghanggroup.com\/es\/wp-json\/wp\/v2\/media\/6061"}],"wp:attachment":[{"href":"https:\/\/minghanggroup.com\/es\/wp-json\/wp\/v2\/media?parent=6054"}],"wp:term":[{"taxonomy":"product_brand","embeddable":true,"href":"https:\/\/minghanggroup.com\/es\/wp-json\/wp\/v2\/product_brand?post=6054"},{"taxonomy":"product_cat","embeddable":true,"href":"https:\/\/minghanggroup.com\/es\/wp-json\/wp\/v2\/product_cat?post=6054"},{"taxonomy":"product_tag","embeddable":true,"href":"https:\/\/minghanggroup.com\/es\/wp-json\/wp\/v2\/product_tag?post=6054"}],"curies":[{"name":"wp","href":"https:\/\/api.w.org\/{rel}","templated":true}]}}