{"id":6047,"date":"2026-03-19T16:54:26","date_gmt":"2026-03-19T08:54:26","guid":{"rendered":"https:\/\/minghanggroup.com\/?post_type=product&#038;p=6047"},"modified":"2026-03-19T16:56:23","modified_gmt":"2026-03-19T08:56:23","slug":"clear-small-cosmetic-containers-with-lid-bulk","status":"publish","type":"product","link":"https:\/\/minghanggroup.com\/es\/producto\/clear-small-cosmetic-containers-with-lid-bulk\/","title":{"rendered":"Envases peque\u00f1os transparentes de 1 oz para cosm\u00e9ticos con tapa (a granel)"},"content":{"rendered":"<p>Tus cremas merecen lucir radiantes en un envase que realce su belleza. \u00a1Ahora lo tenemos resuelto con nuestros peque\u00f1os envases cosm\u00e9ticos! Envases de vidrio de 30 ml con tapa de rosca, de alta calidad, a prueba de fugas y con visibilidad total de la crema. Un envase ligero y c\u00f3modo, ideal para llevar en la palma de la mano. \u00a1Luce tu belleza con estilo!<\/p>\n<h2>Caracter\u00edsticas del producto<\/h2>\n<ul>\n<li><strong>Est\u00e9tica minimalista:<\/strong> El envase transparente es muy sencillo, con una forma cil\u00edndrica tradicional, lo que permite ver claramente lo que hay en su interior, una opci\u00f3n perfecta para resaltar la simplicidad y la belleza de sus productos por parte de las marcas de cuidado de la piel de alta gama.<\/li>\n<li><strong>Construcci\u00f3n de vidrio de primera calidad:<\/strong> La botella est\u00e1 fabricada en vidrio transparente, lo que mejora la experiencia t\u00e1ctil del producto y ofrece una excelente protecci\u00f3n, adem\u00e1s de ser f\u00e1cil de usar para que el consumidor pueda ver la cantidad de contenido restante.<\/li>\n<li><strong>Sellado superior:<\/strong> Con una tapa blanca de rosca, el envase cuenta con un cierre herm\u00e9tico y seguro que impide la entrada de contaminaci\u00f3n y aire, manteniendo as\u00ed el producto fresco.<\/li>\n<\/ul>\n<h2>Especificaciones clave<\/h2>\n<table style=\"border-collapse: collapse; width: 80%; margin-left: auto; margin-right: auto;\" border=\"0\" width=\"360\" cellspacing=\"0\" cellpadding=\"0\">\n<tbody>\n<tr style=\"height: 13.50pt;\">\n<td style=\"height: 13.5pt; width: 54pt; text-align: center;\" width=\"72\" height=\"18\">Capacidad<\/td>\n<td style=\"width: 54pt; text-align: center;\" width=\"72\">Forma<\/td>\n<td style=\"width: 54pt; text-align: center;\" width=\"72\">Caza de focas<\/td>\n<td style=\"width: 54pt; text-align: center;\" width=\"72\">Color<\/td>\n<td style=\"width: 54pt; text-align: center;\" width=\"72\">Uso<\/td>\n<\/tr>\n<tr style=\"height: 13.50pt;\">\n<td style=\"height: 13.5pt; text-align: center;\" height=\"18\">30 ml<\/td>\n<td style=\"text-align: center;\">Lados rectos<\/td>\n<td style=\"text-align: center;\">Roscado<\/td>\n<td style=\"text-align: center;\">Claro<\/td>\n<td style=\"text-align: center;\">Crema facial, crema para ojos, b\u00e1lsamo corporal<\/td>\n<\/tr>\n<\/tbody>\n<\/table>\n<h2>Caso de \u00e9xito<\/h2>\n<p>Cuando una marca canadiense decidi\u00f3 lanzar una l\u00ednea de cremas faciales dise\u00f1adas espec\u00edficamente para pieles sensibles, opt\u00f3 por nuestros tarros de cristal de 30 ml. Para personalizarlos, el cliente solicit\u00f3 una mejora en el envase: se aplic\u00f3 una fina capa semitransparente de color blanco lechoso en la pared interior. La tapa, por su parte, se dise\u00f1\u00f3 con una textura de goma tradicional en la parte superior, denominada &#034;tacto piel&#034;. Esta decisi\u00f3n de dise\u00f1o no solo mejora el agarre y evita que se resbale, sino que tambi\u00e9n le confiere a la tapa un tacto lujoso y exclusivo.<\/p>\n<p>Las ventas online del producto aumentaron un impresionante 31 % durante el primer trimestre tras su lanzamiento al mercado. El cliente realiz\u00f3 cuatro pedidos adicionales en los seis meses siguientes, lo que le sirvi\u00f3 de base para ampliar su l\u00ednea de productos a otros productos para el cuidado de la piel.<\/p>\n<h2>Opciones de personalizaci\u00f3n<\/h2>\n<ol>\n<li><strong>Opciones de tapa interior: <\/strong>Las tapas interiores de PE, PP o papel de aluminio contribuyen a que la lata sea m\u00e1s herm\u00e9tica y proteja el producto.<\/li>\n<li><strong>Personalizaci\u00f3n del color del vidrio: <\/strong>Ofrecemos colores de aerosol transparentes, \u00e1mbar, esmerilados o personalizados que se adaptan a la est\u00e9tica de diversas marcas.<\/li>\n<li><strong>Decoraci\u00f3n de superficies: <\/strong>Estampado en caliente, serigraf\u00eda, etiquetado o impresi\u00f3n UV para personalizar con su marca.<\/li>\n<\/ol>","protected":false},"excerpt":{"rendered":"<p>Peque\u00f1os envases cosm\u00e9ticos y tarros de crema de vidrio transparente. Suministro directo de f\u00e1brica, personalizaci\u00f3n al por mayor disponible para marcas de cuidado de la piel. Env\u00edo r\u00e1pido.<\/p>","protected":false},"featured_media":6050,"template":"","meta":{"postBodyCss":"","postBodyMargin":[],"postBodyPadding":[],"postBodyBackground":{"backgroundType":"classic","gradient":""}},"product_brand":[],"product_cat":[106,15,17],"product_tag":[],"class_list":{"0":"post-6047","1":"product","2":"type-product","3":"status-publish","4":"has-post-thumbnail","6":"product_cat-cosmetic-jars","7":"product_cat-glass-containers","8":"product_cat-glass-jars","10":"first","11":"instock","12":"shipping-taxable","13":"product-type-simple"},"jetpack_sharing_enabled":true,"_links":{"self":[{"href":"https:\/\/minghanggroup.com\/es\/wp-json\/wp\/v2\/product\/6047","targetHints":{"allow":["GET"]}}],"collection":[{"href":"https:\/\/minghanggroup.com\/es\/wp-json\/wp\/v2\/product"}],"about":[{"href":"https:\/\/minghanggroup.com\/es\/wp-json\/wp\/v2\/types\/product"}],"wp:featuredmedia":[{"embeddable":true,"href":"https:\/\/minghanggroup.com\/es\/wp-json\/wp\/v2\/media\/6050"}],"wp:attachment":[{"href":"https:\/\/minghanggroup.com\/es\/wp-json\/wp\/v2\/media?parent=6047"}],"wp:term":[{"taxonomy":"product_brand","embeddable":true,"href":"https:\/\/minghanggroup.com\/es\/wp-json\/wp\/v2\/product_brand?post=6047"},{"taxonomy":"product_cat","embeddable":true,"href":"https:\/\/minghanggroup.com\/es\/wp-json\/wp\/v2\/product_cat?post=6047"},{"taxonomy":"product_tag","embeddable":true,"href":"https:\/\/minghanggroup.com\/es\/wp-json\/wp\/v2\/product_tag?post=6047"}],"curies":[{"name":"wp","href":"https:\/\/api.w.org\/{rel}","templated":true}]}}