{"id":6042,"date":"2026-03-19T10:04:29","date_gmt":"2026-03-19T02:04:29","guid":{"rendered":"https:\/\/minghanggroup.com\/?post_type=product&#038;p=6042"},"modified":"2026-03-20T16:58:02","modified_gmt":"2026-03-20T08:58:02","slug":"empty-luxury-glass-cosmetic-jars-with-gold-lid-bulk","status":"publish","type":"product","link":"https:\/\/minghanggroup.com\/es\/producto\/empty-luxury-glass-cosmetic-jars-with-gold-lid-bulk\/","title":{"rendered":"Frascos de vidrio de lujo vac\u00edos de 20 ml para cosm\u00e9ticos con tapa dorada (venta al por mayor)"},"content":{"rendered":"<p>Estos lujosos tarros de cristal para cosm\u00e9ticos tienen una forma suave y redondeada, est\u00e1n hechos de cristal transparente y rematados con una tapa chapada en oro y un pomo esf\u00e9rico opulento que contribuye a su toque de lujo.<\/p>\n<h2>Caracter\u00edsticas del producto<\/h2>\n<ul>\n<li><strong>Base de vidrio transparente hemisf\u00e9rica:<\/strong> La base de cristal hemisf\u00e9rica y cristalina es el escaparate ideal para apreciar la textura y el color del producto, mostrando su m\u00e1xima pureza.<\/li>\n<li><strong>Tapa superior de metal dorado:<\/strong> Se trata de un material duradero, fabricado en metal grueso, que le confiere a la tapa un aspecto muy elegante y sofisticado.<\/li>\n<li><strong>Forma esf\u00e9rica lisa:<\/strong> Su forma esf\u00e9rica perfecta est\u00e1 bien organizada y es f\u00e1cil de sujetar, adem\u00e1s de que ser\u00e1 un elemento llamativo en cualquier tocador.<\/li>\n<\/ul>\n<h2 style=\"text-align: left;\">Especificaciones clave<\/h2>\n<table class=\"aligncenter\" style=\"border-collapse: collapse; width: 417.77pt;\" border=\"0\" width=\"557\" cellspacing=\"0\" cellpadding=\"0\">\n<tbody>\n<tr style=\"height: 13.50pt;\">\n<td style=\"height: 13.50pt; width: 120.00pt;\" width=\"160\" height=\"18\">Especificaci\u00f3n<\/td>\n<td style=\"width: 297.75pt;\" width=\"397\">Detalles<\/td>\n<\/tr>\n<tr style=\"height: 13.50pt;\">\n<td style=\"height: 13.50pt;\" height=\"18\">Capacidad<\/td>\n<td>20 ml<\/td>\n<\/tr>\n<tr style=\"height: 13.50pt;\">\n<td style=\"height: 13.50pt;\" height=\"18\">Material<\/td>\n<td>Cristal transparente, metal chapado en oro<\/td>\n<\/tr>\n<tr style=\"height: 13.50pt;\">\n<td style=\"height: 13.50pt;\" height=\"18\">Forma de tarro<\/td>\n<td>Esfera con tapa abovedada<\/td>\n<\/tr>\n<tr style=\"height: 13.50pt;\">\n<td style=\"height: 13.50pt;\" height=\"18\">Alcance de personalizaci\u00f3n<\/td>\n<td>Color, Acabado, Tapas, Tama\u00f1o<\/td>\n<\/tr>\n<tr style=\"height: 13.50pt;\">\n<td style=\"height: 13.50pt;\" height=\"18\">Artesan\u00eda<\/td>\n<td>Moldeo de precisi\u00f3n de vidrio y metal<\/td>\n<\/tr>\n<tr style=\"height: 13.50pt;\">\n<td style=\"height: 13.50pt;\" height=\"18\">Prop\u00f3sito del producto<\/td>\n<td>Tarros de cristal de lujo para cosm\u00e9ticos, tarros de cosm\u00e9ticos de primera calidad<\/td>\n<\/tr>\n<tr style=\"height: 13.50pt;\">\n<td style=\"height: 13.50pt;\" height=\"18\">Industrias adecuadas<\/td>\n<td>Marcas de lujo para el cuidado de la piel, estuches de regalo de alta gama.<\/td>\n<\/tr>\n<\/tbody>\n<\/table>\n<h2>Historia de \u00e9xito: Una crema insignia de una marca suiza de cuidado de la piel.<\/h2>\n<p>Una marca suiza de cosm\u00e9tica utiliz\u00f3 nuestros envases esf\u00e9ricos vac\u00edos y encarg\u00f3 un tarro personalizado de metal PVD platino y otro de vidrio esmerilado. La frescura y el peso del tarro potenciaron la tecnolog\u00eda de refrigeraci\u00f3n del producto, lo que increment\u00f3 las ventas en un 25 % en grandes almacenes de lujo y la interacci\u00f3n en redes sociales en un 300 %. La marca cosech\u00f3 un \u00e9xito rotundo y, en los tres a\u00f1os siguientes, realiz\u00f3 otro pedido de 500 000 tarros como \u00fanico envase para su l\u00ednea de productos estrella.<\/p>\n<h2>Opciones de personalizaci\u00f3n para envases cosm\u00e9ticos vac\u00edos<\/h2>\n<ul>\n<li>Acabado met\u00e1lico: El acabado de la mitad superior es oro rosa, plata, cobre, cromo negro o gris plomo.<\/li>\n<li>Decoraci\u00f3n de la tapa: Se pueden a\u00f1adir cristales, piedras semipreciosas o el logotipo de la marca en la parte superior de la tapa abovedada.<\/li>\n<li>Ajuste de tama\u00f1o: Crear tama\u00f1os m\u00e1s peque\u00f1os (10 ml, por ejemplo, crema para ojos) y tama\u00f1os m\u00e1s grandes (50 ml, por ejemplo, crema de noche) con el mismo dise\u00f1o, en forma de esfera.<\/li>\n<\/ul>","protected":false},"excerpt":{"rendered":"<p>Frascos cosm\u00e9ticos de lujo con tapa dorada y base transparente. Envases vac\u00edos de alta calidad, ideales para cremas, s\u00e9rums y productos de cuidado facial de alta gama. Muestras gratuitas.<\/p>","protected":false},"featured_media":6046,"template":"","meta":{"postBodyCss":"","postBodyMargin":[],"postBodyPadding":[],"postBodyBackground":{"backgroundType":"classic","gradient":""}},"product_brand":[],"product_cat":[106,15,17],"product_tag":[],"class_list":{"0":"post-6042","1":"product","2":"type-product","3":"status-publish","4":"has-post-thumbnail","6":"product_cat-cosmetic-jars","7":"product_cat-glass-containers","8":"product_cat-glass-jars","10":"first","11":"instock","12":"shipping-taxable","13":"product-type-simple"},"jetpack_sharing_enabled":true,"_links":{"self":[{"href":"https:\/\/minghanggroup.com\/es\/wp-json\/wp\/v2\/product\/6042","targetHints":{"allow":["GET"]}}],"collection":[{"href":"https:\/\/minghanggroup.com\/es\/wp-json\/wp\/v2\/product"}],"about":[{"href":"https:\/\/minghanggroup.com\/es\/wp-json\/wp\/v2\/types\/product"}],"wp:featuredmedia":[{"embeddable":true,"href":"https:\/\/minghanggroup.com\/es\/wp-json\/wp\/v2\/media\/6046"}],"wp:attachment":[{"href":"https:\/\/minghanggroup.com\/es\/wp-json\/wp\/v2\/media?parent=6042"}],"wp:term":[{"taxonomy":"product_brand","embeddable":true,"href":"https:\/\/minghanggroup.com\/es\/wp-json\/wp\/v2\/product_brand?post=6042"},{"taxonomy":"product_cat","embeddable":true,"href":"https:\/\/minghanggroup.com\/es\/wp-json\/wp\/v2\/product_cat?post=6042"},{"taxonomy":"product_tag","embeddable":true,"href":"https:\/\/minghanggroup.com\/es\/wp-json\/wp\/v2\/product_tag?post=6042"}],"curies":[{"name":"wp","href":"https:\/\/api.w.org\/{rel}","templated":true}]}}