{"id":6034,"date":"2026-03-18T11:25:48","date_gmt":"2026-03-18T03:25:48","guid":{"rendered":"https:\/\/minghanggroup.com\/?post_type=product&#038;p=6034"},"modified":"2026-03-20T16:57:52","modified_gmt":"2026-03-20T08:57:52","slug":"colored-glass-lotion-bottle-with-pump-bulk","status":"publish","type":"product","link":"https:\/\/minghanggroup.com\/es\/producto\/colored-glass-lotion-bottle-with-pump-bulk\/","title":{"rendered":"Frasco de loci\u00f3n de vidrio de color de 20 ml y 30 ml con dosificador (a granel)"},"content":{"rendered":"<p>Se trata de un frasco de loci\u00f3n con dosificador, de forma cil\u00edndrica, corta y lisa. El frasco de vidrio est\u00e1 disponible en dos colores: amarillo claro y azul claro, con un cabezal dosificador blanco y liso para una dispensaci\u00f3n precisa. Los tama\u00f1os de 20 ml y 30 ml son ideales para muestras, s\u00e9rums o kits de viaje.<\/p>\n<h2>Caracter\u00edsticas del producto<\/h2>\n<ul>\n<li><strong>Dise\u00f1o cil\u00edndrico compacto:<\/strong> Su forma cil\u00edndrica, estrecha y corta, le confiere una estructura s\u00f3lida y f\u00e1cil de sujetar con la mano, adem\u00e1s de un aspecto minimalista.<\/li>\n<li><strong>Alta transparencia:<\/strong> Vidrieras Se desarroll\u00f3 como un color de marca suave, con una sensaci\u00f3n de alta calidad, mediante el uso de vidrieras transparentes.<\/li>\n<li><strong>Cabezal de bomba refinado:<\/strong> El dise\u00f1o del cabezal de la bomba es de un blanco impoluto y garantiza un control de la dosificaci\u00f3n f\u00e1cil e higi\u00e9nico, lo que le confiere un sorprendente contraste visual con la botella de vidrieras.<\/li>\n<\/ul>\n<h2 style=\"text-align: left;\">Especificaciones clave<\/h2>\n<table class=\"aligncenter\" style=\"border-collapse: collapse; width: 373.52pt;\" border=\"0\" width=\"498\" cellspacing=\"0\" cellpadding=\"0\">\n<tbody>\n<tr style=\"height: 13.50pt;\">\n<td style=\"height: 13.50pt; width: 120.00pt;\" width=\"160\" height=\"18\">Especificaci\u00f3n<\/td>\n<td style=\"width: 253.50pt;\" width=\"338\">Detalles<\/td>\n<\/tr>\n<tr style=\"height: 13.50pt;\">\n<td style=\"height: 13.50pt;\" height=\"18\">Capacidad<\/td>\n<td>20 ml, 30 ml<\/td>\n<\/tr>\n<tr style=\"height: 13.50pt;\">\n<td style=\"height: 13.50pt;\" height=\"18\">Material<\/td>\n<td>Vidrio transl\u00facido en tonos pastel, bomba de pl\u00e1stico blanco<\/td>\n<\/tr>\n<tr style=\"height: 13.50pt;\">\n<td style=\"height: 13.50pt;\" height=\"18\">Forma de la botella<\/td>\n<td>Corto, cil\u00edndrico con hombros redondeados.<\/td>\n<\/tr>\n<tr style=\"height: 13.50pt;\">\n<td style=\"height: 13.50pt;\" height=\"18\">Alcance de personalizaci\u00f3n<\/td>\n<td>Color, tama\u00f1o, tapas, tama\u00f1o<\/td>\n<\/tr>\n<tr style=\"height: 13.50pt;\">\n<td style=\"height: 13.50pt;\" height=\"18\">Artesan\u00eda<\/td>\n<td>Conformado de vidrio de precisi\u00f3n, ensamblaje de bombas<\/td>\n<\/tr>\n<tr style=\"height: 13.50pt;\">\n<td style=\"height: 13.50pt;\" height=\"18\">Prop\u00f3sito del producto<\/td>\n<td>Frascos de s\u00e9rums faciales, frascos de lociones de viaje<\/td>\n<\/tr>\n<tr style=\"height: 13.50pt;\">\n<td style=\"height: 13.50pt;\" height=\"18\">Industrias adecuadas<\/td>\n<td>Marcas de cuidado de la piel, cajas de suscripci\u00f3n de belleza<\/td>\n<\/tr>\n<\/tbody>\n<\/table>\n<h2>Historia de \u00e9xito<\/h2>\n<p>Nuestro frasco de vidrio con dosificador fue seleccionado por una empresa de cosm\u00e9tica vegana con sede en California para elaborar su nuevo s\u00e9rum de \u00e1cido hialur\u00f3nico, personalizando el frasco rosa y el dosificador blanco mate. El dise\u00f1o preciso del dosificador redujo el consumo excesivo en un promedio del 18 % y a\u00f1adi\u00f3 valor al producto. Su tama\u00f1o compacto y su dise\u00f1o robusto hacen que el producto sea ideal para llevar a cualquier parte, lo que ha incrementado las ventas del tama\u00f1o viaje de 20 ml en un 60 %. La marca qued\u00f3 muy satisfecha y realiz\u00f3 un pedido adicional de 1,5 millones de frascos para su programa de experiencia global y la nueva l\u00ednea de minitama\u00f1os de viaje.<\/p>\n<h2>Sugerencias para personalizar el envase de loci\u00f3n con dosificador.<\/h2>\n<ul>\n<li>Dise\u00f1o de la tapa: La bomba cuenta con tapas sencillas de silicona o pl\u00e1stico, que permiten transportarla f\u00e1cilmente.<\/li>\n<li>Mejora con bomba sin aire: Esta bomba sin aire opcional ayuda a evitar la oxidaci\u00f3n de ingredientes activos muy sensibles como la vitamina C o los retinoides.<\/li>\n<li>Calibraci\u00f3n del cabezal de la bomba: El cabezal de la bomba se puede calibrar para dispensar con precisi\u00f3n (por ejemplo, 0,3 ml) sueros o productos concentrados para el cuidado de la piel.<\/li>\n<\/ul>","protected":false},"excerpt":{"rendered":"<p>Frasco de vidrio resistente con dosificador, de dise\u00f1o elegante y cabezal duradero. Frasco de loci\u00f3n con dosificador para lociones y productos de belleza. Env\u00edo r\u00e1pido.<\/p>","protected":false},"featured_media":6037,"template":"","meta":{"postBodyCss":"","postBodyMargin":[],"postBodyPadding":[],"postBodyBackground":{"backgroundType":"classic","gradient":""}},"product_brand":[],"product_cat":[105,15,16],"product_tag":[],"class_list":{"0":"post-6034","1":"product","2":"type-product","3":"status-publish","4":"has-post-thumbnail","6":"product_cat-glass-lotion-bottles","7":"product_cat-glass-containers","8":"product_cat-glass-bottles","10":"first","11":"instock","12":"shipping-taxable","13":"product-type-simple"},"jetpack_sharing_enabled":true,"_links":{"self":[{"href":"https:\/\/minghanggroup.com\/es\/wp-json\/wp\/v2\/product\/6034","targetHints":{"allow":["GET"]}}],"collection":[{"href":"https:\/\/minghanggroup.com\/es\/wp-json\/wp\/v2\/product"}],"about":[{"href":"https:\/\/minghanggroup.com\/es\/wp-json\/wp\/v2\/types\/product"}],"wp:featuredmedia":[{"embeddable":true,"href":"https:\/\/minghanggroup.com\/es\/wp-json\/wp\/v2\/media\/6037"}],"wp:attachment":[{"href":"https:\/\/minghanggroup.com\/es\/wp-json\/wp\/v2\/media?parent=6034"}],"wp:term":[{"taxonomy":"product_brand","embeddable":true,"href":"https:\/\/minghanggroup.com\/es\/wp-json\/wp\/v2\/product_brand?post=6034"},{"taxonomy":"product_cat","embeddable":true,"href":"https:\/\/minghanggroup.com\/es\/wp-json\/wp\/v2\/product_cat?post=6034"},{"taxonomy":"product_tag","embeddable":true,"href":"https:\/\/minghanggroup.com\/es\/wp-json\/wp\/v2\/product_tag?post=6034"}],"curies":[{"name":"wp","href":"https:\/\/api.w.org\/{rel}","templated":true}]}}