{"id":6029,"date":"2026-03-18T10:48:50","date_gmt":"2026-03-18T02:48:50","guid":{"rendered":"https:\/\/minghanggroup.com\/?post_type=product&#038;p=6029"},"modified":"2026-04-14T09:48:29","modified_gmt":"2026-04-14T01:48:29","slug":"frosted-glass-cosmetic-bottles-for-shampoo-bulk","status":"publish","type":"product","link":"https:\/\/minghanggroup.com\/es\/producto\/frosted-glass-cosmetic-bottles-for-shampoo-bulk\/","title":{"rendered":"Frascos cosm\u00e9ticos de vidrio esmerilado de 40 ml para champ\u00fa a granel"},"content":{"rendered":"<p>Lo que ves es una de las soluciones m\u00e1s elegantes en envases de vidrio para cosm\u00e9ticos. Los frascos de vidrio esmerilado de 40 ml tienen una hermosa forma ovalada que proporciona una sensaci\u00f3n agradable y c\u00f3moda al tacto, adem\u00e1s de lucir elegantes en cualquier estante. El acabado de vidrio esmerilado a\u00f1ade una belleza transl\u00facida y et\u00e9rea, y el cuello del frasco est\u00e1 decorado con un anillo de metal dorado. Con solo presionar ligeramente el cabezal del dosificador, se dispensa siempre la cantidad perfecta de producto.<\/p>\n<h2>Caracter\u00edsticas del producto<\/h2>\n<ul>\n<li><strong>Elegante acabado esmerilado:<\/strong> La superficie de vidrio esmerilado proporciona una apariencia semitransparente y lujosa que realza el atractivo de los productos, adem\u00e1s de proteger aquellas f\u00f3rmulas sensibles a la luz.<\/li>\n<li><strong>Tecnolog\u00eda de bomba sin aire:<\/strong> Nuestro sistema de bombeo sin aire evitar\u00e1 la contaminaci\u00f3n y prolongar\u00e1 la vida \u00fatil del producto, por lo que est\u00e1 dirigido a frascos con dosificador de lociones y s\u00e9rums de alta calidad.<\/li>\n<li><strong>Dise\u00f1o redondo estable:<\/strong> Los envases redondos con dosificador de champ\u00fa tienen una base gruesa, lo que hace que el envase sea estable sobre cualquier superficie, minimiza los derrames y facilita su uso.<\/li>\n<\/ul>\n<h2>Especificaciones clave<\/h2>\n<table style=\"border-collapse: collapse; width: 80%; margin-left: auto; margin-right: auto;\" border=\"0\" width=\"144\" cellspacing=\"0\" cellpadding=\"0\">\n<tbody>\n<tr style=\"height: 13.50pt;\">\n<td style=\"height: 13.5pt; width: 54pt; text-align: center;\" width=\"72\" height=\"18\">Especificaci\u00f3n<\/td>\n<td style=\"width: 54pt; text-align: center;\" width=\"72\">Detalles<\/td>\n<\/tr>\n<tr style=\"height: 13.50pt;\">\n<td style=\"height: 13.5pt; text-align: center;\" height=\"18\">Capacidad<\/td>\n<td style=\"text-align: center;\">40 ml<\/td>\n<\/tr>\n<tr style=\"height: 13.50pt;\">\n<td style=\"height: 13.5pt; text-align: center;\" height=\"18\">Material<\/td>\n<td style=\"text-align: center;\">Cuerpo de vidrio esmerilado<\/td>\n<\/tr>\n<tr style=\"height: 13.50pt;\">\n<td style=\"height: 13.5pt; text-align: center;\" height=\"18\">Tipo de bomba<\/td>\n<td style=\"text-align: center;\">Sistema de bomba sin aire<\/td>\n<\/tr>\n<tr style=\"height: 13.50pt;\">\n<td style=\"height: 13.5pt; text-align: center;\" height=\"18\">Cabezal de bomba<\/td>\n<td style=\"text-align: center;\">Metal dorado con tapa transparente<\/td>\n<\/tr>\n<tr style=\"height: 13.50pt;\">\n<td style=\"height: 13.5pt; text-align: center;\" height=\"18\">Color<\/td>\n<td style=\"text-align: center;\">Escarchado (personalizable)<\/td>\n<\/tr>\n<tr style=\"height: 13.50pt;\">\n<td style=\"height: 13.5pt; text-align: center;\" height=\"18\">Personalizaci\u00f3n<\/td>\n<td style=\"text-align: center;\">Logotipo, color y embalaje disponibles<\/td>\n<\/tr>\n<\/tbody>\n<\/table>\n<h2>Caso de \u00e9xito<\/h2>\n<p>Nuestros frascos ovalados de champ\u00fa con dosificador, de 40 ml y acabado esmerilado, fueron elegidos por una prestigiosa marca de cosm\u00e9tica australiana. En cuanto a la personalizaci\u00f3n, el cliente solicit\u00f3 un elegante acabado esmerilado, complementado con un acabado antihuellas. Adem\u00e1s, el anillo dorado ornamental del cuello del frasco no ten\u00eda el acabado pulido espejo que el cliente hab\u00eda solicitado, sino un acabado de metal cepillado. Asimismo, el tap\u00f3n, originalmente transparente, se redise\u00f1\u00f3 en un color gris ahumado, un tono suave y discreto, para hacer del producto una pieza a\u00fan m\u00e1s \u00fanica y distintiva.<\/p>\n<p>Tras el lanzamiento oficial del producto, la marca ha declarado que las tasas de conversi\u00f3n en las plataformas de comercio electr\u00f3nico han aumentado en un considerable 34% en tan solo dos meses.<\/p>\n<h2>Recomendaciones de personalizaci\u00f3n<\/h2>\n<ol>\n<li><strong>Acabado esmerilado. Varias variaciones:<\/strong> Elige el nivel de glaseado, ya sea ligero, espeso o con efecto degradado, para que tenga diferentes apariencias.<\/li>\n<li><strong>Selecci\u00f3n de collares galvanizados:<\/strong> Seleccione entre oro, plata, oro rosa o acabado met\u00e1lico cepillado para que se ajuste al posicionamiento de la marca.<\/li>\n<li><strong>Caracter\u00edsticas antifalsificaci\u00f3n:<\/strong> Proporcione al producto un c\u00f3digo QR, un c\u00f3digo de lote o un grabado l\u00e1ser en la parte inferior de la botella, que se utilizar\u00e1 para rastrear el producto.<\/li>\n<\/ol>","protected":false},"excerpt":{"rendered":"<p>Frascos cosm\u00e9ticos de vidrio esmerilado con dosificador sin aire. Perfectos para lociones y champ\u00fas. Empaques personalizados al por mayor de un fabricante de confianza. Muestras gratis.<\/p>","protected":false},"featured_media":6033,"template":"","meta":{"postBodyCss":"","postBodyMargin":[],"postBodyPadding":[],"postBodyBackground":{"backgroundType":"classic","gradient":""}},"product_brand":[],"product_cat":[105,15,16],"product_tag":[110],"class_list":{"0":"post-6029","1":"product","2":"type-product","3":"status-publish","4":"has-post-thumbnail","6":"product_cat-glass-lotion-bottles","7":"product_cat-glass-containers","8":"product_cat-glass-bottles","9":"product_tag-glass-foundation-bottles","11":"first","12":"instock","13":"shipping-taxable","14":"product-type-simple"},"jetpack_sharing_enabled":true,"_links":{"self":[{"href":"https:\/\/minghanggroup.com\/es\/wp-json\/wp\/v2\/product\/6029","targetHints":{"allow":["GET"]}}],"collection":[{"href":"https:\/\/minghanggroup.com\/es\/wp-json\/wp\/v2\/product"}],"about":[{"href":"https:\/\/minghanggroup.com\/es\/wp-json\/wp\/v2\/types\/product"}],"wp:featuredmedia":[{"embeddable":true,"href":"https:\/\/minghanggroup.com\/es\/wp-json\/wp\/v2\/media\/6033"}],"wp:attachment":[{"href":"https:\/\/minghanggroup.com\/es\/wp-json\/wp\/v2\/media?parent=6029"}],"wp:term":[{"taxonomy":"product_brand","embeddable":true,"href":"https:\/\/minghanggroup.com\/es\/wp-json\/wp\/v2\/product_brand?post=6029"},{"taxonomy":"product_cat","embeddable":true,"href":"https:\/\/minghanggroup.com\/es\/wp-json\/wp\/v2\/product_cat?post=6029"},{"taxonomy":"product_tag","embeddable":true,"href":"https:\/\/minghanggroup.com\/es\/wp-json\/wp\/v2\/product_tag?post=6029"}],"curies":[{"name":"wp","href":"https:\/\/api.w.org\/{rel}","templated":true}]}}