{"id":6019,"date":"2026-03-17T09:13:29","date_gmt":"2026-03-17T01:13:29","guid":{"rendered":"https:\/\/minghanggroup.com\/?post_type=product&#038;p=6019"},"modified":"2026-03-20T16:58:35","modified_gmt":"2026-03-20T08:58:35","slug":"cylindrical-white-lotion-bottles-for-skincare-wholesale","status":"publish","type":"product","link":"https:\/\/minghanggroup.com\/es\/producto\/cylindrical-white-lotion-bottles-for-skincare-wholesale\/","title":{"rendered":"Frascos cil\u00edndricos blancos de 20 ml a 60 ml para loci\u00f3n, venta al por mayor de productos para el cuidado de la piel."},"content":{"rendered":"<p>Se trata de un frasco de loci\u00f3n blanco de forma cil\u00edndrica. El cuerpo es de un blanco impoluto con un cuello de vetas de madera natural, que combina a la perfecci\u00f3n con el dispensador blanco de la bomba, que es ecol\u00f3gico.<\/p>\n<h2>Caracter\u00edsticas del producto<\/h2>\n<ul>\n<li><strong>Anillo decorativo de madera natural:<\/strong> El anillo decorativo con vetas de madera en el m\u00e1stil proporciona una sensaci\u00f3n de calidez natural y una apariencia especial.<\/li>\n<li><strong>Bomba pr\u00e1ctica y tapa transparente:<\/strong> El dosificador blanco permite una dispensaci\u00f3n higi\u00e9nica y la tapa transparente es protectora y completa el aspecto limpio del conjunto.<\/li>\n<li><strong>Constituci\u00f3n peque\u00f1a y robusta:<\/strong> Su forma cil\u00edndrica corta y ancha, as\u00ed como su fondo plano, contribuyen a un alto nivel de estabilidad y solidez.<\/li>\n<\/ul>\n<h2 style=\"text-align: left;\">Especificaciones clave<\/h2>\n<table class=\"aligncenter\" style=\"border-collapse: collapse; width: 467.27pt;\" border=\"0\" width=\"623\" cellspacing=\"0\" cellpadding=\"0\">\n<tbody>\n<tr style=\"height: 13.50pt;\">\n<td style=\"height: 13.50pt; width: 120.00pt;\" width=\"160\" height=\"18\">Especificaci\u00f3n<\/td>\n<td style=\"width: 347.25pt;\" width=\"463\">Detalles<\/td>\n<\/tr>\n<tr style=\"height: 13.50pt;\">\n<td style=\"height: 13.50pt;\" height=\"18\">Capacidad<\/td>\n<td>20 ml, 30 ml, 40 ml, 60 ml<\/td>\n<\/tr>\n<tr style=\"height: 13.50pt;\">\n<td style=\"height: 13.50pt;\" height=\"18\">Material<\/td>\n<td>Vidrio blanco opaco<\/td>\n<\/tr>\n<tr style=\"height: 13.50pt;\">\n<td style=\"height: 13.50pt;\" height=\"18\">Forma de la botella<\/td>\n<td>Cilindro corto y redondeado con base plana.<\/td>\n<\/tr>\n<tr style=\"height: 13.50pt;\">\n<td style=\"height: 13.50pt;\" height=\"18\">Alcance de personalizaci\u00f3n<\/td>\n<td>Forma, material\/color del anillo de acento, tapas, tama\u00f1o<\/td>\n<\/tr>\n<tr style=\"height: 13.50pt;\">\n<td style=\"height: 13.50pt;\" height=\"18\">Artesan\u00eda<\/td>\n<td>Conformado de vidrio de precisi\u00f3n para obtener colores opacos.<\/td>\n<\/tr>\n<tr style=\"height: 13.50pt;\">\n<td style=\"height: 13.50pt;\" height=\"18\">Prop\u00f3sito del producto<\/td>\n<td>Botellas blancas para lociones, venta al por mayor de botellas para lociones<\/td>\n<\/tr>\n<tr style=\"height: 13.50pt;\">\n<td style=\"height: 13.50pt;\" height=\"18\">Industrias adecuadas<\/td>\n<td>Marcas de cosm\u00e9ticos naturales y org\u00e1nicos, proveedores de spa y bienestar<\/td>\n<\/tr>\n<\/tbody>\n<\/table>\n<h2>Historia de \u00e9xito: El camino al \u00e9xito de una marca canadiense de cosm\u00e9tica natural.<\/h2>\n<p>Una de las marcas de belleza con sede en Vancouver seleccion\u00f3 nuestro frasco de loci\u00f3n blanco de 30 ml con un anillo decorativo de bamb\u00fa. Este envase se convirti\u00f3 en el ic\u00f3nico de la marca; el dise\u00f1o \u00fanico del dosificador aument\u00f3 las menciones de la marca en Instagram en un 200 % durante el primer mes de lanzamiento, redujo el uso excesivo promedio en un 18 %, lo que le dio mayor valor al producto, y el tama\u00f1o del dosificador hizo que la caja de suscripci\u00f3n pareciera m\u00e1s compacta y eficiente. El \u00e9xito del producto result\u00f3 en un segundo pedido de un mill\u00f3n de frascos para envasar toda su gama de productos de belleza.<\/p>\n<h2>Personalizaci\u00f3n de botellas de loci\u00f3n al por mayor<\/h2>\n<ul>\n<li>Elecci\u00f3n de color del cabezal de la bomba: Los cabezales de las bombas se pueden elegir en un color distinto al blanco, como negro, dorado o del mismo color que el anillo decorativo.<\/li>\n<li>Sistema de bomba sin aire: Existe la opci\u00f3n de un sistema de bomba sin aire con una f\u00f3rmula que requiere resistencia a la oxidaci\u00f3n.<\/li>\n<li>Detalles del logotipo en relieve: Grabe un peque\u00f1o logotipo en relieve en la parte inferior de la botella para lograr una expresi\u00f3n de marca sencilla y permanente.<\/li>\n<\/ul>","protected":false},"excerpt":{"rendered":"<p>Frasco de loci\u00f3n blanco con dosificador de f\u00e1cil uso y cuello estilo madera. Frascos de loci\u00f3n premium al por mayor, ideales para el cuidado de la piel, s\u00e9rums y envases de cosm\u00e9ticos. Muestras gratis.<\/p>","protected":false},"featured_media":6021,"template":"","meta":{"postBodyCss":"","postBodyMargin":[],"postBodyPadding":[],"postBodyBackground":{"backgroundType":"classic","gradient":""}},"product_brand":[],"product_cat":[105,15,16],"product_tag":[],"class_list":{"0":"post-6019","1":"product","2":"type-product","3":"status-publish","4":"has-post-thumbnail","6":"product_cat-glass-lotion-bottles","7":"product_cat-glass-containers","8":"product_cat-glass-bottles","10":"first","11":"instock","12":"shipping-taxable","13":"product-type-simple"},"jetpack_sharing_enabled":true,"_links":{"self":[{"href":"https:\/\/minghanggroup.com\/es\/wp-json\/wp\/v2\/product\/6019","targetHints":{"allow":["GET"]}}],"collection":[{"href":"https:\/\/minghanggroup.com\/es\/wp-json\/wp\/v2\/product"}],"about":[{"href":"https:\/\/minghanggroup.com\/es\/wp-json\/wp\/v2\/types\/product"}],"wp:featuredmedia":[{"embeddable":true,"href":"https:\/\/minghanggroup.com\/es\/wp-json\/wp\/v2\/media\/6021"}],"wp:attachment":[{"href":"https:\/\/minghanggroup.com\/es\/wp-json\/wp\/v2\/media?parent=6019"}],"wp:term":[{"taxonomy":"product_brand","embeddable":true,"href":"https:\/\/minghanggroup.com\/es\/wp-json\/wp\/v2\/product_brand?post=6019"},{"taxonomy":"product_cat","embeddable":true,"href":"https:\/\/minghanggroup.com\/es\/wp-json\/wp\/v2\/product_cat?post=6019"},{"taxonomy":"product_tag","embeddable":true,"href":"https:\/\/minghanggroup.com\/es\/wp-json\/wp\/v2\/product_tag?post=6019"}],"curies":[{"name":"wp","href":"https:\/\/api.w.org\/{rel}","templated":true}]}}