{"id":6014,"date":"2026-03-16T10:13:19","date_gmt":"2026-03-16T02:13:19","guid":{"rendered":"https:\/\/minghanggroup.com\/?post_type=product&#038;p=6014"},"modified":"2026-04-14T14:20:14","modified_gmt":"2026-04-14T06:20:14","slug":"cylindrical-glass-lotion-bottles-with-pump-bulk","status":"publish","type":"product","link":"https:\/\/minghanggroup.com\/es\/producto\/cylindrical-glass-lotion-bottles-with-pump-bulk\/","title":{"rendered":"Frascos cil\u00edndricos de vidrio de 30 ml para loci\u00f3n con dosificador (venta al por mayor)"},"content":{"rendered":"<p>Estas botellas de loci\u00f3n con bomba tienen un cuerpo cil\u00edndrico grueso y liso y una base engrosada y redondeada. Una bomba dorada brillante garantizar\u00e1 la precisi\u00f3n y no dejar\u00e1 derrames.<\/p>\n<h2>Caracter\u00edsticas del producto<\/h2>\n<ul>\n<li><strong>Cuerpo cil\u00edndrico estable de base gruesa:<\/strong> El fondo engrosado del cilindro y la forma redondeada proporcionar\u00e1n estabilidad al cuerpo y no permitir\u00e1n que la botella se vuelque.<\/li>\n<li><strong>Bomba de oro de lujo:<\/strong> La bomba de metal dorado est\u00e1 dise\u00f1ada para facilitar una dispensaci\u00f3n f\u00e1cil e higi\u00e9nica de los productos y esto le da una opulencia elegante.<\/li>\n<li><strong>Capacidad de 30 ml:<\/strong> Ideal para usar sueros concentrados, aceites faciales o productos de alto valor en tama\u00f1o de viaje.<\/li>\n<\/ul>\n<h2 style=\"text-align: left;\">Especificaciones clave<\/h2>\n<table class=\"aligncenter\" style=\"border-collapse: collapse; width: 411.77pt;\" border=\"0\" width=\"549\" cellspacing=\"0\" cellpadding=\"0\">\n<tbody>\n<tr style=\"height: 13.50pt;\">\n<td style=\"height: 13.50pt; width: 120.00pt;\" width=\"160\" height=\"18\">Especificaci\u00f3n<\/td>\n<td style=\"width: 291.75pt;\" width=\"389\">Detalles<\/td>\n<\/tr>\n<tr style=\"height: 13.50pt;\">\n<td style=\"height: 13.50pt;\" height=\"18\">Capacidad<\/td>\n<td>30 ml<\/td>\n<\/tr>\n<tr style=\"height: 13.50pt;\">\n<td style=\"height: 13.50pt;\" height=\"18\">Dimensiones<\/td>\n<td>49 \u00d7 69 mm (Di\u00e1metro \u00d7 Altura)<\/td>\n<\/tr>\n<tr style=\"height: 13.50pt;\">\n<td style=\"height: 13.50pt;\" height=\"18\">Material<\/td>\n<td>Vidrio degradado\/de color o transparente, bomba de metal dorado<\/td>\n<\/tr>\n<tr style=\"height: 13.50pt;\">\n<td style=\"height: 13.50pt;\" height=\"18\">Forma de la botella<\/td>\n<td>Cilindro liso con base pesada y redondeada<\/td>\n<\/tr>\n<tr style=\"height: 13.50pt;\">\n<td style=\"height: 13.50pt;\" height=\"18\">Alcance de personalizaci\u00f3n<\/td>\n<td>Color, tama\u00f1o, tapas, acabado<\/td>\n<\/tr>\n<tr style=\"height: 13.50pt;\">\n<td style=\"height: 13.50pt;\" height=\"18\">Prop\u00f3sito del producto<\/td>\n<td>Botellas de suero de lujo, botellas de loci\u00f3n a granel<\/td>\n<\/tr>\n<tr style=\"height: 13.50pt;\">\n<td style=\"height: 13.50pt;\" height=\"18\">Industrias adecuadas<\/td>\n<td>Marcas de cuidado de la piel de lujo, l\u00edneas cosm\u00e9ticas de nicho<\/td>\n<\/tr>\n<\/tbody>\n<\/table>\n<h2>Historia de \u00e9xito<\/h2>\n<p>Nuestras botellas de loci\u00f3n de 30 ml de color \u00e1mbar con bomba y una tapa de bomba negra mate especial fueron seleccionadas por una marca alemana de cuidado de la piel org\u00e1nico. Las botellas de vidrio \u00e1mbar tambi\u00e9n permitieron que el producto, que antes ten\u00eda una vida \u00fatil de 6 meses, se extendiera a 12 meses. Con el dispensador de bomba, la oxidaci\u00f3n y la contaminaci\u00f3n se minimiz\u00f3, lo que aument\u00f3 la satisfacci\u00f3n de los clientes en un 40 por ciento. La marca tuvo un \u00e9xito extremo y m\u00e1s tarde solicit\u00f3 otras 600.000 botellas para llenar todos sus sueros activos.<\/p>\n<h2>Personalizaci\u00f3n de las botellas de loci\u00f3n a granel<\/h2>\n<ul>\n<li>Color de las bombas: Viene en negro, gris o colores personalizados para que coincidan con la imagen de su marca.<\/li>\n<li>Mate o brillante: Seleccione botellas de vidrio esmerilado con una apariencia delicadamente moderna o qu\u00e9dese con el acabado brillante.<\/li>\n<li>Cabezal de la bomba: Dependiendo de los productos de diferentes viscosidades, los cabezales de la bomba est\u00e1n disponibles con diferentes tipos (bomba est\u00e1ndar, bomba sin aire).<\/li>\n<li>Tama\u00f1o y proporci\u00f3n: La altura respecto al di\u00e1metro de la botella se puede ajustar para producir botellas m\u00e1s cortas o m\u00e1s altas con el mismo volumen.<\/li>\n<\/ul>","protected":false},"excerpt":{"rendered":"<p>Botellas de loci\u00f3n de vidrio cil\u00edndricas con bomba en m\u00faltiples colores degradados. Botellas de loci\u00f3n a granel duraderas para cuidado de la piel de alta gama. Env\u00edo r\u00e1pido y suministro en stock.<\/p>","protected":false},"featured_media":6015,"template":"","meta":{"postBodyCss":"","postBodyMargin":[],"postBodyPadding":[],"postBodyBackground":{"backgroundType":"classic","gradient":""}},"product_brand":[],"product_cat":[105,15,16],"product_tag":[116],"class_list":{"0":"post-6014","1":"product","2":"type-product","3":"status-publish","4":"has-post-thumbnail","6":"product_cat-glass-lotion-bottles","7":"product_cat-glass-containers","8":"product_cat-glass-bottles","9":"product_tag-fine-mist-spray-bottles","11":"first","12":"instock","13":"shipping-taxable","14":"product-type-simple"},"jetpack_sharing_enabled":true,"_links":{"self":[{"href":"https:\/\/minghanggroup.com\/es\/wp-json\/wp\/v2\/product\/6014","targetHints":{"allow":["GET"]}}],"collection":[{"href":"https:\/\/minghanggroup.com\/es\/wp-json\/wp\/v2\/product"}],"about":[{"href":"https:\/\/minghanggroup.com\/es\/wp-json\/wp\/v2\/types\/product"}],"wp:featuredmedia":[{"embeddable":true,"href":"https:\/\/minghanggroup.com\/es\/wp-json\/wp\/v2\/media\/6015"}],"wp:attachment":[{"href":"https:\/\/minghanggroup.com\/es\/wp-json\/wp\/v2\/media?parent=6014"}],"wp:term":[{"taxonomy":"product_brand","embeddable":true,"href":"https:\/\/minghanggroup.com\/es\/wp-json\/wp\/v2\/product_brand?post=6014"},{"taxonomy":"product_cat","embeddable":true,"href":"https:\/\/minghanggroup.com\/es\/wp-json\/wp\/v2\/product_cat?post=6014"},{"taxonomy":"product_tag","embeddable":true,"href":"https:\/\/minghanggroup.com\/es\/wp-json\/wp\/v2\/product_tag?post=6014"}],"curies":[{"name":"wp","href":"https:\/\/api.w.org\/{rel}","templated":true}]}}