{"id":6009,"date":"2026-03-16T10:11:07","date_gmt":"2026-03-16T02:11:07","guid":{"rendered":"https:\/\/minghanggroup.com\/?post_type=product&#038;p=6009"},"modified":"2026-04-14T09:48:46","modified_gmt":"2026-04-14T01:48:46","slug":"clear-cosmetic-glass-bottles-with-pump-wholesale","status":"publish","type":"product","link":"https:\/\/minghanggroup.com\/es\/producto\/clear-cosmetic-glass-bottles-with-pump-wholesale\/","title":{"rendered":"Frascos de vidrio transparente para cosm\u00e9ticos de 60 ml, 100 ml y 120 ml con dosificador (venta al por mayor)"},"content":{"rendered":"<p>Este elegante frasco cosm\u00e9tico de vidrio con dosificador tiene una forma rectangular lisa y un cuerpo transparente que permite ver el contenido. Cuenta con un dosificador de alta calidad que proporciona una dosificaci\u00f3n precisa e higi\u00e9nica de lociones, s\u00e9rums y otros productos para el cuidado de la piel. El elegante tap\u00f3n del dosificador es negro, lo que le confiere un toque sofisticado y lo hace ideal para marcas de cosm\u00e9tica de lujo. Este frasco, resistente y pr\u00e1ctico a la vez, es perfecto tanto para la venta como para uso personal.<\/p>\n<h2>Caracter\u00edsticas del producto<\/h2>\n<ul>\n<li><strong>Cuerpo de cristal transparente:<\/strong> Su cuerpo de vidrio transparente permite ver claramente el producto en su interior, lo que posibilita que los consumidores controlen c\u00f3mo se utiliza y la cantidad restante.<\/li>\n<li><strong>Forma rectangular y bordes lisos:<\/strong> Su forma rectangular contempor\u00e1nea con bordes suaves ofrece una apariencia elegante y sofisticada, y es ideal para productos cosm\u00e9ticos y de cuidado de la piel de alta gama.<\/li>\n<li><strong>Elegante bomba y tap\u00f3n negros:<\/strong> El dosificador y el tap\u00f3n negros de la botella contrastan con el vidrio transparente, lo que le confiere un toque de clase y sofisticaci\u00f3n a la botella en su conjunto.<\/li>\n<\/ul>\n<h2>Especificaciones clave<\/h2>\n<table style=\"border-collapse: collapse; width: 80%; margin-left: auto; margin-right: auto;\" border=\"0\" width=\"288\" cellspacing=\"0\" cellpadding=\"0\">\n<tbody>\n<tr style=\"height: 13.50pt;\">\n<td style=\"height: 13.5pt; width: 54pt; text-align: center;\" width=\"72\" height=\"18\">Capacidad (ml)<\/td>\n<td style=\"width: 54pt; text-align: center;\" width=\"72\">Dimensiones (mm)<\/td>\n<td style=\"width: 54pt; text-align: center;\" width=\"72\">Forma<\/td>\n<td style=\"width: 54pt; text-align: center;\" width=\"72\">Opciones de color<\/td>\n<\/tr>\n<tr style=\"height: 13.50pt;\">\n<td style=\"height: 13.5pt; text-align: center;\" align=\"right\" height=\"18\">60<\/td>\n<td style=\"text-align: center;\">34 \u00d7 130<\/td>\n<td class=\"et2\" style=\"text-align: center;\" rowspan=\"3\">Rectangular<\/td>\n<td class=\"et2\" style=\"text-align: center;\" rowspan=\"3\">Claro\/Personalizado<\/td>\n<\/tr>\n<tr style=\"height: 13.50pt;\">\n<td style=\"height: 13.5pt; text-align: center;\" align=\"right\" height=\"18\">100<\/td>\n<td style=\"text-align: center;\">40 \u00d7 164<\/td>\n<\/tr>\n<tr style=\"height: 13.50pt;\">\n<td style=\"height: 13.5pt; text-align: center;\" align=\"right\" height=\"18\">120<\/td>\n<td style=\"text-align: center;\">40 \u00d7 180<\/td>\n<\/tr>\n<\/tbody>\n<\/table>\n<h2>Caso de \u00e9xito<\/h2>\n<p>Una de las marcas de alta gama para el cuidado de la piel eligi\u00f3 nuestro frasco de loci\u00f3n de vidrio de 100 ml, con una elegante forma rectangular y un dosificador negro de primera calidad. La etiqueta tambi\u00e9n presentaba un acabado dorado personalizado en la tapa del dosificador y una superficie esmerilada para darle a la marca un aspecto a\u00fan m\u00e1s lujoso al tacto.<\/p>\n<p>Tras esta implementaci\u00f3n, la demanda minorista aument\u00f3 un 35 por ciento. Actualmente, han incorporado por completo este envase de loci\u00f3n de 100 ml a toda su gama de productos.<\/p>\n<h2>Opciones de personalizaci\u00f3n<\/h2>\n<ol>\n<li><strong>Colores y acabados de la tapa:<\/strong> Ofrecer\u00e1 una variedad de opciones para el color de la tapa, incluyendo dorado, plateado, negro mate o cobre cepillado, para que combine con la est\u00e9tica o las l\u00edneas de diferentes marcas.<\/li>\n<li><strong>Impresi\u00f3n de logotipos personalizados:<\/strong> Haga imprimir el logotipo o el dise\u00f1o de la marca en la botella, ya sea mediante estampado en caliente o impresi\u00f3n UV, para que tenga una imagen de marca duradera y de alta calidad.<\/li>\n<li><strong>Etiquetado:<\/strong> Ofrecemos etiquetas personalizadas, incluyendo etiquetas que envuelven completamente la etiqueta o etiquetas parciales, con adhesivos transparentes o esmerilados para crear una apariencia elegante y minimalista, o etiquetas ornamentales para crear una imagen de marca m\u00e1s art\u00edstica.<\/li>\n<\/ol>","protected":false},"excerpt":{"rendered":"<p>Descubre elegantes frascos con dosificador para lociones y s\u00e9rums. Nuestros frascos de vidrio para cosm\u00e9ticos ofrecen durabilidad, un dise\u00f1o sofisticado y opciones de compra a granel personalizables. Muestra gratuita.<\/p>","protected":false},"featured_media":6013,"template":"","meta":{"postBodyCss":"","postBodyMargin":[],"postBodyPadding":[],"postBodyBackground":{"backgroundType":"classic","gradient":""}},"product_brand":[],"product_cat":[15,105,16],"product_tag":[110],"class_list":{"0":"post-6009","1":"product","2":"type-product","3":"status-publish","4":"has-post-thumbnail","6":"product_cat-glass-containers","7":"product_cat-glass-lotion-bottles","8":"product_cat-glass-bottles","9":"product_tag-glass-foundation-bottles","11":"first","12":"instock","13":"shipping-taxable","14":"product-type-simple"},"jetpack_sharing_enabled":true,"_links":{"self":[{"href":"https:\/\/minghanggroup.com\/es\/wp-json\/wp\/v2\/product\/6009","targetHints":{"allow":["GET"]}}],"collection":[{"href":"https:\/\/minghanggroup.com\/es\/wp-json\/wp\/v2\/product"}],"about":[{"href":"https:\/\/minghanggroup.com\/es\/wp-json\/wp\/v2\/types\/product"}],"wp:featuredmedia":[{"embeddable":true,"href":"https:\/\/minghanggroup.com\/es\/wp-json\/wp\/v2\/media\/6013"}],"wp:attachment":[{"href":"https:\/\/minghanggroup.com\/es\/wp-json\/wp\/v2\/media?parent=6009"}],"wp:term":[{"taxonomy":"product_brand","embeddable":true,"href":"https:\/\/minghanggroup.com\/es\/wp-json\/wp\/v2\/product_brand?post=6009"},{"taxonomy":"product_cat","embeddable":true,"href":"https:\/\/minghanggroup.com\/es\/wp-json\/wp\/v2\/product_cat?post=6009"},{"taxonomy":"product_tag","embeddable":true,"href":"https:\/\/minghanggroup.com\/es\/wp-json\/wp\/v2\/product_tag?post=6009"}],"curies":[{"name":"wp","href":"https:\/\/api.w.org\/{rel}","templated":true}]}}