{"id":6004,"date":"2026-03-13T11:55:31","date_gmt":"2026-03-13T03:55:31","guid":{"rendered":"https:\/\/minghanggroup.com\/?post_type=product&#038;p=6004"},"modified":"2026-03-13T11:55:33","modified_gmt":"2026-03-13T03:55:33","slug":"frosted-glass-lotion-bottles-for-cosmetic-wholesale","status":"publish","type":"product","link":"https:\/\/minghanggroup.com\/es\/producto\/frosted-glass-lotion-bottles-for-cosmetic-wholesale\/","title":{"rendered":"Botellas de loci\u00f3n de vidrio esmerilado de 20 ml a 120 ml para venta al por mayor de cosm\u00e9ticos"},"content":{"rendered":"<p>Este producto es una colecci\u00f3n de botellas de vidrio para loci\u00f3n, utilizadas para el envasado de productos de cuidado de la piel y cosm\u00e9ticos. Su dise\u00f1o minimalista y cil\u00edndrico liso se adapta a las marcas de belleza modernas. Su vidrio esmerilado ofrece una apariencia mate suave, adem\u00e1s de una base de vidrio grueso que ofrece mayor estabilidad y durabilidad. Estas botellas son ideales para envasar lociones faciales, humectantes, sueros, emulsiones y otras formulaciones l\u00edquidas para el cuidado de la piel, lo que las convierte en una opci\u00f3n pr\u00e1ctica para las marcas que buscan botellas de cosm\u00e9ticos al por mayor para sus l\u00edneas de productos profesionales.<\/p>\n<h2>Caracter\u00edsticas del producto<\/h2>\n<ul>\n<li><strong>Cuerpo de botella de vidrio esmerilado:<\/strong> La botella estar\u00e1 compuesta de vidrio esmerilado que le da un aspecto mate suave y tambi\u00e9n ayudar\u00e1 a eliminar las huellas dactilares y realzar\u00e1 el lujo general del paquete.<\/li>\n<li><strong>Manga de hombro dorada metalizada:<\/strong> El cuello de la botella est\u00e1 provisto de una funda decorativa de color dorado, que le da un toque visual de lujo al cuello de la botella y le dar\u00e1 al estante un mejor aspecto.<\/li>\n<li><strong>Perfil cil\u00edndrico recto para etiquetar:<\/strong> El \u00e1rea de la etiqueta es plana y lo suficientemente amplia para permitir que las marcas de cosm\u00e9ticos puedan colocar f\u00e1cilmente etiquetas, serigraf\u00eda o cualquier otro etiquetado que se utilice en la marca.<\/li>\n<\/ul>\n<h2>Especificaciones clave<\/h2>\n<table style=\"border-collapse: collapse; width: 80%; margin-left: auto; margin-right: auto;\" border=\"0\" width=\"144\" cellspacing=\"0\" cellpadding=\"0\">\n<tbody>\n<tr style=\"height: 13.50pt;\">\n<td style=\"height: 13.5pt; width: 54pt; text-align: center;\" width=\"72\" height=\"18\">Caracter\u00edstica<\/td>\n<td style=\"width: 54pt; text-align: center;\" width=\"72\">Detalles<\/td>\n<\/tr>\n<tr style=\"height: 13.50pt;\">\n<td style=\"height: 13.5pt; text-align: center;\" height=\"18\">Capacidad<\/td>\n<td style=\"text-align: center;\">20 ml 30 ml 50 ml 100 ml 120 ml<\/td>\n<\/tr>\n<tr style=\"height: 13.50pt;\">\n<td style=\"height: 13.5pt; text-align: center;\" height=\"18\">Color<\/td>\n<td style=\"text-align: center;\">Escarchado<\/td>\n<\/tr>\n<tr style=\"height: 13.50pt;\">\n<td style=\"height: 13.5pt; text-align: center;\" height=\"18\">Forma<\/td>\n<td style=\"text-align: center;\">Cilindro<\/td>\n<\/tr>\n<tr style=\"height: 13.50pt;\">\n<td style=\"height: 13.5pt; text-align: center;\" height=\"18\">Tapas<\/td>\n<td style=\"text-align: center;\">Tapa de rosca dorada + cabezal de bomba de pl\u00e1stico<\/td>\n<\/tr>\n<\/tbody>\n<\/table>\n<h2>Caso de \u00e9xito<\/h2>\n<p>La empresa, una empresa europea de cuidado de la piel especializada en lociones faciales, eligi\u00f3 nuestros frascos de loci\u00f3n de vidrio esmerilado de 30 ml, cada uno con dosificador. Quer\u00edamos que el dise\u00f1o del envase estuviera en sinton\u00eda con la filosof\u00eda de la marca, por lo que incorporamos un anillo decorativo de aluminio color champ\u00e1n dorado alrededor del cuello del frasco. Adem\u00e1s, el logotipo de la marca se serigrafi\u00f3 sobre la superficie del vidrio esmerilado, por lo que no fue necesario el etiquetado externo, lo que le dio al producto un aspecto m\u00e1s minimalista y limpio.<br \/>\nLa l\u00ednea de lociones faciales experiment\u00f3 un crecimiento espectacular del 32 % en pedidos de reposici\u00f3n por parte de los distribuidores en los dos meses posteriores a su lanzamiento al mercado. La marca ha repetido pedidos con nosotros, lo que le ha permitido aprovechar esta colaboraci\u00f3n para expandir y desarrollar su l\u00ednea de productos para el cuidado de la piel.<\/p>\n<h2>Opciones de personalizaci\u00f3n<\/h2>\n<ol>\n<li><strong>Personalizaci\u00f3n del nivel de glaseado:<\/strong> Se pueden lograr diversos efectos visuales y, en consecuencia, diferentes estilos de marcas de cuidado de la piel ajustando la cantidad de escarchado en el cuerpo de vidrio (mate claro, escarchado completo o escarchado degradado).<\/li>\n<li><strong>Opciones de color del collar galvanizado:<\/strong> Cambie el collar dorado por otros acabados, incluidos plata mate, oro rosa, negro brillante u oro champ\u00e1n, de acuerdo con los diversos temas del packaging cosm\u00e9tico.<\/li>\n<li><strong>Opciones de dise\u00f1o de tapa protectora:<\/strong> Personalice la tapa transparente con una tapa protectora de color, esmerilada o m\u00e1s pesada para darle una mejor capacidad para soportar el proceso de transporte y mejorar la apariencia visual general de la tapa.<\/li>\n<\/ol>","protected":false},"excerpt":{"rendered":"<p>Descubra elegantes frascos de vidrio para loci\u00f3n para su l\u00ednea de cuidado de la piel. Ofrecemos frascos de cosm\u00e9ticos al por mayor con caracter\u00edsticas personalizables, muestras gratis y pedidos al por mayor.<\/p>","protected":false},"featured_media":6008,"template":"","meta":{"postBodyCss":"","postBodyMargin":[],"postBodyPadding":[],"postBodyBackground":{"backgroundType":"classic","gradient":""}},"product_brand":[],"product_cat":[15,105,16],"product_tag":[],"class_list":{"0":"post-6004","1":"product","2":"type-product","3":"status-publish","4":"has-post-thumbnail","6":"product_cat-glass-containers","7":"product_cat-glass-lotion-bottles","8":"product_cat-glass-bottles","10":"first","11":"instock","12":"shipping-taxable","13":"product-type-simple"},"jetpack_sharing_enabled":true,"_links":{"self":[{"href":"https:\/\/minghanggroup.com\/es\/wp-json\/wp\/v2\/product\/6004","targetHints":{"allow":["GET"]}}],"collection":[{"href":"https:\/\/minghanggroup.com\/es\/wp-json\/wp\/v2\/product"}],"about":[{"href":"https:\/\/minghanggroup.com\/es\/wp-json\/wp\/v2\/types\/product"}],"wp:featuredmedia":[{"embeddable":true,"href":"https:\/\/minghanggroup.com\/es\/wp-json\/wp\/v2\/media\/6008"}],"wp:attachment":[{"href":"https:\/\/minghanggroup.com\/es\/wp-json\/wp\/v2\/media?parent=6004"}],"wp:term":[{"taxonomy":"product_brand","embeddable":true,"href":"https:\/\/minghanggroup.com\/es\/wp-json\/wp\/v2\/product_brand?post=6004"},{"taxonomy":"product_cat","embeddable":true,"href":"https:\/\/minghanggroup.com\/es\/wp-json\/wp\/v2\/product_cat?post=6004"},{"taxonomy":"product_tag","embeddable":true,"href":"https:\/\/minghanggroup.com\/es\/wp-json\/wp\/v2\/product_tag?post=6004"}],"curies":[{"name":"wp","href":"https:\/\/api.w.org\/{rel}","templated":true}]}}