{"id":5999,"date":"2026-03-13T10:10:14","date_gmt":"2026-03-13T02:10:14","guid":{"rendered":"https:\/\/minghanggroup.com\/?post_type=product&#038;p=5999"},"modified":"2026-03-20T16:58:51","modified_gmt":"2026-03-20T08:58:51","slug":"amber-empty-lotion-bottles-with-pump-bulk","status":"publish","type":"product","link":"https:\/\/minghanggroup.com\/es\/producto\/amber-empty-lotion-bottles-with-pump-bulk\/","title":{"rendered":"Botellas vac\u00edas de loci\u00f3n \u00e1mbar de 20 ml, 30 ml y 40 ml con bomba a granel"},"content":{"rendered":"<p>Esta botella de loci\u00f3n vac\u00eda con bomba es de color \u00e1mbar y tiene una botella de vidrio con protecci\u00f3n UV de color marr\u00f3n oscuro con l\u00edneas suaves y redondeadas y una bomba blanca simple para dispensarla de manera f\u00e1cil y precisa.<\/p>\n<h2>Caracter\u00edsticas del producto<\/h2>\n<ul>\n<li><strong>Gafas bloqueadoras de luz de color \u00e1mbar:<\/strong> Este tipo de vidrio est\u00e1 elaborado en \u00e1mbar oscuro y es tan eficaz para evitar los rayos UV como se mencion\u00f3 anteriormente; preserva los ingredientes fotosensibles almacenados en los productos para el cuidado de la piel.<\/li>\n<li><strong>Cabezal de bomba blanco:<\/strong> Viene equipado con un cabezal de bomba m\u00ednimo y controlable que dispensa uniformemente, lo que lo hace higi\u00e9nico y c\u00f3modo de usar y tambi\u00e9n minimiza el contacto entre el contenido y el aire.<\/li>\n<li><strong>Cuerpo de botella cil\u00edndrico redondeado:<\/strong> Esta es la forma tradicional de botella cil\u00edndrica redondeada que tiene l\u00edneas suaves, buen agarre y alta estabilidad.<\/li>\n<\/ul>\n<h2 style=\"text-align: left;\">Especificaciones clave<\/h2>\n<table class=\"aligncenter\" style=\"border-collapse: collapse; width: 501.77pt;\" border=\"0\" width=\"669\" cellspacing=\"0\" cellpadding=\"0\">\n<tbody>\n<tr style=\"height: 13.50pt;\">\n<td style=\"height: 13.50pt; width: 120.00pt;\" width=\"160\" height=\"18\">Atributo<\/td>\n<td style=\"width: 381.75pt;\" width=\"509\">Detalles<\/td>\n<\/tr>\n<tr style=\"height: 13.50pt;\">\n<td style=\"height: 13.50pt;\" height=\"18\">Capacidad<\/td>\n<td>20 ml, 30 ml, 40 ml<\/td>\n<\/tr>\n<tr style=\"height: 13.50pt;\">\n<td style=\"height: 13.50pt;\" height=\"18\">Material<\/td>\n<td>Vidrio \u00e1mbar, bomba de pl\u00e1stico blanco.<\/td>\n<\/tr>\n<tr style=\"height: 13.50pt;\">\n<td style=\"height: 13.50pt;\" height=\"18\">Forma de la botella<\/td>\n<td>Cilindro redondeado<\/td>\n<\/tr>\n<tr style=\"height: 13.50pt;\">\n<td style=\"height: 13.50pt;\" height=\"18\">Gama de personalizaci\u00f3n<\/td>\n<td>Profundidad del tinte \u00e1mbar, color de la bomba, tama\u00f1o<\/td>\n<\/tr>\n<tr style=\"height: 13.50pt;\">\n<td style=\"height: 13.50pt;\" height=\"18\">Artesan\u00eda<\/td>\n<td>Color \u00e1mbar uniforme, mecanismo de bomba a prueba de fugas, vidrio de pared gruesa.<\/td>\n<\/tr>\n<tr style=\"height: 13.50pt;\">\n<td style=\"height: 13.50pt;\" height=\"18\">Uso principal<\/td>\n<td>Botella con bomba \u00e1mbar para sueros, botellas de loci\u00f3n vac\u00edas con bomba<\/td>\n<\/tr>\n<tr style=\"height: 13.50pt;\">\n<td style=\"height: 13.50pt;\" height=\"18\">Industrias objetivo<\/td>\n<td>Cuidado de la piel, cosmec\u00e9uticos, est\u00e9tica profesional.<\/td>\n<\/tr>\n<\/tbody>\n<\/table>\n<h2>La serie de sueros de la marca alemana de cuidado org\u00e1nico de la piel es una historia de \u00e9xito<\/h2>\n<p>Una de las empresas alemanas de cuidado de la piel org\u00e1nico m\u00e1s exitosas decidi\u00f3 adoptar nuestra botella de \u00e1mbar y encarg\u00f3 un dosificador negro. Su botella de vidrio \u00e1mbar bloquea m\u00e1s del 99 % de los rayos UVA\/UVB, lo cual es crucial para mantener la estabilidad de su f\u00f3rmula y prolonga la vida \u00fatil del producto en m\u00e1s de un 40 %. El dosificador reduce eficazmente la oxidaci\u00f3n y la contaminaci\u00f3n, lo que aumenta la satisfacci\u00f3n del cliente en un 40 %. La marca tuvo un \u00e9xito rotundo e incluso encarg\u00f3 un nuevo suministro de 800\u00a0000 botellas para envasar todos sus s\u00e9rums activos.<\/p>\n<h2>Personalizaci\u00f3n de botellas de loci\u00f3n vac\u00edas con bomba<\/h2>\n<ul>\n<li>Colores de la bomba: Puede ser en color negro, gris o se puede personalizar su color para adaptarlo a la est\u00e9tica de la marca.<\/li>\n<li>Cabezales de bomba: Hay varios tipos de cabezales de bomba (bomba est\u00e1ndar, bomba sin aire) para adaptarse a productos de diferentes viscosidades.<\/li>\n<li>Tapa exterior\/tapa antipolvo: hay tapas exteriores de pl\u00e1stico o metal simples que se pueden agregar para brindar protecci\u00f3n adicional durante el viaje.<\/li>\n<\/ul>","protected":false},"excerpt":{"rendered":"<p>Botellas de loci\u00f3n vac\u00edas personalizadas con dosificador, hechas de vidrio \u00e1mbar resistente. Pr\u00e1ctica botella \u00e1mbar con dosificador, ideal para marcas de cuidado de la piel. Muestras gratuitas disponibles.<\/p>","protected":false},"featured_media":6003,"template":"","meta":{"postBodyCss":"","postBodyMargin":[],"postBodyPadding":[],"postBodyBackground":{"backgroundType":"classic","gradient":""}},"product_brand":[],"product_cat":[105,15,16],"product_tag":[],"class_list":{"0":"post-5999","1":"product","2":"type-product","3":"status-publish","4":"has-post-thumbnail","6":"product_cat-glass-lotion-bottles","7":"product_cat-glass-containers","8":"product_cat-glass-bottles","10":"first","11":"instock","12":"shipping-taxable","13":"product-type-simple"},"jetpack_sharing_enabled":true,"_links":{"self":[{"href":"https:\/\/minghanggroup.com\/es\/wp-json\/wp\/v2\/product\/5999","targetHints":{"allow":["GET"]}}],"collection":[{"href":"https:\/\/minghanggroup.com\/es\/wp-json\/wp\/v2\/product"}],"about":[{"href":"https:\/\/minghanggroup.com\/es\/wp-json\/wp\/v2\/types\/product"}],"wp:featuredmedia":[{"embeddable":true,"href":"https:\/\/minghanggroup.com\/es\/wp-json\/wp\/v2\/media\/6003"}],"wp:attachment":[{"href":"https:\/\/minghanggroup.com\/es\/wp-json\/wp\/v2\/media?parent=5999"}],"wp:term":[{"taxonomy":"product_brand","embeddable":true,"href":"https:\/\/minghanggroup.com\/es\/wp-json\/wp\/v2\/product_brand?post=5999"},{"taxonomy":"product_cat","embeddable":true,"href":"https:\/\/minghanggroup.com\/es\/wp-json\/wp\/v2\/product_cat?post=5999"},{"taxonomy":"product_tag","embeddable":true,"href":"https:\/\/minghanggroup.com\/es\/wp-json\/wp\/v2\/product_tag?post=5999"}],"curies":[{"name":"wp","href":"https:\/\/api.w.org\/{rel}","templated":true}]}}