{"id":5993,"date":"2026-03-12T13:54:13","date_gmt":"2026-03-12T05:54:13","guid":{"rendered":"https:\/\/minghanggroup.com\/?post_type=product&#038;p=5993"},"modified":"2026-03-12T16:35:39","modified_gmt":"2026-03-12T08:35:39","slug":"frosted-glass-bottles-with-pumps-for-cosmetic-bulk","status":"publish","type":"product","link":"https:\/\/minghanggroup.com\/es\/producto\/frosted-glass-bottles-with-pumps-for-cosmetic-bulk\/","title":{"rendered":"Botellas de vidrio esmerilado de 10 ml, 15 ml y 50 ml con bomba para cosm\u00e9ticos a granel"},"content":{"rendered":"<p>Estas botellas cil\u00edndricas de vidrio con dosificador est\u00e1n hechas de vidrio transparente y la parte superior est\u00e1 esmerilada con un acabado de vidrio. El cuello de la botella tiene una tapa cil\u00edndrica con veta de madera, con una textura similar al bamb\u00fa natural y un color madera claro, lo que le da un toque natural y ecol\u00f3gico. Estas botellas se utilizan a menudo para envasar lociones, cremas, sueros u otros productos cosm\u00e9ticos, y se utilizan a menudo en productos de cuidado de la piel de uso diario o en envases de viaje.<\/p>\n<h2>Caracter\u00edsticas del producto<\/h2>\n<ul>\n<li><strong>Acabado de vidrio esmerilado:<\/strong> El mate dar\u00e1 un aspecto suave y elegante y ayudar\u00e1 a eliminar las huellas dactilares visibles.<\/li>\n<li><strong>Gorras estilo bamb\u00fa natural:<\/strong> Las tapas con vetas de madera proporcionar\u00e1n un aspecto natural y ecol\u00f3gico que es apropiado para su aplicaci\u00f3n en las marcas modernas de cuidado de la piel.<\/li>\n<li><strong>Recargable y reutilizable:<\/strong> El dise\u00f1o de la botella ser\u00e1 rellenable y reutilizable, por lo que podr\u00e1 utilizarse dentro de la idea de embalaje sostenible.<\/li>\n<\/ul>\n<h2>Especificaciones clave<\/h2>\n<table style=\"border-collapse: collapse; width: 80%; margin-left: auto; margin-right: auto;\" border=\"0\" width=\"360\" cellspacing=\"0\" cellpadding=\"0\">\n<tbody>\n<tr style=\"height: 13.50pt;\">\n<td style=\"height: 13.5pt; width: 54pt; text-align: center;\" width=\"72\" height=\"18\">Capacidad (ml)<\/td>\n<td style=\"width: 54pt; text-align: center;\" width=\"72\">Finalizar<\/td>\n<td style=\"width: 54pt; text-align: center;\" width=\"72\">Material de la tapa<\/td>\n<td style=\"width: 54pt; text-align: center;\" width=\"72\">Forma<\/td>\n<td style=\"width: 54pt; text-align: center;\" width=\"72\">Uso<\/td>\n<\/tr>\n<tr style=\"height: 13.50pt;\">\n<td style=\"height: 13.5pt; text-align: center;\" align=\"right\" height=\"18\">10<\/td>\n<td class=\"et2\" style=\"text-align: center;\" rowspan=\"3\">Escarchado<\/td>\n<td class=\"et2\" style=\"text-align: center;\" rowspan=\"3\">Bamb\u00fa natural<\/td>\n<td class=\"et2\" style=\"text-align: center;\" rowspan=\"3\">Redondo<\/td>\n<td class=\"et2\" style=\"text-align: center;\" rowspan=\"3\">Sueros, lociones, aceites faciales, t\u00f3nicos.<\/td>\n<\/tr>\n<tr style=\"height: 13.50pt;\">\n<td style=\"height: 13.5pt; text-align: center;\" align=\"right\" height=\"18\">15<\/td>\n<\/tr>\n<tr style=\"height: 13.50pt;\">\n<td style=\"height: 13.5pt; text-align: center;\" align=\"right\" height=\"18\">50<\/td>\n<\/tr>\n<\/tbody>\n<\/table>\n<h2>Caso de \u00e9xito<\/h2>\n<p>Una marca australiana de cuidado de la piel estaba desarrollando una nueva l\u00ednea de lociones org\u00e1nicas y finalmente decidi\u00f3 utilizar nuestros frascos de vidrio esmerilado con dosificador airless de 50 ml. El frasco tiene un acabado esmerilado suave y el logotipo de la marca serigrafiado en verde intenso como se\u00f1a de identidad de su marca bot\u00e1nica. Adem\u00e1s, nuestro envase se moderniz\u00f3 y estiliz\u00f3, con una tapa exterior con textura de bamb\u00fa y un dosificador de vac\u00edo suave, dise\u00f1ados para mejorar la protecci\u00f3n del producto y la experiencia del usuario.<\/p>\n<p>Con la introducci\u00f3n del nuevo empaque, las ventas en l\u00ednea de la marca aumentaron un 30 % en seis meses. El cliente realiz\u00f3 cuatro pedidos al por mayor solo durante el primer a\u00f1o gracias a las buenas rese\u00f1as de los usuarios sobre este empaque de alta gama.<\/p>\n<h2>Opciones de personalizaci\u00f3n<\/h2>\n<ol>\n<li><strong>Variaci\u00f3n del cabezal de la bomba:<\/strong> Ofrezca distintos tipos de bombas, como bombas sin aire, bombas de loci\u00f3n o bombas de pulverizaci\u00f3n de niebla fina, seg\u00fan la f\u00f3rmula del producto.<\/li>\n<li><strong>Tratamiento de superficie:<\/strong> Se pueden agregar acabados decorativos como pulverizaci\u00f3n en degradado, mate o esmerilado parcial para que la apariencia de la superficie parezca m\u00e1s sofisticada.<\/li>\n<li><strong>Dise\u00f1o de la base de la botella:<\/strong> A\u00f1ade grosor o forma al fondo para aumentar la estabilidad y crear la botella con un toque m\u00e1s lujoso.<\/li>\n<\/ol>","protected":false},"excerpt":{"rendered":"<p>Botellas de vidrio con dosificador en acabado esmerilado y tapas de bamb\u00fa. Botellas de vidrio con dosificador airless para envases de cuidado de la piel. Suministro directo de f\u00e1brica con personalizaci\u00f3n al por mayor.<\/p>","protected":false},"featured_media":5997,"template":"","meta":{"postBodyCss":"","postBodyMargin":[],"postBodyPadding":[],"postBodyBackground":{"backgroundType":"classic","gradient":""}},"product_brand":[],"product_cat":[15,105,16],"product_tag":[],"class_list":{"0":"post-5993","1":"product","2":"type-product","3":"status-publish","4":"has-post-thumbnail","6":"product_cat-glass-containers","7":"product_cat-glass-lotion-bottles","8":"product_cat-glass-bottles","10":"first","11":"instock","12":"shipping-taxable","13":"product-type-simple"},"jetpack_sharing_enabled":true,"_links":{"self":[{"href":"https:\/\/minghanggroup.com\/es\/wp-json\/wp\/v2\/product\/5993","targetHints":{"allow":["GET"]}}],"collection":[{"href":"https:\/\/minghanggroup.com\/es\/wp-json\/wp\/v2\/product"}],"about":[{"href":"https:\/\/minghanggroup.com\/es\/wp-json\/wp\/v2\/types\/product"}],"wp:featuredmedia":[{"embeddable":true,"href":"https:\/\/minghanggroup.com\/es\/wp-json\/wp\/v2\/media\/5997"}],"wp:attachment":[{"href":"https:\/\/minghanggroup.com\/es\/wp-json\/wp\/v2\/media?parent=5993"}],"wp:term":[{"taxonomy":"product_brand","embeddable":true,"href":"https:\/\/minghanggroup.com\/es\/wp-json\/wp\/v2\/product_brand?post=5993"},{"taxonomy":"product_cat","embeddable":true,"href":"https:\/\/minghanggroup.com\/es\/wp-json\/wp\/v2\/product_cat?post=5993"},{"taxonomy":"product_tag","embeddable":true,"href":"https:\/\/minghanggroup.com\/es\/wp-json\/wp\/v2\/product_tag?post=5993"}],"curies":[{"name":"wp","href":"https:\/\/api.w.org\/{rel}","templated":true}]}}