{"id":5988,"date":"2026-03-12T11:09:35","date_gmt":"2026-03-12T03:09:35","guid":{"rendered":"https:\/\/minghanggroup.com\/?post_type=product&#038;p=5988"},"modified":"2026-04-14T10:19:52","modified_gmt":"2026-04-14T02:19:52","slug":"amber-glass-empty-pump-bottles-wholesale","status":"publish","type":"product","link":"https:\/\/minghanggroup.com\/es\/producto\/amber-glass-empty-pump-bottles-wholesale\/","title":{"rendered":"Botellas vac\u00edas de vidrio \u00e1mbar con bomba de 5 ml a 100 ml al por mayor"},"content":{"rendered":"<p>Estas botellas vac\u00edas con dosificador son de color \u00e1mbar, con su tradicional dise\u00f1o cil\u00edndrico, liso y redondeado. Est\u00e1n hechas de vidrio marr\u00f3n oscuro con protecci\u00f3n UV, muy eficaz para proteger los ingredientes fotosensibles para el cuidado de la piel. Incorporan una elegante bomba negra de dosificaci\u00f3n f\u00e1cil y precisa.<\/p>\n<h2>Caracter\u00edsticas del producto<\/h2>\n<ul>\n<li><strong>Botella \u00e1mbar con protecci\u00f3n UV:<\/strong> La botella de color \u00e1mbar oscuro filtra la luz negativa, lo que aumenta enormemente la vida \u00fatil de los ingredientes activos que se ven afectados por la luz.<\/li>\n<li><strong>Cuerpo cil\u00edndrico redondeado:<\/strong> El dise\u00f1o cil\u00edndrico redondeado es f\u00e1cil de sostener, exhibir y mejora la estabilidad estructural.<\/li>\n<li><strong>Niveles de capacidad m\u00faltiple:<\/strong> Muestras de un solo uso hasta dosis de tratamiento de gran volumen seg\u00fan sus diversas necesidades.<\/li>\n<\/ul>\n<h2 style=\"text-align: left;\">Especificaciones clave<\/h2>\n<table class=\"aligncenter\" style=\"border-collapse: collapse; width: 444.77pt;\" border=\"0\" width=\"593\" cellspacing=\"0\" cellpadding=\"0\">\n<tbody>\n<tr style=\"height: 13.50pt;\">\n<td style=\"height: 13.50pt; width: 120.00pt;\" width=\"160\" height=\"18\">Atributo<\/td>\n<td style=\"width: 324.75pt;\" width=\"433\">Detalles<\/td>\n<\/tr>\n<tr style=\"height: 13.50pt;\">\n<td style=\"height: 13.50pt;\" height=\"18\">Capacidad<\/td>\n<td>5 ml, 10 ml, 15 ml, 20 ml, 30 ml, 50 ml, 100 ml<\/td>\n<\/tr>\n<tr style=\"height: 13.50pt;\">\n<td style=\"height: 13.50pt;\" height=\"18\">Dimensiones<\/td>\n<td>Di\u00e1metro: 22\u201344,5 mm, Altura: 50\u2013112 mm<\/td>\n<\/tr>\n<tr style=\"height: 13.50pt;\">\n<td style=\"height: 13.50pt;\" height=\"18\">Material<\/td>\n<td>Dispensador de bomba de pl\u00e1stico negro y vidrio \u00e1mbar con protecci\u00f3n UV<\/td>\n<\/tr>\n<tr style=\"height: 13.50pt;\">\n<td style=\"height: 13.50pt;\" height=\"18\">Forma de la botella<\/td>\n<td>Boston redondo cil\u00edndrico<\/td>\n<\/tr>\n<tr style=\"height: 13.50pt;\">\n<td style=\"height: 13.50pt;\" height=\"18\">Alcance de personalizaci\u00f3n<\/td>\n<td>Capacidad, Color, Acabado, Bomba, Collar<\/td>\n<\/tr>\n<tr style=\"height: 13.50pt;\">\n<td style=\"height: 13.50pt;\" height=\"18\">Prop\u00f3sito del producto<\/td>\n<td>Frascos de suero, frascos de vidrio \u00e1mbar con bomba<\/td>\n<\/tr>\n<tr style=\"height: 13.50pt;\">\n<td style=\"height: 13.50pt;\" height=\"18\">Industrias ideales<\/td>\n<td>Marcas de cuidado de la piel y cosm\u00e9ticos, marcas de aromaterapia<\/td>\n<\/tr>\n<\/tbody>\n<\/table>\n<h2>Historia de \u00e9xito: Suero de vitamina C de la marca de cuidado de la piel de California<\/h2>\n<p>Una de las marcas de cuidado de la piel de California seleccion\u00f3 nuestros frascos dosificadores de vidrio \u00e1mbar de 30 ml con cabezales calibrados a medida. El vidrio \u00e1mbar es muy eficaz para garantizar que el s\u00e9rum no se oxide y puede durar hasta 12 meses. La capacidad de 30 ml tambi\u00e9n facilita un ciclo de recompra de 90 d\u00edas. Nos complace enormemente que la marca haya realizado otro pedido de 3 millones de frascos en el segundo trimestre para envasar toda su gama de s\u00e9rums antioxidantes y distribuirlos a minoristas de todo el mundo.<\/p>\n<h2>Botella con bomba personalizada Botellas con bomba vac\u00edas<\/h2>\n<ul>\n<li>Colores y acabados del cabezal de la bomba: Cabezal de bomba blanco, dorado o plateado disponible en acabados mate o brillante.<\/li>\n<li>Grabado l\u00e1ser: n\u00fameros de lote, fechas de caducidad o c\u00f3digos QR se pueden grabar con l\u00e1ser en la parte inferior de la botella.<\/li>\n<li>Cabezales de bomba: Los cabezales de bomba son de tipo est\u00e1ndar o sin aire para adaptarse a productos de diferente viscosidad.<\/li>\n<\/ul>","protected":false},"excerpt":{"rendered":"<p>Botellas dosificadoras vac\u00edas y resistentes con dosificador negro y vidrio \u00e1mbar grueso. Pr\u00e1cticas botellas dosificadoras de vidrio \u00e1mbar para envases cosm\u00e9ticos. Disponibles en stock.<\/p>","protected":false},"featured_media":5989,"template":"","meta":{"postBodyCss":"","postBodyMargin":[],"postBodyPadding":[],"postBodyBackground":{"backgroundType":"classic","gradient":""}},"product_brand":[],"product_cat":[105,15,16],"product_tag":[112],"class_list":{"0":"post-5988","1":"product","2":"type-product","3":"status-publish","4":"has-post-thumbnail","6":"product_cat-glass-lotion-bottles","7":"product_cat-glass-containers","8":"product_cat-glass-bottles","9":"product_tag-soap-dispensers","11":"first","12":"instock","13":"shipping-taxable","14":"product-type-simple"},"jetpack_sharing_enabled":true,"_links":{"self":[{"href":"https:\/\/minghanggroup.com\/es\/wp-json\/wp\/v2\/product\/5988","targetHints":{"allow":["GET"]}}],"collection":[{"href":"https:\/\/minghanggroup.com\/es\/wp-json\/wp\/v2\/product"}],"about":[{"href":"https:\/\/minghanggroup.com\/es\/wp-json\/wp\/v2\/types\/product"}],"wp:featuredmedia":[{"embeddable":true,"href":"https:\/\/minghanggroup.com\/es\/wp-json\/wp\/v2\/media\/5989"}],"wp:attachment":[{"href":"https:\/\/minghanggroup.com\/es\/wp-json\/wp\/v2\/media?parent=5988"}],"wp:term":[{"taxonomy":"product_brand","embeddable":true,"href":"https:\/\/minghanggroup.com\/es\/wp-json\/wp\/v2\/product_brand?post=5988"},{"taxonomy":"product_cat","embeddable":true,"href":"https:\/\/minghanggroup.com\/es\/wp-json\/wp\/v2\/product_cat?post=5988"},{"taxonomy":"product_tag","embeddable":true,"href":"https:\/\/minghanggroup.com\/es\/wp-json\/wp\/v2\/product_tag?post=5988"}],"curies":[{"name":"wp","href":"https:\/\/api.w.org\/{rel}","templated":true}]}}