{"id":5983,"date":"2026-03-12T09:06:06","date_gmt":"2026-03-12T01:06:06","guid":{"rendered":"https:\/\/minghanggroup.com\/?post_type=product&#038;p=5983"},"modified":"2026-03-20T16:59:04","modified_gmt":"2026-03-20T08:59:04","slug":"frosted-small-lotion-bottles-with-gold-pump-bulk","status":"publish","type":"product","link":"https:\/\/minghanggroup.com\/es\/producto\/frosted-small-lotion-bottles-with-gold-pump-bulk\/","title":{"rendered":"Botellas peque\u00f1as de loci\u00f3n esmeriladas de 30 ml con dosificador dorado a granel"},"content":{"rendered":"<p>El frasco peque\u00f1o de loci\u00f3n tiene una capacidad de 30 ml y forma cil\u00edndrica redondeada, un cuerpo de vidrio blanco mate, muy suave y mate al tacto, y un peque\u00f1o dosificador dorado brillante. Gracias a su tama\u00f1o compacto, es ideal para guardar s\u00e9rums y lociones.<\/p>\n<h2>Caracter\u00edsticas del producto<\/h2>\n<ul>\n<li><strong>Cuerpo en vidrio esmerilado:<\/strong> El cuerpo de vidrio blanco esmerilado est\u00e1 hecho de un material mate que es suave y agradable para la piel y adem\u00e1s no deja huellas dactilares, lo que contribuye a la apariencia de alta clase del art\u00edculo.<\/li>\n<li><strong>Bomba de oro de lujo:<\/strong> Se trata de una bomba de metal dorado brillante, que se opone a la botella esmerilada, es un lujo, pero no un lujo excesivo.<\/li>\n<li><strong>Capacidad peque\u00f1a y port\u00e1til:<\/strong> Esto se debe al hecho de que la botella peque\u00f1a y redondeada est\u00e1 hecha para cumplir con un tama\u00f1o moderado, que puede llevarse consigo y satisface las demandas de retoques en cualquier momento del d\u00eda o de la noche.<\/li>\n<\/ul>\n<h2 style=\"text-align: left;\">Especificaciones clave<\/h2>\n<table class=\"aligncenter\" style=\"border-collapse: collapse; width: 444.77pt;\" border=\"0\" width=\"593\" cellspacing=\"0\" cellpadding=\"0\">\n<tbody>\n<tr style=\"height: 13.50pt;\">\n<td style=\"height: 13.50pt; width: 120.00pt;\" width=\"160\" height=\"18\">Especificaci\u00f3n<\/td>\n<td style=\"width: 324.75pt;\" width=\"433\">Detalles<\/td>\n<\/tr>\n<tr style=\"height: 13.50pt;\">\n<td style=\"height: 13.50pt;\" height=\"18\">Capacidad<\/td>\n<td>30 ml<\/td>\n<\/tr>\n<tr style=\"height: 13.50pt;\">\n<td style=\"height: 13.50pt;\" height=\"18\">Dimensiones<\/td>\n<td>41\u00d786 mm (di\u00e1metro \u00d7 altura)<\/td>\n<\/tr>\n<tr style=\"height: 13.50pt;\">\n<td style=\"height: 13.50pt;\" height=\"18\">Material<\/td>\n<td>Conjunto de bomba de metal chapado en oro y vidrio blanco esmerilado<\/td>\n<\/tr>\n<tr style=\"height: 13.50pt;\">\n<td style=\"height: 13.50pt;\" height=\"18\">Forma de la botella<\/td>\n<td>Cilindro redondeado<\/td>\n<\/tr>\n<tr style=\"height: 13.50pt;\">\n<td style=\"height: 13.50pt;\" height=\"18\">Alcance de personalizaci\u00f3n<\/td>\n<td>Tama\u00f1o, color, tapas, forma<\/td>\n<\/tr>\n<tr style=\"height: 13.50pt;\">\n<td style=\"height: 13.50pt;\" height=\"18\">Artesan\u00eda<\/td>\n<td>Conformado de vidrio de precisi\u00f3n con tratamiento de superficie esmerilada<\/td>\n<\/tr>\n<tr style=\"height: 13.50pt;\">\n<td style=\"height: 13.50pt;\" height=\"18\">Prop\u00f3sito del producto<\/td>\n<td>Frascos de suero facial, frascos de loci\u00f3n vac\u00edos<\/td>\n<\/tr>\n<tr style=\"height: 13.50pt;\">\n<td style=\"height: 13.50pt;\" height=\"18\">Industrias adecuadas<\/td>\n<td>Marcas de cuidado de la piel de lujo, servicios premium de hotel<\/td>\n<\/tr>\n<\/tbody>\n<\/table>\n<h2>Historia de \u00e9xito: Un suero exclusivo de una marca francesa de cuidado de la piel<\/h2>\n<p>Una marca francesa de cuidado de la piel eligi\u00f3 un frasco peque\u00f1o vac\u00edo de loci\u00f3n de 30 ml, blanco esmerilado, con dosificador dorado. Su lujosa apariencia le dio un toque de distinci\u00f3n al envase anterior: un dispensador de 0,3 ml, y la referencia a las redes sociales en el dise\u00f1o del frasco aument\u00f3 un 40 %. La marca tuvo un buen desempe\u00f1o y vendi\u00f3 1,2 millones de frascos adicionales como envase exclusivo de su l\u00ednea de s\u00e9rums en los tres a\u00f1os siguientes.<\/p>\n<h2>Alternativas en la personalizaci\u00f3n de las botellas de loci\u00f3n vac\u00edas<\/h2>\n<ul>\n<li>Acabado met\u00e1lico del cabezal de la bomba: Los cabezales de la bomba est\u00e1n disponibles en oro rosa, plata cepillada, negro mate o cromo pulido.<\/li>\n<li>Grabado l\u00e1ser: Se graban finos patrones, n\u00fameros de lote o logotipos de la marca en la secci\u00f3n inferior de la botella.<\/li>\n<li>Calibraci\u00f3n del cabezal de la bomba: El cabezal de la bomba de oro debe estar calibrado a casi el cien por ciento para evitar que se salpique la f\u00f3rmula de la marca.<\/li>\n<\/ul>","protected":false},"excerpt":{"rendered":"<p>Botellas vac\u00edas premium para loci\u00f3n con acabado blanco mate y dosificador met\u00e1lico. Botella compacta y peque\u00f1a, ideal para envases cosm\u00e9ticos. Muestras gratuitas disponibles.<\/p>","protected":false},"featured_media":5984,"template":"","meta":{"postBodyCss":"","postBodyMargin":[],"postBodyPadding":[],"postBodyBackground":{"backgroundType":"classic","gradient":""}},"product_brand":[],"product_cat":[105,15,16],"product_tag":[],"class_list":{"0":"post-5983","1":"product","2":"type-product","3":"status-publish","4":"has-post-thumbnail","6":"product_cat-glass-lotion-bottles","7":"product_cat-glass-containers","8":"product_cat-glass-bottles","10":"first","11":"instock","12":"shipping-taxable","13":"product-type-simple"},"jetpack_sharing_enabled":true,"_links":{"self":[{"href":"https:\/\/minghanggroup.com\/es\/wp-json\/wp\/v2\/product\/5983","targetHints":{"allow":["GET"]}}],"collection":[{"href":"https:\/\/minghanggroup.com\/es\/wp-json\/wp\/v2\/product"}],"about":[{"href":"https:\/\/minghanggroup.com\/es\/wp-json\/wp\/v2\/types\/product"}],"wp:featuredmedia":[{"embeddable":true,"href":"https:\/\/minghanggroup.com\/es\/wp-json\/wp\/v2\/media\/5984"}],"wp:attachment":[{"href":"https:\/\/minghanggroup.com\/es\/wp-json\/wp\/v2\/media?parent=5983"}],"wp:term":[{"taxonomy":"product_brand","embeddable":true,"href":"https:\/\/minghanggroup.com\/es\/wp-json\/wp\/v2\/product_brand?post=5983"},{"taxonomy":"product_cat","embeddable":true,"href":"https:\/\/minghanggroup.com\/es\/wp-json\/wp\/v2\/product_cat?post=5983"},{"taxonomy":"product_tag","embeddable":true,"href":"https:\/\/minghanggroup.com\/es\/wp-json\/wp\/v2\/product_tag?post=5983"}],"curies":[{"name":"wp","href":"https:\/\/api.w.org\/{rel}","templated":true}]}}