{"id":5974,"date":"2026-03-11T10:48:31","date_gmt":"2026-03-11T02:48:31","guid":{"rendered":"https:\/\/minghanggroup.com\/?post_type=product&#038;p=5974"},"modified":"2026-04-14T09:49:43","modified_gmt":"2026-04-14T01:49:43","slug":"clear-cylindrical-glass-pump-bottles-bulk","status":"publish","type":"product","link":"https:\/\/minghanggroup.com\/es\/producto\/clear-cylindrical-glass-pump-bottles-bulk\/","title":{"rendered":"Botellas con bomba de vidrio cil\u00edndrico transparente de 40 ml, 60 ml y 80 ml a granel"},"content":{"rendered":"<p>Las botellas de vidrio con dosificador son cil\u00edndricas y est\u00e1n hechas de vidrio transparente, con un cabezal blanco y un tap\u00f3n transparente. Est\u00e1n disponibles en tres tama\u00f1os.<\/p>\n<h2>Caracter\u00edsticas del producto<\/h2>\n<ul>\n<li><strong>Dise\u00f1o cil\u00edndrico simple:<\/strong> La forma cil\u00edndrica tiene paredes rectas, es liviana y adaptable y tiene un dise\u00f1o simple.<\/li>\n<li><strong>Vidrio de amplia transparencia:<\/strong> El vidrio transparente es f\u00e1cil de tocar, suave y limpio, sin defectos, lo que le da al producto una sensaci\u00f3n de primera calidad.<\/li>\n<li><strong>Sistema de bomba integrado:<\/strong> La cubierta del cabezal de la bomba de color blanco est\u00e1 hecha de vidrio transparente y garantiza una dispensaci\u00f3n precisa y limpia.<\/li>\n<\/ul>\n<h2 style=\"text-align: left;\">Especificaciones clave<\/h2>\n<table class=\"aligncenter\" style=\"border-collapse: collapse; width: 373.52pt;\" border=\"0\" width=\"498\" cellspacing=\"0\" cellpadding=\"0\">\n<tbody>\n<tr style=\"height: 13.50pt;\">\n<td style=\"height: 13.50pt; width: 120.00pt;\" width=\"160\" height=\"18\">Especificaci\u00f3n<\/td>\n<td style=\"width: 253.50pt;\" width=\"338\">Detalles<\/td>\n<\/tr>\n<tr style=\"height: 13.50pt;\">\n<td style=\"height: 13.50pt;\" height=\"18\">Capacidad<\/td>\n<td>40 ml, 60 ml, 80 ml<\/td>\n<\/tr>\n<tr style=\"height: 13.50pt;\">\n<td style=\"height: 13.50pt;\" height=\"18\">Material<\/td>\n<td>Vidrio transparente, bomba de pl\u00e1stico blanco<\/td>\n<\/tr>\n<tr style=\"height: 13.50pt;\">\n<td style=\"height: 13.50pt;\" height=\"18\">Forma de la botella<\/td>\n<td>Cilindro<\/td>\n<\/tr>\n<tr style=\"height: 13.50pt;\">\n<td style=\"height: 13.50pt;\" height=\"18\">Alcance de personalizaci\u00f3n<\/td>\n<td>Color, tama\u00f1o, forma y material de la c\u00fapula<\/td>\n<\/tr>\n<tr style=\"height: 13.50pt;\">\n<td style=\"height: 13.50pt;\" height=\"18\">Artesan\u00eda<\/td>\n<td>Conformado de vidrio de precisi\u00f3n para paredes rectas<\/td>\n<\/tr>\n<tr style=\"height: 13.50pt;\">\n<td style=\"height: 13.50pt;\" height=\"18\">Prop\u00f3sito del producto<\/td>\n<td>Botellas de loci\u00f3n, botellas de vidrio con bomba<\/td>\n<\/tr>\n<tr style=\"height: 13.50pt;\">\n<td style=\"height: 13.50pt;\" height=\"18\">Industrias adecuadas<\/td>\n<td>Marcas de cuidado de la piel, empresas de cosm\u00e9ticos<\/td>\n<\/tr>\n<\/tbody>\n<\/table>\n<h2>Historia de \u00e9xito: La marca coreana de cuidado de la piel presenta un suero<\/h2>\n<p>Una de las marcas coreanas de cuidado de la piel eligi\u00f3 nuestro dispensador de vidrio de 60 ml y personaliz\u00f3 la botella esmerilada y el cabezal negro. Este higi\u00e9nico sistema de dosificaci\u00f3n redujo en un 25 % el desperdicio de producto en comparaci\u00f3n con los goteros, y su dise\u00f1o suave y atractivo increment\u00f3 las ventas directas en l\u00ednea en un 30 %. La marca ya era un gran \u00e9xito y, tras este pedido, realiz\u00f3 dos millones de botellas para completar su l\u00ednea de s\u00e9rums principales y distribuirla en todo el mundo.<\/p>\n<h2>Personalizaci\u00f3n de botellas de vidrio con bomba<\/h2>\n<ul>\n<li>Colores y estilos del cabezal de la bomba: El cabezal de la bomba est\u00e1 disponible en negro, dorado, plateado o colores personalizados y en varias formas de cabezal de bomba.<\/li>\n<li>Tapas personalizadas: Las tapas personalizadas est\u00e1n disponibles en acero, madera o cer\u00e1mica, adem\u00e1s de tapas de vidrio que brindan una apariencia de alta gama.<\/li>\n<li>Ampliaci\u00f3n de volumen: Cuenta con nuevos tama\u00f1os de viaje de 30 ml, tama\u00f1os familiares de 100 ml o 120 ml.<\/li>\n<\/ul>","protected":false},"excerpt":{"rendered":"<p>Botellas de vidrio minimalistas con dosificador, dise\u00f1o cil\u00edndrico y tap\u00f3n protector. Dispensador fiable para envases cosm\u00e9ticos. Env\u00edo r\u00e1pido.<\/p>","protected":false},"featured_media":5980,"template":"","meta":{"postBodyCss":"","postBodyMargin":[],"postBodyPadding":[],"postBodyBackground":{"backgroundType":"classic","gradient":""}},"product_brand":[],"product_cat":[105,15,16],"product_tag":[110],"class_list":{"0":"post-5974","1":"product","2":"type-product","3":"status-publish","4":"has-post-thumbnail","6":"product_cat-glass-lotion-bottles","7":"product_cat-glass-containers","8":"product_cat-glass-bottles","9":"product_tag-glass-foundation-bottles","11":"first","12":"instock","13":"shipping-taxable","14":"product-type-simple"},"jetpack_sharing_enabled":true,"_links":{"self":[{"href":"https:\/\/minghanggroup.com\/es\/wp-json\/wp\/v2\/product\/5974","targetHints":{"allow":["GET"]}}],"collection":[{"href":"https:\/\/minghanggroup.com\/es\/wp-json\/wp\/v2\/product"}],"about":[{"href":"https:\/\/minghanggroup.com\/es\/wp-json\/wp\/v2\/types\/product"}],"wp:featuredmedia":[{"embeddable":true,"href":"https:\/\/minghanggroup.com\/es\/wp-json\/wp\/v2\/media\/5980"}],"wp:attachment":[{"href":"https:\/\/minghanggroup.com\/es\/wp-json\/wp\/v2\/media?parent=5974"}],"wp:term":[{"taxonomy":"product_brand","embeddable":true,"href":"https:\/\/minghanggroup.com\/es\/wp-json\/wp\/v2\/product_brand?post=5974"},{"taxonomy":"product_cat","embeddable":true,"href":"https:\/\/minghanggroup.com\/es\/wp-json\/wp\/v2\/product_cat?post=5974"},{"taxonomy":"product_tag","embeddable":true,"href":"https:\/\/minghanggroup.com\/es\/wp-json\/wp\/v2\/product_tag?post=5974"}],"curies":[{"name":"wp","href":"https:\/\/api.w.org\/{rel}","templated":true}]}}