{"id":5973,"date":"2026-03-11T11:49:05","date_gmt":"2026-03-11T03:49:05","guid":{"rendered":"https:\/\/minghanggroup.com\/?post_type=product&#038;p=5973"},"modified":"2026-04-14T09:49:34","modified_gmt":"2026-04-14T01:49:34","slug":"rectangular-glass-lotion-bottles-wholesale","status":"publish","type":"product","link":"https:\/\/minghanggroup.com\/es\/producto\/rectangular-glass-lotion-bottles-wholesale\/","title":{"rendered":"Botellas de loci\u00f3n de vidrio rectangulares de 30 ml al por mayor"},"content":{"rendered":"<p>Ofrecemos al por mayor botellas de vidrio para loci\u00f3n, as\u00ed como envases para productos de cuidado de la piel y cosm\u00e9ticos. Su forma rectangular con bordes curvos les da un aspecto limpio y contempor\u00e1neo. El vidrio es transparente, por lo que el interior se puede ver claramente, mejorando a\u00fan m\u00e1s la presentaci\u00f3n del producto. Estas botellas de vidrio para loci\u00f3n, con dispensador, son una forma pr\u00e1ctica y elegante de almacenar cremas faciales, sueros, lociones y cualquier otra f\u00f3rmula para el cuidado de la piel, y son una excelente soluci\u00f3n para las marcas de cosm\u00e9ticos como envase para sus productos.<\/p>\n<h2>Caracter\u00edsticas del producto<\/h2>\n<ul>\n<li><strong>Estructura de botella rectangular 3D:<\/strong> La botella tiene la forma de un peque\u00f1o rect\u00e1ngulo con esquinas redondeadas, para que pueda sostenerse f\u00e1cilmente y tambi\u00e9n se ve bien cuando se coloca en los estantes porque da un aspecto blando y equilibrado.<\/li>\n<li><strong>Cabezal de loci\u00f3n tipo bomba:<\/strong> Tiene un mecanismo de bomba que proporciona una cantidad estable de l\u00edquido dispensado en cada ocasi\u00f3n, lo que es aplicable con f\u00f3rmulas de alta viscosidad como lociones, sueros y productos l\u00edquidos para el cuidado de la piel.<\/li>\n<li><strong>Tapa protectora geom\u00e9trica:<\/strong> La tapa geom\u00e9trica multidimensional negra cubre completamente el cabezal de la bomba cuando no se utiliza para protegerlo del polvo y contribuye a la apariencia general del envase, que es bastante moderna.<\/li>\n<\/ul>\n<h2>Especificaciones clave<\/h2>\n<table style=\"border-collapse: collapse; width: 80%; margin-left: auto; margin-right: auto;\" border=\"0\" width=\"288\" cellspacing=\"0\" cellpadding=\"0\">\n<tbody>\n<tr style=\"height: 13.50pt;\">\n<td style=\"height: 13.5pt; width: 54pt; text-align: center;\" width=\"72\" height=\"18\">Capacidad<\/td>\n<td style=\"width: 54pt; text-align: center;\" width=\"72\">Color<\/td>\n<td style=\"width: 54pt; text-align: center;\" width=\"72\">Forma<\/td>\n<td style=\"width: 54pt; text-align: center;\" width=\"72\">Uso<\/td>\n<\/tr>\n<tr style=\"height: 13.50pt;\">\n<td style=\"height: 13.5pt; text-align: center;\" height=\"18\">30 ml<\/td>\n<td style=\"text-align: center;\">Vidrio transparente con tapas negras y blancas<\/td>\n<td style=\"text-align: center;\">Rectangular<\/td>\n<td style=\"text-align: center;\">Embalaje de cosm\u00e9ticos<\/td>\n<\/tr>\n<\/tbody>\n<\/table>\n<h2>Caso de \u00e9xito<\/h2>\n<p>Nuestra botella rectangular de vidrio de 30 ml sin agitar fue seleccionada como envase principal por una startup de cuidado de la piel para el lanzamiento de su primera l\u00ednea de sueros hidratantes. Lucieron un tap\u00f3n redise\u00f1ado con un dise\u00f1o geom\u00e9trico negro mate y el logotipo de la marca se imprimi\u00f3 directamente sobre la botella de vidrio transparente mediante serigraf\u00eda de alta temperatura, en l\u00ednea con su posicionamiento de marca.<\/p>\n<p>Las ventas en l\u00ednea tambi\u00e9n aumentaron un 34 % en el primer trimestre tras la introducci\u00f3n del envase personalizado. Como resultado, la marca introdujo este envase de loci\u00f3n como el envase unificado para todos los productos de su l\u00ednea de cuidado de la piel y sigue solicit\u00e1ndolo para su aplicaci\u00f3n en otros productos.<\/p>\n<h2>Opciones de personalizaci\u00f3n<\/h2>\n<ol>\n<li><strong>Acabado de la superficie de la tapa:<\/strong> Personalice la tapa geom\u00e9trica con una decoraci\u00f3n mate, brillante o suave al tacto para desarrollar la imagen de marca visual y t\u00e1ctil variada.<\/li>\n<li><strong>Marca decorativa:<\/strong> Elija entre serigraf\u00eda o estampaci\u00f3n en caliente, en el panel frontal plano, para mostrar mejor los logotipos y la informaci\u00f3n del producto.<\/li>\n<li><strong>Mejora del material de la bomba:<\/strong> Actualice a bombas con cuello de aluminio, o actualice a bombas galvanizadas en oro, plata o bronce para agregar un aspecto lujoso.<\/li>\n<\/ol>","protected":false},"excerpt":{"rendered":"<p>Venta al por mayor de botellas de loci\u00f3n con cuerpo transparente y dosificador suave. Botellas duraderas con dosificador para el cuidado de la piel. Suministro directo de f\u00e1brica. Muestras gratuitas disponibles.<\/p>","protected":false},"featured_media":5978,"template":"","meta":{"postBodyCss":"","postBodyMargin":[],"postBodyPadding":[],"postBodyBackground":{"backgroundType":"classic","gradient":""}},"product_brand":[],"product_cat":[15,105,16],"product_tag":[110],"class_list":{"0":"post-5973","1":"product","2":"type-product","3":"status-publish","4":"has-post-thumbnail","6":"product_cat-glass-containers","7":"product_cat-glass-lotion-bottles","8":"product_cat-glass-bottles","9":"product_tag-glass-foundation-bottles","11":"first","12":"instock","13":"shipping-taxable","14":"product-type-simple"},"jetpack_sharing_enabled":true,"_links":{"self":[{"href":"https:\/\/minghanggroup.com\/es\/wp-json\/wp\/v2\/product\/5973","targetHints":{"allow":["GET"]}}],"collection":[{"href":"https:\/\/minghanggroup.com\/es\/wp-json\/wp\/v2\/product"}],"about":[{"href":"https:\/\/minghanggroup.com\/es\/wp-json\/wp\/v2\/types\/product"}],"wp:featuredmedia":[{"embeddable":true,"href":"https:\/\/minghanggroup.com\/es\/wp-json\/wp\/v2\/media\/5978"}],"wp:attachment":[{"href":"https:\/\/minghanggroup.com\/es\/wp-json\/wp\/v2\/media?parent=5973"}],"wp:term":[{"taxonomy":"product_brand","embeddable":true,"href":"https:\/\/minghanggroup.com\/es\/wp-json\/wp\/v2\/product_brand?post=5973"},{"taxonomy":"product_cat","embeddable":true,"href":"https:\/\/minghanggroup.com\/es\/wp-json\/wp\/v2\/product_cat?post=5973"},{"taxonomy":"product_tag","embeddable":true,"href":"https:\/\/minghanggroup.com\/es\/wp-json\/wp\/v2\/product_tag?post=5973"}],"curies":[{"name":"wp","href":"https:\/\/api.w.org\/{rel}","templated":true}]}}