{"id":5963,"date":"2026-03-10T11:36:19","date_gmt":"2026-03-10T03:36:19","guid":{"rendered":"https:\/\/minghanggroup.com\/?post_type=product&#038;p=5963"},"modified":"2026-03-10T11:36:21","modified_gmt":"2026-03-10T03:36:21","slug":"curved-glass-roller-ball-bottles-with-dome-caps-bulk","status":"publish","type":"product","link":"https:\/\/minghanggroup.com\/es\/producto\/curved-glass-roller-ball-bottles-with-dome-caps-bulk\/","title":{"rendered":"Botellas de vidrio curvo con forma de bola rodante y tapas de c\u00fapula (30 ml y 50 ml) al por mayor"},"content":{"rendered":"<p>Se trata de botellas de vidrio con forma de bola, curvas, compactas y de peque\u00f1a capacidad. La botella es alargada y delgada, con laterales ligeramente texturizados para mayor estabilidad. Est\u00e1 fabricada en vidrio transparente y rojo degradado, con una versi\u00f3n de vidrio esmerilado para crear diversos efectos visuales. Su tap\u00f3n abovedado, sencillo pero decorativo, cuenta con un recubrimiento de galvanoplastia de alto brillo, generalmente dorado o negro. Son ideales para aplicaciones puntuales y para transportar productos l\u00edquidos, como aceites esenciales, perfumes y aromaterapia.<\/p>\n<h2>Caracter\u00edsticas del producto<\/h2>\n<ul>\n<li><strong>Dise\u00f1o de botellas curvas:<\/strong> El cuerpo de vidrio est\u00e1 dise\u00f1ado con elegantes curvas con ligeras ranuras que le dan un aspecto decorativo.<\/li>\n<li><strong>Tapa de domo galvanizada:<\/strong> Las tapas brillantes en forma de c\u00fapula con acabados met\u00e1licos a\u00f1aden el aspecto de alta gama de la botella.<\/li>\n<li><strong>Varios acabados de vidrio:<\/strong> Tiene varias opciones de acabado de vidrio; puede ser vidrio transparente, coloreado o esmerilado dependiendo del estilo de la marca.<\/li>\n<\/ul>\n<h2>Especificaciones clave<\/h2>\n<table style=\"border-collapse: collapse; width: 80%; margin-left: auto; margin-right: auto;\" border=\"0\" width=\"360\" cellspacing=\"0\" cellpadding=\"0\">\n<tbody>\n<tr style=\"height: 13.50pt;\">\n<td style=\"height: 13.5pt; width: 54pt; text-align: center;\" width=\"72\" height=\"18\">Capacidad (ml)<\/td>\n<td style=\"width: 54pt; text-align: center;\" width=\"72\">Di\u00e1metro del cuello (cm)<\/td>\n<td style=\"width: 54pt; text-align: center;\" width=\"72\">Finalizar<\/td>\n<td style=\"width: 54pt; text-align: center;\" width=\"72\">Material del rodillo<\/td>\n<td style=\"width: 54pt; text-align: center;\" width=\"72\">Color de la tapa<\/td>\n<\/tr>\n<tr style=\"height: 13.50pt;\">\n<td style=\"height: 13.5pt; text-align: center;\" align=\"right\" height=\"18\">30<\/td>\n<td style=\"text-align: center;\" align=\"right\">4<\/td>\n<td class=\"et2\" style=\"text-align: center;\" rowspan=\"2\">Esmerilado\/Transparente\/Degradado<\/td>\n<td class=\"et2\" style=\"text-align: center;\" rowspan=\"2\">Vidrio\/Acero inoxidable\/Pl\u00e1stico<\/td>\n<td class=\"et2\" style=\"text-align: center;\" rowspan=\"2\">Negro\/dorado<\/td>\n<\/tr>\n<tr style=\"height: 13.50pt;\">\n<td style=\"height: 13.5pt; text-align: center;\" align=\"right\" height=\"18\">50<\/td>\n<td style=\"text-align: center;\" align=\"right\">4.5<\/td>\n<\/tr>\n<\/tbody>\n<\/table>\n<h2>Caso de \u00e9xito<\/h2>\n<p>Uno de nuestros frascos roll-on de vidrio curvo de 30 ml se utiliz\u00f3 para distribuir perfumes y aceites esenciales en Oriente Medio, ya que encajaba a la perfecci\u00f3n con la imagen de marca de alta gama que buscaban. Para distinguir entre los distintos tipos de fragancias, solicitaron dos tipos de vidrio: transparente y rojo intenso degradado. El tap\u00f3n tambi\u00e9n se mejor\u00f3 con un domo ba\u00f1ado en oro, lo que lo hizo a\u00fan m\u00e1s lujoso. La superficie del frasco luce una excelente impresi\u00f3n del logotipo de la marca en l\u00e1mina dorada.<\/p>\n<p>Tras la introducci\u00f3n del nuevo envase, el distribuidor registr\u00f3 un crecimiento del 35 % en las ventas durante el primer trimestre. Su respuesta al mercado fue tan entusiasta que realiz\u00f3 cinco pedidos grandes repetidos en un a\u00f1o y a\u00f1adi\u00f3 m\u00e1s fragancias a su l\u00ednea de productos.<\/p>\n<h2>Opciones de personalizaci\u00f3n<\/h2>\n<ol>\n<li><strong>Maximizar los acabados de la tapa de la c\u00fapula:<\/strong> Especifica la tapa de la c\u00fapula utilizando acabados como oro, plata, oro rosa, negro mate o galvanoplastia brillante para posicionar en el mercado.<\/li>\n<li><strong>T\u00e9cnicas de decoraci\u00f3n de logotipos:<\/strong> Utilice serigraf\u00eda, estampado en caliente, grabado l\u00e1ser o impresi\u00f3n UV para mostrar logotipos de marcas y nombres de productos.<\/li>\n<li><strong>Opciones de componentes del rodillo interior:<\/strong> Ofrezca bolas de rodillo de acero inoxidable, vidrio o piedras preciosas seg\u00fan el tipo de producto y la elecci\u00f3n de marca.<\/li>\n<\/ol>","protected":false},"excerpt":{"rendered":"<p>Frascos de vidrio con bola rodante, dise\u00f1o curvo y tapas abovedadas. Frascos con bola rodante para aceites o perfumes. Suministro directo de f\u00e1brica con personalizaci\u00f3n al por mayor.<\/p>","protected":false},"featured_media":5970,"template":"","meta":{"postBodyCss":"","postBodyMargin":[],"postBodyPadding":[],"postBodyBackground":{"backgroundType":"classic","gradient":""}},"product_brand":[],"product_cat":[15,104,16],"product_tag":[],"class_list":{"0":"post-5963","1":"product","2":"type-product","3":"status-publish","4":"has-post-thumbnail","6":"product_cat-glass-containers","7":"product_cat-roller-ball-bottles","8":"product_cat-glass-bottles","10":"first","11":"instock","12":"shipping-taxable","13":"product-type-simple"},"jetpack_sharing_enabled":true,"_links":{"self":[{"href":"https:\/\/minghanggroup.com\/es\/wp-json\/wp\/v2\/product\/5963","targetHints":{"allow":["GET"]}}],"collection":[{"href":"https:\/\/minghanggroup.com\/es\/wp-json\/wp\/v2\/product"}],"about":[{"href":"https:\/\/minghanggroup.com\/es\/wp-json\/wp\/v2\/types\/product"}],"wp:featuredmedia":[{"embeddable":true,"href":"https:\/\/minghanggroup.com\/es\/wp-json\/wp\/v2\/media\/5970"}],"wp:attachment":[{"href":"https:\/\/minghanggroup.com\/es\/wp-json\/wp\/v2\/media?parent=5963"}],"wp:term":[{"taxonomy":"product_brand","embeddable":true,"href":"https:\/\/minghanggroup.com\/es\/wp-json\/wp\/v2\/product_brand?post=5963"},{"taxonomy":"product_cat","embeddable":true,"href":"https:\/\/minghanggroup.com\/es\/wp-json\/wp\/v2\/product_cat?post=5963"},{"taxonomy":"product_tag","embeddable":true,"href":"https:\/\/minghanggroup.com\/es\/wp-json\/wp\/v2\/product_tag?post=5963"}],"curies":[{"name":"wp","href":"https:\/\/api.w.org\/{rel}","templated":true}]}}