{"id":5959,"date":"2026-03-10T10:08:01","date_gmt":"2026-03-10T02:08:01","guid":{"rendered":"https:\/\/minghanggroup.com\/?post_type=product&#038;p=5959"},"modified":"2026-03-20T16:59:26","modified_gmt":"2026-03-20T08:59:26","slug":"octagon-glass-roll-on-bottles-with-printed-bulk","status":"publish","type":"product","link":"https:\/\/minghanggroup.com\/es\/producto\/octagon-glass-roll-on-bottles-with-printed-bulk\/","title":{"rendered":"Botellas de vidrio octagonales con tapa enrollable de 3 ml, 6 ml y 12 ml con impresi\u00f3n a granel"},"content":{"rendered":"<p>Nuestras botellas de vidrio con roll-on est\u00e1n hechas de vidrio transparente y son octogonales, con un fino estampado bot\u00e1nico dorado con ramas, hojas y lunares. Vienen en tres pr\u00e1cticos tama\u00f1os para facilitar su transporte.<\/p>\n<h2>Caracter\u00edsticas del producto<\/h2>\n<ul>\n<li><strong>Dise\u00f1o especial:<\/strong> La forma octogonal suavemente redondeada no rueda y tiene un mango c\u00f3modo y seguro.<\/li>\n<li><strong>Elegante estampado bot\u00e1nico dorado:<\/strong> A la botella de vidrio transparente se le agregan elegantes patrones de pan de oro y puntos para darle a la botella un toque de artesan\u00eda de alto nivel.<\/li>\n<li><strong>Tama\u00f1os port\u00e1tiles:<\/strong> Hay 3 tama\u00f1os peque\u00f1os (3 ml, 6 ml, 12 ml) que son ideales para viajes, pruebas y uso diario.<\/li>\n<\/ul>\n<h2 style=\"text-align: left;\">Especificaciones clave<\/h2>\n<table class=\"aligncenter\" style=\"border-collapse: collapse; width: 447.77pt;\" border=\"0\" width=\"597\" cellspacing=\"0\" cellpadding=\"0\">\n<tbody>\n<tr style=\"height: 13.50pt;\">\n<td style=\"height: 13.50pt; width: 115.50pt;\" width=\"154\" height=\"18\">Especificaci\u00f3n<\/td>\n<td style=\"width: 332.25pt;\" width=\"443\">Detalles<\/td>\n<\/tr>\n<tr style=\"height: 13.50pt;\">\n<td style=\"height: 13.50pt;\" height=\"18\">Capacidad<\/td>\n<td>3 ml, 6 ml, 12 ml<\/td>\n<\/tr>\n<tr style=\"height: 13.50pt;\">\n<td style=\"height: 13.50pt;\" height=\"18\">Dimensiones<\/td>\n<td>1,9 \u00d7 5,4 cm a 2,6 \u00d7 6,9 cm (di\u00e1metro \u00d7 altura)<\/td>\n<\/tr>\n<tr style=\"height: 13.50pt;\">\n<td style=\"height: 13.50pt;\" height=\"18\">Material<\/td>\n<td>Vidrio transparente, impresi\u00f3n en pan de oro<\/td>\n<\/tr>\n<tr style=\"height: 13.50pt;\">\n<td style=\"height: 13.50pt;\" height=\"18\">Forma de la botella<\/td>\n<td>Peque\u00f1o prisma octogonal con bordes redondeados<\/td>\n<\/tr>\n<tr style=\"height: 13.50pt;\">\n<td style=\"height: 13.50pt;\" height=\"18\">Alcance de personalizaci\u00f3n<\/td>\n<td>Forma, color, tapas, tama\u00f1o<\/td>\n<\/tr>\n<tr style=\"height: 13.50pt;\">\n<td style=\"height: 13.50pt;\" height=\"18\">Artesan\u00eda<\/td>\n<td>Moldeo de vidrio de precisi\u00f3n para formas octogonales e impresi\u00f3n de calcoman\u00edas<\/td>\n<\/tr>\n<tr style=\"height: 13.50pt;\">\n<td style=\"height: 13.50pt;\" height=\"18\">Prop\u00f3sito del producto<\/td>\n<td>Botellas de aceites esenciales, botellas de vidrio con cierre enrollable<\/td>\n<\/tr>\n<tr style=\"height: 13.50pt;\">\n<td style=\"height: 13.50pt;\" height=\"18\">Industrias adecuadas<\/td>\n<td>Marcas de aromaterapia, perfumistas de nicho<\/td>\n<\/tr>\n<\/tbody>\n<\/table>\n<h2>Historia de \u00e9xito: Colecci\u00f3n de perfumes franceses de un perfumista franc\u00e9s<\/h2>\n<p>Un perfumista franc\u00e9s seleccion\u00f3 nuestro frasco roll-on octogonal de 6 ml para aceites esenciales, fabricado en vidrio, y lo personaliz\u00f3 con una impresi\u00f3n dorada. El dise\u00f1o de la impresi\u00f3n y la forma especial del frasco hicieron que el lote se agotara en menos de 48 horas. El tama\u00f1o de 6 ml se puede usar m\u00e1s de 30 veces en un solo frasco, lo cual es ideal para probarlo. El \u00e9xito de este producto impuls\u00f3 al perfumista a realizar un nuevo pedido de 600.000 frascos para ampliar su gama de fragancias y lanzar una serie de roll-ons con fragancias premezcladas en los principales grandes almacenes.<\/p>\n<h2>Personalizaci\u00f3n de botellas de vidrio enrollables<\/h2>\n<ul>\n<li>Color del vidrio: se puede elegir entre vidrio transparente, \u00e1mbar claro o azul p\u00e1lido seg\u00fan los distintos estilos vintage.<\/li>\n<li>Dise\u00f1o de impresi\u00f3n y color: Se pueden realizar ilustraciones, patrones o letras personalizados en tintas doradas, plateadas o de colores.<\/li>\n<li>Tama\u00f1o y proporci\u00f3n: cambia el aspecto del oct\u00e1gono y haz la silueta m\u00e1s alta o m\u00e1s corta.<\/li>\n<li>Anillo decorativo de metal: para agregarle un detalle decorativo, se agrega un peque\u00f1o anillo de metal de color a la base del cuello.<\/li>\n<\/ul>","protected":false},"excerpt":{"rendered":"<p>Elegantes botellas de vidrio con roll-on, forma octogonal y estampado bot\u00e1nico dorado. Elegante botella roll-on para aceites esenciales y perfumes. Muestras gratuitas disponibles.<\/p>","protected":false},"featured_media":5965,"template":"","meta":{"postBodyCss":"","postBodyMargin":[],"postBodyPadding":[],"postBodyBackground":{"backgroundType":"classic","gradient":""}},"product_brand":[],"product_cat":[104,15,16],"product_tag":[],"class_list":{"0":"post-5959","1":"product","2":"type-product","3":"status-publish","4":"has-post-thumbnail","6":"product_cat-roller-ball-bottles","7":"product_cat-glass-containers","8":"product_cat-glass-bottles","10":"first","11":"instock","12":"shipping-taxable","13":"product-type-simple"},"jetpack_sharing_enabled":true,"_links":{"self":[{"href":"https:\/\/minghanggroup.com\/es\/wp-json\/wp\/v2\/product\/5959","targetHints":{"allow":["GET"]}}],"collection":[{"href":"https:\/\/minghanggroup.com\/es\/wp-json\/wp\/v2\/product"}],"about":[{"href":"https:\/\/minghanggroup.com\/es\/wp-json\/wp\/v2\/types\/product"}],"wp:featuredmedia":[{"embeddable":true,"href":"https:\/\/minghanggroup.com\/es\/wp-json\/wp\/v2\/media\/5965"}],"wp:attachment":[{"href":"https:\/\/minghanggroup.com\/es\/wp-json\/wp\/v2\/media?parent=5959"}],"wp:term":[{"taxonomy":"product_brand","embeddable":true,"href":"https:\/\/minghanggroup.com\/es\/wp-json\/wp\/v2\/product_brand?post=5959"},{"taxonomy":"product_cat","embeddable":true,"href":"https:\/\/minghanggroup.com\/es\/wp-json\/wp\/v2\/product_cat?post=5959"},{"taxonomy":"product_tag","embeddable":true,"href":"https:\/\/minghanggroup.com\/es\/wp-json\/wp\/v2\/product_tag?post=5959"}],"curies":[{"name":"wp","href":"https:\/\/api.w.org\/{rel}","templated":true}]}}