{"id":5946,"date":"2026-03-09T11:15:22","date_gmt":"2026-03-09T03:15:22","guid":{"rendered":"https:\/\/minghanggroup.com\/?post_type=product&#038;p=5946"},"modified":"2026-03-09T16:30:57","modified_gmt":"2026-03-09T08:30:57","slug":"frosted-oil-roller-ball-bottles-with-wood-style-caps-bulk","status":"publish","type":"product","link":"https:\/\/minghanggroup.com\/es\/producto\/frosted-oil-roller-ball-bottles-with-wood-style-caps-bulk\/","title":{"rendered":"Botellas de aceite con bola de rodillo de vidrio esmerilado de 5 ml y 10 ml con tapas estilo madera al por mayor"},"content":{"rendered":"<p>Las botellas roll-on de aceite esmerilado, de forma cil\u00edndrica delgada, permiten que el color del l\u00edquido se revele suavemente. Su mecanismo de dispensaci\u00f3n roll-on en el cuello de la botella, con un tap\u00f3n roscado, garantiza una aplicaci\u00f3n uniforme del l\u00edquido. El tap\u00f3n es de veta de madera clara. Estas botellas roll-on vac\u00edas se pueden usar y transportar en cualquier momento para la aplicaci\u00f3n de aceites esenciales, aceites de aromaterapia, aceites perfumados u otras fragancias l\u00edquidas.<\/p>\n<h2>Caracter\u00edsticas del producto<\/h2>\n<ul>\n<li><strong>Acabado de vidrio esmerilado:<\/strong> La superficie mate ofrece una sensaci\u00f3n de tacto suave y una apariencia minimalista limpia.<\/li>\n<li><strong>Tapa estilo madera natural:<\/strong> La tapa con apariencia de veta de madera se suma al estilo natural y ecol\u00f3gico.<\/li>\n<li><strong>Cuello roscado sin fugas:<\/strong> Las fugas se pueden evitar utilizando un cierre de rosca para garantizar que el producto no tenga fugas durante el almacenamiento y el transporte.<\/li>\n<\/ul>\n<h2>Especificaciones clave<\/h2>\n<table style=\"border-collapse: collapse; width: 80%; margin-left: auto; margin-right: auto;\" border=\"0\" width=\"288\" cellspacing=\"0\" cellpadding=\"0\">\n<tbody>\n<tr style=\"height: 13.50pt;\">\n<td style=\"height: 13.5pt; width: 54pt; text-align: center;\" width=\"72\" height=\"18\">Capacidad (ml)<\/td>\n<td style=\"width: 54pt; text-align: center;\" width=\"72\">Di\u00e1metro del cuello<\/td>\n<td style=\"width: 54pt; text-align: center;\" width=\"72\">Finalizar<\/td>\n<td style=\"width: 54pt; text-align: center;\" width=\"72\">Tipo de tapa<\/td>\n<\/tr>\n<tr style=\"height: 13.50pt;\">\n<td style=\"height: 13.5pt; text-align: center;\" align=\"right\" height=\"18\">5<\/td>\n<td class=\"et2\" style=\"text-align: center;\" rowspan=\"2\">2,0 cent\u00edmetros<\/td>\n<td class=\"et2\" style=\"text-align: center;\" rowspan=\"2\">Escarchado<\/td>\n<td class=\"et2\" style=\"text-align: center;\" rowspan=\"2\">De madera<\/td>\n<\/tr>\n<tr style=\"height: 13.50pt;\">\n<td style=\"height: 13.5pt; text-align: center;\" align=\"right\" height=\"18\">10<\/td>\n<\/tr>\n<\/tbody>\n<\/table>\n<h2>Caso de \u00e9xito<\/h2>\n<p>Una de las marcas canadienses de aromaterapia natural estaba lanzando una nueva gama de aceites esenciales en formato viaje, y se decidieron por nuestro frasco roll-on de vidrio esmerilado de 10 ml con tap\u00f3n de imitaci\u00f3n madera. Optaron por un roll-on de acero inoxidable para una aplicaci\u00f3n m\u00e1s suave y una mayor compatibilidad con mezclas m\u00e1s densas de aceites esenciales. Tambi\u00e9n ofrecimos un servicio especial de serigraf\u00eda del logotipo de su marca en tinta verde oscuro. Cuatro meses despu\u00e9s de la introducci\u00f3n del nuevo envase, la marca registr\u00f3 un aumento del 31 % en sus ventas online. Gracias a la excelente acogida del cliente sobre el dise\u00f1o del envase y su facilidad de uso, realizaron cuatro pedidos grandes repetidos en un a\u00f1o, y sus compras totales experimentaron un incremento de casi el 55 %.<\/p>\n<h2>Opciones de personalizaci\u00f3n<\/h2>\n<ol>\n<li><strong>Impresi\u00f3n sobre superficie esmerilada:<\/strong> Impresi\u00f3n de logotipos: se puede aplicar serigraf\u00eda, impresi\u00f3n UV o estampaci\u00f3n en caliente en la parte posterior del vidrio mate para que se vea f\u00e1cilmente como una marca.<\/li>\n<li><strong>Mejora del espesor de la pared de la botella:<\/strong> Agrega peso adicional a la botella al aumentar el grosor del vidrio para hacerlo m\u00e1s duradero y agregar un peso de mayor calidad a la botella.<\/li>\n<li><strong>Acabado en aerosol de color mate:<\/strong> Sustituya el aspecto esmerilado transparente con acabados de color mate como beige, verde salvia o negro mate.<\/li>\n<\/ol>","protected":false},"excerpt":{"rendered":"<p>Botellas roll-on minimalistas para aceites esenciales, de vidrio esmerilado y con tapas estilo madera. Botellas roll-on vac\u00edas premium para aceites esenciales. Suministro directo de f\u00e1brica con opciones personalizadas al por mayor.<\/p>","protected":false},"featured_media":5957,"template":"","meta":{"postBodyCss":"","postBodyMargin":[],"postBodyPadding":[],"postBodyBackground":{"backgroundType":"classic","gradient":""}},"product_brand":[],"product_cat":[15,104,16],"product_tag":[],"class_list":{"0":"post-5946","1":"product","2":"type-product","3":"status-publish","4":"has-post-thumbnail","6":"product_cat-glass-containers","7":"product_cat-roller-ball-bottles","8":"product_cat-glass-bottles","10":"first","11":"instock","12":"shipping-taxable","13":"product-type-simple"},"jetpack_sharing_enabled":true,"_links":{"self":[{"href":"https:\/\/minghanggroup.com\/es\/wp-json\/wp\/v2\/product\/5946","targetHints":{"allow":["GET"]}}],"collection":[{"href":"https:\/\/minghanggroup.com\/es\/wp-json\/wp\/v2\/product"}],"about":[{"href":"https:\/\/minghanggroup.com\/es\/wp-json\/wp\/v2\/types\/product"}],"wp:featuredmedia":[{"embeddable":true,"href":"https:\/\/minghanggroup.com\/es\/wp-json\/wp\/v2\/media\/5957"}],"wp:attachment":[{"href":"https:\/\/minghanggroup.com\/es\/wp-json\/wp\/v2\/media?parent=5946"}],"wp:term":[{"taxonomy":"product_brand","embeddable":true,"href":"https:\/\/minghanggroup.com\/es\/wp-json\/wp\/v2\/product_brand?post=5946"},{"taxonomy":"product_cat","embeddable":true,"href":"https:\/\/minghanggroup.com\/es\/wp-json\/wp\/v2\/product_cat?post=5946"},{"taxonomy":"product_tag","embeddable":true,"href":"https:\/\/minghanggroup.com\/es\/wp-json\/wp\/v2\/product_tag?post=5946"}],"curies":[{"name":"wp","href":"https:\/\/api.w.org\/{rel}","templated":true}]}}