{"id":5945,"date":"2026-03-09T09:25:53","date_gmt":"2026-03-09T01:25:53","guid":{"rendered":"https:\/\/minghanggroup.com\/?post_type=product&#038;p=5945"},"modified":"2026-03-09T11:06:12","modified_gmt":"2026-03-09T03:06:12","slug":"gold-plated-essential-oils-roller-bottles-bulk","status":"publish","type":"product","link":"https:\/\/minghanggroup.com\/es\/producto\/gold-plated-essential-oils-roller-bottles-bulk\/","title":{"rendered":"Botellas roll-on de aceites esenciales chapadas en oro de 10 ml al por mayor"},"content":{"rendered":"<p>Estos frascos roll-on para aceites esenciales presentan un dise\u00f1o magn\u00edfico: el vidrio transparente se combina a la perfecci\u00f3n con un lujoso ba\u00f1o de oro y sutiles decoraciones. Vienen en forma de estrella, cuadrado y esfera, con tapas cil\u00edndricas y abovedadas.<\/p>\n<h2>Caracter\u00edsticas del producto<\/h2>\n<ul>\n<li><strong>Lujoso ba\u00f1o de oro:<\/strong> El marco y la tapa de metal ba\u00f1ados en oro son de alto brillo y combinan a la perfecci\u00f3n con el posicionamiento de alta gama de los productos de fragancias.<\/li>\n<li><strong>Varios dise\u00f1os de botellas:<\/strong> Las botellas se ofrecen en diferentes formas, como esf\u00e9ricas, c\u00fabicas o en forma de estrella, y cada una es distinta y atractiva.<\/li>\n<li><strong>Vidrio de alta claridad:<\/strong> Las botellas est\u00e1n hechas de vidrio de alta claridad y demuestran claramente el color del l\u00edquido de la fragancia, adem\u00e1s de etiquetar las impresionantes caracter\u00edsticas de las decoraciones doradas.<\/li>\n<\/ul>\n<h2 style=\"text-align: left;\">Especificaciones clave<\/h2>\n<table class=\"aligncenter\" style=\"border-collapse: collapse; width: 447.77pt;\" border=\"0\" width=\"597\" cellspacing=\"0\" cellpadding=\"0\">\n<tbody>\n<tr style=\"height: 13.50pt;\">\n<td style=\"height: 13.50pt; width: 115.50pt;\" width=\"154\" height=\"18\">Especificaci\u00f3n<\/td>\n<td style=\"width: 332.25pt;\" width=\"443\">Detalles<\/td>\n<\/tr>\n<tr style=\"height: 13.50pt;\">\n<td style=\"height: 13.50pt;\" height=\"18\">Capacidad<\/td>\n<td>10 ml (todas las formas)<\/td>\n<\/tr>\n<tr style=\"height: 13.50pt;\">\n<td style=\"height: 13.50pt;\" height=\"18\">Dimensiones<\/td>\n<td>4,1 \u00d7 6,7 cm (estrella), 3 \u00d7 6 cm (cuadrado), 3,9 \u00d7 6,5 cm (esfera)<\/td>\n<\/tr>\n<tr style=\"height: 13.50pt;\">\n<td style=\"height: 13.50pt;\" height=\"18\">Material<\/td>\n<td>Vidrio transparente, marco y tapa de metal galvanizado en oro<\/td>\n<\/tr>\n<tr style=\"height: 13.50pt;\">\n<td style=\"height: 13.50pt;\" height=\"18\">Forma de la botella<\/td>\n<td>Estrella, cubo, esfera con rollerball integrado<\/td>\n<\/tr>\n<tr style=\"height: 13.50pt;\">\n<td style=\"height: 13.50pt;\" height=\"18\">Alcance de personalizaci\u00f3n<\/td>\n<td>Tama\u00f1o, color, acabado, tapas, forma<\/td>\n<\/tr>\n<tr style=\"height: 13.50pt;\">\n<td style=\"height: 13.50pt;\" height=\"18\">Artesan\u00eda<\/td>\n<td>Moldeo de vidrio de precisi\u00f3n, fabricaci\u00f3n de metales y enchapado<\/td>\n<\/tr>\n<tr style=\"height: 13.50pt;\">\n<td style=\"height: 13.50pt;\" height=\"18\">Prop\u00f3sito del producto<\/td>\n<td>Frascos de aceites de perfume de lujo, frascos roll-on para aceites esenciales<\/td>\n<\/tr>\n<tr style=\"height: 13.50pt;\">\n<td style=\"height: 13.50pt;\" height=\"18\">Industrias adecuadas<\/td>\n<td>Perfumistas de nicho, fabricantes de regalos de lujo<\/td>\n<\/tr>\n<\/tbody>\n<\/table>\n<h2>Historia de \u00e9xito: Edici\u00f3n de coleccionista de una marca europea de perfumes de lujo<\/h2>\n<p>Una prestigiosa empresa europea de perfumes ha seleccionado nuestros frascos roll-on, con forma de estrella con cubo, y tambi\u00e9n de esfera, chapados en oro rosa, y ha dise\u00f1ado sus formas con diversos dise\u00f1os calados. En 72 horas, los frascos de perfume geom\u00e9tricos se agotaron, y el 80 % de los compradores hab\u00edan adquirido el set como colecci\u00f3n. La marca de perfumes fue todo un \u00e9xito, encarg\u00f3 otros 300.000 frascos y plane\u00f3 lanzar una edici\u00f3n de colecci\u00f3n cada a\u00f1o durante los pr\u00f3ximos cinco a\u00f1os.<\/p>\n<h2>Decisi\u00f3n de dise\u00f1o de frascos de perfume con roll-on<\/h2>\n<ul>\n<li>Acabados adicionales Acabados del metal: El metal puede tratarse con ba\u00f1o de oro rosa, plata antigua, cromo negro o cobre.<\/li>\n<li>Trabajos en alambre y grabados personalizados: tenga su propio patr\u00f3n de marca o las iniciales\/insignia de su marca grabadas en el trabajo de metal.<\/li>\n<li>Material del rodillo: Los rodillos de plata de ley o ba\u00f1ados en oro son los indicados para disfrutar de la experiencia m\u00e1s lujosa.<\/li>\n<li>Cambios de forma: Aumentar el n\u00famero de formas geom\u00e9tricas para diferenciar la l\u00ednea de productos.<\/li>\n<\/ul>","protected":false},"excerpt":{"rendered":"<p>Frascos roll-on premium para perfume con formas de estrella, cuadrado y esfera. Frascos roll-on \u00fanicos para aceites esenciales con detalles met\u00e1licos. Muestras gratuitas disponibles.<\/p>","protected":false},"featured_media":5950,"template":"","meta":{"postBodyCss":"","postBodyMargin":[],"postBodyPadding":[],"postBodyBackground":{"backgroundType":"classic","gradient":""}},"product_brand":[],"product_cat":[15,104,16],"product_tag":[],"class_list":{"0":"post-5945","1":"product","2":"type-product","3":"status-publish","4":"has-post-thumbnail","6":"product_cat-glass-containers","7":"product_cat-roller-ball-bottles","8":"product_cat-glass-bottles","10":"first","11":"instock","12":"shipping-taxable","13":"product-type-simple"},"jetpack_sharing_enabled":true,"_links":{"self":[{"href":"https:\/\/minghanggroup.com\/es\/wp-json\/wp\/v2\/product\/5945","targetHints":{"allow":["GET"]}}],"collection":[{"href":"https:\/\/minghanggroup.com\/es\/wp-json\/wp\/v2\/product"}],"about":[{"href":"https:\/\/minghanggroup.com\/es\/wp-json\/wp\/v2\/types\/product"}],"wp:featuredmedia":[{"embeddable":true,"href":"https:\/\/minghanggroup.com\/es\/wp-json\/wp\/v2\/media\/5950"}],"wp:attachment":[{"href":"https:\/\/minghanggroup.com\/es\/wp-json\/wp\/v2\/media?parent=5945"}],"wp:term":[{"taxonomy":"product_brand","embeddable":true,"href":"https:\/\/minghanggroup.com\/es\/wp-json\/wp\/v2\/product_brand?post=5945"},{"taxonomy":"product_cat","embeddable":true,"href":"https:\/\/minghanggroup.com\/es\/wp-json\/wp\/v2\/product_cat?post=5945"},{"taxonomy":"product_tag","embeddable":true,"href":"https:\/\/minghanggroup.com\/es\/wp-json\/wp\/v2\/product_tag?post=5945"}],"curies":[{"name":"wp","href":"https:\/\/api.w.org\/{rel}","templated":true}]}}