{"id":5940,"date":"2026-03-06T13:46:54","date_gmt":"2026-03-06T05:46:54","guid":{"rendered":"https:\/\/minghanggroup.com\/?post_type=product&#038;p=5940"},"modified":"2026-03-06T13:46:56","modified_gmt":"2026-03-06T05:46:56","slug":"colorful-glass-roller-essential-oil-bottles-with-caps-bulk","status":"publish","type":"product","link":"https:\/\/minghanggroup.com\/es\/producto\/colorful-glass-roller-essential-oil-bottles-with-caps-bulk\/","title":{"rendered":"Botellas de vidrio con tapas de colores para aceites esenciales (3 ml - 12 ml)"},"content":{"rendered":"<p>Esta l\u00ednea de botellas roll-on ofrece botellas en diferentes colores, como \u00e1mbar claro, gris ahumado, rosa y azul agua, que le dan un aspecto vibrante y atractivo. Todas las botellas cuentan con aplicadores de bola rodante en el cuello para aplicar los aceites l\u00edquidos sobre la piel de forma suave y precisa. La serie viene en tama\u00f1os peque\u00f1os, de 3 a 12 ml, y permite almacenar mezclas de aceites esenciales, perfumes, soluciones de aromaterapia, sueros y fragancias personales.<\/p>\n<h2>Caracter\u00edsticas del producto<\/h2>\n<ul>\n<li><strong>Forma octogonal de la parte inferior:<\/strong> La botella tiene forma octagonal y un fondo engrosado que la hace estable y evita que se vuelque.<\/li>\n<li><strong>Botellas de vidrio transparente multicolor:<\/strong> Las botellas se ofrecen en muchos colores diferentes de vidrio transparente, como \u00e1mbar, gris ahumado, rosa y azul, y muestran el producto en su interior, produciendo varias l\u00edneas de productos.<\/li>\n<li><strong>Estructura de bola de rodillo extra\u00edble:<\/strong> Esta estructura de bola rodante generalmente es removible, por lo que es f\u00e1cil colocar los aceites esenciales o aceites perfumados y limpiarlos y reutilizarlos f\u00e1cilmente.<\/li>\n<\/ul>\n<h2>Especificaciones clave<\/h2>\n<table style=\"border-collapse: collapse; width: 80%; margin-left: AUTO; margin-right: auto;\" border=\"0\" width=\"288\" cellspacing=\"0\" cellpadding=\"0\">\n<tbody>\n<tr style=\"height: 13.50pt;\">\n<td style=\"height: 13.5pt; width: 54pt; text-align: center;\" width=\"72\" height=\"18\">Capacidad (ml)<\/td>\n<td style=\"width: 54pt; text-align: center;\" width=\"72\">Dimensiones (cm)<\/td>\n<td style=\"width: 54pt; text-align: center;\" width=\"72\">Opciones de color<\/td>\n<td style=\"width: 54pt; text-align: center;\" width=\"72\">Material del rodillo<\/td>\n<\/tr>\n<tr style=\"height: 13.50pt;\">\n<td style=\"height: 13.5pt; text-align: center;\" align=\"right\" height=\"18\">3<\/td>\n<td style=\"text-align: center;\">1,8 \u00d7 5,4<\/td>\n<td class=\"et2\" style=\"text-align: center;\" rowspan=\"4\">Rosa, Negro, Amarillo, Naranja, Azul, Verde<\/td>\n<td class=\"et2\" style=\"text-align: center;\" rowspan=\"4\">Serigrafia: stampa simboli belli, simboli culturali o istruzioni dettagliate su come utilizzare la bottiglia di vetro.<\/td>\n<\/tr>\n<tr style=\"height: 13.50pt;\">\n<td style=\"height: 13.5pt; text-align: center;\" align=\"right\" height=\"18\">6<\/td>\n<td style=\"text-align: center;\">2,2 \u00d7 6,0<\/td>\n<\/tr>\n<tr style=\"height: 13.50pt;\">\n<td style=\"height: 13.5pt; text-align: center;\" align=\"right\" height=\"18\">10<\/td>\n<td style=\"text-align: center;\">2,5 \u00d7 6,6<\/td>\n<\/tr>\n<tr style=\"height: 13.50pt;\">\n<td style=\"height: 13.5pt; text-align: center;\" align=\"right\" height=\"18\">12<\/td>\n<td style=\"text-align: center;\">1,8 \u00d7 5,4<\/td>\n<\/tr>\n<\/tbody>\n<\/table>\n<h2>Caso de \u00e9xito<\/h2>\n<p>Nuestra botella roller de vidrio octogonal de 10 ml fue seleccionada por una marca boutique especializada en aceites esenciales de aromaterapia como envase base. Se dise\u00f1\u00f3 en rosa claro y aguamarina, y el tap\u00f3n de oro galvanizado incorporaba una peque\u00f1a decoraci\u00f3n que imitaba una gema. Adem\u00e1s, sustituimos el material del roller por acero inoxidable para que su aplicaci\u00f3n fuera m\u00e1s agradable y duradera.<\/p>\n<p>Tras la introducci\u00f3n del paquete personalizado, la vida \u00fatil en las boutiques colaboradoras se mejor\u00f3 de forma excepcional en casi un 30 %. La colecci\u00f3n, que era limitada, se agot\u00f3 en dos meses.<\/p>\n<h2>Opciones de personalizaci\u00f3n<\/h2>\n<ol>\n<li><strong>Estilo de tapa y acabado:<\/strong> Cambie la tapa a diferentes estilos con diferentes acabados como; oro, plata, negro mate, oro rosa o color o acabado galvanizado para que la tapa luzca de alta calidad.<\/li>\n<li><strong>Material del bol\u00edgrafo:<\/strong> Las bolas de rodillo pueden estar hechas de acero inoxidable, vidrio o piedras preciosas (por ejemplo, jade o cuarzo rosa) para adaptarse a distintas posiciones del producto.<\/li>\n<li><strong>Impresi\u00f3n de logotipos: <\/strong>Esto permite el uso de serigraf\u00eda, estampaci\u00f3n en caliente o impresi\u00f3n UV para que se puedan imprimir logotipos de marcas, patrones o nombres de productos en la superficie de las botellas.<\/li>\n<\/ol>","protected":false},"excerpt":{"rendered":"<p>Los frascos roll-on para aceites esenciales est\u00e1n hechos de vidrio resistente y son coloridos frascos roll-on de vidrio con forma octogonal. Ofrecemos opciones personalizadas al por mayor. Muestras gratuitas.<\/p>","protected":false},"featured_media":5944,"template":"","meta":{"postBodyCss":"","postBodyMargin":[],"postBodyPadding":[],"postBodyBackground":{"backgroundType":"classic","gradient":""}},"product_brand":[],"product_cat":[15,104,16],"product_tag":[],"class_list":{"0":"post-5940","1":"product","2":"type-product","3":"status-publish","4":"has-post-thumbnail","6":"product_cat-glass-containers","7":"product_cat-roller-ball-bottles","8":"product_cat-glass-bottles","10":"first","11":"instock","12":"shipping-taxable","13":"product-type-simple"},"jetpack_sharing_enabled":true,"_links":{"self":[{"href":"https:\/\/minghanggroup.com\/es\/wp-json\/wp\/v2\/product\/5940","targetHints":{"allow":["GET"]}}],"collection":[{"href":"https:\/\/minghanggroup.com\/es\/wp-json\/wp\/v2\/product"}],"about":[{"href":"https:\/\/minghanggroup.com\/es\/wp-json\/wp\/v2\/types\/product"}],"wp:featuredmedia":[{"embeddable":true,"href":"https:\/\/minghanggroup.com\/es\/wp-json\/wp\/v2\/media\/5944"}],"wp:attachment":[{"href":"https:\/\/minghanggroup.com\/es\/wp-json\/wp\/v2\/media?parent=5940"}],"wp:term":[{"taxonomy":"product_brand","embeddable":true,"href":"https:\/\/minghanggroup.com\/es\/wp-json\/wp\/v2\/product_brand?post=5940"},{"taxonomy":"product_cat","embeddable":true,"href":"https:\/\/minghanggroup.com\/es\/wp-json\/wp\/v2\/product_cat?post=5940"},{"taxonomy":"product_tag","embeddable":true,"href":"https:\/\/minghanggroup.com\/es\/wp-json\/wp\/v2\/product_tag?post=5940"}],"curies":[{"name":"wp","href":"https:\/\/api.w.org\/{rel}","templated":true}]}}