{"id":5930,"date":"2026-03-06T11:30:43","date_gmt":"2026-03-06T03:30:43","guid":{"rendered":"https:\/\/minghanggroup.com\/?post_type=product&#038;p=5930"},"modified":"2026-03-05T13:37:17","modified_gmt":"2026-03-05T05:37:17","slug":"gourd-design-amber-glass-roller-bottles-bulk","status":"publish","type":"product","link":"https:\/\/minghanggroup.com\/es\/producto\/gourd-design-amber-glass-roller-bottles-bulk\/","title":{"rendered":"Botellas de vidrio \u00e1mbar con dise\u00f1o de calabaza, de 10 ml a 100 ml, a granel"},"content":{"rendered":"<p>Estas botellas de vidrio con bola rodante son de un tipo especial, con forma de calabaza de doble bola y un vidrio de color \u00e1mbar intenso. Est\u00e1n disponibles en cinco tama\u00f1os diferentes y cuentan con una bola rodante met\u00e1lica lisa que permite usarlas en cualquier momento y lugar.<\/p>\n<h2>Caracter\u00edsticas del producto<\/h2>\n<ul>\n<li><strong>Dise\u00f1o en forma de calabaza:<\/strong> La forma de calabaza tiene un dise\u00f1o redondo de dos capas que presenta l\u00edneas suaves y redondeadas, que combinan el dise\u00f1o tradicional con un agarre c\u00f3modo.<\/li>\n<li><strong>Vidrio bloqueador de luz (color \u00e1mbar):<\/strong> Este tipo de vidrio est\u00e1 compuesto de vidrio de color \u00e1mbar y marr\u00f3n oscuro y se utiliza principalmente en el proceso para bloquear los rayos UV en l\u00edquidos que contienen componentes activos que se oxidan f\u00e1cilmente como los aceites esenciales.<\/li>\n<li><strong>Aplicaci\u00f3n pr\u00e1ctica del rollerball:<\/strong> El rollerball de metal mixto permite una aplicaci\u00f3n t\u00f3pica controlada, espec\u00edfica y sin complicaciones.<\/li>\n<\/ul>\n<h2 style=\"text-align: left;\">Especificaciones clave<\/h2>\n<table class=\"aligncenter\" style=\"border-collapse: collapse; width: 450.77pt;\" border=\"0\" width=\"601\" cellspacing=\"0\" cellpadding=\"0\">\n<tbody>\n<tr style=\"height: 13.50pt;\">\n<td style=\"height: 13.50pt; width: 115.50pt;\" width=\"154\" height=\"18\">Especificaci\u00f3n<\/td>\n<td style=\"width: 335.25pt;\" width=\"447\">Detalles<\/td>\n<\/tr>\n<tr style=\"height: 13.50pt;\">\n<td style=\"height: 13.50pt;\" height=\"18\">Capacidad<\/td>\n<td>10 ml, 20 ml, 30 ml, 50 ml, 100 ml<\/td>\n<\/tr>\n<tr style=\"height: 13.50pt;\">\n<td style=\"height: 13.50pt;\" height=\"18\">Dimensiones<\/td>\n<td>3,2\u00d75,5 cm a 6\u00d711,4 cm (di\u00e1metro \u00d7 altura)<\/td>\n<\/tr>\n<tr style=\"height: 13.50pt;\">\n<td style=\"height: 13.50pt;\" height=\"18\">Material<\/td>\n<td>Vidrio \u00e1mbar degradado<\/td>\n<\/tr>\n<tr style=\"height: 13.50pt;\">\n<td style=\"height: 13.50pt;\" height=\"18\">Forma de la botella<\/td>\n<td>Calabaza tradicional de doble esfera<\/td>\n<\/tr>\n<tr style=\"height: 13.50pt;\">\n<td style=\"height: 13.50pt;\" height=\"18\">Alcance de personalizaci\u00f3n<\/td>\n<td>Forma Color, Material del bol\u00edgrafo, Tama\u00f1o<\/td>\n<\/tr>\n<tr style=\"height: 13.50pt;\">\n<td style=\"height: 13.50pt;\" height=\"18\">Artesan\u00eda<\/td>\n<td>Soplado de vidrio complejo para obtener formas de calabaza y colores degradados<\/td>\n<\/tr>\n<tr style=\"height: 13.50pt;\">\n<td style=\"height: 13.50pt;\" height=\"18\">Prop\u00f3sito del producto<\/td>\n<td>Botellas de aceites esenciales, botellas con roll-on<\/td>\n<\/tr>\n<tr style=\"height: 13.50pt;\">\n<td style=\"height: 13.50pt;\" height=\"18\">Industrias adecuadas<\/td>\n<td>Marcas de bienestar, empresas de aromaterapia<\/td>\n<\/tr>\n<\/tbody>\n<\/table>\n<h2>Historia de \u00e9xito: L\u00ednea de productos t\u00f3picos de la marca California Health<\/h2>\n<p>Nuestra botella de vidrio \u00e1mbar con roll-on de 30 ml e instrucciones serigrafiadas fueron seleccionadas por una marca de California Health especializada en productos herbales t\u00f3picos calmantes. Esta botella de vidrio, con protecci\u00f3n UV, logr\u00f3 prolongar la vida \u00fatil de los ingredientes vegetales fotosensibles en un 40 %. La forma de calabaza se adopt\u00f3 como dise\u00f1o de marca y gener\u00f3 un crecimiento del 50 % en las ventas directas en l\u00ednea. La marca registr\u00f3 un \u00e9xito rotundo y posteriormente encarg\u00f3 otros 2 millones de botellas para distribuirlas a las principales farmacias del pa\u00eds.<\/p>\n<h2>Propuestas para la personalizaci\u00f3n de botellas Roller<\/h2>\n<ul>\n<li>Material del rollerball: Los rollerballs vienen en acero inoxidable, rollerballs de titanio y rollerballs de vidrio para satisfacer los variados requisitos de los usuarios.<\/li>\n<li>Color de tapa y anillo: Los anillos de pl\u00e1stico y las tapas decorativas se pueden personalizar en cualquier color.<\/li>\n<li>Serigraf\u00eda: Tiene hermosos s\u00edmbolos, s\u00edmbolos culturales o instrucciones detalladas sobre c\u00f3mo usar la botella de vidrio impresa en ella.<\/li>\n<\/ul>","protected":false},"excerpt":{"rendered":"<p>Elegante botella roll-on de vidrio \u00e1mbar con una singular forma de calabaza. Resistente a los rayos UV, ideal para aceites esenciales. Precios directos de f\u00e1brica para compradores al por mayor.<\/p>","protected":false},"featured_media":5936,"template":"","meta":{"postBodyCss":"","postBodyMargin":[],"postBodyPadding":[],"postBodyBackground":{"backgroundType":"classic","gradient":""}},"product_brand":[],"product_cat":[15,104,16],"product_tag":[],"class_list":{"0":"post-5930","1":"product","2":"type-product","3":"status-publish","4":"has-post-thumbnail","6":"product_cat-glass-containers","7":"product_cat-roller-ball-bottles","8":"product_cat-glass-bottles","10":"first","11":"instock","12":"shipping-taxable","13":"product-type-simple"},"jetpack_sharing_enabled":true,"_links":{"self":[{"href":"https:\/\/minghanggroup.com\/es\/wp-json\/wp\/v2\/product\/5930","targetHints":{"allow":["GET"]}}],"collection":[{"href":"https:\/\/minghanggroup.com\/es\/wp-json\/wp\/v2\/product"}],"about":[{"href":"https:\/\/minghanggroup.com\/es\/wp-json\/wp\/v2\/types\/product"}],"wp:featuredmedia":[{"embeddable":true,"href":"https:\/\/minghanggroup.com\/es\/wp-json\/wp\/v2\/media\/5936"}],"wp:attachment":[{"href":"https:\/\/minghanggroup.com\/es\/wp-json\/wp\/v2\/media?parent=5930"}],"wp:term":[{"taxonomy":"product_brand","embeddable":true,"href":"https:\/\/minghanggroup.com\/es\/wp-json\/wp\/v2\/product_brand?post=5930"},{"taxonomy":"product_cat","embeddable":true,"href":"https:\/\/minghanggroup.com\/es\/wp-json\/wp\/v2\/product_cat?post=5930"},{"taxonomy":"product_tag","embeddable":true,"href":"https:\/\/minghanggroup.com\/es\/wp-json\/wp\/v2\/product_tag?post=5930"}],"curies":[{"name":"wp","href":"https:\/\/api.w.org\/{rel}","templated":true}]}}