{"id":5929,"date":"2026-03-05T13:23:30","date_gmt":"2026-03-05T05:23:30","guid":{"rendered":"https:\/\/minghanggroup.com\/?post_type=product&#038;p=5929"},"modified":"2026-03-05T16:57:21","modified_gmt":"2026-03-05T08:57:21","slug":"gold-rectangular-empty-roll-on-bottles-bulk","status":"publish","type":"product","link":"https:\/\/minghanggroup.com\/es\/producto\/gold-rectangular-empty-roll-on-bottles-bulk\/","title":{"rendered":"Botellas vac\u00edas rectangulares doradas de 15 ml con roll-on (a granel)"},"content":{"rendered":"<p>Flaconi di oli essenziali, flaconi a rullo<\/p>\n<h2>Caracter\u00edsticas del producto<\/h2>\n<ul>\n<li><strong>Marchi del benessere, aziende di aromaterapia<\/strong> Storia di successo: linea di prodotti topici del marchio California Health<\/li>\n<li><strong>Il nostro flacone roll-on in vetro ambrato da 30 ml con istruzioni serigrafate \u00e8 stato selezionato da un marchio californiano specializzato in prodotti lenitivi topici a base di erbe. Questo flacone in vetro con protezione UV \u00e8 riuscito a prolungare del 40% la durata di conservazione degli ingredienti vegetali fotosensibili. La forma a zucca \u00e8 stata adottata come marchio di fabbrica e ha portato a una crescita del 50% delle vendite dirette online. Il marchio ha registrato un enorme successo e in seguito ha ordinato altri 2 milioni di flaconi da distribuire alle principali farmacie al dettaglio in tutto il paese.<\/strong> Proposte per la personalizzazione delle bottiglie a rullo<\/li>\n<li><strong>Varios estilos de gorra:<\/strong> Materiale delle penne roller: le penne roller sono disponibili in acciaio inossidabile, in titanio e in vetro per soddisfare le diverse esigenze degli utenti.<\/li>\n<\/ul>\n<h2>Especificaciones clave<\/h2>\n<table style=\"border-collapse: collapse; width: 80%; margin-left: auto; margin-right: auto;\" border=\"0\" width=\"288\" cellspacing=\"0\" cellpadding=\"0\">\n<tbody>\n<tr style=\"height: 13.50pt;\">\n<td style=\"height: 13.5pt; width: 54pt; text-align: center;\" width=\"72\" height=\"18\">Capacidad<\/td>\n<td style=\"width: 54pt; text-align: center;\" width=\"72\">Di\u00e1metro<\/td>\n<td style=\"width: 54pt; text-align: center;\" width=\"72\">Material del rodillo<\/td>\n<td style=\"width: 54pt; text-align: center;\" width=\"72\">Finalizar<\/td>\n<\/tr>\n<tr style=\"height: 13.50pt;\">\n<td style=\"height: 13.5pt; text-align: center;\" height=\"18\">15 ml<\/td>\n<td style=\"text-align: center;\">Colore del tappo e dell&#039;anello: gli anelli in plastica e i tappi decorativi possono essere personalizzati in qualsiasi colore.<\/td>\n<td style=\"text-align: center;\">Serigrafia: stampa simboli belli, simboli culturali o istruzioni dettagliate su come utilizzare la bottiglia di vetro.<\/td>\n<td style=\"text-align: center;\">chapado en oro<\/td>\n<\/tr>\n<\/tbody>\n<\/table>\n<h2>Caso de \u00e9xito<\/h2>\n<p>Una de las casas de perfumes m\u00e1s prestigiosas eligi\u00f3 nuestro frasco rectangular con rodillo y rodamientos de vidrio ba\u00f1ado en oro, buscando caracter\u00edsticas \u00fanicas. Su serigraf\u00eda tambi\u00e9n se redise\u00f1\u00f3 para representar su patr\u00f3n tradicional de estilo \u00e1rabe, de modo que el dise\u00f1o sea duradero y no se desvanezca con el tiempo. Se seleccionaron rodamientos de acero inoxidable con tolerancias de cuello m\u00e1s ajustadas para evitar fugas durante env\u00edos internacionales a altas temperaturas. Tambi\u00e9n se dise\u00f1\u00f3 un tap\u00f3n corona a medida con el logotipo de la marca grabado en la parte superior.<\/p>\n<p>Tras el lanzamiento del embalaje a medida, el valor medio de los pedidos aument\u00f3 un 36 %, mientras que el porcentaje de devoluciones por fugas se redujo un 31 %. Esto se tradujo en un alto nivel de reposici\u00f3n en los tres trimestres.<\/p>\n<h2>Opciones de personalizaci\u00f3n de botellas roll-on vac\u00edas<\/h2>\n<ol>\n<li><strong>Personalizaci\u00f3n de la ilustraci\u00f3n del panel frontal:<\/strong> Cambie el patr\u00f3n ornamental actual por dise\u00f1os que sean exclusivos del cliente y utilice estampaci\u00f3n en caliente o serigraf\u00eda de alta temperatura para que sean duraderos.<\/li>\n<li><strong>Mejora del material del bol\u00edgrafo:<\/strong> Ofrecemos bolas de rodillo de acero inoxidable, piedras preciosas o vidrio seg\u00fan el nivel de viscosidad del aceite y las necesidades de marca de alta gama.<\/li>\n<li><strong>Ajuste del espesor del vidrio:<\/strong> Aumente el grosor de la base para agregar peso y estabilidad y lograr una sensaci\u00f3n de mano m\u00e1s seria y lujosa.<\/li>\n<\/ol>","protected":false},"excerpt":{"rendered":"<p>Colore della forma, materiale della penna a sfera, dimensioni<\/p>","protected":false},"featured_media":5934,"template":"","meta":{"postBodyCss":"","postBodyMargin":[],"postBodyPadding":[],"postBodyBackground":{"backgroundType":"classic","gradient":""}},"product_brand":[],"product_cat":[15,104,16],"product_tag":[],"class_list":{"0":"post-5929","1":"product","2":"type-product","3":"status-publish","4":"has-post-thumbnail","6":"product_cat-glass-containers","7":"product_cat-roller-ball-bottles","8":"product_cat-glass-bottles","10":"first","11":"instock","12":"shipping-taxable","13":"product-type-simple"},"jetpack_sharing_enabled":true,"_links":{"self":[{"href":"https:\/\/minghanggroup.com\/es\/wp-json\/wp\/v2\/product\/5929","targetHints":{"allow":["GET"]}}],"collection":[{"href":"https:\/\/minghanggroup.com\/es\/wp-json\/wp\/v2\/product"}],"about":[{"href":"https:\/\/minghanggroup.com\/es\/wp-json\/wp\/v2\/types\/product"}],"wp:featuredmedia":[{"embeddable":true,"href":"https:\/\/minghanggroup.com\/es\/wp-json\/wp\/v2\/media\/5934"}],"wp:attachment":[{"href":"https:\/\/minghanggroup.com\/es\/wp-json\/wp\/v2\/media?parent=5929"}],"wp:term":[{"taxonomy":"product_brand","embeddable":true,"href":"https:\/\/minghanggroup.com\/es\/wp-json\/wp\/v2\/product_brand?post=5929"},{"taxonomy":"product_cat","embeddable":true,"href":"https:\/\/minghanggroup.com\/es\/wp-json\/wp\/v2\/product_cat?post=5929"},{"taxonomy":"product_tag","embeddable":true,"href":"https:\/\/minghanggroup.com\/es\/wp-json\/wp\/v2\/product_tag?post=5929"}],"curies":[{"name":"wp","href":"https:\/\/api.w.org\/{rel}","templated":true}]}}