{"id":5924,"date":"2026-03-05T09:26:09","date_gmt":"2026-03-05T01:26:09","guid":{"rendered":"https:\/\/minghanggroup.com\/?post_type=product&#038;p=5924"},"modified":"2026-03-05T11:30:23","modified_gmt":"2026-03-05T03:30:23","slug":"gold-decorated-essential-oil-bottles-with-rollers-bulk","status":"publish","type":"product","link":"https:\/\/minghanggroup.com\/es\/producto\/gold-decorated-essential-oil-bottles-with-rollers-bulk\/","title":{"rendered":"Botellas de aceite esencial con rodillos, decoradas en oro, de 7 ml y 8 ml, a granel"},"content":{"rendered":"<p>Estas botellas con rodillo para aceites esenciales tienen un cuerpo de vidrio transparente con un fino dise\u00f1o dorado y una tapa chapada en oro de alta calidad. Presentan dos formas distintivas: una geom\u00e9trica multifac\u00e9tica y una cil\u00edndrica esbelta.<\/p>\n<h2>Caracter\u00edsticas del producto<\/h2>\n<ul>\n<li><strong>Decoraci\u00f3n de lujo:<\/strong> Hay una decoraci\u00f3n elaborada hecha con patrones de alambre dorado y vidrio multifac\u00e9tico o de formas irregulares para hacer que la decoraci\u00f3n sea lujosa.<\/li>\n<li><strong>Dos formas especiales:<\/strong> Seleccione la forma: una forma multifac\u00e9tica que sea geom\u00e9trica o una forma cil\u00edndrica larga y esbelta.<\/li>\n<li><strong>Vidrio de alta claridad:<\/strong> Fabricadas con vidrios de alta claridad, estas botellas dejan en claro qu\u00e9 contienen las fragancias en su interior y cu\u00e1les son los hermosos detalles de las decoraciones doradas.<\/li>\n<\/ul>\n<h2 style=\"text-align: left;\">Especificaciones clave<\/h2>\n<table class=\"aligncenter\" style=\"border-collapse: collapse; width: 490.52pt;\" border=\"0\" width=\"654\" cellspacing=\"0\" cellpadding=\"0\">\n<tbody>\n<tr style=\"height: 13.50pt;\">\n<td style=\"height: 13.50pt; width: 115.50pt;\" width=\"154\" height=\"18\">Especificaci\u00f3n<\/td>\n<td style=\"width: 375.00pt;\" width=\"500\">Detalles<\/td>\n<\/tr>\n<tr style=\"height: 13.50pt;\">\n<td style=\"height: 13.50pt;\" height=\"18\">Capacidad<\/td>\n<td>8 ml (facetado), 7 ml (con cintura)<\/td>\n<\/tr>\n<tr style=\"height: 13.50pt;\">\n<td style=\"height: 13.50pt;\" height=\"18\">Dimensiones<\/td>\n<td>2,5\u00d76 cm (facetado), 2,8\u00d76,6 cm (entallado)<\/td>\n<\/tr>\n<tr style=\"height: 13.50pt;\">\n<td style=\"height: 13.50pt;\" height=\"18\">Material<\/td>\n<td>Vidrio tallado transparente, metal galvanizado en oro<\/td>\n<\/tr>\n<tr style=\"height: 13.50pt;\">\n<td style=\"height: 13.50pt;\" height=\"18\">Forma de la botella<\/td>\n<td>Columna geom\u00e9trica multifac\u00e9tica o columna facetada con cintura<\/td>\n<\/tr>\n<tr style=\"height: 13.50pt;\">\n<td style=\"height: 13.50pt;\" height=\"18\">Alcance de personalizaci\u00f3n<\/td>\n<td>Color, acabado del enchapado, patr\u00f3n de filigrana, dise\u00f1o de la tapa<\/td>\n<\/tr>\n<tr style=\"height: 13.50pt;\">\n<td style=\"height: 13.50pt;\" height=\"18\">Artesan\u00eda<\/td>\n<td>Corte y facetado de vidrio complejo<\/td>\n<\/tr>\n<tr style=\"height: 13.50pt;\">\n<td style=\"height: 13.50pt;\" height=\"18\">Prop\u00f3sito del producto<\/td>\n<td>Frascos de aceites de perfume de lujo, frascos de aceites esenciales con rodillo<\/td>\n<\/tr>\n<tr style=\"height: 13.50pt;\">\n<td style=\"height: 13.50pt;\" height=\"18\">Industrias adecuadas<\/td>\n<td>Perfumistas de nicho, aromaterapia de alta gama<\/td>\n<\/tr>\n<\/tbody>\n<\/table>\n<h2>Historia de \u00e9xito: Aceite esencial exclusivo de una marca de perfumes de Dub\u00e1i<\/h2>\n<p>Una de las marcas de aceites esenciales con sede en Dub\u00e1i decidi\u00f3 usar nuestras botellas multifuncionales con acabado dorado y rodillos, creando una botella de vidrio azul oscuro con un dise\u00f1o calado \u00fanico. Este dise\u00f1o glamuroso fue ideal para sus clientes, por lo que su precio se increment\u00f3 un 300 % respecto a las botellas convencionales. El tama\u00f1o de 7 ml tambi\u00e9n se ajust\u00f3 perfectamente a su lujosa f\u00f3rmula de fragancia. El \u00e9xito de ventas de la l\u00ednea de aceites perfumados fue tal que la marca realiz\u00f3 otro pedido de 500\u00a0000 botellas, convirti\u00e9ndose en el \u00fanico envasador de las tres l\u00edneas de perfumes m\u00e1s premium.<\/p>\n<h2>Opciones de personalizaci\u00f3n de botellas roll-on<\/h2>\n<ul>\n<li>Acabados chapados: Adem\u00e1s del chapado en oro normal, tambi\u00e9n est\u00e1 disponible el chapado en oro rosa, bronce o plata.<\/li>\n<li>Material Roll-on: Seleccione rodillos chapados en oro, plata esterlina o cer\u00e1mica para lograr una sensaci\u00f3n determinada.<\/li>\n<li>Tama\u00f1o y proporci\u00f3n de la hoja: cambie el tama\u00f1o de la secci\u00f3n transversal o el \u00e1ngulo de una forma cil\u00edndrica para crear una forma distintiva.<\/li>\n<\/ul>","protected":false},"excerpt":{"rendered":"<p>Botellas de lujo para aceites esenciales con roll-on, ba\u00f1adas en oro y con dise\u00f1os ornamentales. Elegantes botellas roll-on, ideales para perfumes y aceites. Disponibles en stock.<\/p>","protected":false},"featured_media":5925,"template":"","meta":{"postBodyCss":"","postBodyMargin":[],"postBodyPadding":[],"postBodyBackground":{"backgroundType":"classic","gradient":""}},"product_brand":[],"product_cat":[15,104,16],"product_tag":[],"class_list":{"0":"post-5924","1":"product","2":"type-product","3":"status-publish","4":"has-post-thumbnail","6":"product_cat-glass-containers","7":"product_cat-roller-ball-bottles","8":"product_cat-glass-bottles","10":"first","11":"instock","12":"shipping-taxable","13":"product-type-simple"},"jetpack_sharing_enabled":true,"_links":{"self":[{"href":"https:\/\/minghanggroup.com\/es\/wp-json\/wp\/v2\/product\/5924","targetHints":{"allow":["GET"]}}],"collection":[{"href":"https:\/\/minghanggroup.com\/es\/wp-json\/wp\/v2\/product"}],"about":[{"href":"https:\/\/minghanggroup.com\/es\/wp-json\/wp\/v2\/types\/product"}],"wp:featuredmedia":[{"embeddable":true,"href":"https:\/\/minghanggroup.com\/es\/wp-json\/wp\/v2\/media\/5925"}],"wp:attachment":[{"href":"https:\/\/minghanggroup.com\/es\/wp-json\/wp\/v2\/media?parent=5924"}],"wp:term":[{"taxonomy":"product_brand","embeddable":true,"href":"https:\/\/minghanggroup.com\/es\/wp-json\/wp\/v2\/product_brand?post=5924"},{"taxonomy":"product_cat","embeddable":true,"href":"https:\/\/minghanggroup.com\/es\/wp-json\/wp\/v2\/product_cat?post=5924"},{"taxonomy":"product_tag","embeddable":true,"href":"https:\/\/minghanggroup.com\/es\/wp-json\/wp\/v2\/product_tag?post=5924"}],"curies":[{"name":"wp","href":"https:\/\/api.w.org\/{rel}","templated":true}]}}