{"id":5918,"date":"2026-03-04T14:00:19","date_gmt":"2026-03-04T06:00:19","guid":{"rendered":"https:\/\/minghanggroup.com\/?post_type=product&#038;p=5918"},"modified":"2026-03-04T14:34:30","modified_gmt":"2026-03-04T06:34:30","slug":"colored-10ml-essential-oil-roller-bottles-bulk","status":"publish","type":"product","link":"https:\/\/minghanggroup.com\/es\/producto\/colored-10ml-essential-oil-roller-bottles-bulk\/","title":{"rendered":"Botellas roll-on de aceite esencial de colores de 10 ml a granel"},"content":{"rendered":"<p>Se trata de frascos roll-on de 10 ml para aceites esenciales, de forma cil\u00edndrica y estilizada, disponibles en diversas texturas y colores. Tienen un tap\u00f3n met\u00e1lico (plateado, dorado, azul, etc.) con una bola de metal o vidrio que permite una aplicaci\u00f3n suave.<\/p>\n<h2>Caracter\u00edsticas del producto<\/h2>\n<ul>\n<li><strong>Dise\u00f1o cil\u00edndrico port\u00e1til:<\/strong> El dise\u00f1o cil\u00edndrico est\u00e1 hecho de plata, es delgado y largo y, por lo tanto, se desliza f\u00e1cilmente en una billetera, un bolsillo o un estuche de viaje.<\/li>\n<li><strong>Rollerball suave:<\/strong> El rollerball est\u00e1 fabricado en metal o vidrio, ofrece buena aplicaci\u00f3n, control y no mancha.<\/li>\n<li><strong>Varias selecciones de botellas:<\/strong> La selecci\u00f3n de botellas incluye vidrios gofrados, brillantes y multicolores, d\u00e1ndoles la posibilidad de adaptarse de forma flexible al posicionamiento de los productos y a su imagen.<\/li>\n<\/ul>\n<h2 style=\"text-align: left;\">Especificaciones clave<\/h2>\n<table class=\"aligncenter\" style=\"border-collapse: collapse; width: 482.27pt;\" border=\"0\" width=\"643\" cellspacing=\"0\" cellpadding=\"0\">\n<tbody>\n<tr style=\"height: 13.50pt;\">\n<td style=\"height: 13.50pt; width: 72.00pt;\" width=\"96\" height=\"18\">Especificaci\u00f3n<\/td>\n<td style=\"width: 410.25pt;\" width=\"547\">Detalles<\/td>\n<\/tr>\n<tr style=\"height: 13.50pt;\">\n<td style=\"height: 13.50pt;\" height=\"18\">Capacidad<\/td>\n<td>10ml<\/td>\n<\/tr>\n<tr style=\"height: 13.50pt;\">\n<td style=\"height: 13.50pt;\" height=\"18\">Dimensiones<\/td>\n<td>18\u00d784 mm (di\u00e1metro \u00d7 altura)<\/td>\n<\/tr>\n<tr style=\"height: 13.50pt;\">\n<td style=\"height: 13.50pt;\" height=\"18\">Material<\/td>\n<td>Vidrio transparente\/coloreado, bol\u00edgrafo, tapa met\u00e1lica<\/td>\n<\/tr>\n<tr style=\"height: 13.50pt;\">\n<td style=\"height: 13.50pt;\" height=\"18\">Forma de la botella<\/td>\n<td>Delgado, cilindro con conjunto de bola rodante<\/td>\n<\/tr>\n<tr style=\"height: 13.50pt;\">\n<td style=\"height: 13.50pt;\" height=\"18\">Alcance de personalizaci\u00f3n<\/td>\n<td>Color, acabado, material del rollerball, tapas<\/td>\n<\/tr>\n<tr style=\"height: 13.50pt;\">\n<td style=\"height: 13.50pt;\" height=\"18\">Artesan\u00eda<\/td>\n<td>Conformado de vidrio de precisi\u00f3n, texturizado y montaje de mecanismo de bola de rodillo<\/td>\n<\/tr>\n<tr style=\"height: 13.50pt;\">\n<td style=\"height: 13.50pt;\" height=\"18\">Prop\u00f3sito del producto<\/td>\n<td>Frascos roll-on para aceites esenciales y perfumes<\/td>\n<\/tr>\n<tr style=\"height: 13.50pt;\">\n<td style=\"height: 13.50pt;\" height=\"18\">Industrias adecuadas<\/td>\n<td>Marcas de aromaterapia, marcas de cosm\u00e9ticos<\/td>\n<\/tr>\n<\/tbody>\n<\/table>\n<h2>Historia de \u00e9xito<\/h2>\n<p>Una de nuestras botellas roller de vidrio transparente de 10 ml con dise\u00f1o de rombos y tapa plateada fue elegida por una empresa de bienestar con sede en Texas que necesitaba usarla como recipiente para aceites esenciales. Su elegante botella se integra perfectamente en los botiquines de viaje, lo que se traduce en un aumento del 40 % en las ventas de este producto. La concentraci\u00f3n de 10 ml cumple con las directrices de la TSA y se puede reutilizar m\u00e1s de 30 veces. El \u00e9xito rotundo de la empresa se tradujo en un pedido de 3 millones de botellas y un acuerdo de suministro de dos a\u00f1os con una de las cadenas minoristas m\u00e1s grandes del pa\u00eds.<\/p>\n<h2>Personalizaci\u00f3n de botellas roll-on de aceites esenciales<\/h2>\n<ul>\n<li>Vidrio protector UV: esta es una botella delgada que viene en vidrio \u00e1mbar s\u00f3lido o azul cobalto, y se puede usar en mezclas de aceites esenciales fotosensibles.<\/li>\n<li>Patrones de vidrio en relieve: personalice la botella de vidrio con dise\u00f1os en relieve, incluidos nombres de marcas, dise\u00f1os geom\u00e9tricos o dise\u00f1os naturales.<\/li>\n<li>Doble Rollerball: Posee un tap\u00f3n de doble rollerball en lugar de uno \u00fanico para ser aplicado en grandes regiones en el menor tiempo posible.<\/li>\n<\/ul>","protected":false},"excerpt":{"rendered":"<p>Frascos roll-on para aceites esenciales de 10 ml con bolitas de metal o vidrio y tapas de colores. Frascos roll-on resistentes para viajes. Muestras gratis.<\/p>","protected":false},"featured_media":5921,"template":"","meta":{"postBodyCss":"","postBodyMargin":[],"postBodyPadding":[],"postBodyBackground":{"backgroundType":"classic","gradient":""}},"product_brand":[],"product_cat":[15,104,16],"product_tag":[],"class_list":{"0":"post-5918","1":"product","2":"type-product","3":"status-publish","4":"has-post-thumbnail","6":"product_cat-glass-containers","7":"product_cat-roller-ball-bottles","8":"product_cat-glass-bottles","10":"first","11":"instock","12":"shipping-taxable","13":"product-type-simple"},"jetpack_sharing_enabled":true,"_links":{"self":[{"href":"https:\/\/minghanggroup.com\/es\/wp-json\/wp\/v2\/product\/5918","targetHints":{"allow":["GET"]}}],"collection":[{"href":"https:\/\/minghanggroup.com\/es\/wp-json\/wp\/v2\/product"}],"about":[{"href":"https:\/\/minghanggroup.com\/es\/wp-json\/wp\/v2\/types\/product"}],"wp:featuredmedia":[{"embeddable":true,"href":"https:\/\/minghanggroup.com\/es\/wp-json\/wp\/v2\/media\/5921"}],"wp:attachment":[{"href":"https:\/\/minghanggroup.com\/es\/wp-json\/wp\/v2\/media?parent=5918"}],"wp:term":[{"taxonomy":"product_brand","embeddable":true,"href":"https:\/\/minghanggroup.com\/es\/wp-json\/wp\/v2\/product_brand?post=5918"},{"taxonomy":"product_cat","embeddable":true,"href":"https:\/\/minghanggroup.com\/es\/wp-json\/wp\/v2\/product_cat?post=5918"},{"taxonomy":"product_tag","embeddable":true,"href":"https:\/\/minghanggroup.com\/es\/wp-json\/wp\/v2\/product_tag?post=5918"}],"curies":[{"name":"wp","href":"https:\/\/api.w.org\/{rel}","templated":true}]}}