{"id":5913,"date":"2026-03-04T13:37:38","date_gmt":"2026-03-04T05:37:38","guid":{"rendered":"https:\/\/minghanggroup.com\/?post_type=product&#038;p=5913"},"modified":"2026-03-04T13:37:41","modified_gmt":"2026-03-04T05:37:41","slug":"mini-roll-on-perfume-bottles-wholesale","status":"publish","type":"product","link":"https:\/\/minghanggroup.com\/es\/producto\/mini-roll-on-perfume-bottles-wholesale\/","title":{"rendered":"Mini frascos de perfume roll-on de 1 ml a 5 ml al por mayor"},"content":{"rendered":"<p>\u00bfCansado de que el perfume se derrame en frascos roll-on baratos? Nuestros frascos roll-on de 5 ml son la soluci\u00f3n. Frascos roll-on de vidrio transparente de alta calidad para env\u00edos a prueba de fugas y la conservaci\u00f3n de aceites esenciales. \u00bfTama\u00f1o del frasco? 5 ml (perfecto para viajar). \u00bfRoll-on? Mecanismo de precisi\u00f3n para roll-on de vidrio.<\/p>\n<h2>Caracter\u00edsticas del producto<\/h2>\n<ul>\n<li><strong>Selecci\u00f3n de vidrio \u00e1mbar y transparente:<\/strong> El vidrio \u00e1mbar puede ayudar a bloquear la luz para las f\u00f3rmulas sensibles, mientras que el vidrio transparente ofrece la ventaja de poder ver el contenido de inmediato.<\/li>\n<li><strong>Construcci\u00f3n de tapa de rosca a prueba de fugas:<\/strong> Un cuello roscado garantiza un sellado herm\u00e9tico de tal manera que las fugas se reducir\u00e1n mucho incluso durante el transporte.<\/li>\n<li><strong>Forma cil\u00edndrica compacta:<\/strong> Por lo tanto, su dise\u00f1o delgado y recto es muy pr\u00e1ctico para viajar, ya que puedes guardarlo f\u00e1cilmente en tu bolso o incluso en tu bolsillo.<\/li>\n<\/ul>\n<h2>Especificaciones clave<\/h2>\n<table style=\"border-collapse: collapse; width: 80%; margin-left: auto; margin-right: auto;\" border=\"0\" width=\"360\" cellspacing=\"0\" cellpadding=\"0\">\n<tbody>\n<tr style=\"height: 13.50pt;\">\n<td style=\"height: 13.5pt; width: 54pt; text-align: center;\" width=\"72\" height=\"18\">Capacidad (ml)<\/td>\n<td style=\"width: 54pt; text-align: center;\" width=\"72\">Dimensiones (mm)<\/td>\n<td style=\"width: 54pt; text-align: center;\" width=\"72\">Color del vidrio<\/td>\n<td style=\"width: 54pt; text-align: center;\" width=\"72\">Material del rodillo<\/td>\n<td style=\"width: 54pt; text-align: center;\" width=\"72\">Solicitud<\/td>\n<\/tr>\n<tr style=\"height: 13.50pt;\">\n<td style=\"height: 13.5pt; text-align: center;\" align=\"right\" height=\"18\">1<\/td>\n<td style=\"text-align: center;\">16 \u00d7 7<\/td>\n<td class=\"et2\" style=\"text-align: center;\" rowspan=\"4\">Transparente\/\u00c1mbar<\/td>\n<td class=\"et2\" style=\"text-align: center;\" rowspan=\"4\">Vidrio\/Acero inoxidable\/Pl\u00e1stico<\/td>\n<td class=\"et2\" style=\"text-align: center;\" rowspan=\"4\">Contiene sueros, esencias, aceites esenciales y perfumes.<\/td>\n<\/tr>\n<tr style=\"height: 13.50pt;\">\n<td style=\"height: 13.5pt; text-align: center;\" align=\"right\" height=\"18\">2<\/td>\n<td style=\"text-align: center;\">16 \u00d7 11<\/td>\n<\/tr>\n<tr style=\"height: 13.50pt;\">\n<td style=\"height: 13.5pt; text-align: center;\" align=\"right\" height=\"18\">3<\/td>\n<td style=\"text-align: center;\">16 \u00d7 20<\/td>\n<\/tr>\n<tr style=\"height: 13.50pt;\">\n<td style=\"height: 13.5pt; text-align: center;\" align=\"right\" height=\"18\">5<\/td>\n<td style=\"text-align: center;\">16 \u00d7 29<\/td>\n<\/tr>\n<\/tbody>\n<\/table>\n<h2>Caso de \u00e9xito<\/h2>\n<p>Una de las marcas de perfumes que trabaja con mezclas concentradas de aceites esenciales encarg\u00f3 nuestros frascos roll-on de vidrio \u00e1mbar para guardar sus muestras. Optaron por un roll-on de acero inoxidable para una aplicaci\u00f3n m\u00e1s suave y una mayor compatibilidad con f\u00f3rmulas a base de aceite; el tap\u00f3n negro mate realza la personalidad de su marca. Adem\u00e1s, est\u00e1n serigrafiados en el frasco de vidrio y el logotipo y las instrucciones de uso no est\u00e1n adheridos a la etiqueta para evitar que se desprendan.<\/p>\n<p>La sustituci\u00f3n de las botellas tradicionales de roll-on por botellas personalizadas result\u00f3 en una reducci\u00f3n del 37 % y el 45 % en las devoluciones por fugas y un aumento de las recompras por parte de distribuidores extranjeros, respectivamente. Esto propici\u00f3 la continuidad de los pedidos al por mayor en varios ciclos de producci\u00f3n.<\/p>\n<h2>Opciones de personalizaci\u00f3n<\/h2>\n<ol>\n<li><strong>Selecci\u00f3n del material del rodillo:<\/strong> Podemos proporcionar bolas de rodillo de acero inoxidable, vidrio o piedras preciosas (como jade) que combinar\u00e1n bien con diferentes tipos de f\u00f3rmulas y estar\u00e1n alineadas con el posicionamiento de la marca.<\/li>\n<li><strong>Opciones de recubrimiento de color:<\/strong> Adem\u00e1s de aplicar recubrimientos en aerosol personalizados, como negro mate, blanco esmerilado o colores Pantone espec\u00edficos de la marca sobre vidrio transparente o \u00e1mbar, tambi\u00e9n puede ser creativo con diferentes tipos de acabados y texturas.<\/li>\n<li><strong>Variaciones del acabado de la tapa:<\/strong> Al cambiar el acabado de las tapas a brillante, mate, oro galvanizado, oro rosa o aluminio cepillado, podr\u00e1 darle a su producto una apariencia m\u00e1s lujosa.<\/li>\n<\/ol>","protected":false},"excerpt":{"rendered":"<p>Frascos de perfume premium con roll-on en vidrio \u00e1mbar y transparente. Frascos roll-on de 5 ml con bola de acero lisa, suministro directo de f\u00e1brica, muestras gratis y opciones personalizadas a granel.<\/p>","protected":false},"featured_media":5917,"template":"","meta":{"postBodyCss":"","postBodyMargin":[],"postBodyPadding":[],"postBodyBackground":{"backgroundType":"classic","gradient":""}},"product_brand":[],"product_cat":[16,15,104],"product_tag":[],"class_list":{"0":"post-5913","1":"product","2":"type-product","3":"status-publish","4":"has-post-thumbnail","6":"product_cat-glass-bottles","7":"product_cat-glass-containers","8":"product_cat-roller-ball-bottles","10":"first","11":"instock","12":"shipping-taxable","13":"product-type-simple"},"jetpack_sharing_enabled":true,"_links":{"self":[{"href":"https:\/\/minghanggroup.com\/es\/wp-json\/wp\/v2\/product\/5913","targetHints":{"allow":["GET"]}}],"collection":[{"href":"https:\/\/minghanggroup.com\/es\/wp-json\/wp\/v2\/product"}],"about":[{"href":"https:\/\/minghanggroup.com\/es\/wp-json\/wp\/v2\/types\/product"}],"wp:featuredmedia":[{"embeddable":true,"href":"https:\/\/minghanggroup.com\/es\/wp-json\/wp\/v2\/media\/5917"}],"wp:attachment":[{"href":"https:\/\/minghanggroup.com\/es\/wp-json\/wp\/v2\/media?parent=5913"}],"wp:term":[{"taxonomy":"product_brand","embeddable":true,"href":"https:\/\/minghanggroup.com\/es\/wp-json\/wp\/v2\/product_brand?post=5913"},{"taxonomy":"product_cat","embeddable":true,"href":"https:\/\/minghanggroup.com\/es\/wp-json\/wp\/v2\/product_cat?post=5913"},{"taxonomy":"product_tag","embeddable":true,"href":"https:\/\/minghanggroup.com\/es\/wp-json\/wp\/v2\/product_tag?post=5913"}],"curies":[{"name":"wp","href":"https:\/\/api.w.org\/{rel}","templated":true}]}}