{"id":5908,"date":"2026-03-03T15:57:50","date_gmt":"2026-03-03T07:57:50","guid":{"rendered":"https:\/\/minghanggroup.com\/?post_type=product&#038;p=5908"},"modified":"2026-03-03T15:57:52","modified_gmt":"2026-03-03T07:57:52","slug":"gold-oil-roller-bottles-for-packaging-wholesale","status":"publish","type":"product","link":"https:\/\/minghanggroup.com\/es\/producto\/gold-oil-roller-bottles-for-packaging-wholesale\/","title":{"rendered":"Botellas de aceite con rodillo de oro de 6 ml a 12 ml para envasado al por mayor"},"content":{"rendered":"<p>Nuestros frascos roll-on para aceites esenciales presentan lujosos detalles dorados sobre vidrio transparente: alta calidad para un env\u00edo herm\u00e9tico y f\u00e1cil de usar. \u00bfTama\u00f1o del frasco? Desde 6 ml (ideal para muestras de viaje de 28 ml) hasta 12 ml. Mecanismo de vidrio de precisi\u00f3n para dispensar el aceite esencial con suavidad.<\/p>\n<h2>Caracter\u00edsticas del producto<\/h2>\n<ul>\n<li><strong>Acabado galvanizado decorativo:<\/strong> El marco exterior chapado en oro agrega atractivo visual y proporciona altos niveles de calidad visual y apariencia de lujo.<\/li>\n<li><strong>Paneles de vidrio en relieve:<\/strong> En el cuerpo de la botella se colocan dise\u00f1os decorativos de gran detalle y textura ornamental.<\/li>\n<li><strong>Varios estilos de gorra:<\/strong> Se pueden utilizar tapas con borlas, tapas ornamentales esculpidas o tapas de rosca simples para brindar una apariencia variada.<\/li>\n<\/ul>\n<h2>Especificaciones clave<\/h2>\n<table style=\"border-collapse: collapse; width: 80%; margin-left: auto; margin-right: auto;\" border=\"0\" width=\"360\" cellspacing=\"0\" cellpadding=\"0\">\n<tbody>\n<tr style=\"height: 13.50pt;\">\n<td style=\"height: 13.5pt; width: 54pt; text-align: center;\" width=\"72\" height=\"18\">Capacidad (ml)<\/td>\n<td style=\"width: 54pt; text-align: center;\" width=\"72\">Di\u00e1metro del cuello (cm)<\/td>\n<td style=\"width: 54pt; text-align: center;\" width=\"72\">Altura<\/td>\n<td style=\"width: 54pt; text-align: center;\" width=\"72\">Material del rodillo<\/td>\n<td style=\"width: 54pt; text-align: center;\" width=\"72\">Finalizar<\/td>\n<\/tr>\n<tr style=\"height: 13.50pt;\">\n<td style=\"height: 13.5pt; text-align: center;\" align=\"right\" height=\"18\">6<\/td>\n<td style=\"text-align: center;\" align=\"right\">2.35<\/td>\n<td class=\"et2\" style=\"text-align: center;\" rowspan=\"3\">Var\u00eda<\/td>\n<td class=\"et2\" style=\"text-align: center;\" rowspan=\"3\">Vidrio\/Acero inoxidable\/Pl\u00e1stico<\/td>\n<td class=\"et2\" style=\"text-align: center;\" rowspan=\"3\">Acentuado en oro<\/td>\n<\/tr>\n<tr style=\"height: 13.50pt;\">\n<td style=\"height: 13.5pt; text-align: center;\" align=\"right\" height=\"18\">10<\/td>\n<td style=\"text-align: center;\" align=\"right\">2.7<\/td>\n<\/tr>\n<tr style=\"height: 13.50pt;\">\n<td style=\"height: 13.5pt; text-align: center;\" align=\"right\" height=\"18\">12<\/td>\n<td style=\"text-align: center;\" align=\"right\">2.8<\/td>\n<\/tr>\n<\/tbody>\n<\/table>\n<h2>Caso de \u00e9xito<\/h2>\n<p>Una de las marcas de perfumes necesitaba un envase que reflejara una apariencia de lujo y finalmente se decidi\u00f3 por nuestro frasco roll-on de 10 ml. Optaron por un roll-on de acero inoxidable para aplicar el aceite de perfume con mayor facilidad y le a\u00f1adieron un ba\u00f1o de oro para que combinara con el color de la marca. Adem\u00e1s, se pint\u00f3 un grabado de la marca a medida en el tap\u00f3n.<\/p>\n<p>El cliente tambi\u00e9n inform\u00f3 que las ventas minoristas hab\u00edan aumentado un 34 % tras medio a\u00f1o de lanzamiento, en comparaci\u00f3n con el envase anterior. Tras el pedido inicial de 15\u00a0000 botellas, realizaron otros tres pedidos al por mayor en menos de un a\u00f1o y las ventas totales aumentaron casi un 60 %.<\/p>\n<h2>Opciones de personalizaci\u00f3n<\/h2>\n<ol>\n<li><strong>Materiales del bol\u00edgrafo:<\/strong> Seleccione bolas de rodillo de acero inoxidable, vidrio o pl\u00e1stico para lograr distintos efectos de aplicaci\u00f3n.<\/li>\n<li><strong>Grabado de gorra personalizado:<\/strong> Grabe con l\u00e1ser nombres de marcas, dise\u00f1os o marcas de tiradas limitadas en la superficie de la tapa.<\/li>\n<li><strong>Personalizaci\u00f3n de borlas:<\/strong> Elija la longitud, el material y el color de la borla seg\u00fan los motivos estacionales o culturales.<\/li>\n<\/ol>","protected":false},"excerpt":{"rendered":"<p>Elegantes frascos roll-on para aceite con dise\u00f1o de vidrio dorado repujado, ideales para aceites esenciales. Suministro directo de f\u00e1brica con personalizaci\u00f3n al por mayor.<\/p>","protected":false},"featured_media":5912,"template":"","meta":{"postBodyCss":"","postBodyMargin":[],"postBodyPadding":[],"postBodyBackground":{"backgroundType":"classic","gradient":""}},"product_brand":[],"product_cat":[15,104,16],"product_tag":[],"class_list":{"0":"post-5908","1":"product","2":"type-product","3":"status-publish","4":"has-post-thumbnail","6":"product_cat-glass-containers","7":"product_cat-roller-ball-bottles","8":"product_cat-glass-bottles","10":"first","11":"instock","12":"shipping-taxable","13":"product-type-simple"},"jetpack_sharing_enabled":true,"_links":{"self":[{"href":"https:\/\/minghanggroup.com\/es\/wp-json\/wp\/v2\/product\/5908","targetHints":{"allow":["GET"]}}],"collection":[{"href":"https:\/\/minghanggroup.com\/es\/wp-json\/wp\/v2\/product"}],"about":[{"href":"https:\/\/minghanggroup.com\/es\/wp-json\/wp\/v2\/types\/product"}],"wp:featuredmedia":[{"embeddable":true,"href":"https:\/\/minghanggroup.com\/es\/wp-json\/wp\/v2\/media\/5912"}],"wp:attachment":[{"href":"https:\/\/minghanggroup.com\/es\/wp-json\/wp\/v2\/media?parent=5908"}],"wp:term":[{"taxonomy":"product_brand","embeddable":true,"href":"https:\/\/minghanggroup.com\/es\/wp-json\/wp\/v2\/product_brand?post=5908"},{"taxonomy":"product_cat","embeddable":true,"href":"https:\/\/minghanggroup.com\/es\/wp-json\/wp\/v2\/product_cat?post=5908"},{"taxonomy":"product_tag","embeddable":true,"href":"https:\/\/minghanggroup.com\/es\/wp-json\/wp\/v2\/product_tag?post=5908"}],"curies":[{"name":"wp","href":"https:\/\/api.w.org\/{rel}","templated":true}]}}