{"id":5900,"date":"2026-03-03T13:20:35","date_gmt":"2026-03-03T05:20:35","guid":{"rendered":"https:\/\/minghanggroup.com\/?post_type=product&#038;p=5900"},"modified":"2026-03-03T14:16:22","modified_gmt":"2026-03-03T06:16:22","slug":"metallic-finish-glass-dropper-oil-bottle-wholesale","status":"publish","type":"product","link":"https:\/\/minghanggroup.com\/es\/producto\/metallic-finish-glass-dropper-oil-bottle-wholesale\/","title":{"rendered":"Botella de aceite con gotero de vidrio con acabado met\u00e1lico de 5 ml a 100 ml al por mayor"},"content":{"rendered":"<p>Esta botella de aceite con gotero viene en un acabado met\u00e1lico muy brillante disponible en oro y plata, varios tama\u00f1os y provisiones de varias tapas cuentagotas que deben usarse para asegurar que haya una dispensaci\u00f3n precisa del aceite.<\/p>\n<h2>Caracter\u00edsticas del producto<\/h2>\n<ul>\n<li><strong>Brillo met\u00e1lico de alto impacto:<\/strong> El ba\u00f1o de oro o plata es fiel a un espejo y produce un impacto instant\u00e1neo de exuberancia.<\/li>\n<li><strong>Dise\u00f1o cil\u00edndrico simple:<\/strong> Se trata de un dise\u00f1o cil\u00edndrico simple pero robusto, tan fuerte y sencillo que ofrece una experiencia de alta calidad y una gran estabilidad.<\/li>\n<li><strong>M\u00faltiples opciones de The Cap:<\/strong> Hay una tapa de presi\u00f3n tipo gota o de rosca que es segura y conveniente.<\/li>\n<\/ul>\n<h2 style=\"text-align: left;\">Especificaciones clave<\/h2>\n<table class=\"aligncenter\" style=\"border-collapse: collapse; width: 425.27pt;\" border=\"0\" width=\"567\" cellspacing=\"0\" cellpadding=\"0\">\n<tbody>\n<tr style=\"height: 13.50pt;\">\n<td style=\"height: 13.50pt; width: 123.00pt;\" width=\"164\" height=\"18\">Especificaci\u00f3n<\/td>\n<td style=\"width: 302.25pt;\" width=\"403\">Detalles<\/td>\n<\/tr>\n<tr style=\"height: 13.50pt;\">\n<td style=\"height: 13.50pt;\" height=\"18\">Capacidad<\/td>\n<td>5 ml, 10 ml, 15 ml, 20 ml, 30 ml, 50 ml, 100 ml<\/td>\n<\/tr>\n<tr style=\"height: 13.50pt;\">\n<td style=\"height: 13.50pt;\" height=\"18\">Dimensiones<\/td>\n<td>2,2 \u00d7 7,3 cm a 4,4 \u00d7 13,4 cm (di\u00e1metro \u00d7 altura)<\/td>\n<\/tr>\n<tr style=\"height: 13.50pt;\">\n<td style=\"height: 13.50pt;\" height=\"18\">Material<\/td>\n<td>Vidrio con acabado galvanizado en oro o plata.<\/td>\n<\/tr>\n<tr style=\"height: 13.50pt;\">\n<td style=\"height: 13.50pt;\" height=\"18\">Forma de la botella<\/td>\n<td>Cilindro con conjunto gotero<\/td>\n<\/tr>\n<tr style=\"height: 13.50pt;\">\n<td style=\"height: 13.50pt;\" height=\"18\">Alcance de personalizaci\u00f3n<\/td>\n<td>Tama\u00f1o, color, acabado, tapas, tipo de gotero.<\/td>\n<\/tr>\n<tr style=\"height: 13.50pt;\">\n<td style=\"height: 13.50pt;\" height=\"18\">Artesan\u00eda<\/td>\n<td>Recubrimiento duradero de alto brillo; roscado preciso<\/td>\n<\/tr>\n<tr style=\"height: 13.50pt;\">\n<td style=\"height: 13.50pt;\" height=\"18\">Prop\u00f3sito del producto<\/td>\n<td>Botellas de aceites faciales, botellas de vidrio con gotero al por mayor<\/td>\n<\/tr>\n<tr style=\"height: 13.50pt;\">\n<td style=\"height: 13.50pt;\" height=\"18\">Industrias adecuadas<\/td>\n<td>Cosm\u00e9ticos de lujo, marcas de cuidado de la piel<\/td>\n<\/tr>\n<\/tbody>\n<\/table>\n<h2>Historia de \u00e9xito: Colecci\u00f3n Metallic de la marca de cuidado de la piel de Los \u00c1ngeles<\/h2>\n<p>Una de las marcas de cuidado de la piel m\u00e1s populares de Los \u00c1ngeles encarg\u00f3 el frasco de aceite con gotero met\u00e1lico dorado de 30 ml y un tap\u00f3n especial a presi\u00f3n. Este aspecto tan popular se viraliz\u00f3 en redes sociales a un ritmo vertiginoso y gener\u00f3 m\u00e1s de 100.000 comentarios. El tama\u00f1o de 30 ml es adecuado despu\u00e9s de 60 d\u00edas. Este era el envase permanente de todos sus s\u00e9rums, y la marca tuvo una gran acogida, por lo que encarg\u00f3 otros 1,8 millones de frascos.<\/p>\n<h2>Personalizaci\u00f3n de frascos cuentagotas de vidrio al por mayor<\/h2>\n<ul>\n<li>Acabados met\u00e1licos: Oro rosa, cobre, bronce, cromo negro o hologr\u00e1fico.<\/li>\n<li>Acabados met\u00e1licos mate y brillante: Acabado espejo mate y brillante Disponible en acabado cepillado, normal y en acabado espejo mate satinado.<\/li>\n<li>Gorras personalizadas en relieve: Gorras de metal o pl\u00e1stico en relieve Dise\u00f1adas con patrones en relieve o logotipos bordados.<\/li>\n<\/ul>","protected":false},"excerpt":{"rendered":"<p>Frasco gotero de lujo para aceite con acabado electrochapado en oro y plata. Frascos goteros de vidrio al por mayor para sueros de lujo. Muestras gratuitas disponibles. Env\u00edo r\u00e1pido.<\/p>","protected":false},"featured_media":5904,"template":"","meta":{"postBodyCss":"","postBodyMargin":[],"postBodyPadding":[],"postBodyBackground":{"backgroundType":"classic","gradient":""}},"product_brand":[],"product_cat":[15,87,16],"product_tag":[],"class_list":{"0":"post-5900","1":"product","2":"type-product","3":"status-publish","4":"has-post-thumbnail","6":"product_cat-glass-containers","7":"product_cat-dropper-bottles","8":"product_cat-glass-bottles","10":"first","11":"instock","12":"shipping-taxable","13":"product-type-simple"},"jetpack_sharing_enabled":true,"_links":{"self":[{"href":"https:\/\/minghanggroup.com\/es\/wp-json\/wp\/v2\/product\/5900","targetHints":{"allow":["GET"]}}],"collection":[{"href":"https:\/\/minghanggroup.com\/es\/wp-json\/wp\/v2\/product"}],"about":[{"href":"https:\/\/minghanggroup.com\/es\/wp-json\/wp\/v2\/types\/product"}],"wp:featuredmedia":[{"embeddable":true,"href":"https:\/\/minghanggroup.com\/es\/wp-json\/wp\/v2\/media\/5904"}],"wp:attachment":[{"href":"https:\/\/minghanggroup.com\/es\/wp-json\/wp\/v2\/media?parent=5900"}],"wp:term":[{"taxonomy":"product_brand","embeddable":true,"href":"https:\/\/minghanggroup.com\/es\/wp-json\/wp\/v2\/product_brand?post=5900"},{"taxonomy":"product_cat","embeddable":true,"href":"https:\/\/minghanggroup.com\/es\/wp-json\/wp\/v2\/product_cat?post=5900"},{"taxonomy":"product_tag","embeddable":true,"href":"https:\/\/minghanggroup.com\/es\/wp-json\/wp\/v2\/product_tag?post=5900"}],"curies":[{"name":"wp","href":"https:\/\/api.w.org\/{rel}","templated":true}]}}