{"id":5866,"date":"2026-03-02T15:28:45","date_gmt":"2026-03-02T07:28:45","guid":{"rendered":"https:\/\/minghanggroup.com\/?post_type=product&#038;p=5866"},"modified":"2026-03-03T09:14:31","modified_gmt":"2026-03-03T01:14:31","slug":"clear-glass-bottles-for-essential-oils-bulk","status":"publish","type":"product","link":"https:\/\/minghanggroup.com\/es\/producto\/clear-glass-bottles-for-essential-oils-bulk\/","title":{"rendered":"Botellas de vidrio transparente de 20 ml a 100 ml para aceites esenciales a granel"},"content":{"rendered":"<p>\u00bfCansado de que los aceites esenciales se desti\u00f1an en envases transparentes? Nuestras botellas de vidrio para aceites esenciales son la soluci\u00f3n. Los frascos de vidrio con gotero, disponibles al por mayor, tienen un acabado esmerilado: vidrio de alta calidad que bloquea los rayos UV y ofrece una sensaci\u00f3n de lujo. \u00bfTama\u00f1o del frasco? Desde 20 ml (perfecto para muestras de 28 ml) hasta 100 ml. \u00bfGotero? Frascos de vidrio de precisi\u00f3n con gotero.<\/p>\n<h2>Caracter\u00edsticas del producto<\/h2>\n<ul>\n<li><strong>Acabados multisuperficie:<\/strong> Tiene una variedad de vidrios de alta transparencia y acabados de vidrio mate de moda que est\u00e1n disponibles en varias marcas.<\/li>\n<li><strong>M\u00faltiples opciones de capacidad:<\/strong> Permite varias opciones de volumen para adaptarse a paquetes de viaje, minoristas o profesionales.<\/li>\n<li><strong>Dise\u00f1o de cuello de rosca seguro:<\/strong> La estructura de sellado herm\u00e9tico evita fugas durante el almacenamiento y el transporte.<\/li>\n<\/ul>\n<h2>Especificaciones clave<\/h2>\n<p>&nbsp;<\/p>\n<table style=\"border-collapse: collapse; width: 80%; margin-left: auto; margin-right: auto;\" border=\"0\" width=\"288\" cellspacing=\"0\" cellpadding=\"0\">\n<tbody>\n<tr style=\"height: 13.50pt;\">\n<td style=\"height: 13.5pt; width: 54pt; text-align: center;\" width=\"72\" height=\"18\">Capacidad<\/td>\n<td style=\"width: 54pt; text-align: center;\" width=\"72\">Dimensiones (\u00d8 x Al)<\/td>\n<td style=\"width: 54pt; text-align: center;\" width=\"72\">Finalizar<\/td>\n<td style=\"width: 54pt; text-align: center;\" width=\"72\">Accesorios<\/td>\n<\/tr>\n<tr style=\"height: 13.50pt;\">\n<td style=\"height: 13.5pt; text-align: center;\" align=\"right\" height=\"18\">20<\/td>\n<td style=\"text-align: center;\">3,7 \u00d7 7,8<\/td>\n<td class=\"et2\" style=\"text-align: center;\" rowspan=\"7\">Esmerilado\/Transparente<\/td>\n<td class=\"et2\" style=\"text-align: center;\" rowspan=\"7\">Gotero de goma + sello interior<\/td>\n<\/tr>\n<tr style=\"height: 13.50pt;\">\n<td style=\"height: 13.5pt; text-align: center;\" align=\"right\" height=\"18\">30<\/td>\n<td style=\"text-align: center;\">3,7 \u00d7 9,1<\/td>\n<\/tr>\n<tr style=\"height: 13.50pt;\">\n<td style=\"height: 13.5pt; text-align: center;\" align=\"right\" height=\"18\">50<\/td>\n<td style=\"text-align: center;\">3,7 \u00d7 10,5<\/td>\n<\/tr>\n<tr style=\"height: 13.50pt;\">\n<td style=\"height: 13.5pt; text-align: center;\" align=\"right\" height=\"18\">60<\/td>\n<td style=\"text-align: center;\">3,7 \u00d7 13,2<\/td>\n<\/tr>\n<tr style=\"height: 13.50pt;\">\n<td style=\"height: 13.5pt; text-align: center;\" align=\"right\" height=\"18\">80<\/td>\n<td style=\"text-align: center;\">3,9 \u00d7 14,2<\/td>\n<\/tr>\n<tr style=\"height: 13.50pt;\">\n<td style=\"height: 13.5pt; text-align: center;\" align=\"right\" height=\"18\">100<\/td>\n<td style=\"text-align: center;\">4,1 \u00d7 15,5<\/td>\n<\/tr>\n<\/tbody>\n<\/table>\n<h2>Caso de \u00e9xito<\/h2>\n<p>Una marca de cuidado de la piel (con sede en EE. UU.), que est\u00e1 a punto de lanzar un nuevo s\u00e9rum de vitamina C, finalmente se decidi\u00f3 por nuestro frasco gotero de vidrio de 60 ml, ya que est\u00e1 disponible en versiones transparente y esmerilada. El cliente eligi\u00f3 un frasco esmerilado de 30 ml como su l\u00ednea principal de s\u00e9rums y un frasco transparente de 15 ml como formato de viaje. Dise\u00f1amos uno de nuestros cuellos de aluminio dorado mate para que se ajustara a la paleta de colores de su marca. Adem\u00e1s, utilizamos serigraf\u00eda blanca con una superficie resistente a los ara\u00f1azos para que el logotipo de la marca fuera f\u00e1cilmente visible durante el env\u00edo y la venta.<\/p>\n<p>Las llamadas de ventas a trav\u00e9s de Internet hab\u00edan aumentado un 29 por ciento despu\u00e9s de tres meses desde el lanzamiento del producto y la marca hab\u00eda hecho de esta botella su envase est\u00e1ndar para el suero.<\/p>\n<h2>Opciones de personalizaci\u00f3n<\/h2>\n<ol>\n<li><strong>Mejora del acabado del collar de metal:<\/strong> Seleccione un acabado met\u00e1lico m\u00e1s elegante: cepillado, mate, brillante o anodizado.<\/li>\n<li><strong>Marcas de medici\u00f3n impresas:<\/strong> Agregue ligeras marcas de volumen en la pipeta cuando utilice formulaciones de uso profesional.<\/li>\n<li><strong>Adici\u00f3n de tap\u00f3n interior:<\/strong> A\u00f1ade un reductor o tap\u00f3n en el interior para regular el caudal de l\u00edquidos m\u00e1s finos.<\/li>\n<\/ol>","protected":false},"excerpt":{"rendered":"<p>Botellas de vidrio resistentes para aceites esenciales con goteros de precisi\u00f3n, disponibles a granel. Suministro directo de f\u00e1brica con personalizaci\u00f3n al por mayor.<\/p>","protected":false},"featured_media":5879,"template":"","meta":{"postBodyCss":"","postBodyMargin":[],"postBodyPadding":[],"postBodyBackground":{"backgroundType":"classic","gradient":""}},"product_brand":[],"product_cat":[15,87,16],"product_tag":[],"class_list":{"0":"post-5866","1":"product","2":"type-product","3":"status-publish","4":"has-post-thumbnail","6":"product_cat-glass-containers","7":"product_cat-dropper-bottles","8":"product_cat-glass-bottles","10":"first","11":"instock","12":"shipping-taxable","13":"product-type-simple"},"jetpack_sharing_enabled":true,"_links":{"self":[{"href":"https:\/\/minghanggroup.com\/es\/wp-json\/wp\/v2\/product\/5866","targetHints":{"allow":["GET"]}}],"collection":[{"href":"https:\/\/minghanggroup.com\/es\/wp-json\/wp\/v2\/product"}],"about":[{"href":"https:\/\/minghanggroup.com\/es\/wp-json\/wp\/v2\/types\/product"}],"wp:featuredmedia":[{"embeddable":true,"href":"https:\/\/minghanggroup.com\/es\/wp-json\/wp\/v2\/media\/5879"}],"wp:attachment":[{"href":"https:\/\/minghanggroup.com\/es\/wp-json\/wp\/v2\/media?parent=5866"}],"wp:term":[{"taxonomy":"product_brand","embeddable":true,"href":"https:\/\/minghanggroup.com\/es\/wp-json\/wp\/v2\/product_brand?post=5866"},{"taxonomy":"product_cat","embeddable":true,"href":"https:\/\/minghanggroup.com\/es\/wp-json\/wp\/v2\/product_cat?post=5866"},{"taxonomy":"product_tag","embeddable":true,"href":"https:\/\/minghanggroup.com\/es\/wp-json\/wp\/v2\/product_tag?post=5866"}],"curies":[{"name":"wp","href":"https:\/\/api.w.org\/{rel}","templated":true}]}}