{"id":5823,"date":"2026-03-02T11:56:50","date_gmt":"2026-03-02T03:56:50","guid":{"rendered":"https:\/\/minghanggroup.com\/?post_type=product&#038;p=5823"},"modified":"2026-03-02T13:52:30","modified_gmt":"2026-03-02T05:52:30","slug":"gold-gourd-essential-oil-bottles-and-droppers-bulk","status":"publish","type":"product","link":"https:\/\/minghanggroup.com\/es\/producto\/gold-gourd-essential-oil-bottles-and-droppers-bulk\/","title":{"rendered":"Aceite esencial de calabaza dorada (10 ml - 100 ml) en frascos y goteros a granel"},"content":{"rendered":"<p>Los frascos y goteros de aceites esenciales tienen un dise\u00f1o \u00fanico de doble calabaza, hechos de vidrio brillante chapado en oro y una tapa gotero a juego hecha de oro y una punta gotero de silicona blanca suave para dispensar las gotas con precisi\u00f3n.<\/p>\n<h2>Caracter\u00edsticas del producto<\/h2>\n<ul>\n<li><strong>Forma de calabaza:<\/strong> La buena fortuna, la salud y la armon\u00eda est\u00e1n simbolizadas por la auspiciosa forma de doble calabaza.<\/li>\n<li><strong>Deslumbrante ba\u00f1o de oro:<\/strong> El ba\u00f1o de oro brillante le dar\u00e1 instant\u00e1neamente un toque sofisticado y elegante.<\/li>\n<li><strong>Gotero a juego:<\/strong> El tap\u00f3n cuentagotas dorado suministrado, cuya forma esf\u00e9rica blanca ha sido dise\u00f1ada, garantiza un ajuste est\u00e9tico ideal del tap\u00f3n y la botella.<\/li>\n<\/ul>\n<h2 style=\"text-align: left;\">Especificaciones clave<\/h2>\n<table class=\"aligncenter\" style=\"border-collapse: collapse; width: 447.77pt;\" border=\"0\" width=\"597\" cellspacing=\"0\" cellpadding=\"0\">\n<tbody>\n<tr style=\"height: 13.50pt;\">\n<td style=\"height: 13.50pt; width: 115.50pt;\" width=\"154\" height=\"18\">Especificaci\u00f3n<\/td>\n<td style=\"width: 332.25pt;\" width=\"443\">Detalles<\/td>\n<\/tr>\n<tr style=\"height: 13.50pt;\">\n<td style=\"height: 13.50pt;\" height=\"18\">Capacidad<\/td>\n<td>10 ml, 20 ml, 30 ml, 50 ml, 100 ml<\/td>\n<\/tr>\n<tr style=\"height: 13.50pt;\">\n<td style=\"height: 13.50pt;\" height=\"18\">Dimensiones<\/td>\n<td>3\u00d75,3 cm a 5,6\u00d712,5 cm (di\u00e1metro \u00d7 altura)<\/td>\n<\/tr>\n<tr style=\"height: 13.50pt;\">\n<td style=\"height: 13.50pt;\" height=\"18\">Material<\/td>\n<td>Vidrio con espejo - Galvanoplastia dorada<\/td>\n<\/tr>\n<tr style=\"height: 13.50pt;\">\n<td style=\"height: 13.50pt;\" height=\"18\">Forma de la botella<\/td>\n<td>Calabaza tradicional de doble esfera<\/td>\n<\/tr>\n<tr style=\"height: 13.50pt;\">\n<td style=\"height: 13.50pt;\" height=\"18\">Alcance de personalizaci\u00f3n<\/td>\n<td>Acabado enchapado, Adorno de piedras preciosas, Acabado, Tapas<\/td>\n<\/tr>\n<tr style=\"height: 13.50pt;\">\n<td style=\"height: 13.50pt;\" height=\"18\">Artesan\u00eda<\/td>\n<td>Soplado de vidrio complejo para la forma de calabaza<\/td>\n<\/tr>\n<tr style=\"height: 13.50pt;\">\n<td style=\"height: 13.50pt;\" height=\"18\">Prop\u00f3sito del producto<\/td>\n<td>Frascos goteros de vidrio, frascos y goteros para aceites esenciales<\/td>\n<\/tr>\n<tr style=\"height: 13.50pt;\">\n<td style=\"height: 13.50pt;\" height=\"18\">Industrias adecuadas<\/td>\n<td>Marcas de aromaterapia de lujo, proveedores de regalos de bienestar<\/td>\n<\/tr>\n<\/tbody>\n<\/table>\n<h2>Historia de \u00e9xito: Colecci\u00f3n exclusiva de una marca de fragancias de lujo de Oriente Medio<\/h2>\n<p>Una de las marcas de fragancias m\u00e1s conocidas de Oriente Medio seleccion\u00f3 nuestra botella de aceite dorada de 30 ml sin gotero, con un cristal Swarovski en la base del cuello. Su herencia cultural impresionaba por su forma de calabaza, lo que impuls\u00f3 las ventas de su producto en un 70 % en su mercado local. El ba\u00f1o de oro ayuda a evitar la oxidaci\u00f3n y la decoloraci\u00f3n de los aceites esenciales, manteni\u00e9ndolos brillantes incluso despu\u00e9s de m\u00e1s de cinco a\u00f1os. La marca fue un \u00e9xito rotundo, y su siguiente pedido fue de 750\u00a0000 botellas como un paquete exclusivo de todos sus aceites esenciales de lujo.<\/p>\n<h2>Personalizaci\u00f3n de botellas y goteros de aceites esenciales<\/h2>\n<ul>\n<li>Otros recubrimientos: Viene en dise\u00f1o de calabaza en oro rosa, oro antiguo, plata o cromo negro.<\/li>\n<li>Tama\u00f1o y proporci\u00f3n: Modificando los porcentajes de las dos esferas la forma de la calabaza se interpretar\u00e1 de una manera m\u00e1s moderna o tradicional.<\/li>\n<li>Adorno: Al cuello a\u00f1adir vidrio fusionado en forma de hojas, o fijar una puntita de alguna piedra semipreciosa en la cintura.<\/li>\n<\/ul>","protected":false},"excerpt":{"rendered":"<p>Elegantes botellas y goteros para aceites esenciales con dise\u00f1o de calabaza dorada. Botella de aceite resistente con gotero disponible en varios tama\u00f1os. Env\u00edo r\u00e1pido para grandes cantidades. Disponible en stock.<\/p>","protected":false},"featured_media":5824,"template":"","meta":{"postBodyCss":"","postBodyMargin":[],"postBodyPadding":[],"postBodyBackground":{"backgroundType":"classic","gradient":""}},"product_brand":[],"product_cat":[15,87,16],"product_tag":[],"class_list":{"0":"post-5823","1":"product","2":"type-product","3":"status-publish","4":"has-post-thumbnail","6":"product_cat-glass-containers","7":"product_cat-dropper-bottles","8":"product_cat-glass-bottles","10":"first","11":"instock","12":"shipping-taxable","13":"product-type-simple"},"jetpack_sharing_enabled":true,"_links":{"self":[{"href":"https:\/\/minghanggroup.com\/es\/wp-json\/wp\/v2\/product\/5823","targetHints":{"allow":["GET"]}}],"collection":[{"href":"https:\/\/minghanggroup.com\/es\/wp-json\/wp\/v2\/product"}],"about":[{"href":"https:\/\/minghanggroup.com\/es\/wp-json\/wp\/v2\/types\/product"}],"wp:featuredmedia":[{"embeddable":true,"href":"https:\/\/minghanggroup.com\/es\/wp-json\/wp\/v2\/media\/5824"}],"wp:attachment":[{"href":"https:\/\/minghanggroup.com\/es\/wp-json\/wp\/v2\/media?parent=5823"}],"wp:term":[{"taxonomy":"product_brand","embeddable":true,"href":"https:\/\/minghanggroup.com\/es\/wp-json\/wp\/v2\/product_brand?post=5823"},{"taxonomy":"product_cat","embeddable":true,"href":"https:\/\/minghanggroup.com\/es\/wp-json\/wp\/v2\/product_cat?post=5823"},{"taxonomy":"product_tag","embeddable":true,"href":"https:\/\/minghanggroup.com\/es\/wp-json\/wp\/v2\/product_tag?post=5823"}],"curies":[{"name":"wp","href":"https:\/\/api.w.org\/{rel}","templated":true}]}}