{"id":5818,"date":"2026-03-02T08:48:32","date_gmt":"2026-03-02T00:48:32","guid":{"rendered":"https:\/\/minghanggroup.com\/?post_type=product&#038;p=5818"},"modified":"2026-03-03T13:29:25","modified_gmt":"2026-03-03T05:29:25","slug":"frosted-white-glass-dropper-bottles-wholesale","status":"publish","type":"product","link":"https:\/\/minghanggroup.com\/es\/producto\/frosted-white-glass-dropper-bottles-wholesale\/","title":{"rendered":"Frascos cuentagotas de vidrio blanco esmerilado de 5 ml a 100 ml al por mayor"},"content":{"rendered":"<p>Estos frascos cuentagotas de vidrio tienen una superficie blanca lisa y esmerilada, adem\u00e1s de una forma redonda y minimalista. Est\u00e1n disponibles en varios tama\u00f1os y acabados con tapas cuentagotas de metal brillante en plata u oro rosa, que se adaptan perfectamente a los envases premium de productos para la salud y el cuidado de la piel.<\/p>\n<h2>Caracter\u00edsticas del producto<\/h2>\n<ul>\n<li><strong>Textura escarchada:<\/strong> La superficie de vidrio esmerilado blanco mate es suave al tacto y tiene una sensaci\u00f3n de alta calidad, no queda marcada por huellas dactilares.<\/li>\n<li><strong>Sistema de gotero de precisi\u00f3n:<\/strong> El gotero con punta de silicona integrado es un gotero de vidrio que permite dispersarlo con precisi\u00f3n.<\/li>\n<li><strong>Seis tama\u00f1os:<\/strong> Siete opciones de tama\u00f1o, que van desde 5 ml a 100 ml para adaptarse al tama\u00f1o de muestra, tama\u00f1o de viaje y todo el producto de tama\u00f1o completo.<\/li>\n<\/ul>\n<h2 style=\"text-align: left;\">Especificaciones clave<\/h2>\n<table class=\"aligncenter\" style=\"border-collapse: collapse; width: 447.77pt;\" border=\"0\" width=\"597\" cellspacing=\"0\" cellpadding=\"0\">\n<tbody>\n<tr style=\"height: 13.50pt;\">\n<td style=\"height: 13.50pt; width: 115.50pt;\" width=\"154\" height=\"18\">Especificaci\u00f3n<\/td>\n<td style=\"width: 332.25pt;\" width=\"443\">Detalles<\/td>\n<\/tr>\n<tr style=\"height: 13.50pt;\">\n<td style=\"height: 13.50pt;\" height=\"18\">Capacidad<\/td>\n<td>5 ml, 10 ml, 15 ml, 20 ml, 30 ml, 50 ml, 100 ml<\/td>\n<\/tr>\n<tr style=\"height: 13.50pt;\">\n<td style=\"height: 13.50pt;\" height=\"18\">Dimensiones<\/td>\n<td>2,2\u00d77,3 cm a 4,5\u00d713,5 cm (di\u00e1metro \u00d7 altura)<\/td>\n<\/tr>\n<tr style=\"height: 13.50pt;\">\n<td style=\"height: 13.50pt;\" height=\"18\">Material<\/td>\n<td>Vidrio blanco esmerilado, gotero de vidrio<\/td>\n<\/tr>\n<tr style=\"height: 13.50pt;\">\n<td style=\"height: 13.50pt;\" height=\"18\">Forma de la botella<\/td>\n<td>Cilindro corto con conjunto gotero<\/td>\n<\/tr>\n<tr style=\"height: 13.50pt;\">\n<td style=\"height: 13.50pt;\" height=\"18\">Alcance de personalizaci\u00f3n<\/td>\n<td>Tama\u00f1o, color, acabado, punta del gotero<\/td>\n<\/tr>\n<tr style=\"height: 13.50pt;\">\n<td style=\"height: 13.50pt;\" height=\"18\">Artesan\u00eda<\/td>\n<td>Conformado de vidrio de precisi\u00f3n con tratamiento de superficie esmerilada<\/td>\n<\/tr>\n<tr style=\"height: 13.50pt;\">\n<td style=\"height: 13.50pt;\" height=\"18\">Prop\u00f3sito del producto<\/td>\n<td>Frascos de suero de lujo, frascos de vidrio con gotero<\/td>\n<\/tr>\n<tr style=\"height: 13.50pt;\">\n<td style=\"height: 13.50pt;\" height=\"18\">Industrias adecuadas<\/td>\n<td>Marcas de cuidado de la piel de lujo, empresas de aromaterapia<\/td>\n<\/tr>\n<\/tbody>\n<\/table>\n<h2>Historia de \u00e9xito<\/h2>\n<p>Nuestra botella de vidrio blanco esmerilado de 30 ml con gotero, tap\u00f3n en oro rosa y serigraf\u00eda minimalista fue personalizada por una empresa n\u00f3rdica minimalista de cuidado de la piel. La textura esmerilada, un elemento distintivo del dise\u00f1o, fue mencionada m\u00e1s de 50.000 veces en redes sociales. El gotero garantiza que el producto no se exponga a las f\u00f3rmulas sensibles. La capacidad de 30 ml es suficiente para 60 d\u00edas. La marca tuvo mucho \u00e9xito y posteriormente encarg\u00f3 otros 2,5 millones de botellas para satisfacer su demanda de expansi\u00f3n global en los mercados de Asia y Norteam\u00e9rica.<\/p>\n<h2>Personalizaci\u00f3n de frascos cuentagotas de vidrio<\/h2>\n<ul>\n<li><strong>Acabados de tapa de metal:<\/strong> Las tapas de metal vienen en cualquiera de los siguientes acabados: oro cepillado, negro mate, cromo pulido o PVD personalizado.<\/li>\n<li><strong>Acabados de escarcha sumergida en color:<\/strong> Otros colores pastel suaves (rosa ruborizado y verde salvia) tambi\u00e9n tienen acabados escarchados adem\u00e1s del blanco tradicional.<\/li>\n<li><strong>Goteros de vidrio graduados:<\/strong> Esta versi\u00f3n incluye graduaciones grabadas permanentes en los goteros de vidrio para realizar pruebas cient\u00edficas f\u00e1cilmente o fabricar herramientas de bricolaje de gran precisi\u00f3n.<\/li>\n<\/ul>","protected":false},"excerpt":{"rendered":"<p>Botella de vidrio premium con gotero, elaborada en blanco mate esmerilado. Disponible en varios tama\u00f1os para sueros y aceites. Muestras gratuitas disponibles.<\/p>","protected":false},"featured_media":5820,"template":"","meta":{"postBodyCss":"","postBodyMargin":[],"postBodyPadding":[],"postBodyBackground":{"backgroundType":"classic","gradient":""}},"product_brand":[],"product_cat":[15,87,16],"product_tag":[],"class_list":{"0":"post-5818","1":"product","2":"type-product","3":"status-publish","4":"has-post-thumbnail","6":"product_cat-glass-containers","7":"product_cat-dropper-bottles","8":"product_cat-glass-bottles","10":"first","11":"instock","12":"shipping-taxable","13":"product-type-simple"},"jetpack_sharing_enabled":true,"_links":{"self":[{"href":"https:\/\/minghanggroup.com\/es\/wp-json\/wp\/v2\/product\/5818","targetHints":{"allow":["GET"]}}],"collection":[{"href":"https:\/\/minghanggroup.com\/es\/wp-json\/wp\/v2\/product"}],"about":[{"href":"https:\/\/minghanggroup.com\/es\/wp-json\/wp\/v2\/types\/product"}],"wp:featuredmedia":[{"embeddable":true,"href":"https:\/\/minghanggroup.com\/es\/wp-json\/wp\/v2\/media\/5820"}],"wp:attachment":[{"href":"https:\/\/minghanggroup.com\/es\/wp-json\/wp\/v2\/media?parent=5818"}],"wp:term":[{"taxonomy":"product_brand","embeddable":true,"href":"https:\/\/minghanggroup.com\/es\/wp-json\/wp\/v2\/product_brand?post=5818"},{"taxonomy":"product_cat","embeddable":true,"href":"https:\/\/minghanggroup.com\/es\/wp-json\/wp\/v2\/product_cat?post=5818"},{"taxonomy":"product_tag","embeddable":true,"href":"https:\/\/minghanggroup.com\/es\/wp-json\/wp\/v2\/product_tag?post=5818"}],"curies":[{"name":"wp","href":"https:\/\/api.w.org\/{rel}","templated":true}]}}