{"id":5808,"date":"2026-02-28T14:37:41","date_gmt":"2026-02-28T06:37:41","guid":{"rendered":"https:\/\/minghanggroup.com\/?post_type=product&#038;p=5808"},"modified":"2026-02-28T15:09:50","modified_gmt":"2026-02-28T07:09:50","slug":"colored-empty-bottles-with-dropper-wholesale","status":"publish","type":"product","link":"https:\/\/minghanggroup.com\/es\/producto\/colored-empty-bottles-with-dropper-wholesale\/","title":{"rendered":"Botellas vac\u00edas de colores con gotero (20 ml, 30 ml, 40 ml y 50 ml) al por mayor"},"content":{"rendered":"<p>La botella con gotero de vidrio tiene una combinaci\u00f3n de colores que recuerda al macarr\u00f3n, que es elegante y de forma cil\u00edndrica, con un gotero de vidrio adjunto, lo que la convierte en la mejor opci\u00f3n para almacenar sueros, aceites faciales y otros.<\/p>\n<h2>Caracter\u00edsticas del producto<\/h2>\n<ul>\n<li><strong>Esquema de colores de macarrones:<\/strong> Viene en cuatro colores de macarons, incluidos naranja, rosa, verde claro y fucsia, lo que resulta est\u00e9ticamente agradable y llamativo debido al mercado de consumidores de belleza joven.<\/li>\n<li><strong>Varios tama\u00f1os para ser port\u00e1til:<\/strong> Proporciona cuatro tama\u00f1os de capacidad para satisfacer los requisitos de dispensaci\u00f3n de muestras y portabilidad de sueros, aceites y otros productos para el cuidado de la piel.<\/li>\n<li><strong>Dise\u00f1o de botella cil\u00edndrica simple:<\/strong> El dise\u00f1o cil\u00edndrico de la botella es recto, por lo que se puede almacenar y manipular f\u00e1cilmente, adem\u00e1s, consume menos \u00e1rea de exhibici\u00f3n, por lo que se puede utilizar en una amplia gama de estuches de exhibici\u00f3n y transporte.<\/li>\n<\/ul>\n<h2 style=\"text-align: left;\">Especificaciones clave<\/h2>\n<table class=\"aligncenter\" style=\"border-collapse: collapse; width: 419.27pt;\" border=\"0\" width=\"559\" cellspacing=\"0\" cellpadding=\"0\">\n<tbody>\n<tr style=\"height: 13.50pt;\">\n<td style=\"height: 13.50pt; width: 115.50pt;\" width=\"154\" height=\"18\">Especificaci\u00f3n<\/td>\n<td style=\"width: 303.75pt;\" width=\"405\">Detalles<\/td>\n<\/tr>\n<tr style=\"height: 13.50pt;\">\n<td style=\"height: 13.50pt;\" height=\"18\">Capacidad<\/td>\n<td>20 ml, 30 ml, 40 ml, 50 ml<\/td>\n<\/tr>\n<tr style=\"height: 13.50pt;\">\n<td style=\"height: 13.50pt;\" height=\"18\">Dimensiones<\/td>\n<td>3,7\u00d78cm a 3,7\u00d711,8cm (Di\u00e1metro \u00d7 Altura)<\/td>\n<\/tr>\n<tr style=\"height: 13.50pt;\">\n<td style=\"height: 13.50pt;\" height=\"18\">Material<\/td>\n<td>Vidrio (con revestimiento\/acabado de color)<\/td>\n<\/tr>\n<tr style=\"height: 13.50pt;\">\n<td style=\"height: 13.50pt;\" height=\"18\">Forma de la botella<\/td>\n<td>Cilindro de paredes rectas<\/td>\n<\/tr>\n<tr style=\"height: 13.50pt;\">\n<td style=\"height: 13.50pt;\" height=\"18\">Alcance de personalizaci\u00f3n<\/td>\n<td>Color, tama\u00f1o, material de la tapa\/gotero, acabado de la superficie<\/td>\n<\/tr>\n<tr style=\"height: 13.50pt;\">\n<td style=\"height: 13.50pt;\" height=\"18\">Artesan\u00eda<\/td>\n<td>Conformado de vidrio de precisi\u00f3n con aplicaci\u00f3n de color.<\/td>\n<\/tr>\n<tr style=\"height: 13.50pt;\">\n<td style=\"height: 13.50pt;\" height=\"18\">Prop\u00f3sito del producto<\/td>\n<td>Muestras de cosm\u00e9ticos, frascos con gotero.<\/td>\n<\/tr>\n<tr style=\"height: 13.50pt;\">\n<td style=\"height: 13.50pt;\" height=\"18\">Industrias adecuadas<\/td>\n<td>Cosm\u00e9ticos, marcas de belleza independientes<\/td>\n<\/tr>\n<\/tbody>\n<\/table>\n<h2>Historia de \u00e9xito<\/h2>\n<p>Una de las empresas m\u00e1s grandes que env\u00eda suscripciones de belleza solicit\u00f3 usar nuestras botellas de 30 ml con gotero en su propia paleta de colores, pero modific\u00f3 la textura suave para darle un toque escarchado en su verde menta. Este sistema de codificaci\u00f3n por colores permite a los suscriptores decidir r\u00e1pidamente sobre el tipo de producto y reducir\u00e1 las consultas de servicio al cliente en un 25 %. El tama\u00f1o de 30 ml ser\u00e1 suficiente para cubrir un mes. Las necesidades de suministro durante todo el a\u00f1o obligaron a la empresa a solicitar posteriormente un total de 1,5 millones de botellas debido a su fenomenal rendimiento.<\/p>\n<h2>Personalizaci\u00f3n de Botellas con Gotero<\/h2>\n<ul>\n<li>Carta de colores personalizada: Dise\u00f1a tu propia mezcla de colores suaves o vibrantes bajo una de tus marcas.<\/li>\n<li>Efectos brillantes o perlados: Se pueden a\u00f1adir part\u00edculas finas de brillo o efectos perlados al revestimiento de color para hacerlo atractivo a la vista.<\/li>\n<li>Es opaco o transparente: Se suministra en botellas transparentes y opacas.<\/li>\n<\/ul>","protected":false},"excerpt":{"rendered":"<p>Botellas color macaron con gotero en varios tama\u00f1os. Perfectas para muestras de cuidado de la piel y sets de viaje. Venta directa de f\u00e1brica que garantiza una ventaja competitiva al por mayor.<\/p>","protected":false},"featured_media":5809,"template":"","meta":{"postBodyCss":"","postBodyMargin":[],"postBodyPadding":[],"postBodyBackground":{"backgroundType":"classic","gradient":""}},"product_brand":[],"product_cat":[15,87,16],"product_tag":[],"class_list":{"0":"post-5808","1":"product","2":"type-product","3":"status-publish","4":"has-post-thumbnail","6":"product_cat-glass-containers","7":"product_cat-dropper-bottles","8":"product_cat-glass-bottles","10":"first","11":"instock","12":"shipping-taxable","13":"product-type-simple"},"jetpack_sharing_enabled":true,"_links":{"self":[{"href":"https:\/\/minghanggroup.com\/es\/wp-json\/wp\/v2\/product\/5808","targetHints":{"allow":["GET"]}}],"collection":[{"href":"https:\/\/minghanggroup.com\/es\/wp-json\/wp\/v2\/product"}],"about":[{"href":"https:\/\/minghanggroup.com\/es\/wp-json\/wp\/v2\/types\/product"}],"wp:featuredmedia":[{"embeddable":true,"href":"https:\/\/minghanggroup.com\/es\/wp-json\/wp\/v2\/media\/5809"}],"wp:attachment":[{"href":"https:\/\/minghanggroup.com\/es\/wp-json\/wp\/v2\/media?parent=5808"}],"wp:term":[{"taxonomy":"product_brand","embeddable":true,"href":"https:\/\/minghanggroup.com\/es\/wp-json\/wp\/v2\/product_brand?post=5808"},{"taxonomy":"product_cat","embeddable":true,"href":"https:\/\/minghanggroup.com\/es\/wp-json\/wp\/v2\/product_cat?post=5808"},{"taxonomy":"product_tag","embeddable":true,"href":"https:\/\/minghanggroup.com\/es\/wp-json\/wp\/v2\/product_tag?post=5808"}],"curies":[{"name":"wp","href":"https:\/\/api.w.org\/{rel}","templated":true}]}}