{"id":5807,"date":"2026-02-28T16:26:20","date_gmt":"2026-02-28T08:26:20","guid":{"rendered":"https:\/\/minghanggroup.com\/?post_type=product&#038;p=5807"},"modified":"2026-02-28T16:33:05","modified_gmt":"2026-02-28T08:33:05","slug":"frosted-dropper-glass-bottles-bulk","status":"publish","type":"product","link":"https:\/\/minghanggroup.com\/es\/producto\/frosted-dropper-glass-bottles-bulk\/","title":{"rendered":"Botellas de vidrio esmerilado con gotero de 20 ml a 100 ml a granel"},"content":{"rendered":"<p>Tu aceite esencial merece un envase que se sienta tan lujoso como su aroma. Nuestra l\u00ednea de frascos goteros de vidrio esmerilado convierte los frascos goteros comunes en envases imprescindibles. Frascos goteros de vidrio de primera calidad con acabado mate: alta calidad para env\u00edos a prueba de fugas y protecci\u00f3n UV. Un envase que promociona tu marca de aceite esencial, no solo la contiene. \u00bfTama\u00f1o del frasco? Desde 20 ml (perfecto para muestras de 28 ml) hasta 100 ml. \u00bfGotero? Frascos de vidrio de precisi\u00f3n con gotero.<\/p>\n<h2>Caracter\u00edsticas del producto<\/h2>\n<ul>\n<li><strong>Acabado mate esmerilado:<\/strong> La textura esmerilada suave al tacto agrega una apariencia premium y tambi\u00e9n brinda un agarre c\u00f3modo y antideslizante.<\/li>\n<li><strong>Tapa cuentagotas estilo natural:<\/strong> El dise\u00f1o del collar en madera, veta o tono madera, crea un estilo sencillo, de inspiraci\u00f3n ecol\u00f3gica.<\/li>\n<li><strong>Diferentes opciones de capacidad:<\/strong> Puede elegir entre varios tama\u00f1os para adaptarse a diferentes l\u00edneas de productos para el cuidado de la piel o aceites esenciales.<\/li>\n<\/ul>\n<h2>Especificaciones clave<\/h2>\n<table style=\"border-collapse: collapse; width: 80%; margin-left: auto; margin-right: auto;\" border=\"0\" width=\"288\" cellspacing=\"0\" cellpadding=\"0\">\n<tbody>\n<tr style=\"height: 13.50pt;\">\n<td style=\"height: 13.5pt; width: 54pt; text-align: center;\" width=\"72\" height=\"18\">Capacidad (ml)<\/td>\n<td style=\"width: 54pt; text-align: center;\" width=\"72\">Dimensiones (cm)<\/td>\n<td style=\"width: 54pt; text-align: center;\" width=\"72\">Finalizar<\/td>\n<td style=\"width: 54pt; text-align: center;\" width=\"72\">Tipo de tapa<\/td>\n<\/tr>\n<tr style=\"height: 13.50pt;\">\n<td style=\"height: 13.5pt; text-align: center;\" align=\"right\" height=\"18\">20<\/td>\n<td style=\"text-align: center;\">3,7 \u00d7 7,8<\/td>\n<td class=\"et2\" style=\"text-align: center;\" rowspan=\"7\">Escarchado<\/td>\n<td class=\"et2\" style=\"text-align: center;\" rowspan=\"7\">Veta de madera + gotero blanco<\/td>\n<\/tr>\n<tr style=\"height: 13.50pt;\">\n<td style=\"height: 13.5pt; text-align: center;\" align=\"right\" height=\"18\">30<\/td>\n<td style=\"text-align: center;\">3,7 \u00d7 9,5<\/td>\n<\/tr>\n<tr style=\"height: 13.50pt;\">\n<td style=\"height: 13.5pt; text-align: center;\" align=\"right\" height=\"18\">40<\/td>\n<td style=\"text-align: center;\">3,7 \u00d7 10,7<\/td>\n<\/tr>\n<tr style=\"height: 13.50pt;\">\n<td style=\"height: 13.5pt; text-align: center;\" align=\"right\" height=\"18\">50<\/td>\n<td style=\"text-align: center;\">3,7 \u00d7 11,7<\/td>\n<\/tr>\n<tr style=\"height: 13.50pt;\">\n<td style=\"height: 13.5pt; text-align: center;\" align=\"right\" height=\"18\">60<\/td>\n<td style=\"text-align: center;\">3,7 \u00d7 13,3<\/td>\n<\/tr>\n<tr style=\"height: 13.50pt;\">\n<td style=\"height: 13.5pt; text-align: center;\" align=\"right\" height=\"18\">80<\/td>\n<td style=\"text-align: center;\">3,9 \u00d7 14,4<\/td>\n<\/tr>\n<tr style=\"height: 13.50pt;\">\n<td style=\"height: 13.5pt; text-align: center;\" align=\"right\" height=\"18\">100<\/td>\n<td style=\"text-align: center;\">4,2 \u00d7 15,8<\/td>\n<\/tr>\n<\/tbody>\n<\/table>\n<h2>Caso de \u00e9xito<\/h2>\n<p>Nuestra botella australiana de vidrio esmerilado con gotero de 60 ml fue seleccionada por una marca de belleza pura. Jugamos con la ligereza del esmerilado para que sea suave y semitransparente, resaltando ligeramente el color natural de los aceites esenciales sin resultar demasiado descuidada. Tambi\u00e9n serigrafiamos en blanco para que la etiqueta se ajuste perfectamente a su tama\u00f1o y personalizamos una etiqueta con el nombre de nuestra marca para aumentar su reconocimiento.<\/p>\n<p>Las ventas minoristas de la marca han crecido un 36 % en los cuatro meses transcurridos desde el lanzamiento del nuevo envase, y los clientes suelen destacar la textura esmerilada y la belleza natural en sus rese\u00f1as. El cliente opt\u00f3 por usar esta serie de frascos cuentagotas esmerilados como envase est\u00e1ndar para todos sus productos de aceites esenciales faciales gracias a la buena acogida del producto en el mercado.<\/p>\n<h2>Opciones de personalizaci\u00f3n<\/h2>\n<ol>\n<li><strong>Mejora del material de la tapa de madera:<\/strong> Permita que los clientes elijan entre bamb\u00fa real, madera maciza o madera, opciones de ABS con patr\u00f3n que han sido tratadas para resistir la humedad.<\/li>\n<li><strong>Logotipo en relieve o bajo relieve:<\/strong> Coloque un logotipo grabado en la parte inferior de la botella o en el collar de madera como una forma sutil de mantener la marca en la mente del cliente.<\/li>\n<li><strong>Recubrimientos especiales de superficies:<\/strong> Es posible que desees colocar una capa antihuellas o un acabado suave al tacto para que el producto sea m\u00e1s c\u00f3modo de sostener.<\/li>\n<\/ol>","protected":false},"excerpt":{"rendered":"<p>Frascos cuentagotas de vidrio forjado de estilo natural para aceites esenciales. Venta al por mayor de frascos cuentagotas de vidrio con protecci\u00f3n UV. Tapas de madera personalizadas. Muestras gratis.<\/p>","protected":false},"featured_media":5815,"template":"","meta":{"postBodyCss":"","postBodyMargin":[],"postBodyPadding":[],"postBodyBackground":{"backgroundType":"classic","gradient":""}},"product_brand":[],"product_cat":[15,87,16],"product_tag":[],"class_list":{"0":"post-5807","1":"product","2":"type-product","3":"status-publish","4":"has-post-thumbnail","6":"product_cat-glass-containers","7":"product_cat-dropper-bottles","8":"product_cat-glass-bottles","10":"first","11":"instock","12":"shipping-taxable","13":"product-type-simple"},"jetpack_sharing_enabled":true,"_links":{"self":[{"href":"https:\/\/minghanggroup.com\/es\/wp-json\/wp\/v2\/product\/5807","targetHints":{"allow":["GET"]}}],"collection":[{"href":"https:\/\/minghanggroup.com\/es\/wp-json\/wp\/v2\/product"}],"about":[{"href":"https:\/\/minghanggroup.com\/es\/wp-json\/wp\/v2\/types\/product"}],"wp:featuredmedia":[{"embeddable":true,"href":"https:\/\/minghanggroup.com\/es\/wp-json\/wp\/v2\/media\/5815"}],"wp:attachment":[{"href":"https:\/\/minghanggroup.com\/es\/wp-json\/wp\/v2\/media?parent=5807"}],"wp:term":[{"taxonomy":"product_brand","embeddable":true,"href":"https:\/\/minghanggroup.com\/es\/wp-json\/wp\/v2\/product_brand?post=5807"},{"taxonomy":"product_cat","embeddable":true,"href":"https:\/\/minghanggroup.com\/es\/wp-json\/wp\/v2\/product_cat?post=5807"},{"taxonomy":"product_tag","embeddable":true,"href":"https:\/\/minghanggroup.com\/es\/wp-json\/wp\/v2\/product_tag?post=5807"}],"curies":[{"name":"wp","href":"https:\/\/api.w.org\/{rel}","templated":true}]}}