{"id":5798,"date":"2026-02-28T14:26:05","date_gmt":"2026-02-28T06:26:05","guid":{"rendered":"https:\/\/minghanggroup.com\/?post_type=product&#038;p=5798"},"modified":"2026-02-28T14:26:07","modified_gmt":"2026-02-28T06:26:07","slug":"pink-gradient-essential-oil-bottles-wholesale","status":"publish","type":"product","link":"https:\/\/minghanggroup.com\/es\/producto\/pink-gradient-essential-oil-bottles-wholesale\/","title":{"rendered":"Botellas de aceite esencial con degradado rosa de 5 ml a 100 ml al por mayor"},"content":{"rendered":"<p>Tu aceite esencial merece un envase que luzca tan bien como funciona. Nuestras botellas de aceites esenciales al por mayor presentan un suave degradado rosa (vidrio que pasa de transparente a rosado), perfecto para las marcas modernas de aceites esenciales. Botellas con gotero para aceite hechas de vidrio premium con protecci\u00f3n UV. \u00bfTama\u00f1o de la botella? Desde 5 ml (muestras peque\u00f1as de 28 ml) hasta 100 ml. \u00bfGotero? Dise\u00f1o de vidrio de precisi\u00f3n. Tu aceite esencial se mantiene vibrante.<\/p>\n<h2>Caracter\u00edsticas del producto<\/h2>\n<ul>\n<li><strong>Acabado degradado rosa:<\/strong> Efecto de color fr\u00edo de transparente a rosa suave que parece m\u00e1s atractivo y distingue el art\u00edculo en el mercado.<\/li>\n<li><strong>Sistema de gotero de precisi\u00f3n:<\/strong> Est\u00e1 equipado con una pipeta de vidrio y una pera de goma suave, de modo que la dispensaci\u00f3n es muy precisa y f\u00e1cilmente controlable.<\/li>\n<li><strong>Dise\u00f1o de cuello de rosca seguro:<\/strong> Este atributo de dise\u00f1o garantizar\u00e1 que el frasco est\u00e9 herm\u00e9ticamente cerrado y, por lo tanto, evitar\u00e1 que el producto se derrame durante el almacenamiento y el transporte.<\/li>\n<\/ul>\n<h2>Especificaciones clave<\/h2>\n<table style=\"border-collapse: collapse; width: 80%; margin-left: auto; margin-right: auto;\" border=\"0\" width=\"288\" cellspacing=\"0\" cellpadding=\"0\">\n<tbody>\n<tr style=\"height: 13.50pt;\">\n<td style=\"height: 13.5pt; width: 54pt; text-align: center;\" width=\"72\" height=\"18\">Capacidad (ml)<\/td>\n<td style=\"width: 54pt; text-align: center;\" width=\"72\">Dimensiones (cm)<\/td>\n<td style=\"width: 54pt; text-align: center;\" width=\"72\">Color<\/td>\n<td style=\"width: 54pt; text-align: center;\" width=\"72\">Opciones de gotero<\/td>\n<\/tr>\n<tr style=\"height: 13.50pt;\">\n<td style=\"height: 13.5pt; text-align: center;\" align=\"right\" height=\"18\">5<\/td>\n<td style=\"text-align: center;\">2,2 \u00d7 7,3<\/td>\n<td class=\"et2\" style=\"text-align: center;\" rowspan=\"7\">Rosa degradado<\/td>\n<td class=\"et2\" style=\"text-align: center;\" rowspan=\"7\">Rosa, blanco, dorado\u2026<\/td>\n<\/tr>\n<tr style=\"height: 13.50pt;\">\n<td style=\"height: 13.5pt; text-align: center;\" align=\"right\" height=\"18\">10<\/td>\n<td style=\"text-align: center;\">2,5 \u00d7 8,1<\/td>\n<\/tr>\n<tr style=\"height: 13.50pt;\">\n<td style=\"height: 13.5pt; text-align: center;\" align=\"right\" height=\"18\">15<\/td>\n<td style=\"text-align: center;\">2,8 \u00d7 8,7<\/td>\n<\/tr>\n<tr style=\"height: 13.50pt;\">\n<td style=\"height: 13.5pt; text-align: center;\" align=\"right\" height=\"18\">20<\/td>\n<td style=\"text-align: center;\">2,8 \u00d7 9,4<\/td>\n<\/tr>\n<tr style=\"height: 13.50pt;\">\n<td style=\"height: 13.5pt; text-align: center;\" align=\"right\" height=\"18\">30<\/td>\n<td style=\"text-align: center;\">3,3 \u00d7 10,1<\/td>\n<\/tr>\n<tr style=\"height: 13.50pt;\">\n<td style=\"height: 13.5pt; text-align: center;\" align=\"right\" height=\"18\">50<\/td>\n<td style=\"text-align: center;\">3,6 \u00d7 11,3<\/td>\n<\/tr>\n<tr style=\"height: 13.50pt;\">\n<td style=\"height: 13.5pt; text-align: center;\" align=\"right\" height=\"18\">100<\/td>\n<td style=\"text-align: center;\">4,5 \u00d7 13,5<\/td>\n<\/tr>\n<\/tbody>\n<\/table>\n<h2>Caso de \u00e9xito<\/h2>\n<p>Una de las marcas asi\u00e1ticas independientes de cuidado de la piel decidi\u00f3 usar nuestro frasco gotero degradado rosa de 100 ml para lanzar una nueva l\u00ednea de s\u00e9rum iluminador dirigido a la poblaci\u00f3n femenina joven del Sudeste Asi\u00e1tico. Para que nuestra impresi\u00f3n fuera m\u00e1s duradera, a\u00f1adimos un cuello chapado en oro rosa, informaci\u00f3n del logotipo estampada en caliente y una etiqueta esmerilada.<\/p>\n<p>Un mes despu\u00e9s, seis meses despu\u00e9s de la introducci\u00f3n del nuevo empaque en l\u00ednea, la marca registr\u00f3 un aumento del 41 % en las ventas. El cliente realiz\u00f3 ocho pedidos repetidos al por mayor durante el a\u00f1o siguiente.<\/p>\n<h2>Consejos de personalizaci\u00f3n<\/h2>\n<ol>\n<li><strong>Opciones de cabezal cuentagotas:<\/strong> Podr\u00e1s seleccionar bombillas de silicona de varios colores (blanco, rosa, negro) o metalizadas, con acabados como oro, oro rosa o plata mate.<\/li>\n<li><strong>Selecci\u00f3n del acabado del vidrio:<\/strong> Proporcione una pel\u00edcula mate suave, esmerilada o esmaltada para mejorar la sensaci\u00f3n sensual y el aspecto lujoso del art\u00edculo.<\/li>\n<li><strong>Marca grabada o en relieve:<\/strong> Personaliza la base o la parte superior de la botella con el logo de la marca en relieve para un estilo sofisticado y de lujo.<\/li>\n<\/ol>","protected":false},"excerpt":{"rendered":"<p>Nuestra f\u00e1brica vende botellas de aceites esenciales al por mayor. Estas botellas con gotero se suministran directamente de f\u00e1brica y se pueden personalizar al por mayor. Env\u00edo r\u00e1pido.<\/p>","protected":false},"featured_media":5806,"template":"","meta":{"postBodyCss":"","postBodyMargin":[],"postBodyPadding":[],"postBodyBackground":{"backgroundType":"classic","gradient":""}},"product_brand":[],"product_cat":[15,87,16],"product_tag":[],"class_list":{"0":"post-5798","1":"product","2":"type-product","3":"status-publish","4":"has-post-thumbnail","6":"product_cat-glass-containers","7":"product_cat-dropper-bottles","8":"product_cat-glass-bottles","10":"first","11":"instock","12":"shipping-taxable","13":"product-type-simple"},"jetpack_sharing_enabled":true,"_links":{"self":[{"href":"https:\/\/minghanggroup.com\/es\/wp-json\/wp\/v2\/product\/5798","targetHints":{"allow":["GET"]}}],"collection":[{"href":"https:\/\/minghanggroup.com\/es\/wp-json\/wp\/v2\/product"}],"about":[{"href":"https:\/\/minghanggroup.com\/es\/wp-json\/wp\/v2\/types\/product"}],"wp:featuredmedia":[{"embeddable":true,"href":"https:\/\/minghanggroup.com\/es\/wp-json\/wp\/v2\/media\/5806"}],"wp:attachment":[{"href":"https:\/\/minghanggroup.com\/es\/wp-json\/wp\/v2\/media?parent=5798"}],"wp:term":[{"taxonomy":"product_brand","embeddable":true,"href":"https:\/\/minghanggroup.com\/es\/wp-json\/wp\/v2\/product_brand?post=5798"},{"taxonomy":"product_cat","embeddable":true,"href":"https:\/\/minghanggroup.com\/es\/wp-json\/wp\/v2\/product_cat?post=5798"},{"taxonomy":"product_tag","embeddable":true,"href":"https:\/\/minghanggroup.com\/es\/wp-json\/wp\/v2\/product_tag?post=5798"}],"curies":[{"name":"wp","href":"https:\/\/api.w.org\/{rel}","templated":true}]}}