{"id":5793,"date":"2026-02-28T11:33:41","date_gmt":"2026-02-28T03:33:41","guid":{"rendered":"https:\/\/minghanggroup.com\/?post_type=product&#038;p=5793"},"modified":"2026-02-28T13:52:14","modified_gmt":"2026-02-28T05:52:14","slug":"clear-glass-empty-dropper-bottles-with-lids-wholesale","status":"publish","type":"product","link":"https:\/\/minghanggroup.com\/es\/producto\/clear-glass-empty-dropper-bottles-with-lids-wholesale\/","title":{"rendered":"Botellas cuentagotas vac\u00edas de vidrio transparente de 20 ml, 30 ml y 50 ml con tapa, venta al por mayor"},"content":{"rendered":"<p>Estas botellas cuentagotas vac\u00edas est\u00e1n hechas de vidrio transparente puro de alta calidad, con forma cil\u00edndrica con una parte superior redondeada y tapas cuentagotas hechas de plata met\u00e1lica y oro, lo que le da a las botellas un toque elegante y contempor\u00e1neo.<\/p>\n<h2>Caracter\u00edsticas del producto<\/h2>\n<ul>\n<li><strong>Estilo de dise\u00f1o contempor\u00e1neo:<\/strong> Las l\u00edneas limpias y el vidrio ultra transparente brindan una apariencia contempor\u00e1nea y sofisticada.<\/li>\n<li><strong>Tapas de metal de primera calidad:<\/strong> Las tapas vienen en tapas de rosca, tapas de bot\u00f3n y tapas cuentagotas, con una hermosa sensaci\u00f3n adherida a ellas.<\/li>\n<li><strong>Tama\u00f1os de gorra ideales:<\/strong> Tres tama\u00f1os de tapa convenientes (20 ml, 30 ml, 50 ml) son adecuados para la mayor\u00eda de sueros, aceites esenciales y tinturas.<\/li>\n<\/ul>\n<h2 style=\"text-align: left;\">Especificaciones clave<\/h2>\n<table class=\"aligncenter\" style=\"border-collapse: collapse; width: 419.27pt;\" border=\"0\" width=\"559\" cellspacing=\"0\" cellpadding=\"0\">\n<tbody>\n<tr style=\"height: 13.50pt;\">\n<td style=\"height: 13.50pt; width: 115.50pt;\" width=\"154\" height=\"18\">Especificaci\u00f3n<\/td>\n<td style=\"width: 303.75pt;\" width=\"405\">Detalles<\/td>\n<\/tr>\n<tr style=\"height: 13.50pt;\">\n<td style=\"height: 13.50pt;\" height=\"18\">Capacidad<\/td>\n<td>20 ml, 30 ml, 50 ml<\/td>\n<\/tr>\n<tr style=\"height: 13.50pt;\">\n<td style=\"height: 13.50pt;\" height=\"18\">Dimensiones<\/td>\n<td>3,8 \u00d7 9,8 cm a 3,8 \u00d7 12,1 cm (di\u00e1metro \u00d7 altura)<\/td>\n<\/tr>\n<tr style=\"height: 13.50pt;\">\n<td style=\"height: 13.50pt;\" height=\"18\">Material<\/td>\n<td>Vidrio transparente, pera de silicona, tapas de metal<\/td>\n<\/tr>\n<tr style=\"height: 13.50pt;\">\n<td style=\"height: 13.50pt;\" height=\"18\">Forma de la botella<\/td>\n<td>Cilindro de lados rectos con conjunto de gotero<\/td>\n<\/tr>\n<tr style=\"height: 13.50pt;\">\n<td style=\"height: 13.50pt;\" height=\"18\">Alcance de personalizaci\u00f3n<\/td>\n<td>Tapas, tama\u00f1o, color, acabado<\/td>\n<\/tr>\n<tr style=\"height: 13.50pt;\">\n<td style=\"height: 13.50pt;\" height=\"18\">Artesan\u00eda<\/td>\n<td>Conformado de vidrio de precisi\u00f3n, ensamblaje de goteros de vidrio<\/td>\n<\/tr>\n<tr style=\"height: 13.50pt;\">\n<td style=\"height: 13.50pt;\" height=\"18\">Prop\u00f3sito del producto<\/td>\n<td>Frascos goteros a granel, frascos de tintura<\/td>\n<\/tr>\n<tr style=\"height: 13.50pt;\">\n<td style=\"height: 13.50pt;\" height=\"18\">Industrias adecuadas<\/td>\n<td>Empresas de cuidado de la piel, aromaterapia<\/td>\n<\/tr>\n<\/tbody>\n<\/table>\n<h2>Historia de \u00e9xito: Una serie exclusiva de mezcladores de aceites esenciales canadienses<\/h2>\n<p>Nuestros frascos cuentagotas vac\u00edos de 30 ml con tap\u00f3n plateado y etiquetas bot\u00e1nicas serigrafiadas personalizadas fueron pedidos por uno de los mezcladores canadienses de aceites esenciales. El preciso dise\u00f1o del gotero permite dispensar de 2 a 3 gotas por vez, lo que aumenta la vida \u00fatil de los productos en un 30 %. El frasco de 30 ml es ideal para sus mezclas de aceites esenciales m\u00e1s reconocidas. La empresa ha encargado otro lote de 900\u00a0000 frascos para satisfacer la demanda de su socio, un proveedor de 18 meses de su distribuidor en Norteam\u00e9rica.<\/p>\n<h2>Opciones de personalizaci\u00f3n de frascos cuentagotas a granel<\/h2>\n<ul>\n<li>Colores de vidrio personalizados: Las botellas de vidrio de color \u00e1mbar se utilizan para proteger sustancias fotosensibles, incluidas algunas vitaminas o aceites esenciales.<\/li>\n<li>Colores personalizados de tapa y gotero: los colores de la tapa y la boquilla de silicona se pueden combinar con los colores de cada marca.<\/li>\n<li>Grabado l\u00e1ser: El grabado l\u00e1ser se realiza en las etiquetas de las botellas (c\u00f3digos de lotes peque\u00f1os), logotipos de marcas o c\u00f3digos QR.<\/li>\n<\/ul>","protected":false},"excerpt":{"rendered":"<p>Frascos cuentagotas vac\u00edos premium a granel. Nuestros frascos cuentagotas de vidrio a granel ofrecen un elegante dise\u00f1o cil\u00edndrico con tapas de alto brillo. Entrega r\u00e1pida directamente de f\u00e1brica.<\/p>","protected":false},"featured_media":5800,"template":"","meta":{"postBodyCss":"","postBodyMargin":[],"postBodyPadding":[],"postBodyBackground":{"backgroundType":"classic","gradient":""}},"product_brand":[],"product_cat":[15,87,16],"product_tag":[],"class_list":{"0":"post-5793","1":"product","2":"type-product","3":"status-publish","4":"has-post-thumbnail","6":"product_cat-glass-containers","7":"product_cat-dropper-bottles","8":"product_cat-glass-bottles","10":"first","11":"instock","12":"shipping-taxable","13":"product-type-simple"},"jetpack_sharing_enabled":true,"_links":{"self":[{"href":"https:\/\/minghanggroup.com\/es\/wp-json\/wp\/v2\/product\/5793","targetHints":{"allow":["GET"]}}],"collection":[{"href":"https:\/\/minghanggroup.com\/es\/wp-json\/wp\/v2\/product"}],"about":[{"href":"https:\/\/minghanggroup.com\/es\/wp-json\/wp\/v2\/types\/product"}],"wp:featuredmedia":[{"embeddable":true,"href":"https:\/\/minghanggroup.com\/es\/wp-json\/wp\/v2\/media\/5800"}],"wp:attachment":[{"href":"https:\/\/minghanggroup.com\/es\/wp-json\/wp\/v2\/media?parent=5793"}],"wp:term":[{"taxonomy":"product_brand","embeddable":true,"href":"https:\/\/minghanggroup.com\/es\/wp-json\/wp\/v2\/product_brand?post=5793"},{"taxonomy":"product_cat","embeddable":true,"href":"https:\/\/minghanggroup.com\/es\/wp-json\/wp\/v2\/product_cat?post=5793"},{"taxonomy":"product_tag","embeddable":true,"href":"https:\/\/minghanggroup.com\/es\/wp-json\/wp\/v2\/product_tag?post=5793"}],"curies":[{"name":"wp","href":"https:\/\/api.w.org\/{rel}","templated":true}]}}