{"id":5788,"date":"2026-02-28T11:53:54","date_gmt":"2026-02-28T03:53:54","guid":{"rendered":"https:\/\/minghanggroup.com\/?post_type=product&#038;p=5788"},"modified":"2026-02-28T11:53:56","modified_gmt":"2026-02-28T03:53:56","slug":"custom-black-dropper-bottles-wholesale","status":"publish","type":"product","link":"https:\/\/minghanggroup.com\/es\/producto\/custom-black-dropper-bottles-wholesale\/","title":{"rendered":"Botellas cuentagotas negras personalizadas de 5 ml a 100 ml al por mayor"},"content":{"rendered":"<p>\u00bfCansado de que tus botellas de aceites esenciales goteen o se decoloren con el sol? Nuestras botellas negras con gotero son la soluci\u00f3n. Estas botellas negras con gotero y protecci\u00f3n UV protegen tus aceites esenciales de los da\u00f1os causados \u200b\u200bpor la luz. Dise\u00f1os de botellas de vidrio con gotero de vidrio premium: negro para bloquear los rayos UV, de alta calidad para un env\u00edo a prueba de fugas. Empaque ideal para tu marca de aceites esenciales. \u00bfTama\u00f1o de la botella? Desde 5 ml (perfecto para muestras de 28 ml) hasta 100 ml. \u00bfGotero? Botellas de vidrio de precisi\u00f3n con gotero. Tu aceite esencial se mantiene fresco.<\/p>\n<h2>Caracter\u00edsticas del producto<\/h2>\n<ul>\n<li><strong>Protecci\u00f3n UV completa:<\/strong> El vidrio negro evita que penetren los da\u00f1inos rayos UV, lo que es imprescindible para preservar la estabilidad de los aceites esenciales.<\/li>\n<li><strong>Dispensaci\u00f3n precisa:<\/strong> Es un frasco de vidrio con gotero, lo que permite una dosificaci\u00f3n muy precisa. Ya no tendr\u00e1s que desperdiciar tintura ni aceite esencial.<\/li>\n<li><strong>Variabilidad de tama\u00f1o:<\/strong> Frascos conta-gotas vazios de vidro transparente com tampas - Atacado<\/li>\n<\/ul>\n<h2>Especificaciones clave<\/h2>\n<table style=\"border-collapse: collapse; width: 80%; margin-left: auto; margin-right: auto;\" border=\"0\" width=\"288\" cellspacing=\"0\" cellpadding=\"0\">\n<tbody>\n<tr style=\"height: 13.50pt;\">\n<td style=\"height: 13.5pt; width: 54pt; text-align: center;\" width=\"72\" height=\"18\">Capacidad (ml)<\/td>\n<td style=\"width: 54pt; text-align: center;\" width=\"72\">Dimensiones (cm)<\/td>\n<td style=\"width: 54pt; text-align: center;\" width=\"72\">Color<\/td>\n<td style=\"width: 54pt; text-align: center;\" width=\"72\">Opciones de gotero<\/td>\n<\/tr>\n<tr style=\"height: 13.50pt;\">\n<td style=\"height: 13.5pt; text-align: center;\" align=\"right\" height=\"18\">5<\/td>\n<td style=\"text-align: center;\">Frascos conta-gotas vazios premium em grandes quantidades. Nossos frascos conta-gotas de vidro em grandes quantidades oferecem um design cil\u00edndrico elegante com tampas de alto brilho. Direto da f\u00e1brica, entrega r\u00e1pida.<\/td>\n<td class=\"et2\" style=\"text-align: center;\" rowspan=\"7\">frascos conta-gotas a granel<\/td>\n<td class=\"et2\" style=\"text-align: center;\" rowspan=\"7\">Frascos conta-gotas vazios de vidro transparente com tampa, 20 ml, 30 ml e 50 ml, para venda por atacado.<\/td>\n<\/tr>\n<tr style=\"height: 13.50pt;\">\n<td style=\"height: 13.5pt; text-align: center;\" align=\"right\" height=\"18\">10<\/td>\n<td style=\"text-align: center;\">Frascos conta-gotas vazios de vidro transparente de 20 ml, 30 ml e 50 ml com tampas - Atacado<\/td>\n<\/tr>\n<tr style=\"height: 13.50pt;\">\n<td style=\"height: 13.5pt; text-align: center;\" align=\"right\" height=\"18\">15<\/td>\n<td style=\"text-align: center;\">frascos conta-gotas vazios<\/td>\n<\/tr>\n<tr style=\"height: 13.50pt;\">\n<td style=\"height: 13.5pt; text-align: center;\" align=\"right\" height=\"18\">20<\/td>\n<td style=\"text-align: center;\">Esses frascos conta-gotas vazios s\u00e3o feitos de vidro transparente puro de alta qualidade, com formato cil\u00edndrico, topo arredondado e tampas conta-gotas em prata e ouro met\u00e1licos, o que confere aos frascos um toque elegante e contempor\u00e2neo.<\/td>\n<\/tr>\n<tr style=\"height: 13.50pt;\">\n<td style=\"height: 13.5pt; text-align: center;\" align=\"right\" height=\"18\">30<\/td>\n<td style=\"text-align: center;\">3,3 \u00d7 10,1<\/td>\n<\/tr>\n<tr style=\"height: 13.50pt;\">\n<td style=\"height: 13.5pt; text-align: center;\" align=\"right\" height=\"18\">50<\/td>\n<td style=\"text-align: center;\">Estilo de design contempor\u00e2neo:<\/td>\n<\/tr>\n<tr style=\"height: 13.50pt;\">\n<td style=\"height: 13.5pt; text-align: center;\" align=\"right\" height=\"18\">100<\/td>\n<td style=\"text-align: center;\">As linhas simples e o vidro ultratransparente conferem uma apar\u00eancia contempor\u00e2nea e sofisticada.<\/td>\n<\/tr>\n<\/tbody>\n<\/table>\n<h2>Caso de \u00e9xito<\/h2>\n<p>Tampas met\u00e1licas premium:<\/p>\n<p>As tampas est\u00e3o dispon\u00edveis em modelos de rosca, de bot\u00e3o de press\u00e3o e conta-gotas, todas com um toque agrad\u00e1vel.<\/p>\n<h2>Consejos de personalizaci\u00f3n<\/h2>\n<ol>\n<li><strong>Tamanhos de bon\u00e9 ideais:<\/strong> Tr\u00eas tamanhos de tampa convenientes (20ml, 30ml, 50ml) s\u00e3o adequados para a maioria dos soros, \u00f3leos essenciais e tinturas.<\/li>\n<li><strong>Vidro transparente, bulbo de silicone, tampas de metal<\/strong> Cilindro de lados retos com conjunto de conta-gotas<\/li>\n<li><strong>Tampas, Tamanho, Cor, Acabamento<\/strong> Moldagem de vidro de precis\u00e3o, montagem de conta-gotas de vidro<\/li>\n<\/ol>","protected":false},"excerpt":{"rendered":"<p>Frascos goteros negros premium para aceites esenciales. Frascos goteros al por mayor con protecci\u00f3n UV. Colores personalizados. Evita fugas. Muestras gratis. Env\u00edo r\u00e1pido.<\/p>","protected":false},"featured_media":5797,"template":"","meta":{"postBodyCss":"","postBodyMargin":[],"postBodyPadding":[],"postBodyBackground":{"backgroundType":"classic","gradient":""}},"product_brand":[],"product_cat":[15,87,16],"product_tag":[],"class_list":{"0":"post-5788","1":"product","2":"type-product","3":"status-publish","4":"has-post-thumbnail","6":"product_cat-glass-containers","7":"product_cat-dropper-bottles","8":"product_cat-glass-bottles","10":"first","11":"instock","12":"shipping-taxable","13":"product-type-simple"},"jetpack_sharing_enabled":true,"_links":{"self":[{"href":"https:\/\/minghanggroup.com\/es\/wp-json\/wp\/v2\/product\/5788","targetHints":{"allow":["GET"]}}],"collection":[{"href":"https:\/\/minghanggroup.com\/es\/wp-json\/wp\/v2\/product"}],"about":[{"href":"https:\/\/minghanggroup.com\/es\/wp-json\/wp\/v2\/types\/product"}],"wp:featuredmedia":[{"embeddable":true,"href":"https:\/\/minghanggroup.com\/es\/wp-json\/wp\/v2\/media\/5797"}],"wp:attachment":[{"href":"https:\/\/minghanggroup.com\/es\/wp-json\/wp\/v2\/media?parent=5788"}],"wp:term":[{"taxonomy":"product_brand","embeddable":true,"href":"https:\/\/minghanggroup.com\/es\/wp-json\/wp\/v2\/product_brand?post=5788"},{"taxonomy":"product_cat","embeddable":true,"href":"https:\/\/minghanggroup.com\/es\/wp-json\/wp\/v2\/product_cat?post=5788"},{"taxonomy":"product_tag","embeddable":true,"href":"https:\/\/minghanggroup.com\/es\/wp-json\/wp\/v2\/product_tag?post=5788"}],"curies":[{"name":"wp","href":"https:\/\/api.w.org\/{rel}","templated":true}]}}